{"id":10613,"date":"2019-09-01T21:12:22","date_gmt":"2019-09-02T01:12:22","guid":{"rendered":"http:\/\/www.nlyte.com\/fr\/solutions\/data-center-asset-management-dcim-copy\/"},"modified":"2020-03-03T14:03:03","modified_gmt":"2020-03-03T18:03:03","slug":"gestion-des-biens-de-la-technologie","status":"publish","type":"page","link":"https:\/\/www.nlyte.com\/fr\/solutions\/gestion-des-biens-de-la-technologie\/","title":{"rendered":"Gestion des biens de la technologie"},"content":{"rendered":"<div class=\"kmdg-builder-content\"><div class=\"builder-font-controller\"><section id=\"\" class=\"builder-section builder-section-type--section builder-custom-theme builder-theme--theme-1 builder-section-padding-top-med builder-section-padding-bottom-med builder-layout-padding-med builder-font-normal   builder-valign-top       \" style=''><div class='builder-bg-image-wrap' style='height:100%'><div class='builder-img-bg loaded' style='background-image: url(https:\/\/www.nlyte.com\/fr\/web\/wp-content\/uploads\/2019\/07\/thinBanner_gray-1.jpg);opacity:1;background-position-y:center;' ><img src='https:\/\/www.nlyte.com\/fr\/web\/wp-content\/uploads\/2019\/07\/thinBanner_gray-1.jpg' alt='' role='presentation'><\/div><\/div><div class=\"builder-layouts-container\"><div class=\"builder-layout builder-layout-one-column \"><div class=\"builder-container\">\n<div class=\"builder-table\">\n    \n<div class=\"builder-column builder-column-type--column \">\n    <div class=\"builder-column-body\">\n        <div class=\"builder-content\">\n            \n\n\n<div class=\"builder-component builder-component-wysiwyg builder-component-index-1   builder-mobile-animation\" style=\"padding: 0% 0%;background-color: ;\">\n    <h1 style=\"text-align: center;\">Gestion des biens de la technologie (GBT)<\/h1>\n<\/div>\n        <\/div>\n    <\/div>\n<\/div><\/div>\n\n<\/div><\/div><\/div><\/section><section id=\"\" class=\"builder-section builder-section-type--section builder-custom-theme builder-theme--theme-0 builder-section-padding-top-med builder-section-padding-bottom-med builder-layout-padding-med builder-font-normal   builder-valign-middle       \" style=''><div class='builder-bg-image-wrap' style='height:100%'><div class='builder-img-bg loaded' style='background-image: url(https:\/\/www.nlyte.com\/fr\/web\/wp-content\/uploads\/2019\/08\/background_btm-fade02.jpg);opacity:1;background-position-y:bottom;' ><img src='https:\/\/www.nlyte.com\/fr\/web\/wp-content\/uploads\/2019\/08\/background_btm-fade02.jpg' alt='' role='presentation'><\/div><\/div><div class=\"builder-layouts-container\"><div class=\"builder-layout builder-layout-two-column \"><div class=\"builder-container\">\n<div class=\"builder-table\">\n    \n<div class=\"builder-column builder-column-type--column \">\n    <div class=\"builder-column-body\">\n        <div class=\"builder-content\">\n            \n\n\n<div class=\"builder-component builder-component-wysiwyg builder-component-index-1   builder-mobile-animation\" style=\"padding: 0% 0%;background-color: ;\">\n    <h2Une source unique de v\u00e9rit\u00e9\nGestion \u2013 Co\u00fbt, S\u00e9curit\u00e9, Conformit\u00e9, Op\u00e9rations<\/h2>\n<p>Du poste de travail au datacenters, du nuage \u00e0 l\u2019emplacement distant, le GBT Nlyte va au-del\u00e0 de la gestion des installations et des actifs informatiques pour couvrir l\u2019ensemble de l\u2019Internet des objets. Nlyte d\u00e9couvre, r\u00e9pertorie et vous aide \u00e0 \u00e9valuer tout ce qui se rapporte \u00e0 votre r\u00e9seau.<\/p>\n<\/div>\n        <\/div>\n    <\/div>\n<\/div>    \n<div class=\"builder-column builder-column-type--column \">\n    <div class=\"builder-column-body\">\n        <div class=\"builder-content\">\n            \n\n<div class=\"builder-component builder-component-video-update builder-component-index-1   builder-mobile-animation\">\n    <a class=\"lightbox-trigger\" href=\"https:\/\/www.youtube.com\/embed\/FuFD51BpIMg?rel=0&autoplay=1\" data-featherlight=\"iframe\"\n       data-featherlight-iframe-allowfullscreen=\"true\" data-featherlight-iframe-frameborder=\"0\" data-featherlight-iframe-allow=\"accelerometer; autoplay; encrypted-media; gyroscope; picture-in-picture\">\n        <div class=\"thumbnail\" style=\"background-image:url('https:\/\/i.ytimg.com\/vi\/FuFD51BpIMg\/hqdefault.jpg');\">\n            <div class=\"playbtn\">\n                <i class=\"fab fa-youtube\"><\/i>\n            <\/div>\n        <\/div>\n    <\/a>\n<\/div>\n        <\/div>\n    <\/div>\n<\/div><\/div><\/div><\/div><\/div><\/section><section id=\"\" class=\"builder-section builder-section-type--section builder-custom-theme builder-theme--theme-2 builder-section-padding-top-high builder-section-padding-bottom-high builder-layout-padding-med builder-font-normal   builder-valign-top       \" style='background-color: #106ea3;'><div class=\"builder-layouts-container\"><div class=\"builder-layout builder-layout-one-column \"><div class=\"builder-container\">\n<div class=\"builder-table\">\n    \n<div class=\"builder-column builder-column-type--column \">\n    <div class=\"builder-column-body\">\n        <div class=\"builder-content\">\n            \n\n\n<div class=\"builder-component builder-component-wysiwyg builder-component-index-1   builder-mobile-animation\" style=\"padding: 0% 0%;background-color: ;\">\n    <p>&nbsp;<\/p>\n<h3><img loading=\"lazy\" decoding=\"async\" class=\"alignnone size-full wp-image-10496 aligncenter\" src=\"https:\/\/www.nlyte.com\/fr\/web\/wp-content\/uploads\/2019\/08\/icon_tech-asset-mgmnt@2x.png\" alt=\"\" width=\"140\" height=\"139\" srcset=\"https:\/\/www.nlyte.com\/fr\/web\/wp-content\/uploads\/2019\/08\/icon_tech-asset-mgmnt@2x.png 140w, https:\/\/www.nlyte.com\/fr\/web\/wp-content\/uploads\/2019\/08\/icon_tech-asset-mgmnt@2x-100x100.png 100w\" sizes=\"(max-width: 140px) 100vw, 140px\" \/><\/h3>\n<h3 style=\"text-align: center;\">Ceux que nous aidon<\/h3>\n<\/div>\n        <\/div>\n    <\/div>\n<\/div><\/div>\n\n<\/div><\/div><div class=\"builder-layout builder-layout-two-column \"><div class=\"builder-container\">\n<div class=\"builder-table\">\n    \n<div class=\"builder-column builder-column-type--column \">\n    <div class=\"builder-column-body\">\n        <div class=\"builder-content\">\n            \n\n\n<div class=\"builder-component builder-component-wysiwyg builder-component-index-1   builder-mobile-animation\" style=\"padding: 0% 0%;background-color: ;\">\n    <p><strong>Directeur financier<\/strong><br \/>\nLa solution de GBT (gestion des biens de la technologie) de Nlyte aide les gestionnaires des finances, des achats et des actifs \u00e0 n\u00e9gocier les achats et les renouvellements, \u00e0 rapprocher la r\u00e9alit\u00e9 du syst\u00e8me d\u2019immobilisations, \u00e0 \u00e9liminer les d\u00e9penses inutiles et \u00e0 valider la cession des actifs retir\u00e9s.<\/p>\n<p><strong>Chef de la s\u00e9curit\u00e9<\/strong><br \/>\nLa solution de GBT de Nlyte identifie tout ce qui est connect\u00e9 au r\u00e9seau de l\u2019entreprise, fournissant des informations d\u00e9taill\u00e9es sur la localisation, la configuration et la surveillance de l\u2019accessibilit\u00e9 en cas de changements inopin\u00e9s, d\u2019acc\u00e8s non autoris\u00e9, de logiciel vuln\u00e9rable, d\u2019actifs perdus et non r\u00e9actifs.<\/p>\n<\/div>\n        <\/div>\n    <\/div>\n<\/div>    \n<div class=\"builder-column builder-column-type--column \">\n    <div class=\"builder-column-body\">\n        <div class=\"builder-content\">\n            \n\n\n<div class=\"builder-component builder-component-wysiwyg builder-component-index-1   builder-mobile-animation\" style=\"padding: 0% 0%;background-color: ;\">\n    <p><strong>Agent principal charg\u00e9 de la conformit\u00e9<\/strong><br \/>\nLa solution de gestion des biens de la technologie de Nlyte fournit des informations sur la vuln\u00e9rabilit\u00e9 des biens, l\u2019accessibilit\u00e9, les modifications du syst\u00e8me hors configurations \u00e0 but de conformit\u00e9, et le suivi des audits de flux de travail pour les rapports d\u2019audit RGPD, HIPPA, SOX, PCI, ISO et la conformit\u00e9 continue.<\/p>\n<p><strong>Dirigeant principal de l\u2019information des op\u00e9rations informatiques<\/strong><br \/>\nLa solution de GBT de Nlyte fournit une infrastructure informatique autonome en mettant \u00e0 jour les syst\u00e8mes CMDB, DCIM et BMS avec la configuration actuelle des actifs et la localisation, en am\u00e9liorant l\u2019efficacit\u00e9 et le niveau de service (SLA) pour les flux de travail de gestion du changement et pour les tickets d\u2019assistance technique.<\/p>\n<\/div>\n        <\/div>\n    <\/div>\n<\/div><\/div><\/div><\/div><\/div><\/section><section id=\"\" class=\"builder-section builder-section-type--section builder-custom-theme builder-theme--theme-0 builder-section-padding-top-med builder-section-padding-bottom-none builder-layout-padding-none builder-font-normal   builder-valign-top       \" style='background-color: #d6d6d6;'><div class=\"builder-layouts-container\"><div class=\"builder-layout builder-layout-one-column \"><div class=\"builder-container\">\n<div class=\"builder-table\">\n    \n<div class=\"builder-column builder-column-type--column \">\n    <div class=\"builder-column-body\">\n        <div class=\"builder-content\">\n            \n<div  class=\"builder-component builder-component-title builder-component-index-1   builder-mobile-animation\">\n    <div class=\"builder-column-header\" style=\"text-align: center;\">\n        <h3 class=\"builder-title\">\n        Principales caract\u00e9ristiques    <\/h3>\n    <\/div>\n<\/div>\n        <\/div>\n    <\/div>\n<\/div><\/div>\n\n<\/div><\/div><div class=\"builder-layout builder-layout-tab-box \"><div class=\"builder-container\">\n    <div class=\"builder-tabs\">\n        <div class=\"builder-container u-builder-container-width\">\n            \n                \n                <div class=\"overtab active\" data-tab=\"1\">\n                    <div class=\"tab active\" data-tab=\"1\">\n                        <div class=\"title\">\n                            <span>R\u00e9f\u00e9rentiel unique de sources de v\u00e9rit\u00e9<\/span>\n                        <\/div>\n\n                                            <\/div>\n                <\/div>\n            \n                \n                <div class=\"overtab off\" data-tab=\"2\">\n                    <div class=\"tab off\" data-tab=\"2\">\n                        <div class=\"title\">\n                            <span>Communication bilat\u00e9rale avec les syst\u00e8mes informatiques et commerciaux<\/span>\n                        <\/div>\n\n                                            <\/div>\n                <\/div>\n            \n                \n                <div class=\"overtab off\" data-tab=\"3\">\n                    <div class=\"tab off\" data-tab=\"3\">\n                        <div class=\"title\">\n                            <span>Rapports<\/span>\n                        <\/div>\n\n                                            <\/div>\n                <\/div>\n                    <\/div>\n\n    <\/div>\n\n    <div class=\"builder-tabs--content builder-theme-override builder-theme--theme-0\">\n        <div class=\"u-builder-container-width\">\n                                    <div class=\"tab--content active\"\n                             data-tab=\"1\">\n                            <div class=\"innertab__wrap\">\n                                                                <div class=\"wrap\">\n                                    <div class=\"text\">\n                                        <ul>\n<li>La base de r\u00e9f\u00e9rence des actifs de la technologie constitue la source d\u2019enregistrement unique int\u00e9grant tous les p\u00e9riph\u00e9riques technologiques connect\u00e9s au r\u00e9seau, leur configuration et leurs relations.<\/li>\n<li>Remplace ou ajoute de nombreux outils en tant que biblioth\u00e8que de ressources de donn\u00e9es, en incorporant une plus grande diversit\u00e9 et d\u00e9tail de donn\u00e9es collect\u00e9es sur les syst\u00e8mes de centre de donn\u00e9es, IdO, Cloud, Desktop, Edge et de b\u00e2timent<\/li>\n<\/ul>\n                                    <\/div>\n                                                                    <\/div>\n                            <\/div>\n                        <\/div>\n                                                <div class=\"tab--content \"\n                             data-tab=\"2\">\n                            <div class=\"innertab__wrap\">\n                                                                <div class=\"wrap\">\n                                    <div class=\"text\">\n                                        <ul>\n<li>Collecte et partage des informations avec des syst\u00e8mes informatiques (BMS, ITSM, CMDB, DCIM) et BI (ERP, RH, Immobilisations) fournissant un moteur de donn\u00e9es complet pour la prise de d\u00e9cisions organisationnelles tactiques et strat\u00e9giques.<\/li>\n<li>Identification des informations relatives aux actifs \u00e0 jour pour d\u00e9terminer les changements de la base de r\u00e9f\u00e9rence pour la gestion des risques, les ressources humaines, la formation et les interventions op\u00e9rationnelles<\/li>\n<\/ul>\n                                    <\/div>\n                                                                    <\/div>\n                            <\/div>\n                        <\/div>\n                                                <div class=\"tab--content \"\n                             data-tab=\"3\">\n                            <div class=\"innertab__wrap\">\n                                                                <div class=\"wrap\">\n                                    <div class=\"text\">\n                                        <ul>\n<li>Rapports d\u2019audit automatis\u00e9s<\/li>\n<li>Rapport de validation du flux de travail<\/li>\n<li>Confirmation de la gestion du changement<\/li>\n<li>Rapports sur les ressources humaines et l\u2019acc\u00e8s<\/li>\n<li>Conciliation des achats et des droits<\/li>\n<\/ul>\n                                    <\/div>\n                                                                    <\/div>\n                            <\/div>\n                        <\/div>\n                                <\/div>\n    <\/div>\n<\/div><\/div><\/div><\/section><\/div><\/div>","protected":false},"excerpt":{"rendered":"<p>Gestion des biens de la technologie (GBT)<\/p>\n","protected":false},"author":5,"featured_media":0,"parent":10082,"menu_order":0,"comment_status":"closed","ping_status":"closed","template":"","meta":{"footnotes":""},"acf":[],"yoast_head":"<!-- This site is optimized with the Yoast SEO Premium plugin v21.7 (Yoast SEO v21.8) - https:\/\/yoast.com\/wordpress\/plugins\/seo\/ -->\n<title>Gestion des biens de la technologie | Nlyte<\/title>\n<meta name=\"description\" content=\"Utilisez le logiciel TAM pour d\u00e9couvrir, cataloguer et \u00e9valuer tout ce qui est connect\u00e9 \u00e0 votre r\u00e9seau.\" \/>\n<meta name=\"robots\" content=\"index, follow, max-snippet:-1, max-image-preview:large, max-video-preview:-1\" \/>\n<link rel=\"canonical\" href=\"https:\/\/www.nlyte.com\/fr\/solutions\/gestion-des-biens-de-la-technologie\/\" \/>\n<meta property=\"og:locale\" content=\"en_US\" \/>\n<meta property=\"og:type\" content=\"article\" \/>\n<meta property=\"og:title\" content=\"Gestion des biens de la technologie\" \/>\n<meta property=\"og:description\" content=\"Utilisez le logiciel TAM pour d\u00e9couvrir, cataloguer et \u00e9valuer tout ce qui est connect\u00e9 \u00e0 votre r\u00e9seau.\" \/>\n<meta property=\"og:url\" content=\"https:\/\/www.nlyte.com\/fr\/solutions\/gestion-des-biens-de-la-technologie\/\" \/>\n<meta property=\"og:site_name\" content=\"Nlyte\" \/>\n<meta property=\"article:modified_time\" content=\"2020-03-03T18:03:03+00:00\" \/>\n<meta property=\"og:image\" content=\"https:\/\/www.nlyte.com\/fr\/web\/wp-content\/uploads\/2019\/07\/thinBanner_gray-1-100x7.jpg\" \/>\n<meta name=\"twitter:card\" content=\"summary_large_image\" \/>\n<meta name=\"twitter:label1\" content=\"Est. reading time\" \/>\n\t<meta name=\"twitter:data1\" content=\"2 minutes\" \/>\n<script type=\"application\/ld+json\" class=\"yoast-schema-graph\">{\"@context\":\"https:\/\/schema.org\",\"@graph\":[{\"@type\":\"WebPage\",\"@id\":\"https:\/\/www.nlyte.com\/fr\/solutions\/gestion-des-biens-de-la-technologie\/\",\"url\":\"https:\/\/www.nlyte.com\/fr\/solutions\/gestion-des-biens-de-la-technologie\/\",\"name\":\"Gestion des biens de la technologie | Nlyte\",\"isPartOf\":{\"@id\":\"https:\/\/www.nlyte.com\/fr\/#website\"},\"datePublished\":\"2019-09-02T01:12:22+00:00\",\"dateModified\":\"2020-03-03T18:03:03+00:00\",\"description\":\"Utilisez le logiciel TAM pour d\u00e9couvrir, cataloguer et \u00e9valuer tout ce qui est connect\u00e9 \u00e0 votre r\u00e9seau.\",\"breadcrumb\":{\"@id\":\"https:\/\/www.nlyte.com\/fr\/solutions\/gestion-des-biens-de-la-technologie\/#breadcrumb\"},\"inLanguage\":\"en-US\",\"potentialAction\":[{\"@type\":\"ReadAction\",\"target\":[\"https:\/\/www.nlyte.com\/fr\/solutions\/gestion-des-biens-de-la-technologie\/\"]}]},{\"@type\":\"BreadcrumbList\",\"@id\":\"https:\/\/www.nlyte.com\/fr\/solutions\/gestion-des-biens-de-la-technologie\/#breadcrumb\",\"itemListElement\":[{\"@type\":\"ListItem\",\"position\":1,\"name\":\"Home\",\"item\":\"https:\/\/www.nlyte.com\/fr\/\"},{\"@type\":\"ListItem\",\"position\":2,\"name\":\"Solutions\",\"item\":\"https:\/\/www.nlyte.com\/fr\/solutions\/\"},{\"@type\":\"ListItem\",\"position\":3,\"name\":\"Gestion des biens de la technologie\"}]},{\"@type\":\"WebSite\",\"@id\":\"https:\/\/www.nlyte.com\/fr\/#website\",\"url\":\"https:\/\/www.nlyte.com\/fr\/\",\"name\":\"Nlyte\",\"description\":\"Just another WordPress site\",\"publisher\":{\"@id\":\"https:\/\/www.nlyte.com\/fr\/#organization\"},\"potentialAction\":[{\"@type\":\"SearchAction\",\"target\":{\"@type\":\"EntryPoint\",\"urlTemplate\":\"https:\/\/www.nlyte.com\/fr\/?s={search_term_string}\"},\"query-input\":\"required name=search_term_string\"}],\"inLanguage\":\"en-US\"},{\"@type\":\"Organization\",\"@id\":\"https:\/\/www.nlyte.com\/fr\/#organization\",\"name\":\"Nlyte Software\",\"url\":\"https:\/\/www.nlyte.com\/fr\/\",\"logo\":{\"@type\":\"ImageObject\",\"inLanguage\":\"en-US\",\"@id\":\"https:\/\/www.nlyte.com\/fr\/#\/schema\/logo\/image\/\",\"url\":\"https:\/\/www.nlyte.com\/fr\/web\/wp-content\/uploads\/2019\/05\/Nlyte_favicon.png\",\"contentUrl\":\"https:\/\/www.nlyte.com\/fr\/web\/wp-content\/uploads\/2019\/05\/Nlyte_favicon.png\",\"width\":476,\"height\":475,\"caption\":\"Nlyte Software\"},\"image\":{\"@id\":\"https:\/\/www.nlyte.com\/fr\/#\/schema\/logo\/image\/\"}}]}<\/script>\n<!-- \/ Yoast SEO Premium plugin. -->","yoast_head_json":{"title":"Gestion des biens de la technologie | Nlyte","description":"Utilisez le logiciel TAM pour d\u00e9couvrir, cataloguer et \u00e9valuer tout ce qui est connect\u00e9 \u00e0 votre r\u00e9seau.","robots":{"index":"index","follow":"follow","max-snippet":"max-snippet:-1","max-image-preview":"max-image-preview:large","max-video-preview":"max-video-preview:-1"},"canonical":"https:\/\/www.nlyte.com\/fr\/solutions\/gestion-des-biens-de-la-technologie\/","og_locale":"en_US","og_type":"article","og_title":"Gestion des biens de la technologie","og_description":"Utilisez le logiciel TAM pour d\u00e9couvrir, cataloguer et \u00e9valuer tout ce qui est connect\u00e9 \u00e0 votre r\u00e9seau.","og_url":"https:\/\/www.nlyte.com\/fr\/solutions\/gestion-des-biens-de-la-technologie\/","og_site_name":"Nlyte","article_modified_time":"2020-03-03T18:03:03+00:00","og_image":[{"url":"https:\/\/www.nlyte.com\/fr\/web\/wp-content\/uploads\/2019\/07\/thinBanner_gray-1-100x7.jpg"}],"twitter_card":"summary_large_image","twitter_misc":{"Est. reading time":"2 minutes"},"schema":{"@context":"https:\/\/schema.org","@graph":[{"@type":"WebPage","@id":"https:\/\/www.nlyte.com\/fr\/solutions\/gestion-des-biens-de-la-technologie\/","url":"https:\/\/www.nlyte.com\/fr\/solutions\/gestion-des-biens-de-la-technologie\/","name":"Gestion des biens de la technologie | Nlyte","isPartOf":{"@id":"https:\/\/www.nlyte.com\/fr\/#website"},"datePublished":"2019-09-02T01:12:22+00:00","dateModified":"2020-03-03T18:03:03+00:00","description":"Utilisez le logiciel TAM pour d\u00e9couvrir, cataloguer et \u00e9valuer tout ce qui est connect\u00e9 \u00e0 votre r\u00e9seau.","breadcrumb":{"@id":"https:\/\/www.nlyte.com\/fr\/solutions\/gestion-des-biens-de-la-technologie\/#breadcrumb"},"inLanguage":"en-US","potentialAction":[{"@type":"ReadAction","target":["https:\/\/www.nlyte.com\/fr\/solutions\/gestion-des-biens-de-la-technologie\/"]}]},{"@type":"BreadcrumbList","@id":"https:\/\/www.nlyte.com\/fr\/solutions\/gestion-des-biens-de-la-technologie\/#breadcrumb","itemListElement":[{"@type":"ListItem","position":1,"name":"Home","item":"https:\/\/www.nlyte.com\/fr\/"},{"@type":"ListItem","position":2,"name":"Solutions","item":"https:\/\/www.nlyte.com\/fr\/solutions\/"},{"@type":"ListItem","position":3,"name":"Gestion des biens de la technologie"}]},{"@type":"WebSite","@id":"https:\/\/www.nlyte.com\/fr\/#website","url":"https:\/\/www.nlyte.com\/fr\/","name":"Nlyte","description":"Just another WordPress site","publisher":{"@id":"https:\/\/www.nlyte.com\/fr\/#organization"},"potentialAction":[{"@type":"SearchAction","target":{"@type":"EntryPoint","urlTemplate":"https:\/\/www.nlyte.com\/fr\/?s={search_term_string}"},"query-input":"required name=search_term_string"}],"inLanguage":"en-US"},{"@type":"Organization","@id":"https:\/\/www.nlyte.com\/fr\/#organization","name":"Nlyte Software","url":"https:\/\/www.nlyte.com\/fr\/","logo":{"@type":"ImageObject","inLanguage":"en-US","@id":"https:\/\/www.nlyte.com\/fr\/#\/schema\/logo\/image\/","url":"https:\/\/www.nlyte.com\/fr\/web\/wp-content\/uploads\/2019\/05\/Nlyte_favicon.png","contentUrl":"https:\/\/www.nlyte.com\/fr\/web\/wp-content\/uploads\/2019\/05\/Nlyte_favicon.png","width":476,"height":475,"caption":"Nlyte Software"},"image":{"@id":"https:\/\/www.nlyte.com\/fr\/#\/schema\/logo\/image\/"}}]}},"_links":{"self":[{"href":"https:\/\/www.nlyte.com\/fr\/wp-json\/wp\/v2\/pages\/10613"}],"collection":[{"href":"https:\/\/www.nlyte.com\/fr\/wp-json\/wp\/v2\/pages"}],"about":[{"href":"https:\/\/www.nlyte.com\/fr\/wp-json\/wp\/v2\/types\/page"}],"author":[{"embeddable":true,"href":"https:\/\/www.nlyte.com\/fr\/wp-json\/wp\/v2\/users\/5"}],"replies":[{"embeddable":true,"href":"https:\/\/www.nlyte.com\/fr\/wp-json\/wp\/v2\/comments?post=10613"}],"version-history":[{"count":22,"href":"https:\/\/www.nlyte.com\/fr\/wp-json\/wp\/v2\/pages\/10613\/revisions"}],"predecessor-version":[{"id":19118,"href":"https:\/\/www.nlyte.com\/fr\/wp-json\/wp\/v2\/pages\/10613\/revisions\/19118"}],"up":[{"embeddable":true,"href":"https:\/\/www.nlyte.com\/fr\/wp-json\/wp\/v2\/pages\/10082"}],"wp:attachment":[{"href":"https:\/\/www.nlyte.com\/fr\/wp-json\/wp\/v2\/media?parent=10613"}],"curies":[{"name":"wp","href":"https:\/\/api.w.org\/{rel}","templated":true}]}}