{"id":10640,"date":"2019-09-01T21:40:24","date_gmt":"2019-09-02T01:40:24","guid":{"rendered":"http:\/\/www.nlyte.com\/fr\/solutions\/workload-asset-management-copy\/"},"modified":"2020-03-23T15:31:12","modified_gmt":"2020-03-23T19:31:12","slug":"gestion-de-service-de-centre-de-donnees","status":"publish","type":"page","link":"https:\/\/www.nlyte.com\/fr\/solutions\/gestion-de-service-de-centre-de-donnees\/","title":{"rendered":"Gestion de service de centre de donn\u00e9es (DCSM)"},"content":{"rendered":"<div class=\"kmdg-builder-content\"><div class=\"builder-font-controller\"><section id=\"\" class=\"builder-section builder-section-type--section builder-custom-theme builder-theme--theme-1 builder-section-padding-top-med builder-section-padding-bottom-med builder-layout-padding-med builder-font-normal   builder-valign-top       \" style=''><div class='builder-bg-image-wrap' style='height:100%'><div class='builder-img-bg loaded' style='background-image: url(https:\/\/www.nlyte.com\/fr\/web\/wp-content\/uploads\/2019\/07\/thinBanner_gray-1.jpg);opacity:1;background-position-y:center;' ><img src='https:\/\/www.nlyte.com\/fr\/web\/wp-content\/uploads\/2019\/07\/thinBanner_gray-1.jpg' alt='' role='presentation'><\/div><\/div><div class=\"builder-layouts-container\"><div class=\"builder-layout builder-layout-one-column \"><div class=\"builder-container\">\n<div class=\"builder-table\">\n    \n<div class=\"builder-column builder-column-type--column \">\n    <div class=\"builder-column-body\">\n        <div class=\"builder-content\">\n            \n\n\n<div class=\"builder-component builder-component-wysiwyg builder-component-index-1   builder-mobile-animation\" style=\"padding: 0% 0%;background-color: ;\">\n    <h1 style=\"text-align: center;\">Gestion de service de centre de donn\u00e9es<\/h1>\n<\/div>\n        <\/div>\n    <\/div>\n<\/div><\/div>\n\n<\/div><\/div><\/div><\/section><section id=\"\" class=\"builder-section builder-section-type--section builder-custom-theme builder-theme--theme-0 builder-section-padding-top-med builder-section-padding-bottom-med builder-layout-padding-med builder-font-normal   builder-valign-middle       \" style=''><div class='builder-bg-image-wrap' style='height:100%'><div class='builder-img-bg loaded' style='background-image: url(https:\/\/www.nlyte.com\/fr\/web\/wp-content\/uploads\/2019\/08\/background_btm-fade02.jpg);opacity:1;background-position-y:bottom;' ><img src='https:\/\/www.nlyte.com\/fr\/web\/wp-content\/uploads\/2019\/08\/background_btm-fade02.jpg' alt='' role='presentation'><\/div><\/div><div class=\"builder-layouts-container\"><div class=\"builder-layout builder-layout-two-column \"><div class=\"builder-container\">\n<div class=\"builder-table\">\n    \n<div class=\"builder-column builder-column-type--column \">\n    <div class=\"builder-column-body\">\n        <div class=\"builder-content\">\n            \n\n\n<div class=\"builder-component builder-component-wysiwyg builder-component-index-1   builder-mobile-animation\" style=\"padding: 0% 0%;background-color: ;\">\n    <h3>Connecter, communiquer, coordonner<\/h3>\n<p>La connexion des flux de travail entre les processus ITIL et ITSM avec la gestion d\u2019infrastructure du centre de donn\u00e9es (DCIM) int\u00e9gr\u00e9 en tant que composant ou compl\u00e9ment de l\u2019ITSM cr\u00e9e une solution DCSM de bout en bout, id\u00e9ale pour les entreprises cherchant \u00e0 optimiser leurs datacenter et \u00e0 \u00e9tablir une base efficace et fiable pour la fourniture de services.<\/p>\n<\/div>\n        <\/div>\n    <\/div>\n<\/div>    \n<div class=\"builder-column builder-column-type--column \">\n    <div class=\"builder-column-body\">\n        <div class=\"builder-content\">\n            \n\n<div class=\"builder-component builder-component-video-update builder-component-index-1   builder-mobile-animation\">\n    <a class=\"lightbox-trigger\" href=\"https:\/\/www.youtube.com\/embed\/bXhqRD5bpoE?rel=0&autoplay=1\" data-featherlight=\"iframe\"\n       data-featherlight-iframe-allowfullscreen=\"true\" data-featherlight-iframe-frameborder=\"0\" data-featherlight-iframe-allow=\"accelerometer; autoplay; encrypted-media; gyroscope; picture-in-picture\">\n        <div class=\"thumbnail\" style=\"background-image:url('https:\/\/i.ytimg.com\/vi\/bXhqRD5bpoE\/hqdefault.jpg');\">\n            <div class=\"playbtn\">\n                <i class=\"fab fa-youtube\"><\/i>\n            <\/div>\n        <\/div>\n    <\/a>\n<\/div>\n        <\/div>\n    <\/div>\n<\/div><\/div><\/div><\/div><\/div><\/section><section id=\"\" class=\"builder-section builder-section-type--section builder-custom-theme builder-theme--theme-1 builder-section-padding-top-high builder-section-padding-bottom-high builder-layout-padding-med builder-font-normal   builder-valign-top       \" style='background-color: #106ea3;'><div class=\"builder-layouts-container\"><div class=\"builder-layout builder-layout-one-column \"><div class=\"builder-container\">\n<div class=\"builder-table\">\n    \n<div class=\"builder-column builder-column-type--column \">\n    <div class=\"builder-column-body\">\n        <div class=\"builder-content\">\n            \n\n\n<div class=\"builder-component builder-component-wysiwyg builder-component-index-1   builder-mobile-animation\" style=\"padding: 0% 0%;background-color: ;\">\n    <p>&nbsp;<\/p>\n<p><img loading=\"lazy\" decoding=\"async\" class=\"size-full wp-image-10469 aligncenter\" src=\"https:\/\/www.nlyte.com\/fr\/web\/wp-content\/uploads\/2019\/08\/icon_data-ctr-service-mgmnt@2x.png\" alt=\"\" width=\"125\" height=\"110\" srcset=\"https:\/\/www.nlyte.com\/fr\/web\/wp-content\/uploads\/2019\/08\/icon_data-ctr-service-mgmnt@2x.png 125w, https:\/\/www.nlyte.com\/fr\/web\/wp-content\/uploads\/2019\/08\/icon_data-ctr-service-mgmnt@2x-100x88.png 100w\" sizes=\"(max-width: 125px) 100vw, 125px\" \/><\/p>\n<h2 style=\"text-align: center;\">Comment le centre de donn\u00e9es vous aide \u00e0 la gestion des services<\/h2>\n<\/div>\n        <\/div>\n    <\/div>\n<\/div><\/div>\n\n<\/div><\/div><div class=\"builder-layout builder-layout-two-column \"><div class=\"builder-container\">\n<div class=\"builder-table\">\n    \n<div class=\"builder-column builder-column-type--column \">\n    <div class=\"builder-column-body\">\n        <div class=\"builder-content\">\n            \n<div         class=\" builder-component builder-component-image builder-component-index-1   builder-mobile-animation builder-component-image-size-normal js-triggers-lightbox align-\">\n            <div class=\"image-container builder-lazy-img\" style=\"background-image:url(https:\/\/www.nlyte.com\/fr\/web\/wp-content\/uploads\/2020\/03\/data-center-service-mgmnt_french-100x78.png);width: 500px;\" data-srcs=\"{&quot;full&quot;:{&quot;src&quot;:&quot;https:\\\/\\\/www.nlyte.com\\\/fr\\\/web\\\/wp-content\\\/uploads\\\/2020\\\/03\\\/data-center-service-mgmnt_french.png&quot;,&quot;width&quot;:&quot;-1&quot;},&quot;medium&quot;:{&quot;src&quot;:&quot;https:\\\/\\\/www.nlyte.com\\\/fr\\\/web\\\/wp-content\\\/uploads\\\/2020\\\/03\\\/data-center-service-mgmnt_french-300x235.png&quot;,&quot;width&quot;:300},&quot;large&quot;:{&quot;src&quot;:&quot;https:\\\/\\\/www.nlyte.com\\\/fr\\\/web\\\/wp-content\\\/uploads\\\/2020\\\/03\\\/data-center-service-mgmnt_french-1024x800.png&quot;,&quot;width&quot;:1024},&quot;pb-medium&quot;:{&quot;src&quot;:&quot;https:\\\/\\\/www.nlyte.com\\\/fr\\\/web\\\/wp-content\\\/uploads\\\/2020\\\/03\\\/data-center-service-mgmnt_french-550x430.png&quot;,&quot;width&quot;:550}}\">\n            <div class=\"image-subcontainer \" style=\"max-height: inherit;\" data-featherlight=\"https:\/\/www.nlyte.com\/fr\/web\/wp-content\/uploads\/2020\/03\/data-center-service-mgmnt_french.png\">\n                <img  alt='Data Center Service Mgmnt French' src='https:\/\/www.nlyte.com\/fr\/web\/wp-content\/uploads\/2020\/03\/data-center-service-mgmnt_french-100x78.png' width='1800' height='1407' \/>            <\/div>\n        <\/div>\n    <\/div>\n        <\/div>\n    <\/div>\n<\/div>    \n<div class=\"builder-column builder-column-type--column \">\n    <div class=\"builder-column-body\">\n        <div class=\"builder-content\">\n            \n\n\n<div class=\"builder-component builder-component-wysiwyg builder-component-index-1   builder-mobile-animation\" style=\"padding: 0% 0%;background-color: ;\">\n    <p>En fournissant un large \u00e9ventail d\u2019informations, la solution DCSM de Nlyte am\u00e9liore la transparence entre les organisations et les syst\u00e8mes. Elle constitue une source unique de donn\u00e9es coh\u00e9rentes fournissant des donn\u00e9es enrichies aux syst\u00e8mes ITSM.<\/p>\n<p>La solution DCSM de Nlyte applique les processus ITIL et ITSM avec une gestion int\u00e9gr\u00e9e du flux de travail et veille \u00e0 ce que les flux de travail respectent les directives de gestion du changement et de s\u00e9curit\u00e9 en am\u00e9liorant les SLA et en r\u00e9duisant les risques.<\/p>\n<p>Elle am\u00e9liore \u00e9galement l\u2019efficacit\u00e9 en faisant un meilleur usage des actifs et des ressources humaines. La DCSM de Nlyte centralise la gestion des processus du flux de travail et la communication, permettant une r\u00e9ponse rapide aux demandes de changement et une am\u00e9lioration de la rentabilit\u00e9 des installations et de l\u2019infrastructure informatique.<\/p>\n<\/div>\n        <\/div>\n    <\/div>\n<\/div><\/div><\/div><\/div><\/div><\/section><section id=\"\" class=\"builder-section builder-section-type--section builder-custom-theme builder-theme--theme-0 builder-section-padding-top-med builder-section-padding-bottom-none builder-layout-padding-none builder-font-normal   builder-valign-top       \" style='background-color: #d6d6d6;'><div class=\"builder-layouts-container\"><div class=\"builder-layout builder-layout-one-column \"><div class=\"builder-container\">\n<div class=\"builder-table\">\n    \n<div class=\"builder-column builder-column-type--column \">\n    <div class=\"builder-column-body\">\n        <div class=\"builder-content\">\n            \n<div  class=\"builder-component builder-component-title builder-component-index-1   builder-mobile-animation\">\n    <div class=\"builder-column-header\" style=\"text-align: center;\">\n        <h3 class=\"builder-title\">\n        Principales caract\u00e9ristiques    <\/h3>\n    <\/div>\n<\/div>\n        <\/div>\n    <\/div>\n<\/div><\/div>\n\n<\/div><\/div><div class=\"builder-layout builder-layout-tab-box \"><div class=\"builder-container\">\n    <div class=\"builder-tabs\">\n        <div class=\"builder-container u-builder-container-width\">\n            \n                \n                <div class=\"overtab active\" data-tab=\"1\">\n                    <div class=\"tab active\" data-tab=\"1\">\n                        <div class=\"title\">\n                            <span>Connecteurs pr\u00e9d\u00e9finis<\/span>\n                        <\/div>\n\n                                            <\/div>\n                <\/div>\n            \n                \n                <div class=\"overtab off\" data-tab=\"2\">\n                    <div class=\"tab off\" data-tab=\"2\">\n                        <div class=\"title\">\n                            <span>Communication bidirectionnelle<\/span>\n                        <\/div>\n\n                                            <\/div>\n                <\/div>\n            \n                \n                <div class=\"overtab off\" data-tab=\"3\">\n                    <div class=\"tab off\" data-tab=\"3\">\n                        <div class=\"title\">\n                            <span>Flux de travail int\u00e9gr\u00e9 homog\u00e8ne<\/span>\n                        <\/div>\n\n                                            <\/div>\n                <\/div>\n            \n                \n                <div class=\"overtab off\" data-tab=\"4\">\n                    <div class=\"tab off\" data-tab=\"4\">\n                        <div class=\"title\">\n                            <span>Am\u00e9lioration de la gestion des installations<\/span>\n                        <\/div>\n\n                                            <\/div>\n                <\/div>\n                    <\/div>\n\n    <\/div>\n\n    <div class=\"builder-tabs--content builder-theme-override builder-theme--theme-0\">\n        <div class=\"u-builder-container-width\">\n                                    <div class=\"tab--content active\"\n                             data-tab=\"1\">\n                            <div class=\"innertab__wrap\">\n                                                                <div class=\"wrap\">\n                                    <div class=\"text\">\n                                        <ul>\n<li>Se connecter aux principales solutions ITSM de BMC, Service Now, HPE et autres<\/li>\n<li>\u00c9conomisez du temps et des ressources<\/li>\n<li>API compl\u00e8tes pour \u00e9tendre les fonctionnalit\u00e9s imm\u00e9diates pour r\u00e9pondre aux besoins sp\u00e9cifiques de l\u2019entreprise\n<div class=\"flex_column av_one_full flex_column_div av-zero-column-padding first avia-builder-el-29 el_after_av_one_full el_before_av_hr column-top-margin\">\n<div class=\"tabcontainer sidebar_tab sidebar_tab_left border_tabs avia-builder-el-30 avia-builder-el-no-sibling \">\n<section class=\"av_tab_section\">\n<div id=\"tab-id-1-container\" class=\"tab_content active_tab_content\" aria-hidden=\"false\">\n<div class=\"tab_inner_content invers-color\"><\/div>\n<\/div>\n<\/section>\n<section class=\"av_tab_section\">\n<div id=\"tab-id-2-container\" class=\"tab_content \" aria-hidden=\"true\">\n<div class=\"tab_inner_content invers-color\"><\/div>\n<\/div>\n<\/section>\n<section class=\"av_tab_section\">\n<div id=\"tab-id-3-container\" class=\"tab_content \" aria-hidden=\"true\">\n<div class=\"tab_inner_content invers-color\"><\/div>\n<\/div>\n<\/section>\n<\/div>\n<\/div>\n<\/li>\n<\/ul>\n                                    <\/div>\n                                                                    <\/div>\n                            <\/div>\n                        <\/div>\n                                                <div class=\"tab--content \"\n                             data-tab=\"2\">\n                            <div class=\"innertab__wrap\">\n                                                                <div class=\"wrap\">\n                                    <div class=\"text\">\n                                        <ul>\n<li>\u00c9largir la valeur et la port\u00e9e de votre solution de gestion des modifications du centre de services<\/li>\n<li>\u00c9conomiser du temps et des efforts tout en r\u00e9duisant les risques entre syst\u00e8mes h\u00e9t\u00e9rog\u00e8nes<\/li>\n<li>Activer des d\u00e9placements, des ajouts et des modifications plus rapides en planifiant \u00e0 l\u2019avance la gestion du cycle de vie des actifs<\/li>\n<li>Aligner les processus d\u2019affaires sur plusieurs d\u00e9partements et plates-formes logicielles<\/li>\n<\/ul>\n                                    <\/div>\n                                                                    <\/div>\n                            <\/div>\n                        <\/div>\n                                                <div class=\"tab--content \"\n                             data-tab=\"3\">\n                            <div class=\"innertab__wrap\">\n                                                                <div class=\"wrap\">\n                                    <div class=\"text\">\n                                        <ul>\n<li>Augmenter la pr\u00e9cision et r\u00e9duire les saisies redondantes<\/li>\n<li>Automatiser les processus d\u2019installation\/de d\u00e9placement\/d\u2019ajout\/de modification<\/li>\n<li>R\u00e9duire le temps d\u2019audit car les d\u00e9placements, les ajouts et les modifications sont automatiquement suivis<\/li>\n<li>Am\u00e9liorer les processus de meilleures pratiques ITIL et COBIT<\/li>\n<\/ul>\n                                    <\/div>\n                                                                    <\/div>\n                            <\/div>\n                        <\/div>\n                                                <div class=\"tab--content \"\n                             data-tab=\"4\">\n                            <div class=\"innertab__wrap\">\n                                                                    <div class=\"image__wrap js-triggers-lightbox\">\n                                        <div class=\"image-container\">\n                                            <div class=\"image-subcontainer\" data-featherlight=\"https:\/\/www.nlyte.com\/fr\/web\/wp-content\/uploads\/2019\/09\/dcsm-screen-1.png\">\n                                                <img decoding=\"async\" class=\"image__item\"\n                                                     src=\"https:\/\/www.nlyte.com\/fr\/web\/wp-content\/uploads\/2019\/09\/dcsm-screen-1-1024x448.png\"\n                                                >\n                                            <\/div>\n                                        <\/div>\n                                    <\/div>\n                                                                <div class=\"wrap\">\n                                    <div class=\"text\">\n                                        <ul>\n<li>Workflow de maintenance des installations<\/li>\n<li>Attribution automatique<\/li>\n<li>Cartographie de la cha\u00eene de refroidissement<\/li>\n<li>Alarmes et alertes de bout en bout<\/li>\n<li>Liens ALC vers le workflow<\/li>\n<li>\u00c9vitement de l'arr\u00eat<\/li>\n<li>Gestion des capacit\u00e9s de bout en bout<\/li>\n<\/ul>\n                                    <\/div>\n                                                                    <\/div>\n                            <\/div>\n                        <\/div>\n                                <\/div>\n    <\/div>\n<\/div><\/div><\/div><\/section><\/div><\/div>","protected":false},"excerpt":{"rendered":"<p>Gestion de service de centre de donn\u00e9es Connecter, communiquer, coordonner La connexion des flux de travail entre les processus ITIL et ITSM avec la gestion d\u2019infrastructure du centre de donn\u00e9es (DCIM) int\u00e9gr\u00e9 en tant que&hellip;<\/p>\n","protected":false},"author":5,"featured_media":0,"parent":10082,"menu_order":0,"comment_status":"closed","ping_status":"closed","template":"","meta":{"footnotes":""},"acf":[],"yoast_head":"<!-- This site is optimized with the Yoast SEO Premium plugin v21.7 (Yoast SEO v21.8) - https:\/\/yoast.com\/wordpress\/plugins\/seo\/ -->\n<title>Gestion de service de centre de donn\u00e9es (DCSM) | Nlyte<\/title>\n<meta name=\"description\" content=\"En savoir plus sur les solutions logicielles de gestion de services de centre de donn\u00e9es (DCSM) fournies par Nlyte afin d&#039;optimiser les centres de donn\u00e9es pour une prestation de services efficace.\" \/>\n<meta name=\"robots\" content=\"index, follow, max-snippet:-1, max-image-preview:large, max-video-preview:-1\" \/>\n<link rel=\"canonical\" href=\"https:\/\/www.nlyte.com\/fr\/solutions\/gestion-de-service-de-centre-de-donnees\/\" \/>\n<meta property=\"og:locale\" content=\"en_US\" \/>\n<meta property=\"og:type\" content=\"article\" \/>\n<meta property=\"og:title\" content=\"Gestion de service de centre de donn\u00e9es (DCSM)\" \/>\n<meta property=\"og:description\" content=\"En savoir plus sur les solutions logicielles de gestion de services de centre de donn\u00e9es (DCSM) fournies par Nlyte afin d&#039;optimiser les centres de donn\u00e9es pour une prestation de services efficace.\" \/>\n<meta property=\"og:url\" content=\"https:\/\/www.nlyte.com\/fr\/solutions\/gestion-de-service-de-centre-de-donnees\/\" \/>\n<meta property=\"og:site_name\" content=\"Nlyte\" \/>\n<meta property=\"article:modified_time\" content=\"2020-03-23T19:31:12+00:00\" \/>\n<meta property=\"og:image\" content=\"https:\/\/www.nlyte.com\/fr\/web\/wp-content\/uploads\/2019\/07\/thinBanner_gray-1-100x7.jpg\" \/>\n<meta name=\"twitter:card\" content=\"summary_large_image\" \/>\n<meta name=\"twitter:label1\" content=\"Est. reading time\" \/>\n\t<meta name=\"twitter:data1\" content=\"2 minutes\" \/>\n<script type=\"application\/ld+json\" class=\"yoast-schema-graph\">{\"@context\":\"https:\/\/schema.org\",\"@graph\":[{\"@type\":\"WebPage\",\"@id\":\"https:\/\/www.nlyte.com\/fr\/solutions\/gestion-de-service-de-centre-de-donnees\/\",\"url\":\"https:\/\/www.nlyte.com\/fr\/solutions\/gestion-de-service-de-centre-de-donnees\/\",\"name\":\"Gestion de service de centre de donn\u00e9es (DCSM) | Nlyte\",\"isPartOf\":{\"@id\":\"https:\/\/www.nlyte.com\/fr\/#website\"},\"datePublished\":\"2019-09-02T01:40:24+00:00\",\"dateModified\":\"2020-03-23T19:31:12+00:00\",\"description\":\"En savoir plus sur les solutions logicielles de gestion de services de centre de donn\u00e9es (DCSM) fournies par Nlyte afin d'optimiser les centres de donn\u00e9es pour une prestation de services efficace.\",\"breadcrumb\":{\"@id\":\"https:\/\/www.nlyte.com\/fr\/solutions\/gestion-de-service-de-centre-de-donnees\/#breadcrumb\"},\"inLanguage\":\"en-US\",\"potentialAction\":[{\"@type\":\"ReadAction\",\"target\":[\"https:\/\/www.nlyte.com\/fr\/solutions\/gestion-de-service-de-centre-de-donnees\/\"]}]},{\"@type\":\"BreadcrumbList\",\"@id\":\"https:\/\/www.nlyte.com\/fr\/solutions\/gestion-de-service-de-centre-de-donnees\/#breadcrumb\",\"itemListElement\":[{\"@type\":\"ListItem\",\"position\":1,\"name\":\"Home\",\"item\":\"https:\/\/www.nlyte.com\/fr\/\"},{\"@type\":\"ListItem\",\"position\":2,\"name\":\"Solutions\",\"item\":\"https:\/\/www.nlyte.com\/fr\/solutions\/\"},{\"@type\":\"ListItem\",\"position\":3,\"name\":\"Gestion de service de centre de donn\u00e9es (DCSM)\"}]},{\"@type\":\"WebSite\",\"@id\":\"https:\/\/www.nlyte.com\/fr\/#website\",\"url\":\"https:\/\/www.nlyte.com\/fr\/\",\"name\":\"Nlyte\",\"description\":\"Just another WordPress site\",\"publisher\":{\"@id\":\"https:\/\/www.nlyte.com\/fr\/#organization\"},\"potentialAction\":[{\"@type\":\"SearchAction\",\"target\":{\"@type\":\"EntryPoint\",\"urlTemplate\":\"https:\/\/www.nlyte.com\/fr\/?s={search_term_string}\"},\"query-input\":\"required name=search_term_string\"}],\"inLanguage\":\"en-US\"},{\"@type\":\"Organization\",\"@id\":\"https:\/\/www.nlyte.com\/fr\/#organization\",\"name\":\"Nlyte Software\",\"url\":\"https:\/\/www.nlyte.com\/fr\/\",\"logo\":{\"@type\":\"ImageObject\",\"inLanguage\":\"en-US\",\"@id\":\"https:\/\/www.nlyte.com\/fr\/#\/schema\/logo\/image\/\",\"url\":\"https:\/\/www.nlyte.com\/fr\/web\/wp-content\/uploads\/2019\/05\/Nlyte_favicon.png\",\"contentUrl\":\"https:\/\/www.nlyte.com\/fr\/web\/wp-content\/uploads\/2019\/05\/Nlyte_favicon.png\",\"width\":476,\"height\":475,\"caption\":\"Nlyte Software\"},\"image\":{\"@id\":\"https:\/\/www.nlyte.com\/fr\/#\/schema\/logo\/image\/\"}}]}<\/script>\n<!-- \/ Yoast SEO Premium plugin. -->","yoast_head_json":{"title":"Gestion de service de centre de donn\u00e9es (DCSM) | Nlyte","description":"En savoir plus sur les solutions logicielles de gestion de services de centre de donn\u00e9es (DCSM) fournies par Nlyte afin d'optimiser les centres de donn\u00e9es pour une prestation de services efficace.","robots":{"index":"index","follow":"follow","max-snippet":"max-snippet:-1","max-image-preview":"max-image-preview:large","max-video-preview":"max-video-preview:-1"},"canonical":"https:\/\/www.nlyte.com\/fr\/solutions\/gestion-de-service-de-centre-de-donnees\/","og_locale":"en_US","og_type":"article","og_title":"Gestion de service de centre de donn\u00e9es (DCSM)","og_description":"En savoir plus sur les solutions logicielles de gestion de services de centre de donn\u00e9es (DCSM) fournies par Nlyte afin d'optimiser les centres de donn\u00e9es pour une prestation de services efficace.","og_url":"https:\/\/www.nlyte.com\/fr\/solutions\/gestion-de-service-de-centre-de-donnees\/","og_site_name":"Nlyte","article_modified_time":"2020-03-23T19:31:12+00:00","og_image":[{"url":"https:\/\/www.nlyte.com\/fr\/web\/wp-content\/uploads\/2019\/07\/thinBanner_gray-1-100x7.jpg"}],"twitter_card":"summary_large_image","twitter_misc":{"Est. reading time":"2 minutes"},"schema":{"@context":"https:\/\/schema.org","@graph":[{"@type":"WebPage","@id":"https:\/\/www.nlyte.com\/fr\/solutions\/gestion-de-service-de-centre-de-donnees\/","url":"https:\/\/www.nlyte.com\/fr\/solutions\/gestion-de-service-de-centre-de-donnees\/","name":"Gestion de service de centre de donn\u00e9es (DCSM) | Nlyte","isPartOf":{"@id":"https:\/\/www.nlyte.com\/fr\/#website"},"datePublished":"2019-09-02T01:40:24+00:00","dateModified":"2020-03-23T19:31:12+00:00","description":"En savoir plus sur les solutions logicielles de gestion de services de centre de donn\u00e9es (DCSM) fournies par Nlyte afin d'optimiser les centres de donn\u00e9es pour une prestation de services efficace.","breadcrumb":{"@id":"https:\/\/www.nlyte.com\/fr\/solutions\/gestion-de-service-de-centre-de-donnees\/#breadcrumb"},"inLanguage":"en-US","potentialAction":[{"@type":"ReadAction","target":["https:\/\/www.nlyte.com\/fr\/solutions\/gestion-de-service-de-centre-de-donnees\/"]}]},{"@type":"BreadcrumbList","@id":"https:\/\/www.nlyte.com\/fr\/solutions\/gestion-de-service-de-centre-de-donnees\/#breadcrumb","itemListElement":[{"@type":"ListItem","position":1,"name":"Home","item":"https:\/\/www.nlyte.com\/fr\/"},{"@type":"ListItem","position":2,"name":"Solutions","item":"https:\/\/www.nlyte.com\/fr\/solutions\/"},{"@type":"ListItem","position":3,"name":"Gestion de service de centre de donn\u00e9es (DCSM)"}]},{"@type":"WebSite","@id":"https:\/\/www.nlyte.com\/fr\/#website","url":"https:\/\/www.nlyte.com\/fr\/","name":"Nlyte","description":"Just another WordPress site","publisher":{"@id":"https:\/\/www.nlyte.com\/fr\/#organization"},"potentialAction":[{"@type":"SearchAction","target":{"@type":"EntryPoint","urlTemplate":"https:\/\/www.nlyte.com\/fr\/?s={search_term_string}"},"query-input":"required name=search_term_string"}],"inLanguage":"en-US"},{"@type":"Organization","@id":"https:\/\/www.nlyte.com\/fr\/#organization","name":"Nlyte Software","url":"https:\/\/www.nlyte.com\/fr\/","logo":{"@type":"ImageObject","inLanguage":"en-US","@id":"https:\/\/www.nlyte.com\/fr\/#\/schema\/logo\/image\/","url":"https:\/\/www.nlyte.com\/fr\/web\/wp-content\/uploads\/2019\/05\/Nlyte_favicon.png","contentUrl":"https:\/\/www.nlyte.com\/fr\/web\/wp-content\/uploads\/2019\/05\/Nlyte_favicon.png","width":476,"height":475,"caption":"Nlyte Software"},"image":{"@id":"https:\/\/www.nlyte.com\/fr\/#\/schema\/logo\/image\/"}}]}},"_links":{"self":[{"href":"https:\/\/www.nlyte.com\/fr\/wp-json\/wp\/v2\/pages\/10640"}],"collection":[{"href":"https:\/\/www.nlyte.com\/fr\/wp-json\/wp\/v2\/pages"}],"about":[{"href":"https:\/\/www.nlyte.com\/fr\/wp-json\/wp\/v2\/types\/page"}],"author":[{"embeddable":true,"href":"https:\/\/www.nlyte.com\/fr\/wp-json\/wp\/v2\/users\/5"}],"replies":[{"embeddable":true,"href":"https:\/\/www.nlyte.com\/fr\/wp-json\/wp\/v2\/comments?post=10640"}],"version-history":[{"count":22,"href":"https:\/\/www.nlyte.com\/fr\/wp-json\/wp\/v2\/pages\/10640\/revisions"}],"predecessor-version":[{"id":19332,"href":"https:\/\/www.nlyte.com\/fr\/wp-json\/wp\/v2\/pages\/10640\/revisions\/19332"}],"up":[{"embeddable":true,"href":"https:\/\/www.nlyte.com\/fr\/wp-json\/wp\/v2\/pages\/10082"}],"wp:attachment":[{"href":"https:\/\/www.nlyte.com\/fr\/wp-json\/wp\/v2\/media?parent=10640"}],"curies":[{"name":"wp","href":"https:\/\/api.w.org\/{rel}","templated":true}]}}