{"id":10676,"date":"2019-09-01T22:10:52","date_gmt":"2019-09-02T02:10:52","guid":{"rendered":"http:\/\/www.nlyte.com\/fr\/solutions\/data-center-service-management-copy\/"},"modified":"2020-03-23T15:29:25","modified_gmt":"2020-03-23T19:29:25","slug":"surveillance-de-lintegrite-des-actifs","status":"publish","type":"page","link":"https:\/\/www.nlyte.com\/fr\/solutions\/surveillance-de-lintegrite-des-actifs\/","title":{"rendered":"Surveillance de l\u2019int\u00e9grit\u00e9 des actifs"},"content":{"rendered":"<div class=\"kmdg-builder-content\"><div class=\"builder-font-controller\"><section id=\"\" class=\"builder-section builder-section-type--section builder-custom-theme builder-theme--theme-1 builder-section-padding-top-med builder-section-padding-bottom-med builder-layout-padding-med builder-font-normal   builder-valign-top       \" style=''><div class='builder-bg-image-wrap' style='height:100%'><div class='builder-img-bg loaded' style='background-image: url(https:\/\/www.nlyte.com\/fr\/web\/wp-content\/uploads\/2019\/07\/thinBanner_gray-1.jpg);opacity:1;background-position-y:center;' ><img src='https:\/\/www.nlyte.com\/fr\/web\/wp-content\/uploads\/2019\/07\/thinBanner_gray-1.jpg' alt='' role='presentation'><\/div><\/div><div class=\"builder-layouts-container\"><div class=\"builder-layout builder-layout-one-column \"><div class=\"builder-container\">\n<div class=\"builder-table\">\n    \n<div class=\"builder-column builder-column-type--column \">\n    <div class=\"builder-column-body\">\n        <div class=\"builder-content\">\n            \n\n\n<div class=\"builder-component builder-component-wysiwyg builder-component-index-1   builder-mobile-animation\" style=\"padding: 0% 0%;background-color: ;\">\n    <h1 style=\"text-align: center;\">Surveillance de l\u2019int\u00e9grit\u00e9 des actifs<\/h1>\n<\/div>\n        <\/div>\n    <\/div>\n<\/div><\/div>\n\n<\/div><\/div><\/div><\/section><section id=\"\" class=\"builder-section builder-section-type--section builder-custom-theme builder-theme--theme-0 builder-section-padding-top-med builder-section-padding-bottom-med builder-layout-padding-med builder-font-normal   builder-valign-middle       \" style=''><div class='builder-bg-image-wrap' style='height:100%'><div class='builder-img-bg loaded' style='background-image: url(https:\/\/www.nlyte.com\/fr\/web\/wp-content\/uploads\/2019\/08\/background_btm-fade02.jpg);opacity:1;background-position-y:bottom;' ><img src='https:\/\/www.nlyte.com\/fr\/web\/wp-content\/uploads\/2019\/08\/background_btm-fade02.jpg' alt='' role='presentation'><\/div><\/div><div class=\"builder-layouts-container\"><div class=\"builder-layout builder-layout-one-column \"><div class=\"builder-container\">\n<div class=\"builder-table\">\n    \n<div class=\"builder-column builder-column-type--column \">\n    <div class=\"builder-column-body\">\n        <div class=\"builder-content\">\n            \n\n\n<div class=\"builder-component builder-component-wysiwyg builder-component-index-1   builder-mobile-animation\" style=\"padding: 1% 6%;background-color: ;\">\n    <h2 style=\"text-align: center;\">Gestion du facteur de risque humain<\/h2>\n<p style=\"text-align: center;\">Assurez le contr\u00f4le de l\u2019int\u00e9grit\u00e9 de vos actifs avant qu\u2019une tierce personne ne le fasse en vous servant de la solution Asset Integrity Monitoring de Nlyte. Pr\u00e9servez l\u2019int\u00e9grit\u00e9 de vos actifs physiques en mettant sur pied une ligne de base de tous les actifs, des syst\u00e8mes d\u2019alimentation et processus de votre datacenter ou de vos installations d\u2019h\u00e9bergement en colocation. Cette solution am\u00e9liore la gestion et renforce la tra\u00e7abilit\u00e9 de tous les actifs connect\u00e9s au r\u00e9seau de votre infrastructure technologique de l\u2019approvisionnement \u00e0 la mise hors service.<\/p>\n<\/div>\n        <\/div>\n    <\/div>\n<\/div><\/div>\n\n<\/div><\/div><\/div><\/section><section id=\"\" class=\"builder-section builder-section-type--section builder-custom-theme builder-theme--theme-2 builder-section-padding-top-high builder-section-padding-bottom-high builder-layout-padding-med builder-font-normal   builder-valign-top       \" style='background-color: #106ea3;'><div class=\"builder-layouts-container\"><div class=\"builder-layout builder-layout-one-column \"><div class=\"builder-container\">\n<div class=\"builder-table\">\n    \n<div class=\"builder-column builder-column-type--column \">\n    <div class=\"builder-column-body\">\n        <div class=\"builder-content\">\n            \n\n\n<div class=\"builder-component builder-component-wysiwyg builder-component-index-1   builder-mobile-animation\" style=\"padding: 0% 0%;background-color: ;\">\n    <p><img loading=\"lazy\" decoding=\"async\" class=\"size-full wp-image-10454 aligncenter\" src=\"https:\/\/www.nlyte.com\/fr\/web\/wp-content\/uploads\/2019\/08\/icon_asset-integrity-monitoring@2x.png\" alt=\"\" width=\"102\" height=\"112\" srcset=\"https:\/\/www.nlyte.com\/fr\/web\/wp-content\/uploads\/2019\/08\/icon_asset-integrity-monitoring@2x.png 102w, https:\/\/www.nlyte.com\/fr\/web\/wp-content\/uploads\/2019\/08\/icon_asset-integrity-monitoring@2x-91x100.png 91w\" sizes=\"(max-width: 102px) 100vw, 102px\" \/><\/p>\n<h2 style=\"text-align: center;\"><strong>B\u00e9n\u00e9fices de surveillance de l\u2019int\u00e9grit\u00e9 des actifs<\/strong><\/h2>\n<\/div>\n        <\/div>\n    <\/div>\n<\/div><\/div>\n\n<\/div><\/div><div class=\"builder-layout builder-layout-three-column \"><div class=\"builder-container\">\n<div class=\"builder-table\">\n    \n<div class=\"builder-column builder-column-type--column \">\n    <div class=\"builder-column-body\">\n        <div class=\"builder-content\">\n            \n\n\n<div class=\"builder-component builder-component-wysiwyg builder-component-index-1   builder-mobile-animation\" style=\"padding: 0% 0%;background-color: ;\">\n    <p><strong>Identification des \u00e9l\u00e9ments suivants:<\/strong><\/p>\n<ul>\n<li>\u00c9quipements non document\u00e9s<\/li>\n<li>Modifications incorrectes ou non autoris\u00e9es<\/li>\n<li>Connexion au r\u00e9seau non autoris\u00e9e<\/li>\n<li>Mat\u00e9riel, micrologiciel, logiciel \u00e0 risque<\/li>\n<\/ul>\n<\/div>\n        <\/div>\n    <\/div>\n<\/div>    \n<div class=\"builder-column builder-column-type--column \">\n    <div class=\"builder-column-body\">\n        <div class=\"builder-content\">\n            \n\n\n<div class=\"builder-component builder-component-wysiwyg builder-component-index-1   builder-mobile-animation\" style=\"padding: 0% 0%;background-color: ;\">\n    <p><strong>Liste de contr\u00f4le de minimisation des risques:<\/strong><\/p>\n<ul>\n<li>R\u00e9aliser l\u2019inventaire du mat\u00e9riel informatique<\/li>\n<li>Identifier le mat\u00e9riel informatique non g\u00e9r\u00e9<\/li>\n<li>Surveiller la version du micrologiciel<\/li>\n<li>Modifier les proc\u00e9dures de gestion<\/li>\n<\/ul>\n<\/div>\n        <\/div>\n    <\/div>\n<\/div>    \n<div class=\"builder-column builder-column-type--column \">\n    <div class=\"builder-column-body\">\n        <div class=\"builder-content\">\n            \n\n\n<div class=\"builder-component builder-component-wysiwyg builder-component-index-1   builder-mobile-animation\" style=\"padding: 0% 0%;background-color: ;\">\n    <p>&nbsp;<\/p>\n<ul>\n<li>Asset Integrity Monitoring, deltas<\/li>\n<li>Planification d\u2019urgence<\/li>\n<li>R\u00e9ponse coordonn\u00e9e associ\u00e9e \u00e0 la capacit\u00e9 de r\u00e9silience<\/li>\n<li>Gestion des actifs mat\u00e9riels\/logiciels<\/li>\n<\/ul>\n<\/div>\n        <\/div>\n    <\/div>\n<\/div><\/div>\n<\/div><\/div><\/div><\/section><section id=\"\" class=\"builder-section builder-section-type--section builder-custom-theme builder-theme--theme-0 builder-section-padding-top-high builder-section-padding-bottom-high builder-layout-padding-med builder-font-normal   builder-valign-middle       \" style=''><div class=\"builder-layouts-container\"><div class=\"builder-layout builder-layout-two-column \"><div class=\"builder-container\">\n<div class=\"builder-table\">\n    \n<div class=\"builder-column builder-column-type--column \">\n    <div class=\"builder-column-body\">\n        <div class=\"builder-content\">\n            \n<div         class=\" builder-component builder-component-image builder-component-index-1   builder-mobile-animation builder-component-image-size-normal  align-\">\n            <div class=\"image-container builder-lazy-img\" style=\"background-image:url(https:\/\/www.nlyte.com\/fr\/web\/wp-content\/uploads\/2020\/03\/asset-integrity-monitoring_french-100x55.png);\" data-srcs=\"{&quot;full&quot;:{&quot;src&quot;:&quot;https:\\\/\\\/www.nlyte.com\\\/fr\\\/web\\\/wp-content\\\/uploads\\\/2020\\\/03\\\/asset-integrity-monitoring_french.png&quot;,&quot;width&quot;:&quot;-1&quot;},&quot;medium&quot;:{&quot;src&quot;:&quot;https:\\\/\\\/www.nlyte.com\\\/fr\\\/web\\\/wp-content\\\/uploads\\\/2020\\\/03\\\/asset-integrity-monitoring_french-300x164.png&quot;,&quot;width&quot;:300},&quot;large&quot;:{&quot;src&quot;:&quot;https:\\\/\\\/www.nlyte.com\\\/fr\\\/web\\\/wp-content\\\/uploads\\\/2020\\\/03\\\/asset-integrity-monitoring_french-1024x559.png&quot;,&quot;width&quot;:1024},&quot;pb-medium&quot;:{&quot;src&quot;:&quot;https:\\\/\\\/www.nlyte.com\\\/fr\\\/web\\\/wp-content\\\/uploads\\\/2020\\\/03\\\/asset-integrity-monitoring_french-550x300.png&quot;,&quot;width&quot;:550}}\">\n            <div class=\"image-subcontainer \" style=\"max-height: inherit;\" >\n                <img  alt='Asset Integrity Monitoring French' src='https:\/\/www.nlyte.com\/fr\/web\/wp-content\/uploads\/2020\/03\/asset-integrity-monitoring_french-100x55.png' width='1800' height='983' \/>            <\/div>\n        <\/div>\n    <\/div>\n        <\/div>\n    <\/div>\n<\/div>    \n<div class=\"builder-column builder-column-type--column \">\n    <div class=\"builder-column-body\">\n        <div class=\"builder-content\">\n            \n\n\n<div class=\"builder-component builder-component-wysiwyg builder-component-index-1   builder-mobile-animation\" style=\"padding: 0% 0%;background-color: ;\">\n    <p><strong>D\u00e9couverte<\/strong><br \/>\nIdentifier tous les actifs connect\u00e9s au r\u00e9seau<\/p>\n<p><strong>Processus de gestion du changement<\/strong><br \/>\n\u00c9tablir une ligne de base de tous les actifs, syst\u00e8me d\u2019alimentation et processus (ITIL, ITSM, DCIM, TAM)<\/p>\n<p><strong>Surveillance<\/strong><br \/>\nComparer l\u2019\u00e9tat actuel des actifs par rapport \u00e0 l\u2019inventaire de base et aux directives applicables \u00e0 la gestion du changement<\/p>\n<p><strong>Proc\u00e9dure d\u2019alerte et de g\u00e9n\u00e9ration de rapports<\/strong><br \/>\nInformer les \u00e9quipes en charge de la s\u00e9curit\u00e9 des vuln\u00e9rabilit\u00e9s et des actifs non conformes, valider les ententes sur les niveaux de services relatifs \u00e0 la disponibilit\u00e9 des ressources<\/p>\n<\/div>\n        <\/div>\n    <\/div>\n<\/div><\/div><\/div><\/div><\/div><\/section><section id=\"\" class=\"builder-section builder-section-type--section builder-custom-theme builder-theme--theme-0 builder-section-padding-top-med builder-section-padding-bottom-none builder-layout-padding-none builder-font-normal   builder-valign-top       \" style='background-color: #d6d6d6;'><div class=\"builder-layouts-container\"><div class=\"builder-layout builder-layout-one-column \"><div class=\"builder-container\">\n<div class=\"builder-table\">\n    \n<div class=\"builder-column builder-column-type--column \">\n    <div class=\"builder-column-body\">\n        <div class=\"builder-content\">\n            \n<div  class=\"builder-component builder-component-title builder-component-index-1   builder-mobile-animation\">\n    <div class=\"builder-column-header\" style=\"text-align: center;\">\n        <h3 class=\"builder-title\">\n        Fonctionnalit\u00e9s principales    <\/h3>\n    <\/div>\n<\/div>\n        <\/div>\n    <\/div>\n<\/div><\/div>\n\n<\/div><\/div><div class=\"builder-layout builder-layout-tab-box \"><div class=\"builder-container\">\n    <div class=\"builder-tabs\">\n        <div class=\"builder-container u-builder-container-width\">\n            \n                \n                <div class=\"overtab active\" data-tab=\"1\">\n                    <div class=\"tab active\" data-tab=\"1\">\n                        <div class=\"title\">\n                            <span>R\u00e9duction des risques li\u00e9s \u00e0 l\u2019alimentation \u00e9lectrique\/aux pannes du syst\u00e8me de refroidissement<\/span>\n                        <\/div>\n\n                                            <\/div>\n                <\/div>\n            \n                \n                <div class=\"overtab off\" data-tab=\"2\">\n                    <div class=\"tab off\" data-tab=\"2\">\n                        <div class=\"title\">\n                            <span>R\u00e9duction des vuln\u00e9rabilit\u00e9s des actifs<\/span>\n                        <\/div>\n\n                                            <\/div>\n                <\/div>\n            \n                \n                <div class=\"overtab off\" data-tab=\"3\">\n                    <div class=\"tab off\" data-tab=\"3\">\n                        <div class=\"title\">\n                            <span>R\u00e9duction des changements impr\u00e9vus<\/span>\n                        <\/div>\n\n                                            <\/div>\n                <\/div>\n                    <\/div>\n\n    <\/div>\n\n    <div class=\"builder-tabs--content builder-theme-override builder-theme--theme-0\">\n        <div class=\"u-builder-container-width\">\n                                    <div class=\"tab--content active\"\n                             data-tab=\"1\">\n                            <div class=\"innertab__wrap\">\n                                                                <div class=\"wrap\">\n                                    <div class=\"text\">\n                                        <p><strong>Pr\u00e9vention<\/strong><\/p>\n<ul>\n<li>Simuler des pannes, d\u00e9terminer les syst\u00e8mes essentiels affect\u00e9s<\/li>\n<li>Connaitre les actifs essentiels (logiques\/virtuels\/physiques)<\/li>\n<li>Redondance des applications serveur<\/li>\n<\/ul>\n<p><strong>Capacit\u00e9 proactive<\/strong><\/p>\n<ul>\n<li>Surveillance de l\u2019\u00e9nergie et de la chaleur en temps r\u00e9el<\/li>\n<li>Alarmes d\u00e9finies aux seuils applicables<\/li>\n<li>Identification des tendances en mati\u00e8re de risque<\/li>\n<\/ul>\n                                    <\/div>\n                                                                    <\/div>\n                            <\/div>\n                        <\/div>\n                                                <div class=\"tab--content \"\n                             data-tab=\"2\">\n                            <div class=\"innertab__wrap\">\n                                                                <div class=\"wrap\">\n                                    <div class=\"text\">\n                                        <p><strong>Pr\u00e9vention<\/strong><\/p>\n<ul>\n<li>Identifier de mani\u00e8re proactive tous les actifs connect\u00e9s au r\u00e9seau<\/li>\n<li>Identifier les probl\u00e8mes de logiciel et de micrologiciel connus<\/li>\n<li>V\u00e9rifier les deltas et les correctifs ou actifs vuln\u00e9rables<\/li>\n<\/ul>\n<p><strong>Capacit\u00e9 proactive<\/strong><\/p>\n<ul>\n<li>Hygi\u00e8ne \u2014 ITIL, ITSM, DCIM<\/li>\n<li>Mettre en \u0153uvre des processus coh\u00e9rents \u2014 installation, gestion et mise hors service<\/li>\n<li>Anticiper sur les demandes \u2014 les difficult\u00e9s s\u2019accumulent lorsque le personnel \u00ab est \u00e0 la tra\u00eene \u00bb<\/li>\n<\/ul>\n                                    <\/div>\n                                                                    <\/div>\n                            <\/div>\n                        <\/div>\n                                                <div class=\"tab--content \"\n                             data-tab=\"3\">\n                            <div class=\"innertab__wrap\">\n                                                                <div class=\"wrap\">\n                                    <div class=\"text\">\n                                        <p><strong>Pr\u00e9vention<\/strong><\/p>\n<ul>\n<li>Surveillance de l\u2019int\u00e9grit\u00e9 des actifs pour identifier les changements d\u2019actifs<\/li>\n<li>Rapprocher les changements r\u00e9els des changements pr\u00e9vus<\/li>\n<li>Surveiller les mouvements non autoris\u00e9s ou les processus de changement externes<\/li>\n<li>Identifier les facteurs r\u00e9currents d\u2019exposition au risque<\/li>\n<\/ul>\n<p><strong>Capacit\u00e9 proactive<\/strong><\/p>\n<ul>\n<li>Surveiller r\u00e9guli\u00e8rement les r\u00e9seaux pour d\u00e9tecter tout changement impr\u00e9vu suppl\u00e9mentaire<\/li>\n<\/ul>\n                                    <\/div>\n                                                                    <\/div>\n                            <\/div>\n                        <\/div>\n                                <\/div>\n    <\/div>\n<\/div><\/div><\/div><\/section><\/div><\/div>","protected":false},"excerpt":{"rendered":"<p>Surveillance de l\u2019int\u00e9grit\u00e9 des actifs Gestion du facteur de risque humain Assurez le contr\u00f4le de l\u2019int\u00e9grit\u00e9 de vos actifs avant qu\u2019une tierce personne ne le fasse en vous servant de la solution Asset Integrity Monitoring&hellip;<\/p>\n","protected":false},"author":5,"featured_media":0,"parent":10082,"menu_order":0,"comment_status":"closed","ping_status":"closed","template":"","meta":{"footnotes":""},"acf":[],"yoast_head":"<!-- This site is optimized with the Yoast SEO Premium plugin v21.7 (Yoast SEO v21.8) - https:\/\/yoast.com\/wordpress\/plugins\/seo\/ -->\n<title>Surveillance de l\u2019int\u00e9grit\u00e9 des actifs | Nlyte<\/title>\n<meta name=\"description\" content=\"D\u00e9couvrez les solutions de surveillance de l&#039;int\u00e9grit\u00e9 des actifs pour garantir l&#039;int\u00e9grit\u00e9 physique de votre infrastructure de centre de donn\u00e9es.\" \/>\n<meta name=\"robots\" content=\"index, follow, max-snippet:-1, max-image-preview:large, max-video-preview:-1\" \/>\n<link rel=\"canonical\" href=\"https:\/\/www.nlyte.com\/fr\/solutions\/surveillance-de-lintegrite-des-actifs\/\" \/>\n<meta property=\"og:locale\" content=\"en_US\" \/>\n<meta property=\"og:type\" content=\"article\" \/>\n<meta property=\"og:title\" content=\"Surveillance de l\u2019int\u00e9grit\u00e9 des actifs\" \/>\n<meta property=\"og:description\" content=\"D\u00e9couvrez les solutions de surveillance de l&#039;int\u00e9grit\u00e9 des actifs pour garantir l&#039;int\u00e9grit\u00e9 physique de votre infrastructure de centre de donn\u00e9es.\" \/>\n<meta property=\"og:url\" content=\"https:\/\/www.nlyte.com\/fr\/solutions\/surveillance-de-lintegrite-des-actifs\/\" \/>\n<meta property=\"og:site_name\" content=\"Nlyte\" \/>\n<meta property=\"article:modified_time\" content=\"2020-03-23T19:29:25+00:00\" \/>\n<meta property=\"og:image\" content=\"https:\/\/www.nlyte.com\/fr\/web\/wp-content\/uploads\/2019\/07\/thinBanner_gray-1-100x7.jpg\" \/>\n<meta name=\"twitter:card\" content=\"summary_large_image\" \/>\n<meta name=\"twitter:label1\" content=\"Est. reading time\" \/>\n\t<meta name=\"twitter:data1\" content=\"2 minutes\" \/>\n<script type=\"application\/ld+json\" class=\"yoast-schema-graph\">{\"@context\":\"https:\/\/schema.org\",\"@graph\":[{\"@type\":\"WebPage\",\"@id\":\"https:\/\/www.nlyte.com\/fr\/solutions\/surveillance-de-lintegrite-des-actifs\/\",\"url\":\"https:\/\/www.nlyte.com\/fr\/solutions\/surveillance-de-lintegrite-des-actifs\/\",\"name\":\"Surveillance de l\u2019int\u00e9grit\u00e9 des actifs | Nlyte\",\"isPartOf\":{\"@id\":\"https:\/\/www.nlyte.com\/fr\/#website\"},\"datePublished\":\"2019-09-02T02:10:52+00:00\",\"dateModified\":\"2020-03-23T19:29:25+00:00\",\"description\":\"D\u00e9couvrez les solutions de surveillance de l'int\u00e9grit\u00e9 des actifs pour garantir l'int\u00e9grit\u00e9 physique de votre infrastructure de centre de donn\u00e9es.\",\"breadcrumb\":{\"@id\":\"https:\/\/www.nlyte.com\/fr\/solutions\/surveillance-de-lintegrite-des-actifs\/#breadcrumb\"},\"inLanguage\":\"en-US\",\"potentialAction\":[{\"@type\":\"ReadAction\",\"target\":[\"https:\/\/www.nlyte.com\/fr\/solutions\/surveillance-de-lintegrite-des-actifs\/\"]}]},{\"@type\":\"BreadcrumbList\",\"@id\":\"https:\/\/www.nlyte.com\/fr\/solutions\/surveillance-de-lintegrite-des-actifs\/#breadcrumb\",\"itemListElement\":[{\"@type\":\"ListItem\",\"position\":1,\"name\":\"Home\",\"item\":\"https:\/\/www.nlyte.com\/fr\/\"},{\"@type\":\"ListItem\",\"position\":2,\"name\":\"Solutions\",\"item\":\"https:\/\/www.nlyte.com\/fr\/solutions\/\"},{\"@type\":\"ListItem\",\"position\":3,\"name\":\"Surveillance de l\u2019int\u00e9grit\u00e9 des actifs\"}]},{\"@type\":\"WebSite\",\"@id\":\"https:\/\/www.nlyte.com\/fr\/#website\",\"url\":\"https:\/\/www.nlyte.com\/fr\/\",\"name\":\"Nlyte\",\"description\":\"Just another WordPress site\",\"publisher\":{\"@id\":\"https:\/\/www.nlyte.com\/fr\/#organization\"},\"potentialAction\":[{\"@type\":\"SearchAction\",\"target\":{\"@type\":\"EntryPoint\",\"urlTemplate\":\"https:\/\/www.nlyte.com\/fr\/?s={search_term_string}\"},\"query-input\":\"required name=search_term_string\"}],\"inLanguage\":\"en-US\"},{\"@type\":\"Organization\",\"@id\":\"https:\/\/www.nlyte.com\/fr\/#organization\",\"name\":\"Nlyte Software\",\"url\":\"https:\/\/www.nlyte.com\/fr\/\",\"logo\":{\"@type\":\"ImageObject\",\"inLanguage\":\"en-US\",\"@id\":\"https:\/\/www.nlyte.com\/fr\/#\/schema\/logo\/image\/\",\"url\":\"https:\/\/www.nlyte.com\/fr\/web\/wp-content\/uploads\/2019\/05\/Nlyte_favicon.png\",\"contentUrl\":\"https:\/\/www.nlyte.com\/fr\/web\/wp-content\/uploads\/2019\/05\/Nlyte_favicon.png\",\"width\":476,\"height\":475,\"caption\":\"Nlyte Software\"},\"image\":{\"@id\":\"https:\/\/www.nlyte.com\/fr\/#\/schema\/logo\/image\/\"}}]}<\/script>\n<!-- \/ Yoast SEO Premium plugin. -->","yoast_head_json":{"title":"Surveillance de l\u2019int\u00e9grit\u00e9 des actifs | Nlyte","description":"D\u00e9couvrez les solutions de surveillance de l'int\u00e9grit\u00e9 des actifs pour garantir l'int\u00e9grit\u00e9 physique de votre infrastructure de centre de donn\u00e9es.","robots":{"index":"index","follow":"follow","max-snippet":"max-snippet:-1","max-image-preview":"max-image-preview:large","max-video-preview":"max-video-preview:-1"},"canonical":"https:\/\/www.nlyte.com\/fr\/solutions\/surveillance-de-lintegrite-des-actifs\/","og_locale":"en_US","og_type":"article","og_title":"Surveillance de l\u2019int\u00e9grit\u00e9 des actifs","og_description":"D\u00e9couvrez les solutions de surveillance de l'int\u00e9grit\u00e9 des actifs pour garantir l'int\u00e9grit\u00e9 physique de votre infrastructure de centre de donn\u00e9es.","og_url":"https:\/\/www.nlyte.com\/fr\/solutions\/surveillance-de-lintegrite-des-actifs\/","og_site_name":"Nlyte","article_modified_time":"2020-03-23T19:29:25+00:00","og_image":[{"url":"https:\/\/www.nlyte.com\/fr\/web\/wp-content\/uploads\/2019\/07\/thinBanner_gray-1-100x7.jpg"}],"twitter_card":"summary_large_image","twitter_misc":{"Est. reading time":"2 minutes"},"schema":{"@context":"https:\/\/schema.org","@graph":[{"@type":"WebPage","@id":"https:\/\/www.nlyte.com\/fr\/solutions\/surveillance-de-lintegrite-des-actifs\/","url":"https:\/\/www.nlyte.com\/fr\/solutions\/surveillance-de-lintegrite-des-actifs\/","name":"Surveillance de l\u2019int\u00e9grit\u00e9 des actifs | Nlyte","isPartOf":{"@id":"https:\/\/www.nlyte.com\/fr\/#website"},"datePublished":"2019-09-02T02:10:52+00:00","dateModified":"2020-03-23T19:29:25+00:00","description":"D\u00e9couvrez les solutions de surveillance de l'int\u00e9grit\u00e9 des actifs pour garantir l'int\u00e9grit\u00e9 physique de votre infrastructure de centre de donn\u00e9es.","breadcrumb":{"@id":"https:\/\/www.nlyte.com\/fr\/solutions\/surveillance-de-lintegrite-des-actifs\/#breadcrumb"},"inLanguage":"en-US","potentialAction":[{"@type":"ReadAction","target":["https:\/\/www.nlyte.com\/fr\/solutions\/surveillance-de-lintegrite-des-actifs\/"]}]},{"@type":"BreadcrumbList","@id":"https:\/\/www.nlyte.com\/fr\/solutions\/surveillance-de-lintegrite-des-actifs\/#breadcrumb","itemListElement":[{"@type":"ListItem","position":1,"name":"Home","item":"https:\/\/www.nlyte.com\/fr\/"},{"@type":"ListItem","position":2,"name":"Solutions","item":"https:\/\/www.nlyte.com\/fr\/solutions\/"},{"@type":"ListItem","position":3,"name":"Surveillance de l\u2019int\u00e9grit\u00e9 des actifs"}]},{"@type":"WebSite","@id":"https:\/\/www.nlyte.com\/fr\/#website","url":"https:\/\/www.nlyte.com\/fr\/","name":"Nlyte","description":"Just another WordPress site","publisher":{"@id":"https:\/\/www.nlyte.com\/fr\/#organization"},"potentialAction":[{"@type":"SearchAction","target":{"@type":"EntryPoint","urlTemplate":"https:\/\/www.nlyte.com\/fr\/?s={search_term_string}"},"query-input":"required name=search_term_string"}],"inLanguage":"en-US"},{"@type":"Organization","@id":"https:\/\/www.nlyte.com\/fr\/#organization","name":"Nlyte Software","url":"https:\/\/www.nlyte.com\/fr\/","logo":{"@type":"ImageObject","inLanguage":"en-US","@id":"https:\/\/www.nlyte.com\/fr\/#\/schema\/logo\/image\/","url":"https:\/\/www.nlyte.com\/fr\/web\/wp-content\/uploads\/2019\/05\/Nlyte_favicon.png","contentUrl":"https:\/\/www.nlyte.com\/fr\/web\/wp-content\/uploads\/2019\/05\/Nlyte_favicon.png","width":476,"height":475,"caption":"Nlyte Software"},"image":{"@id":"https:\/\/www.nlyte.com\/fr\/#\/schema\/logo\/image\/"}}]}},"_links":{"self":[{"href":"https:\/\/www.nlyte.com\/fr\/wp-json\/wp\/v2\/pages\/10676"}],"collection":[{"href":"https:\/\/www.nlyte.com\/fr\/wp-json\/wp\/v2\/pages"}],"about":[{"href":"https:\/\/www.nlyte.com\/fr\/wp-json\/wp\/v2\/types\/page"}],"author":[{"embeddable":true,"href":"https:\/\/www.nlyte.com\/fr\/wp-json\/wp\/v2\/users\/5"}],"replies":[{"embeddable":true,"href":"https:\/\/www.nlyte.com\/fr\/wp-json\/wp\/v2\/comments?post=10676"}],"version-history":[{"count":20,"href":"https:\/\/www.nlyte.com\/fr\/wp-json\/wp\/v2\/pages\/10676\/revisions"}],"predecessor-version":[{"id":19331,"href":"https:\/\/www.nlyte.com\/fr\/wp-json\/wp\/v2\/pages\/10676\/revisions\/19331"}],"up":[{"embeddable":true,"href":"https:\/\/www.nlyte.com\/fr\/wp-json\/wp\/v2\/pages\/10082"}],"wp:attachment":[{"href":"https:\/\/www.nlyte.com\/fr\/wp-json\/wp\/v2\/media?parent=10676"}],"curies":[{"name":"wp","href":"https:\/\/api.w.org\/{rel}","templated":true}]}}