{"id":10868,"date":"2019-09-03T10:28:39","date_gmt":"2019-09-03T14:28:39","guid":{"rendered":"http:\/\/www.nlyte.com\/fr\/products\/connectors-copy\/"},"modified":"2020-06-09T17:39:37","modified_gmt":"2020-06-09T21:39:37","slug":"machine-learning","status":"publish","type":"page","link":"https:\/\/www.nlyte.com\/fr\/produits\/machine-learning\/","title":{"rendered":"Machine Learning"},"content":{"rendered":"<div class=\"kmdg-builder-content\"><div class=\"builder-font-controller\"><section id=\"\" class=\"builder-section builder-section-type--section builder-custom-theme builder-theme--theme-1 builder-section-padding-top-med builder-section-padding-bottom-med builder-layout-padding-med builder-font-normal   builder-valign-top       \" style=''><div class='builder-bg-image-wrap' style='height:100%'><div class='builder-img-bg loaded' style='background-image: url(https:\/\/www.nlyte.com\/fr\/web\/wp-content\/uploads\/2019\/07\/thinBanner_gray-1.jpg);opacity:1;background-position-y:center;' ><img src='https:\/\/www.nlyte.com\/fr\/web\/wp-content\/uploads\/2019\/07\/thinBanner_gray-1.jpg' alt='' role='presentation'><\/div><\/div><div class=\"builder-layouts-container\"><div class=\"builder-layout builder-layout-one-column \"><div class=\"builder-container\">\n<div class=\"builder-table\">\n    \n<div class=\"builder-column builder-column-type--column \">\n    <div class=\"builder-column-body\">\n        <div class=\"builder-content\">\n            \n\n\n<div class=\"builder-component builder-component-wysiwyg builder-component-index-1   builder-mobile-animation\" style=\"padding: 0% 0%;background-color: ;\">\n    <h1 style=\"text-align: center;\">Nlyte Machine Learning<\/h1>\n<\/div>\n        <\/div>\n    <\/div>\n<\/div><\/div>\n\n<\/div><\/div><\/div><\/section><section id=\"\" class=\"builder-section builder-section-type--section builder-custom-theme builder-theme--theme-2 builder-section-padding-top-high builder-section-padding-bottom-high builder-layout-padding-med builder-font-normal   builder-valign-top       \" style='background-color: #106ea3;'><div class=\"builder-layouts-container\"><div class=\"builder-layout builder-layout-one-column \"><div class=\"builder-container\">\n<div class=\"builder-table\">\n    \n<div class=\"builder-column builder-column-type--column \">\n    <div class=\"builder-column-body\">\n        <div class=\"builder-content\">\n            \n\n\n<div class=\"builder-component builder-component-wysiwyg builder-component-index-1   builder-mobile-animation\" style=\"padding: 0% 0%;background-color: ;\">\n    <h2><img loading=\"lazy\" decoding=\"async\" class=\"size-full wp-image-10484 aligncenter\" src=\"https:\/\/www.nlyte.com\/fr\/web\/wp-content\/uploads\/2019\/08\/icon_machine-lrng@2x.png\" alt=\"\" width=\"130\" height=\"130\" srcset=\"https:\/\/www.nlyte.com\/fr\/web\/wp-content\/uploads\/2019\/08\/icon_machine-lrng@2x.png 130w, https:\/\/www.nlyte.com\/fr\/web\/wp-content\/uploads\/2019\/08\/icon_machine-lrng@2x-100x100.png 100w\" sizes=\"(max-width: 130px) 100vw, 130px\" \/><\/h2>\n<h2 style=\"text-align: center;\">Pr\u00e9dire l'avenir avec notre premier moteur d'apprentissage automatique<br \/>\n<\/h2>\n<\/div>\n\n\n\n<div class=\"builder-component builder-component-wysiwyg builder-component-index-2   builder-mobile-animation\" style=\"padding: 2% 5%;background-color: ;\">\n    <p>Nlyte Machine Learning, optimis\u00e9 par IBM Watson IoT, combine Nlyte Machine Learning (Apprentissage automatique de Nlyte), optimis\u00e9 par IBM Watson IoT, combine la solution leader de l'industrie de Nlyte pour la gestion de l'infrastructure \u00e9nerg\u00e9tique des centres de donn\u00e9es avec le premier moteur d'apprentissage automatique d'IBM Watson IoT. Bien int\u00e9gr\u00e9s, ces deux \u00e9l\u00e9ments permettent aux entreprises de capturer, de normaliser et d\u2019analyser rapidement de grandes quantit\u00e9s de donn\u00e9es, afin d\u2019optimiser les op\u00e9rations de leur centre de donn\u00e9es et de faire face aux \u00e9ventuels probl\u00e8mes et pannes avant qu\u2019ils ne surviennent.<\/p>\n<\/div>\n        <\/div>\n    <\/div>\n<\/div><\/div>\n\n<\/div><\/div><\/div><\/section><section id=\"\" class=\"builder-section builder-section-type--section builder-custom-theme builder-theme--theme-0 builder-section-padding-top-high builder-section-padding-bottom-high builder-layout-padding-med builder-font-normal   builder-valign-top       \" style=''><div class=\"builder-layouts-container\"><div class=\"builder-layout builder-layout-two-thirds-column \"><div class=\"builder-container\">\n<div class=\"builder-table\">\n    \n<div class=\"builder-column builder-column-type--column \">\n    <div class=\"builder-column-body\">\n        <div class=\"builder-content\">\n            \n\n\n<div class=\"builder-component builder-component-wysiwyg builder-component-index-1   builder-mobile-animation\" style=\"padding: 0% 0%;background-color: ;\">\n    <h4>Pourquoi l'apprentissage automatique de Nlyte\u00a0?<br \/>\n<\/h4>\n<p>Nlyte Machine Learning, optimis\u00e9 par IBM Watson IoT, est un cadre sp\u00e9cialement con\u00e7u, d\u00e9velopp\u00e9\u00a0par les deux leaders de l'IA et de la\u00a0gestion des centres de donn\u00e9es, IBM et Nlyte. Il r\u00e9pond aux exigences d'\u00e9chelle, de complexit\u00e9 et d'optimisation des centres de donn\u00e9es modernes. Nlyte Machine Learning est facile \u00e0 adopter, exploitant les donn\u00e9es d\u00e9j\u00e0 g\u00e9n\u00e9r\u00e9es par les capteurs, les infrastructures critiques, les \u00e9quipements informatiques et les applications. Il existe un cadre complet comprenant la collecte de donn\u00e9es, les mod\u00e8les de puissance pr\u00e9dictive et d\u2019\u00e9l\u00e9ments thermiques, les actions de commande et de contr\u00f4le issues des rapports d'analyse, ainsi que les outils pour le d\u00e9veloppement de mod\u00e8les personnalis\u00e9s.<\/p>\n<\/div>\n        <\/div>\n    <\/div>\n<\/div>    \n<div class=\"builder-column builder-column-type--column \">\n    <div class=\"builder-column-body\">\n        <div class=\"builder-content\">\n            \n\n\n<div class=\"builder-component builder-component-wysiwyg builder-component-index-1   builder-mobile-animation\" style=\"padding: 7% 7%;background-color: #f3f3f3;\">\n    <h4>Avantages de Nlyte Machine Learning<br \/>\n<\/h4>\n<ul>\n<li>Pr\u00e9vention des risques\n<\/li>\n<li>R\u00e9duction des frais g\u00e9n\u00e9raux\n<\/li>\n<li>Optimisation des performances<br \/>\n\/li><\/p>\n<li>Am\u00e9lioration\u00a0des strat\u00e9gies d'entretien\n<\/li>\n<\/ul>\n<\/div>\n        <\/div>\n    <\/div>\n<\/div><\/div><\/div><\/div><\/div><\/section><section id=\"\" class=\"builder-section builder-section-type--section builder-custom-theme builder-theme--theme-0 builder-section-padding-top-high builder-section-padding-bottom-none builder-layout-padding-none builder-font-normal   builder-valign-middle       \" style='background-color: #d6d6d6;'><div class=\"builder-layouts-container\"><div class=\"builder-layout builder-layout-one-column \"><div class=\"builder-container\">\n<div class=\"builder-table\">\n    \n<div class=\"builder-column builder-column-type--column \">\n    <div class=\"builder-column-body\">\n        <div class=\"builder-content\">\n            \n<div  class=\"builder-component builder-component-title builder-component-index-1   builder-mobile-animation\">\n    <div class=\"builder-column-header\" style=\"text-align: center;\">\n        <h3 class=\"builder-title\">\n        Cas d'utilisation cl\u00e9s<br \/>\r\n    <\/h3>\n    <\/div>\n<\/div>\n        <\/div>\n    <\/div>\n<\/div><\/div>\n\n<\/div><\/div><div class=\"builder-layout builder-layout-tab-box \"><div class=\"builder-container\">\n    <div class=\"builder-tabs\">\n        <div class=\"builder-container u-builder-container-width\">\n            \n                \n                <div class=\"overtab active\" data-tab=\"1\">\n                    <div class=\"tab active\" data-tab=\"1\">\n                        <div class=\"title\">\n                            <span>Puissance pr\u00e9dictive et \u00e9l\u00e9ments\u00a0thermiques<\/span>\n                        <\/div>\n\n                                            <\/div>\n                <\/div>\n            \n                \n                <div class=\"overtab off\" data-tab=\"2\">\n                    <div class=\"tab off\" data-tab=\"2\">\n                        <div class=\"title\">\n                            <span>Gestion des alarmes et des alertes<\/span>\n                        <\/div>\n\n                                            <\/div>\n                <\/div>\n            \n                \n                <div class=\"overtab off\" data-tab=\"3\">\n                    <div class=\"tab off\" data-tab=\"3\">\n                        <div class=\"title\">\n                            <span>Optimisation du placement<\/span>\n                        <\/div>\n\n                                            <\/div>\n                <\/div>\n            \n                \n                <div class=\"overtab off\" data-tab=\"4\">\n                    <div class=\"tab off\" data-tab=\"4\">\n                        <div class=\"title\">\n                            <span>Maintenance multivari\u00e9e et pr\u00e9diction de panne<\/span>\n                        <\/div>\n\n                                            <\/div>\n                <\/div>\n            \n                \n                <div class=\"overtab off\" data-tab=\"5\">\n                    <div class=\"tab off\" data-tab=\"5\">\n                        <div class=\"title\">\n                            <span>Gestion des alarmes et des alertes<\/span>\n                        <\/div>\n\n                                            <\/div>\n                <\/div>\n                    <\/div>\n\n    <\/div>\n\n    <div class=\"builder-tabs--content builder-theme-override builder-theme--theme-0\">\n        <div class=\"u-builder-container-width\">\n                                    <div class=\"tab--content active\"\n                             data-tab=\"1\">\n                            <div class=\"innertab__wrap\">\n                                                                    <div class=\"image__wrap js-triggers-lightbox\">\n                                        <div class=\"image-container\">\n                                            <div class=\"image-subcontainer\" data-featherlight=\"https:\/\/www.nlyte.com\/fr\/web\/wp-content\/uploads\/2019\/09\/n-Screen-Shot-Predictive-Power-and-Thermal-1.png\">\n                                                <img decoding=\"async\" class=\"image__item\"\n                                                     src=\"https:\/\/www.nlyte.com\/fr\/web\/wp-content\/uploads\/2019\/09\/n-Screen-Shot-Predictive-Power-and-Thermal-1-1024x487.png\"\n                                                >\n                                            <\/div>\n                                        <\/div>\n                                    <\/div>\n                                                                <div class=\"wrap\">\n                                    <div class=\"text\">\n                                        <ul>\n<li class=\"p1\"><span class=\"s1\">Optimisation de la charge de travail\/du calcul hybride<\/span><\/li>\n<li class=\"p1\"><span class=\"s1\">Optimisation du placement<\/span><\/li>\n<li class=\"p1\"><span class=\"s1\">Entretien multivari\u00e9\u00a0et\u00a0pr\u00e9vision des pannes<\/span><\/li>\n<\/ul>\n                                    <\/div>\n                                                                    <\/div>\n                            <\/div>\n                        <\/div>\n                                                <div class=\"tab--content \"\n                             data-tab=\"2\">\n                            <div class=\"innertab__wrap\">\n                                                                    <div class=\"image__wrap js-triggers-lightbox\">\n                                        <div class=\"image-container\">\n                                            <div class=\"image-subcontainer\" data-featherlight=\"https:\/\/www.nlyte.com\/fr\/web\/wp-content\/uploads\/2019\/09\/n-Screen-Shot-Workload-Optimization-1.png\">\n                                                <img decoding=\"async\" class=\"image__item\"\n                                                     src=\"https:\/\/www.nlyte.com\/fr\/web\/wp-content\/uploads\/2019\/09\/n-Screen-Shot-Workload-Optimization-1-1024x481.png\"\n                                                >\n                                            <\/div>\n                                        <\/div>\n                                    <\/div>\n                                                                <div class=\"wrap\">\n                                    <div class=\"text\">\n                                        <ul>\n<li class=\"p1\"><span class=\"s1\">Comprendre les mod\u00e8les qui vous permettent d'\u00e9lever et d'abaisser les temp\u00e9ratures\u00a0du centre de donn\u00e9es<\/span><\/li>\n<li class=\"p1\"><span class=\"s1\">Planifier d'avance et\u00a0avec pr\u00e9cision les besoins futurs en mati\u00e8re\u00a0d'\u00e9nergie<\/span><\/li>\n<li class=\"p1\"><span class=\"s1\">Am\u00e9liorer la densit\u00e9<\/span><\/li>\n<\/ul>\n                                    <\/div>\n                                                                    <\/div>\n                            <\/div>\n                        <\/div>\n                                                <div class=\"tab--content \"\n                             data-tab=\"3\">\n                            <div class=\"innertab__wrap\">\n                                                                    <div class=\"image__wrap js-triggers-lightbox\">\n                                        <div class=\"image-container\">\n                                            <div class=\"image-subcontainer\" data-featherlight=\"https:\/\/www.nlyte.com\/fr\/web\/wp-content\/uploads\/2019\/09\/n-Screen-Shot-Placement-Optimization-1.png\">\n                                                <img decoding=\"async\" class=\"image__item\"\n                                                     src=\"https:\/\/www.nlyte.com\/fr\/web\/wp-content\/uploads\/2019\/09\/n-Screen-Shot-Placement-Optimization-1-1024x482.png\"\n                                                >\n                                            <\/div>\n                                        <\/div>\n                                    <\/div>\n                                                                <div class=\"wrap\">\n                                    <div class=\"text\">\n                                        <ul>\n<li>\nInstaller des \u00e9quipements bas\u00e9s sur des vecteurs thermiques, \u00e9lectriques, de communication et d'application<\/li>\n<li>Am\u00e9liorez l'espace et l'efficacit\u00e9 \u00e9nerg\u00e9tique<\/li>\n<li>Construire une infrastructure de calcul pr\u00eate pour l'avenir<\/li>\n<\/ul>\n                                    <\/div>\n                                                                    <\/div>\n                            <\/div>\n                        <\/div>\n                                                <div class=\"tab--content \"\n                             data-tab=\"4\">\n                            <div class=\"innertab__wrap\">\n                                                                    <div class=\"image__wrap js-triggers-lightbox\">\n                                        <div class=\"image-container\">\n                                            <div class=\"image-subcontainer\" data-featherlight=\"https:\/\/www.nlyte.com\/fr\/web\/wp-content\/uploads\/2019\/09\/n-Screen-Shot-Multi-Variant-Manint-1.png\">\n                                                <img decoding=\"async\" class=\"image__item\"\n                                                     src=\"https:\/\/www.nlyte.com\/fr\/web\/wp-content\/uploads\/2019\/09\/n-Screen-Shot-Multi-Variant-Manint-1-1024x481.png\"\n                                                >\n                                            <\/div>\n                                        <\/div>\n                                    <\/div>\n                                                                <div class=\"wrap\">\n                                    <div class=\"text\">\n                                        <ul>\n<li>\nInformations granulaires pour les d\u00e9tails des composants et l'historique des applications<\/li>\n<li>Am\u00e9liorez les routines de maintenance pr\u00e9ventive<\/li>\n<li>Affiner la pr\u00e9diction d'\u00e9chec<\/li>\n<\/ul>\n                                    <\/div>\n                                                                    <\/div>\n                            <\/div>\n                        <\/div>\n                                                <div class=\"tab--content \"\n                             data-tab=\"5\">\n                            <div class=\"innertab__wrap\">\n                                                                    <div class=\"image__wrap js-triggers-lightbox\">\n                                        <div class=\"image-container\">\n                                            <div class=\"image-subcontainer\" data-featherlight=\"https:\/\/www.nlyte.com\/fr\/web\/wp-content\/uploads\/2019\/09\/n-Screen-Shot-Alarm-and-Alert-Mgnt-1.png\">\n                                                <img decoding=\"async\" class=\"image__item\"\n                                                     src=\"https:\/\/www.nlyte.com\/fr\/web\/wp-content\/uploads\/2019\/09\/n-Screen-Shot-Alarm-and-Alert-Mgnt-1-1024x486.png\"\n                                                >\n                                            <\/div>\n                                        <\/div>\n                                    <\/div>\n                                                                <div class=\"wrap\">\n                                    <div class=\"text\">\n                                        <ul>\n<li>Filtrer intelligemment les alarmes et alertes<\/li>\n<li>Prioriser les \u00e9v\u00e9nements significatifs, autonomes ou en cha\u00eenes complexes<\/li>\n<\/ul>\n<p>&nbsp;<\/p>\n                                    <\/div>\n                                                                    <\/div>\n                            <\/div>\n                        <\/div>\n                                <\/div>\n    <\/div>\n<\/div><\/div><\/div><\/section><\/div><\/div>","protected":false},"excerpt":{"rendered":"<p>Nlyte Machine Learning Pr\u00e9dire l'avenir avec notre premier moteur d'apprentissage automatique Nlyte Machine Learning, optimis\u00e9 par IBM Watson IoT, combine Nlyte Machine Learning (Apprentissage automatique de Nlyte), optimis\u00e9 par IBM Watson IoT, combine la solution&hellip;<\/p>\n","protected":false},"author":5,"featured_media":0,"parent":9942,"menu_order":0,"comment_status":"closed","ping_status":"closed","template":"","meta":{"footnotes":""},"acf":[],"yoast_head":"<!-- This site is optimized with the Yoast SEO Premium plugin v21.7 (Yoast SEO v21.8) - https:\/\/yoast.com\/wordpress\/plugins\/seo\/ -->\n<title>Machine Learning-Enabled DCIM Software Solutions | Nlyte<\/title>\n<meta name=\"description\" content=\"Implement machine learning to optimize data center operations and head-off potential issues and outages before they occur.\" \/>\n<meta name=\"robots\" content=\"index, follow, max-snippet:-1, max-image-preview:large, max-video-preview:-1\" \/>\n<link rel=\"canonical\" href=\"https:\/\/www.nlyte.com\/fr\/produits\/machine-learning\/\" \/>\n<meta property=\"og:locale\" content=\"en_US\" \/>\n<meta property=\"og:type\" content=\"article\" \/>\n<meta property=\"og:title\" content=\"Machine Learning\" \/>\n<meta property=\"og:description\" content=\"Implement machine learning to optimize data center operations and head-off potential issues and outages before they occur.\" \/>\n<meta property=\"og:url\" content=\"https:\/\/www.nlyte.com\/fr\/produits\/machine-learning\/\" \/>\n<meta property=\"og:site_name\" content=\"Nlyte\" \/>\n<meta property=\"article:modified_time\" content=\"2020-06-09T21:39:37+00:00\" \/>\n<meta property=\"og:image\" content=\"https:\/\/www.nlyte.com\/fr\/web\/wp-content\/uploads\/2019\/07\/thinBanner_gray-1-100x7.jpg\" \/>\n<meta name=\"twitter:card\" content=\"summary_large_image\" \/>\n<meta name=\"twitter:label1\" content=\"Est. reading time\" \/>\n\t<meta name=\"twitter:data1\" content=\"1 minute\" \/>\n<script type=\"application\/ld+json\" class=\"yoast-schema-graph\">{\"@context\":\"https:\/\/schema.org\",\"@graph\":[{\"@type\":\"WebPage\",\"@id\":\"https:\/\/www.nlyte.com\/fr\/produits\/machine-learning\/\",\"url\":\"https:\/\/www.nlyte.com\/fr\/produits\/machine-learning\/\",\"name\":\"Machine Learning-Enabled DCIM Software Solutions | Nlyte\",\"isPartOf\":{\"@id\":\"https:\/\/www.nlyte.com\/fr\/#website\"},\"datePublished\":\"2019-09-03T14:28:39+00:00\",\"dateModified\":\"2020-06-09T21:39:37+00:00\",\"description\":\"Implement machine learning to optimize data center operations and head-off potential issues and outages before they occur.\",\"breadcrumb\":{\"@id\":\"https:\/\/www.nlyte.com\/fr\/produits\/machine-learning\/#breadcrumb\"},\"inLanguage\":\"en-US\",\"potentialAction\":[{\"@type\":\"ReadAction\",\"target\":[\"https:\/\/www.nlyte.com\/fr\/produits\/machine-learning\/\"]}]},{\"@type\":\"BreadcrumbList\",\"@id\":\"https:\/\/www.nlyte.com\/fr\/produits\/machine-learning\/#breadcrumb\",\"itemListElement\":[{\"@type\":\"ListItem\",\"position\":1,\"name\":\"Home\",\"item\":\"https:\/\/www.nlyte.com\/fr\/\"},{\"@type\":\"ListItem\",\"position\":2,\"name\":\"Produits\",\"item\":\"https:\/\/www.nlyte.com\/fr\/produits\/\"},{\"@type\":\"ListItem\",\"position\":3,\"name\":\"Machine Learning\"}]},{\"@type\":\"WebSite\",\"@id\":\"https:\/\/www.nlyte.com\/fr\/#website\",\"url\":\"https:\/\/www.nlyte.com\/fr\/\",\"name\":\"Nlyte\",\"description\":\"Just another WordPress site\",\"publisher\":{\"@id\":\"https:\/\/www.nlyte.com\/fr\/#organization\"},\"potentialAction\":[{\"@type\":\"SearchAction\",\"target\":{\"@type\":\"EntryPoint\",\"urlTemplate\":\"https:\/\/www.nlyte.com\/fr\/?s={search_term_string}\"},\"query-input\":\"required name=search_term_string\"}],\"inLanguage\":\"en-US\"},{\"@type\":\"Organization\",\"@id\":\"https:\/\/www.nlyte.com\/fr\/#organization\",\"name\":\"Nlyte Software\",\"url\":\"https:\/\/www.nlyte.com\/fr\/\",\"logo\":{\"@type\":\"ImageObject\",\"inLanguage\":\"en-US\",\"@id\":\"https:\/\/www.nlyte.com\/fr\/#\/schema\/logo\/image\/\",\"url\":\"https:\/\/www.nlyte.com\/fr\/web\/wp-content\/uploads\/2019\/05\/Nlyte_favicon.png\",\"contentUrl\":\"https:\/\/www.nlyte.com\/fr\/web\/wp-content\/uploads\/2019\/05\/Nlyte_favicon.png\",\"width\":476,\"height\":475,\"caption\":\"Nlyte Software\"},\"image\":{\"@id\":\"https:\/\/www.nlyte.com\/fr\/#\/schema\/logo\/image\/\"}}]}<\/script>\n<!-- \/ Yoast SEO Premium plugin. -->","yoast_head_json":{"title":"Machine Learning-Enabled DCIM Software Solutions | Nlyte","description":"Implement machine learning to optimize data center operations and head-off potential issues and outages before they occur.","robots":{"index":"index","follow":"follow","max-snippet":"max-snippet:-1","max-image-preview":"max-image-preview:large","max-video-preview":"max-video-preview:-1"},"canonical":"https:\/\/www.nlyte.com\/fr\/produits\/machine-learning\/","og_locale":"en_US","og_type":"article","og_title":"Machine Learning","og_description":"Implement machine learning to optimize data center operations and head-off potential issues and outages before they occur.","og_url":"https:\/\/www.nlyte.com\/fr\/produits\/machine-learning\/","og_site_name":"Nlyte","article_modified_time":"2020-06-09T21:39:37+00:00","og_image":[{"url":"https:\/\/www.nlyte.com\/fr\/web\/wp-content\/uploads\/2019\/07\/thinBanner_gray-1-100x7.jpg"}],"twitter_card":"summary_large_image","twitter_misc":{"Est. reading time":"1 minute"},"schema":{"@context":"https:\/\/schema.org","@graph":[{"@type":"WebPage","@id":"https:\/\/www.nlyte.com\/fr\/produits\/machine-learning\/","url":"https:\/\/www.nlyte.com\/fr\/produits\/machine-learning\/","name":"Machine Learning-Enabled DCIM Software Solutions | Nlyte","isPartOf":{"@id":"https:\/\/www.nlyte.com\/fr\/#website"},"datePublished":"2019-09-03T14:28:39+00:00","dateModified":"2020-06-09T21:39:37+00:00","description":"Implement machine learning to optimize data center operations and head-off potential issues and outages before they occur.","breadcrumb":{"@id":"https:\/\/www.nlyte.com\/fr\/produits\/machine-learning\/#breadcrumb"},"inLanguage":"en-US","potentialAction":[{"@type":"ReadAction","target":["https:\/\/www.nlyte.com\/fr\/produits\/machine-learning\/"]}]},{"@type":"BreadcrumbList","@id":"https:\/\/www.nlyte.com\/fr\/produits\/machine-learning\/#breadcrumb","itemListElement":[{"@type":"ListItem","position":1,"name":"Home","item":"https:\/\/www.nlyte.com\/fr\/"},{"@type":"ListItem","position":2,"name":"Produits","item":"https:\/\/www.nlyte.com\/fr\/produits\/"},{"@type":"ListItem","position":3,"name":"Machine Learning"}]},{"@type":"WebSite","@id":"https:\/\/www.nlyte.com\/fr\/#website","url":"https:\/\/www.nlyte.com\/fr\/","name":"Nlyte","description":"Just another WordPress site","publisher":{"@id":"https:\/\/www.nlyte.com\/fr\/#organization"},"potentialAction":[{"@type":"SearchAction","target":{"@type":"EntryPoint","urlTemplate":"https:\/\/www.nlyte.com\/fr\/?s={search_term_string}"},"query-input":"required name=search_term_string"}],"inLanguage":"en-US"},{"@type":"Organization","@id":"https:\/\/www.nlyte.com\/fr\/#organization","name":"Nlyte Software","url":"https:\/\/www.nlyte.com\/fr\/","logo":{"@type":"ImageObject","inLanguage":"en-US","@id":"https:\/\/www.nlyte.com\/fr\/#\/schema\/logo\/image\/","url":"https:\/\/www.nlyte.com\/fr\/web\/wp-content\/uploads\/2019\/05\/Nlyte_favicon.png","contentUrl":"https:\/\/www.nlyte.com\/fr\/web\/wp-content\/uploads\/2019\/05\/Nlyte_favicon.png","width":476,"height":475,"caption":"Nlyte Software"},"image":{"@id":"https:\/\/www.nlyte.com\/fr\/#\/schema\/logo\/image\/"}}]}},"_links":{"self":[{"href":"https:\/\/www.nlyte.com\/fr\/wp-json\/wp\/v2\/pages\/10868"}],"collection":[{"href":"https:\/\/www.nlyte.com\/fr\/wp-json\/wp\/v2\/pages"}],"about":[{"href":"https:\/\/www.nlyte.com\/fr\/wp-json\/wp\/v2\/types\/page"}],"author":[{"embeddable":true,"href":"https:\/\/www.nlyte.com\/fr\/wp-json\/wp\/v2\/users\/5"}],"replies":[{"embeddable":true,"href":"https:\/\/www.nlyte.com\/fr\/wp-json\/wp\/v2\/comments?post=10868"}],"version-history":[{"count":22,"href":"https:\/\/www.nlyte.com\/fr\/wp-json\/wp\/v2\/pages\/10868\/revisions"}],"predecessor-version":[{"id":19371,"href":"https:\/\/www.nlyte.com\/fr\/wp-json\/wp\/v2\/pages\/10868\/revisions\/19371"}],"up":[{"embeddable":true,"href":"https:\/\/www.nlyte.com\/fr\/wp-json\/wp\/v2\/pages\/9942"}],"wp:attachment":[{"href":"https:\/\/www.nlyte.com\/fr\/wp-json\/wp\/v2\/media?parent=10868"}],"curies":[{"name":"wp","href":"https:\/\/api.w.org\/{rel}","templated":true}]}}