{"id":10916,"date":"2019-09-03T10:50:29","date_gmt":"2019-09-03T14:50:29","guid":{"rendered":"http:\/\/www.nlyte.com\/fr\/products\/nlyte-asset-optimizer-copy\/"},"modified":"2020-10-08T17:55:56","modified_gmt":"2020-10-08T21:55:56","slug":"dispositif-de-surveillance-du-systeme","status":"publish","type":"page","link":"https:\/\/www.nlyte.com\/fr\/produits\/dispositif-de-surveillance-du-systeme\/","title":{"rendered":"Dispositif de surveillance du syst\u00e8me"},"content":{"rendered":"<div class=\"kmdg-builder-content\"><div class=\"builder-font-controller\"><section id=\"\" class=\"builder-section builder-section-type--section builder-custom-theme builder-theme--theme-1 builder-section-padding-top-med builder-section-padding-bottom-med builder-layout-padding-med builder-font-normal   builder-valign-top       \" style=''><div class='builder-bg-image-wrap' style='height:100%'><div class='builder-img-bg loaded' style='background-image: url(https:\/\/www.nlyte.com\/fr\/web\/wp-content\/uploads\/2019\/07\/thinBanner_gray-1.jpg);opacity:1;background-position-y:center;' ><img src='https:\/\/www.nlyte.com\/fr\/web\/wp-content\/uploads\/2019\/07\/thinBanner_gray-1.jpg' alt='' role='presentation'><\/div><\/div><div class=\"builder-layouts-container\"><div class=\"builder-layout builder-layout-one-column \"><div class=\"builder-container\">\n<div class=\"builder-table\">\n    \n<div class=\"builder-column builder-column-type--column \">\n    <div class=\"builder-column-body\">\n        <div class=\"builder-content\">\n            \n\n\n<div class=\"builder-component builder-component-wysiwyg builder-component-index-1   builder-mobile-animation\" style=\"padding: 0% 0%;background-color: ;\">\n    <h1 style=\"text-align: center;\">Dispositif de surveillance du syst\u00e8me<\/h1>\n<\/div>\n        <\/div>\n    <\/div>\n<\/div><\/div>\n\n<\/div><\/div><\/div><\/section><section id=\"\" class=\"builder-section builder-section-type--section builder-custom-theme builder-theme--theme-0 builder-section-padding-top-high builder-section-padding-bottom-high builder-layout-padding-med builder-font-normal   builder-valign-middle       \" style=''><div class='builder-bg-image-wrap' style='height:100%'><div class='builder-img-bg loaded' style='background-image: url(https:\/\/www.nlyte.com\/fr\/web\/wp-content\/uploads\/2019\/08\/background_btm-fade02.jpg);opacity:1;background-position-y:center;' ><img src='https:\/\/www.nlyte.com\/fr\/web\/wp-content\/uploads\/2019\/08\/background_btm-fade02.jpg' alt='' role='presentation'><\/div><\/div><div class=\"builder-layouts-container\"><div class=\"builder-layout builder-layout-one-third-column \"><div class=\"builder-container\">\n<div class=\"builder-table\">\n    \n<div class=\"builder-column builder-column-type--column \">\n    <div class=\"builder-column-body\">\n        <div class=\"builder-content\">\n                    <\/div>\n    <\/div>\n<\/div>    \n<div class=\"builder-column builder-column-type--column \">\n    <div class=\"builder-column-body\">\n        <div class=\"builder-content\">\n            \n\n\n<div class=\"builder-component builder-component-wysiwyg builder-component-index-1   builder-mobile-animation\" style=\"padding: 0% 0%;background-color: ;\">\n    <h2>\u00c9liminer votre peur des zombies et des fant\u00f4mes \u2013 Analyser, maximiser<\/h2>\n<p>La Nlyte System Utilization Monitor (NSUM) \u00e9tend le suivi en temps r\u00e9el dans l\u2019ensemble du datacenter \u00e0 partir des couches d\u2019installations et dans toute la pile informatique, en fournissant des vues d\u2019utilisation en temps r\u00e9el et de bout en bout. La NSUM permet aux clients de comprendre les niveaux d\u2019utilisation du syst\u00e8me dans l\u2019ensemble de l\u2019organisation, ainsi que des actifs sp\u00e9cifiques. Cela permet aux gestionnaires d\u2019infrastructure de tirer parti d\u2019un ensemble complet de donn\u00e9es pour \u00e9liminer le gaspillage, augmenter le temps de disponibilit\u00e9 et atteindre les objectifs SLA.<\/p>\n<\/div>\n        <\/div>\n    <\/div>\n<\/div><\/div>\n<\/div><\/div><\/div><\/section><section id=\"\" class=\"builder-section builder-section-type--section builder-custom-theme builder-theme--theme-2 builder-section-padding-top-med builder-section-padding-bottom-high builder-layout-padding-med builder-font-normal   builder-valign-top       \" style='background-color: #106ea3;'><div class=\"builder-layouts-container\"><div class=\"builder-layout builder-layout-one-column \"><div class=\"builder-container\">\n<div class=\"builder-table\">\n    \n<div class=\"builder-column builder-column-type--column \">\n    <div class=\"builder-column-body\">\n        <div class=\"builder-content\">\n            \n\n\n<div class=\"builder-component builder-component-wysiwyg builder-component-index-1   builder-mobile-animation\" style=\"padding: 0% 0%;background-color: ;\">\n    <p>&nbsp;<\/p>\n<h3><img loading=\"lazy\" decoding=\"async\" class=\"size-full wp-image-10146 aligncenter\" src=\"https:\/\/www.nlyte.com\/fr\/web\/wp-content\/uploads\/2019\/08\/SubIcon_SysUtilizMonitor@2x.png\" alt=\"\" width=\"121\" height=\"112\" srcset=\"https:\/\/www.nlyte.com\/fr\/web\/wp-content\/uploads\/2019\/08\/SubIcon_SysUtilizMonitor@2x.png 121w, https:\/\/www.nlyte.com\/fr\/web\/wp-content\/uploads\/2019\/08\/SubIcon_SysUtilizMonitor@2x-100x93.png 100w\" sizes=\"(max-width: 121px) 100vw, 121px\" \/><\/h3>\n<h3 style=\"text-align: center;\"><strong>Comment le moniteur d'utilisation du syst\u00e8me vous aide<\/strong><\/h3>\n<\/div>\n        <\/div>\n    <\/div>\n<\/div><\/div>\n\n<\/div><\/div><div class=\"builder-layout builder-layout-two-column \"><div class=\"builder-container\">\n<div class=\"builder-table\">\n    \n<div class=\"builder-column builder-column-type--column \">\n    <div class=\"builder-column-body\">\n        <div class=\"builder-content\">\n            \n<div         class=\" builder-component builder-component-image builder-component-index-1   builder-mobile-animation builder-component-image-size-normal  align-\">\n            <div class=\"image-container builder-lazy-img\" style=\"background-image:url(https:\/\/www.nlyte.com\/fr\/web\/wp-content\/uploads\/2019\/09\/nsum-dashboard-100x55.png);\" data-srcs=\"{&quot;full&quot;:{&quot;src&quot;:&quot;https:\\\/\\\/www.nlyte.com\\\/fr\\\/web\\\/wp-content\\\/uploads\\\/2019\\\/09\\\/nsum-dashboard.png&quot;,&quot;width&quot;:&quot;-1&quot;},&quot;medium&quot;:{&quot;src&quot;:&quot;https:\\\/\\\/www.nlyte.com\\\/fr\\\/web\\\/wp-content\\\/uploads\\\/2019\\\/09\\\/nsum-dashboard-300x166.png&quot;,&quot;width&quot;:300},&quot;pb-medium&quot;:{&quot;src&quot;:&quot;https:\\\/\\\/www.nlyte.com\\\/fr\\\/web\\\/wp-content\\\/uploads\\\/2019\\\/09\\\/nsum-dashboard-550x304.png&quot;,&quot;width&quot;:550}}\">\n            <div class=\"image-subcontainer \" style=\"max-height: inherit;\" >\n                <img  alt='Nsum Dashboard' src='https:\/\/www.nlyte.com\/fr\/web\/wp-content\/uploads\/2019\/09\/nsum-dashboard-100x55.png' width='871' height='481' \/>            <\/div>\n        <\/div>\n    <\/div>\n        <\/div>\n    <\/div>\n<\/div>    \n<div class=\"builder-column builder-column-type--column \">\n    <div class=\"builder-column-body\">\n        <div class=\"builder-content\">\n            \n\n\n<div class=\"builder-component builder-component-wysiwyg builder-component-index-1   builder-mobile-animation\" style=\"padding: 0% 0%;background-color: ;\">\n    <ul>\n<li>Surveille constamment l\u2019utilisation du syst\u00e8me aux niveaux global, de la localisation et de la salle pour assurer une supervision compl\u00e8te<\/li>\n<li>Identifie des serveurs sous-utilis\u00e9s sp\u00e9cifiques et des \u00ab serveurs fant\u00f4mes \u00bb afin d\u2019accro\u00eetre le taux d\u2019utilisation<\/li>\n<li>Fonctionne en liaison avec\u00a0Nlyte Asset Optimizer\u00a0pour aider \u00e0 atteindre les objectifs d\u2019utilisation du serveur DCOI<\/li>\n<\/ul>\n<\/div>\n        <\/div>\n    <\/div>\n<\/div><\/div><\/div><\/div><\/div><\/section><section id=\"\" class=\"builder-section builder-section-type--section builder-custom-theme builder-theme--theme-0 builder-section-padding-top-high builder-section-padding-bottom-none builder-layout-padding-low builder-font-normal   builder-valign-top       \" style='background-color: #d6d6d6;'><div class=\"builder-layouts-container\"><div class=\"builder-layout builder-layout-one-column \"><div class=\"builder-container\">\n<div class=\"builder-table\">\n    \n<div class=\"builder-column builder-column-type--column \">\n    <div class=\"builder-column-body\">\n        <div class=\"builder-content\">\n            \n<div  class=\"builder-component builder-component-title builder-component-index-1   builder-mobile-animation\">\n    <div class=\"builder-column-header\" style=\"text-align: center;\">\n        <h3 class=\"builder-title\">\n        Caract\u00e9ristiques de la dispositif de surveillance du syst\u00e8me    <\/h3>\n    <\/div>\n<\/div>\n        <\/div>\n    <\/div>\n<\/div><\/div>\n\n<\/div><\/div><div class=\"builder-layout builder-layout-tab-box \"><div class=\"builder-container\">\n    <div class=\"builder-tabs\">\n        <div class=\"builder-container u-builder-container-width\">\n            \n                \n                <div class=\"overtab active\" data-tab=\"1\">\n                    <div class=\"tab active\" data-tab=\"1\">\n                        <div class=\"title\">\n                            <span>Vues de l\u2019utilisation du serveur sur le tableau de bord<\/span>\n                        <\/div>\n\n                                            <\/div>\n                <\/div>\n            \n                \n                <div class=\"overtab off\" data-tab=\"2\">\n                    <div class=\"tab off\" data-tab=\"2\">\n                        <div class=\"title\">\n                            <span>Rapports d\u2019utilisation et de connexion<\/span>\n                        <\/div>\n\n                                            <\/div>\n                <\/div>\n            \n                \n                <div class=\"overtab off\" data-tab=\"3\">\n                    <div class=\"tab off\" data-tab=\"3\">\n                        <div class=\"title\">\n                            <span>Naviguer directement sur les pages d\u2018armoire de l\u2019actif et de l\u2019h\u00f4te dans la NAO<\/span>\n                        <\/div>\n\n                                            <\/div>\n                <\/div>\n                    <\/div>\n\n    <\/div>\n\n    <div class=\"builder-tabs--content builder-theme-override builder-theme--theme-0\">\n        <div class=\"u-builder-container-width\">\n                                    <div class=\"tab--content active\"\n                             data-tab=\"1\">\n                            <div class=\"innertab__wrap\">\n                                                                    <div class=\"image__wrap js-triggers-lightbox\">\n                                        <div class=\"image-container\">\n                                            <div class=\"image-subcontainer\" data-featherlight=\"https:\/\/www.nlyte.com\/fr\/web\/wp-content\/uploads\/2019\/09\/nsum-dashboard.png\">\n                                                <img decoding=\"async\" class=\"image__item\"\n                                                     src=\"https:\/\/www.nlyte.com\/fr\/web\/wp-content\/uploads\/2019\/09\/nsum-dashboard.png\"\n                                                >\n                                            <\/div>\n                                        <\/div>\n                                    <\/div>\n                                                                <div class=\"wrap\">\n                                    <div class=\"text\">\n                                        <ul>\n<li>Vue globale et vue de la salle<\/li>\n<li>Observer l\u2019utilisation moyenne du processeur<\/li>\n<\/ul>\n                                    <\/div>\n                                                                    <\/div>\n                            <\/div>\n                        <\/div>\n                                                <div class=\"tab--content \"\n                             data-tab=\"2\">\n                            <div class=\"innertab__wrap\">\n                                                                    <div class=\"image__wrap js-triggers-lightbox\">\n                                        <div class=\"image-container\">\n                                            <div class=\"image-subcontainer\" data-featherlight=\"https:\/\/www.nlyte.com\/fr\/web\/wp-content\/uploads\/2019\/09\/n-Screen-Shot-Utilization-and-connection-reports.png\">\n                                                <img decoding=\"async\" class=\"image__item\"\n                                                     src=\"https:\/\/www.nlyte.com\/fr\/web\/wp-content\/uploads\/2019\/09\/n-Screen-Shot-Utilization-and-connection-reports-1024x579.png\"\n                                                >\n                                            <\/div>\n                                        <\/div>\n                                    <\/div>\n                                                                <div class=\"wrap\">\n                                    <div class=\"text\">\n                                        <ul>\n<li>Identifier les serveurs conformes et sous-utilis\u00e9s<\/li>\n<li>Notification de serveurs inaccessibles<\/li>\n<\/ul>\n                                    <\/div>\n                                                                    <\/div>\n                            <\/div>\n                        <\/div>\n                                                <div class=\"tab--content \"\n                             data-tab=\"3\">\n                            <div class=\"innertab__wrap\">\n                                                                    <div class=\"image__wrap js-triggers-lightbox\">\n                                        <div class=\"image-container\">\n                                            <div class=\"image-subcontainer\" data-featherlight=\"https:\/\/www.nlyte.com\/fr\/web\/wp-content\/uploads\/2019\/09\/n-Screen-Shot-Navigates-Directly-to-assets.png\">\n                                                <img decoding=\"async\" class=\"image__item\"\n                                                     src=\"https:\/\/www.nlyte.com\/fr\/web\/wp-content\/uploads\/2019\/09\/n-Screen-Shot-Navigates-Directly-to-assets-1024x579.png\"\n                                                >\n                                            <\/div>\n                                        <\/div>\n                                    <\/div>\n                                                                <div class=\"wrap\">\n                                    <div class=\"text\">\n                                        <ul>\n<li>G\u00e9n\u00e9rer un tableau de bord d\u2019utilisation du serveur DCOI<\/li>\n<li>D\u00e9terminer la densit\u00e9 du serveur en fonction de l\u2019utilisation du processeur pour les syst\u00e8mes sans syst\u00e8me d\u2019exploitation et les syst\u00e8mes virtuels<\/li>\n<\/ul>\n                                    <\/div>\n                                                                    <\/div>\n                            <\/div>\n                        <\/div>\n                                <\/div>\n    <\/div>\n<\/div><\/div><\/div><\/section><\/div><\/div>","protected":false},"excerpt":{"rendered":"<p>Dispositif de surveillance du syst\u00e8me \u00c9liminer votre peur des zombies et des fant\u00f4mes \u2013 Analyser, maximiser La Nlyte System Utilization Monitor (NSUM) \u00e9tend le suivi en temps r\u00e9el dans l\u2019ensemble du datacenter \u00e0 partir des&hellip;<\/p>\n","protected":false},"author":5,"featured_media":0,"parent":9942,"menu_order":0,"comment_status":"closed","ping_status":"closed","template":"","meta":{"footnotes":""},"acf":[],"yoast_head":"<!-- This site is optimized with the Yoast SEO Premium plugin v21.7 (Yoast SEO v21.8) - https:\/\/yoast.com\/wordpress\/plugins\/seo\/ -->\n<title>Dispositif de surveillance du syst\u00e8me | Nlyte<\/title>\n<meta name=\"description\" content=\"Nous aidons \u00e0 \u00e9tendre la surveillance en temps r\u00e9el aux gestionnaires de centres de donn\u00e9es du monde entier.\" \/>\n<meta name=\"robots\" content=\"index, follow, max-snippet:-1, max-image-preview:large, max-video-preview:-1\" \/>\n<link rel=\"canonical\" href=\"https:\/\/www.nlyte.com\/fr\/produits\/dispositif-de-surveillance-du-systeme\/\" \/>\n<meta property=\"og:locale\" content=\"en_US\" \/>\n<meta property=\"og:type\" content=\"article\" \/>\n<meta property=\"og:title\" content=\"Dispositif de surveillance du syst\u00e8me\" \/>\n<meta property=\"og:description\" content=\"Nous aidons \u00e0 \u00e9tendre la surveillance en temps r\u00e9el aux gestionnaires de centres de donn\u00e9es du monde entier.\" \/>\n<meta property=\"og:url\" content=\"https:\/\/www.nlyte.com\/fr\/produits\/dispositif-de-surveillance-du-systeme\/\" \/>\n<meta property=\"og:site_name\" content=\"Nlyte\" \/>\n<meta property=\"article:modified_time\" content=\"2020-10-08T21:55:56+00:00\" \/>\n<meta property=\"og:image\" content=\"https:\/\/www.nlyte.com\/fr\/web\/wp-content\/uploads\/2019\/07\/thinBanner_gray-1-100x7.jpg\" \/>\n<meta name=\"twitter:card\" content=\"summary_large_image\" \/>\n<meta name=\"twitter:label1\" content=\"Est. reading time\" \/>\n\t<meta name=\"twitter:data1\" content=\"1 minute\" \/>\n<script type=\"application\/ld+json\" class=\"yoast-schema-graph\">{\"@context\":\"https:\/\/schema.org\",\"@graph\":[{\"@type\":\"WebPage\",\"@id\":\"https:\/\/www.nlyte.com\/fr\/produits\/dispositif-de-surveillance-du-systeme\/\",\"url\":\"https:\/\/www.nlyte.com\/fr\/produits\/dispositif-de-surveillance-du-systeme\/\",\"name\":\"Dispositif de surveillance du syst\u00e8me | Nlyte\",\"isPartOf\":{\"@id\":\"https:\/\/www.nlyte.com\/fr\/#website\"},\"datePublished\":\"2019-09-03T14:50:29+00:00\",\"dateModified\":\"2020-10-08T21:55:56+00:00\",\"description\":\"Nous aidons \u00e0 \u00e9tendre la surveillance en temps r\u00e9el aux gestionnaires de centres de donn\u00e9es du monde entier.\",\"breadcrumb\":{\"@id\":\"https:\/\/www.nlyte.com\/fr\/produits\/dispositif-de-surveillance-du-systeme\/#breadcrumb\"},\"inLanguage\":\"en-US\",\"potentialAction\":[{\"@type\":\"ReadAction\",\"target\":[\"https:\/\/www.nlyte.com\/fr\/produits\/dispositif-de-surveillance-du-systeme\/\"]}]},{\"@type\":\"BreadcrumbList\",\"@id\":\"https:\/\/www.nlyte.com\/fr\/produits\/dispositif-de-surveillance-du-systeme\/#breadcrumb\",\"itemListElement\":[{\"@type\":\"ListItem\",\"position\":1,\"name\":\"Home\",\"item\":\"https:\/\/www.nlyte.com\/fr\/\"},{\"@type\":\"ListItem\",\"position\":2,\"name\":\"Produits\",\"item\":\"https:\/\/www.nlyte.com\/fr\/produits\/\"},{\"@type\":\"ListItem\",\"position\":3,\"name\":\"Dispositif de surveillance du syst\u00e8me\"}]},{\"@type\":\"WebSite\",\"@id\":\"https:\/\/www.nlyte.com\/fr\/#website\",\"url\":\"https:\/\/www.nlyte.com\/fr\/\",\"name\":\"Nlyte\",\"description\":\"Just another WordPress site\",\"publisher\":{\"@id\":\"https:\/\/www.nlyte.com\/fr\/#organization\"},\"potentialAction\":[{\"@type\":\"SearchAction\",\"target\":{\"@type\":\"EntryPoint\",\"urlTemplate\":\"https:\/\/www.nlyte.com\/fr\/?s={search_term_string}\"},\"query-input\":\"required name=search_term_string\"}],\"inLanguage\":\"en-US\"},{\"@type\":\"Organization\",\"@id\":\"https:\/\/www.nlyte.com\/fr\/#organization\",\"name\":\"Nlyte Software\",\"url\":\"https:\/\/www.nlyte.com\/fr\/\",\"logo\":{\"@type\":\"ImageObject\",\"inLanguage\":\"en-US\",\"@id\":\"https:\/\/www.nlyte.com\/fr\/#\/schema\/logo\/image\/\",\"url\":\"https:\/\/www.nlyte.com\/fr\/web\/wp-content\/uploads\/2019\/05\/Nlyte_favicon.png\",\"contentUrl\":\"https:\/\/www.nlyte.com\/fr\/web\/wp-content\/uploads\/2019\/05\/Nlyte_favicon.png\",\"width\":476,\"height\":475,\"caption\":\"Nlyte Software\"},\"image\":{\"@id\":\"https:\/\/www.nlyte.com\/fr\/#\/schema\/logo\/image\/\"}}]}<\/script>\n<!-- \/ Yoast SEO Premium plugin. -->","yoast_head_json":{"title":"Dispositif de surveillance du syst\u00e8me | Nlyte","description":"Nous aidons \u00e0 \u00e9tendre la surveillance en temps r\u00e9el aux gestionnaires de centres de donn\u00e9es du monde entier.","robots":{"index":"index","follow":"follow","max-snippet":"max-snippet:-1","max-image-preview":"max-image-preview:large","max-video-preview":"max-video-preview:-1"},"canonical":"https:\/\/www.nlyte.com\/fr\/produits\/dispositif-de-surveillance-du-systeme\/","og_locale":"en_US","og_type":"article","og_title":"Dispositif de surveillance du syst\u00e8me","og_description":"Nous aidons \u00e0 \u00e9tendre la surveillance en temps r\u00e9el aux gestionnaires de centres de donn\u00e9es du monde entier.","og_url":"https:\/\/www.nlyte.com\/fr\/produits\/dispositif-de-surveillance-du-systeme\/","og_site_name":"Nlyte","article_modified_time":"2020-10-08T21:55:56+00:00","og_image":[{"url":"https:\/\/www.nlyte.com\/fr\/web\/wp-content\/uploads\/2019\/07\/thinBanner_gray-1-100x7.jpg"}],"twitter_card":"summary_large_image","twitter_misc":{"Est. reading time":"1 minute"},"schema":{"@context":"https:\/\/schema.org","@graph":[{"@type":"WebPage","@id":"https:\/\/www.nlyte.com\/fr\/produits\/dispositif-de-surveillance-du-systeme\/","url":"https:\/\/www.nlyte.com\/fr\/produits\/dispositif-de-surveillance-du-systeme\/","name":"Dispositif de surveillance du syst\u00e8me | Nlyte","isPartOf":{"@id":"https:\/\/www.nlyte.com\/fr\/#website"},"datePublished":"2019-09-03T14:50:29+00:00","dateModified":"2020-10-08T21:55:56+00:00","description":"Nous aidons \u00e0 \u00e9tendre la surveillance en temps r\u00e9el aux gestionnaires de centres de donn\u00e9es du monde entier.","breadcrumb":{"@id":"https:\/\/www.nlyte.com\/fr\/produits\/dispositif-de-surveillance-du-systeme\/#breadcrumb"},"inLanguage":"en-US","potentialAction":[{"@type":"ReadAction","target":["https:\/\/www.nlyte.com\/fr\/produits\/dispositif-de-surveillance-du-systeme\/"]}]},{"@type":"BreadcrumbList","@id":"https:\/\/www.nlyte.com\/fr\/produits\/dispositif-de-surveillance-du-systeme\/#breadcrumb","itemListElement":[{"@type":"ListItem","position":1,"name":"Home","item":"https:\/\/www.nlyte.com\/fr\/"},{"@type":"ListItem","position":2,"name":"Produits","item":"https:\/\/www.nlyte.com\/fr\/produits\/"},{"@type":"ListItem","position":3,"name":"Dispositif de surveillance du syst\u00e8me"}]},{"@type":"WebSite","@id":"https:\/\/www.nlyte.com\/fr\/#website","url":"https:\/\/www.nlyte.com\/fr\/","name":"Nlyte","description":"Just another WordPress site","publisher":{"@id":"https:\/\/www.nlyte.com\/fr\/#organization"},"potentialAction":[{"@type":"SearchAction","target":{"@type":"EntryPoint","urlTemplate":"https:\/\/www.nlyte.com\/fr\/?s={search_term_string}"},"query-input":"required name=search_term_string"}],"inLanguage":"en-US"},{"@type":"Organization","@id":"https:\/\/www.nlyte.com\/fr\/#organization","name":"Nlyte Software","url":"https:\/\/www.nlyte.com\/fr\/","logo":{"@type":"ImageObject","inLanguage":"en-US","@id":"https:\/\/www.nlyte.com\/fr\/#\/schema\/logo\/image\/","url":"https:\/\/www.nlyte.com\/fr\/web\/wp-content\/uploads\/2019\/05\/Nlyte_favicon.png","contentUrl":"https:\/\/www.nlyte.com\/fr\/web\/wp-content\/uploads\/2019\/05\/Nlyte_favicon.png","width":476,"height":475,"caption":"Nlyte Software"},"image":{"@id":"https:\/\/www.nlyte.com\/fr\/#\/schema\/logo\/image\/"}}]}},"_links":{"self":[{"href":"https:\/\/www.nlyte.com\/fr\/wp-json\/wp\/v2\/pages\/10916"}],"collection":[{"href":"https:\/\/www.nlyte.com\/fr\/wp-json\/wp\/v2\/pages"}],"about":[{"href":"https:\/\/www.nlyte.com\/fr\/wp-json\/wp\/v2\/types\/page"}],"author":[{"embeddable":true,"href":"https:\/\/www.nlyte.com\/fr\/wp-json\/wp\/v2\/users\/5"}],"replies":[{"embeddable":true,"href":"https:\/\/www.nlyte.com\/fr\/wp-json\/wp\/v2\/comments?post=10916"}],"version-history":[{"count":24,"href":"https:\/\/www.nlyte.com\/fr\/wp-json\/wp\/v2\/pages\/10916\/revisions"}],"predecessor-version":[{"id":19425,"href":"https:\/\/www.nlyte.com\/fr\/wp-json\/wp\/v2\/pages\/10916\/revisions\/19425"}],"up":[{"embeddable":true,"href":"https:\/\/www.nlyte.com\/fr\/wp-json\/wp\/v2\/pages\/9942"}],"wp:attachment":[{"href":"https:\/\/www.nlyte.com\/fr\/wp-json\/wp\/v2\/media?parent=10916"}],"curies":[{"name":"wp","href":"https:\/\/api.w.org\/{rel}","templated":true}]}}