{"id":11336,"date":"2019-09-05T00:01:44","date_gmt":"2019-09-05T04:01:44","guid":{"rendered":"http:\/\/www.nlyte.com\/fr\/products\/connectors-copy\/"},"modified":"2020-03-06T13:52:13","modified_gmt":"2020-03-06T17:52:13","slug":"modules","status":"publish","type":"page","link":"https:\/\/www.nlyte.com\/fr\/produits\/modules\/","title":{"rendered":"Modules"},"content":{"rendered":"<div class=\"kmdg-builder-content\"><div class=\"builder-font-controller\"><section id=\"\" class=\"builder-section builder-section-type--section builder-custom-theme builder-theme--theme-1 builder-section-padding-top-med builder-section-padding-bottom-med builder-layout-padding-med builder-font-normal   builder-valign-top       \" style=''><div class='builder-bg-image-wrap' style='height:100%'><div class='builder-img-bg loaded' style='background-image: url(https:\/\/www.nlyte.com\/fr\/web\/wp-content\/uploads\/2019\/07\/thinBanner_gray-1.jpg);opacity:1;background-position-y:center;' ><img src='https:\/\/www.nlyte.com\/fr\/web\/wp-content\/uploads\/2019\/07\/thinBanner_gray-1.jpg' alt='' role='presentation'><\/div><\/div><div class=\"builder-layouts-container\"><div class=\"builder-layout builder-layout-one-column \"><div class=\"builder-container\">\n<div class=\"builder-table\">\n    \n<div class=\"builder-column builder-column-type--column \">\n    <div class=\"builder-column-body\">\n        <div class=\"builder-content\">\n            \n\n\n<div class=\"builder-component builder-component-wysiwyg builder-component-index-1   builder-mobile-animation\" style=\"padding: 0% 0%;background-color: ;\">\n    <h1 style=\"text-align: center;\">Modules<\/h1>\n<\/div>\n        <\/div>\n    <\/div>\n<\/div><\/div>\n\n<\/div><\/div><\/div><\/section><section id=\"\" class=\"builder-section builder-section-type--section builder-custom-theme builder-theme--theme-2 builder-section-padding-top-high builder-section-padding-bottom-high builder-layout-padding-med builder-font-normal   builder-valign-top       \" style='background-color: #106ea3;'><div class=\"builder-layouts-container\"><div class=\"builder-layout builder-layout-one-column \"><div class=\"builder-container\">\n<div class=\"builder-table\">\n    \n<div class=\"builder-column builder-column-type--column \">\n    <div class=\"builder-column-body\">\n        <div class=\"builder-content\">\n            \n\n\n<div class=\"builder-component builder-component-wysiwyg builder-component-index-1   builder-mobile-animation\" style=\"padding: 0% 0%;background-color: ;\">\n    <h2><img loading=\"lazy\" decoding=\"async\" class=\"size-full wp-image-10487 aligncenter\" src=\"https:\/\/www.nlyte.com\/fr\/web\/wp-content\/uploads\/2019\/08\/icon_modules@2x.png\" alt=\"\" width=\"123\" height=\"129\" srcset=\"https:\/\/www.nlyte.com\/fr\/web\/wp-content\/uploads\/2019\/08\/icon_modules@2x.png 123w, https:\/\/www.nlyte.com\/fr\/web\/wp-content\/uploads\/2019\/08\/icon_modules@2x-95x100.png 95w\" sizes=\"(max-width: 123px) 100vw, 123px\" \/><\/h2>\n<h2 style=\"text-align: center;\">Quai au d\u00e9classement - Centre de donn\u00e9es vers Bords<\/h2>\n<h3 style=\"text-align: center;\">Plus de statuts d'actifs inconnus ni d'emplacements.<\/h3>\n<\/div>\n\n\n\n<div class=\"builder-component builder-component-wysiwyg builder-component-index-2   builder-mobile-animation\" style=\"padding: 2% 5%;background-color: ;\">\n    <p class=\"p1\"><span class=\"s1\">Votre entreprise dispose d'infrastructures physiques, non seulement dans votre centre de donn\u00e9es, mais \u00e9galement dans votre entrep\u00f4t, dans l'espace de r\u00e9ception des marchandises, dans des emplacements distants et de bord, et partout ailleurs. C'est la raison pour laquelle vous avez besoin de\u00a0Gestion d'infrastructure du\u00a0centre de donn\u00e9es (DCIM) \u00ab dans la paume de votre main \u00bb avec Nlyte Audit ou Nlyte Receiving - pour capturer des informations pr\u00e9cises sur les actifs \u00e0 l\u2019emplacement o\u00f9 survient la modification. Et lorsque vous n'\u00eates pas en face d'un actif, Nlyte Connector (Connecteur Nlyte)\u00a0pour Emplacement des actifs\u00a0RF Code\u2122 permet de localiser les actifs en temps r\u00e9el, tandis que Nlyte Command Center (Centre de commande Nlyte) vous aide \u00e0 g\u00e9rer les sites sombres et distants.<\/span><\/p>\n<\/div>\n        <\/div>\n    <\/div>\n<\/div><\/div>\n\n<\/div><\/div><\/div><\/section><section id=\"\" class=\"builder-section builder-section-type--section builder-custom-theme builder-theme--theme-0 builder-section-padding-top-med builder-section-padding-bottom-med builder-layout-padding-med builder-font-normal   builder-valign-top       \" style='background-color: #ffffff;'><div class=\"builder-layouts-container\"><div class=\"builder-layout builder-layout-tile-cards \"><div class=\"builder-container\">    <div class=\"builder-layout-tile-cards__row\">\n                                <div class=\"tile-card tile-card__left\">\n                <div class=\"tile-card__wrap tile-card__wrap--normal builder-theme-override builder-theme--theme-0\"\n                     style=\" \">\n                                        <div class=\"tile-card__tile\">\n\n                                                    <div class=\"tile-card__top \">\n                                                                                                            <div class=\"tile-card__img\">\n                                            <img decoding=\"async\" class=\"\"\n                                                 src=\"https:\/\/www.nlyte.com\/fr\/web\/wp-content\/uploads\/2019\/10\/icon_Audit.png\" alt=\"Icon\">\n                                        <\/div>\n                                    \n\n                                                                            <div class=\"tile-card__title tile-card__title--center\">\n                                            <h3>AUDIT<\/h3>\n                                        <\/div>\n                                                                                                <\/div>\n                        \n\n                        <div class=\"tile-card__bottom\">\n                                                            <div class=\"tile-card__content\">\n                                    <ul>\n<li class=\"p1\">\n<h6><span class=\"s1\">Con\u00e7ue \u00e0 partir des connaissances tir\u00e9es de milliers d\u2019heures d'exp\u00e9rience en\u00a0audit<\/span><\/h6>\n<\/li>\n<li class=\"p1\">\n<h6><span class=\"s1\">Offre une exp\u00e9rience conviviale pour l\u2019audit portable des armoires, pour les p\u00e9riph\u00e9riques informatiques, le r\u00e9seau et les connexions \u00e9lectriques<\/span><\/h6>\n<\/li>\n<li class=\"p1\">\n<h6><span class=\"s1\">R\u00e9duit le temps n\u00e9cessaire pour effectuer des audits manuels obligatoires, ainsi que pour installer des \u00e9quipements<\/span><\/h6>\n<\/li>\n<li class=\"p1\">\n<h6><span class=\"s1\">Capture les modifications en am\u00e9liorant la pr\u00e9cision et la fiabilit\u00e9 des donn\u00e9es au moment et \u00e0 l'emplacement\u00a0de l'audit\/de la modification.<\/span><\/h6>\n<\/li>\n<li class=\"p1\">\n<h6><span class=\"s1\">Utilise une combinaison d'un lecteur de codes-barres portatif avec une tablette<\/span><\/h6>\n<\/li>\n<li class=\"p1\">\n<h6><span class=\"s1\">Permet \u00e0 l'utilisateur de num\u00e9riser un num\u00e9ro d'inventaire, de confirmer ses informations ou de les ajouter \u00e0 la base de donn\u00e9es de contenus Nlyte par synchronisation\u00a0en temps r\u00e9el ou hors ligne.<\/span><\/h6>\n<\/li>\n<\/ul>\n                                <\/div>\n                                                                                <\/div>\n                    <\/div>\n                <\/div>\n            <\/div>\n                                <div class=\"tile-card tile-card__left\">\n                <div class=\"tile-card__wrap tile-card__wrap--normal builder-theme-override builder-theme--theme-0\"\n                     style=\" \">\n                                        <div class=\"tile-card__tile\">\n\n                                                    <div class=\"tile-card__top \">\n                                                                                                            <div class=\"tile-card__img\">\n                                            <img decoding=\"async\" class=\"\"\n                                                 src=\"https:\/\/www.nlyte.com\/fr\/web\/wp-content\/uploads\/2019\/10\/icon_Receiving.png\" alt=\"Icon\">\n                                        <\/div>\n                                    \n\n                                                                            <div class=\"tile-card__title tile-card__title--center\">\n                                            <h3>R\u00c9CEPTION<\/h3>\n                                        <\/div>\n                                                                                                <\/div>\n                        \n\n                        <div class=\"tile-card__bottom\">\n                                                            <div class=\"tile-card__content\">\n                                    <h6 class=\"p1\"><span class=\"s1\">Fonctionne de mani\u00e8re harmonieuse avec les modules Nlyte Asset Optimizer et Nlyte Physical Inventory, pour la gestion de la r\u00e9ception des marchandises sur le quai de chargement<\/span><\/h6>\n<h6 class=\"p1\"><strong><span class=\"s1\">Les caract\u00e9ristiques incluent\u00a0:<\/span><\/strong><\/h6>\n<ul>\n<li class=\"p1\">\n<h6><span class=\"s1\">Interface mobile<\/span><\/h6>\n<\/li>\n<li class=\"p1\">\n<h6><span class=\"s1\">Soutien de la num\u00e9risation\u00a0de codes \u00e0 barres ind\u00e9pendante du fournisseur<\/span><\/h6>\n<\/li>\n<li class=\"p1\">\n<h6><span class=\"s1\">Possibilit\u00e9 de num\u00e9riser, de rechercher et d'accepter la livraison de centaines d'actifs \u00e0 la fois<\/span><\/h6>\n<\/li>\n<li class=\"p1\">\n<h6><span class=\"s1\">Cr\u00e9ation et regroupement\u00a0rapides d'actifs<\/span><\/h6>\n<\/li>\n<\/ul>\n                                <\/div>\n                                                                                <\/div>\n                    <\/div>\n                <\/div>\n            <\/div>\n            <\/div>\n<\/div><\/div><div class=\"builder-layout builder-layout-tile-cards \"><div class=\"builder-container\">    <div class=\"builder-layout-tile-cards__row\">\n                                <div class=\"tile-card tile-card__left\">\n                <div class=\"tile-card__wrap tile-card__wrap--normal builder-theme-override builder-theme--theme-0\"\n                     style=\" \">\n                                        <div class=\"tile-card__tile\">\n\n                                                    <div class=\"tile-card__top \">\n                                                                                                            <div class=\"tile-card__img\">\n                                            <img decoding=\"async\" class=\"\"\n                                                 src=\"https:\/\/www.nlyte.com\/fr\/web\/wp-content\/uploads\/2019\/10\/icon_RFCodeAssetMgmnt.png\" alt=\"Icon\">\n                                        <\/div>\n                                    \n\n                                                                            <div class=\"tile-card__title tile-card__title--center\">\n                                            <h3>GESTION DES ACTIFS RF CODE<\/h3>\n                                        <\/div>\n                                                                                                <\/div>\n                        \n\n                        <div class=\"tile-card__bottom\">\n                                                            <div class=\"tile-card__content\">\n                                    <ul>\n<li>\n<h6><span class=\"s1\">Permet le flux d'informations sur les\u00a0actifs entre RF Code Asset Manager et la solution Nlyte DCIM.<\/span><\/h6>\n<\/li>\n<\/ul>\n<h6 class=\"p1\"><strong><span class=\"s1\">Permet \u00e0 Nlyte Asset Manager de g\u00e9rer la d\u00e9finition des actifs pr\u00e9sents au\u00a0niveau du centre de donn\u00e9es, notamment<\/span><\/strong><\/h6>\n<ul>\n<li class=\"p1\">\n<h6><span class=\"s1\">D\u00e9finitions des emplacements<\/span><\/h6>\n<\/li>\n<li class=\"p1\">\n<h6><span class=\"s1\">D\u00e9finitions des\u00a0armoires<\/span><\/h6>\n<\/li>\n<li class=\"p1\">\n<h6><span class=\"s1\">Synchronisation de ces informations avec le syst\u00e8me de code RF<\/span><\/h6>\n<\/li>\n<li class=\"p1\">\n<h6><span class=\"s1\">\u00c0 son tour, le RF Code Asset Manager notifie le syst\u00e8me Nlyte \u00e0 chaque modification d'emplacement de p\u00e9riph\u00e9riques physiques<\/span><\/h6>\n<\/li>\n<li class=\"p1\">\n<h6><span class=\"s1\">Garantit que les mouvements de p\u00e9riph\u00e9riques\u00a0sont refl\u00e9t\u00e9s avec pr\u00e9cision et rapidit\u00e9 dans le syst\u00e8me Nlyte DCIM<\/span><\/h6>\n<\/li>\n<\/ul>\n                                <\/div>\n                                                                                <\/div>\n                    <\/div>\n                <\/div>\n            <\/div>\n                                <div class=\"tile-card tile-card__left\">\n                <div class=\"tile-card__wrap tile-card__wrap--normal builder-theme-override builder-theme--theme-0\"\n                     style=\" \">\n                                        <div class=\"tile-card__tile\">\n\n                                                    <div class=\"tile-card__top \">\n                                                                                                            <div class=\"tile-card__img\">\n                                            <img decoding=\"async\" class=\"\"\n                                                 src=\"https:\/\/www.nlyte.com\/fr\/web\/wp-content\/uploads\/2019\/10\/icon_CommandCenter.png\" alt=\"Icon\">\n                                        <\/div>\n                                    \n\n                                                                            <div class=\"tile-card__title tile-card__title--center\">\n                                            <h3>CENTRE DE COMMANDE<\/h3>\n                                        <\/div>\n                                                                                                <\/div>\n                        \n\n                        <div class=\"tile-card__bottom\">\n                                                            <div class=\"tile-card__content\">\n                                    <ul>\n<li class=\"p1\">\n<h6><span class=\"s1\">Permet aux op\u00e9rateurs de contr\u00f4ler, localement ou \u00e0 distance, les p\u00e9riph\u00e9riques informatiques et des\u00a0installations sur\u00a0un site sombre<\/span><\/h6>\n<\/li>\n<li class=\"p1\">\n<h6><span class=\"s1\">Visualise, g\u00e8re et g\u00e9n\u00e8re des rapports sur l'infrastructure du centre de donn\u00e9es dans et hors de l'entreprise \u00e9tendue<\/span><\/h6>\n<\/li>\n<\/ul>\n<h6 class=\"p1\"><strong><span class=\"s1\">Les avantages comprennent\u00a0:<\/span><\/strong><\/h6>\n<ul>\n<li class=\"p1\">\n<h6><span class=\"s1\">\u00c9conomies de co\u00fbts li\u00e9es \u00e0 une pr\u00e9sence humaine sur place et \u00e0 une efficacit\u00e9 op\u00e9rationnelle accrue<\/span><\/h6>\n<\/li>\n<li class=\"p1\">\n<h6><span class=\"s1\">Productivit\u00e9 accrue en convergeant la surveillance et le contr\u00f4le dans une vue unique<\/span><\/h6>\n<\/li>\n<li class=\"p1\">\n<h6><span class=\"s1\">Ex\u00e9cution acc\u00e9l\u00e9r\u00e9e des d\u00e9cisions commerciales\u00a0sans avoir besoin d'acc\u00e9der au\u00a0BMS<\/span><\/h6>\n<\/li>\n<li class=\"p1\">\n<h6><span class=\"s1\">Am\u00e9lioration de la r\u00e9silience du site<\/span><\/h6>\n<\/li>\n<\/ul>\n                                <\/div>\n                                                                                <\/div>\n                    <\/div>\n                <\/div>\n            <\/div>\n            <\/div>\n<\/div><\/div><\/div><\/section><\/div><\/div>","protected":false},"excerpt":{"rendered":"<p>Modules Quai au d\u00e9classement - Centre de donn\u00e9es vers Bords Plus de statuts d'actifs inconnus ni d'emplacements. Votre entreprise dispose d'infrastructures physiques, non seulement dans votre centre de donn\u00e9es, mais \u00e9galement dans votre entrep\u00f4t, dans&hellip;<\/p>\n","protected":false},"author":5,"featured_media":0,"parent":9942,"menu_order":0,"comment_status":"closed","ping_status":"closed","template":"","meta":{"footnotes":""},"acf":[],"yoast_head":"<!-- This site is optimized with the Yoast SEO Premium plugin v21.7 (Yoast SEO v21.8) - https:\/\/yoast.com\/wordpress\/plugins\/seo\/ -->\n<title>Modules | Nlyte<\/title>\n<meta name=\"description\" content=\"Nlyte provides for our customers, allowing them to maintain all assets for the entirety of their data center lifecycle management.\" \/>\n<meta name=\"robots\" content=\"index, follow, max-snippet:-1, max-image-preview:large, max-video-preview:-1\" \/>\n<link rel=\"canonical\" href=\"https:\/\/www.nlyte.com\/fr\/produits\/modules\/\" \/>\n<meta property=\"og:locale\" content=\"en_US\" \/>\n<meta property=\"og:type\" content=\"article\" \/>\n<meta property=\"og:title\" content=\"Modules\" \/>\n<meta property=\"og:description\" content=\"Nlyte provides for our customers, allowing them to maintain all assets for the entirety of their data center lifecycle management.\" \/>\n<meta property=\"og:url\" content=\"https:\/\/www.nlyte.com\/fr\/produits\/modules\/\" \/>\n<meta property=\"og:site_name\" content=\"Nlyte\" \/>\n<meta property=\"article:modified_time\" content=\"2020-03-06T17:52:13+00:00\" \/>\n<meta property=\"og:image\" content=\"https:\/\/www.nlyte.com\/fr\/web\/wp-content\/uploads\/2019\/07\/thinBanner_gray-1-100x7.jpg\" \/>\n<meta name=\"twitter:card\" content=\"summary_large_image\" \/>\n<meta name=\"twitter:label1\" content=\"Est. reading time\" \/>\n\t<meta name=\"twitter:data1\" content=\"2 minutes\" \/>\n<script type=\"application\/ld+json\" class=\"yoast-schema-graph\">{\"@context\":\"https:\/\/schema.org\",\"@graph\":[{\"@type\":\"WebPage\",\"@id\":\"https:\/\/www.nlyte.com\/fr\/produits\/modules\/\",\"url\":\"https:\/\/www.nlyte.com\/fr\/produits\/modules\/\",\"name\":\"Modules | Nlyte\",\"isPartOf\":{\"@id\":\"https:\/\/www.nlyte.com\/fr\/#website\"},\"datePublished\":\"2019-09-05T04:01:44+00:00\",\"dateModified\":\"2020-03-06T17:52:13+00:00\",\"description\":\"Nlyte provides for our customers, allowing them to maintain all assets for the entirety of their data center lifecycle management.\",\"breadcrumb\":{\"@id\":\"https:\/\/www.nlyte.com\/fr\/produits\/modules\/#breadcrumb\"},\"inLanguage\":\"en-US\",\"potentialAction\":[{\"@type\":\"ReadAction\",\"target\":[\"https:\/\/www.nlyte.com\/fr\/produits\/modules\/\"]}]},{\"@type\":\"BreadcrumbList\",\"@id\":\"https:\/\/www.nlyte.com\/fr\/produits\/modules\/#breadcrumb\",\"itemListElement\":[{\"@type\":\"ListItem\",\"position\":1,\"name\":\"Home\",\"item\":\"https:\/\/www.nlyte.com\/fr\/\"},{\"@type\":\"ListItem\",\"position\":2,\"name\":\"Produits\",\"item\":\"https:\/\/www.nlyte.com\/fr\/produits\/\"},{\"@type\":\"ListItem\",\"position\":3,\"name\":\"Modules\"}]},{\"@type\":\"WebSite\",\"@id\":\"https:\/\/www.nlyte.com\/fr\/#website\",\"url\":\"https:\/\/www.nlyte.com\/fr\/\",\"name\":\"Nlyte\",\"description\":\"Just another WordPress site\",\"publisher\":{\"@id\":\"https:\/\/www.nlyte.com\/fr\/#organization\"},\"potentialAction\":[{\"@type\":\"SearchAction\",\"target\":{\"@type\":\"EntryPoint\",\"urlTemplate\":\"https:\/\/www.nlyte.com\/fr\/?s={search_term_string}\"},\"query-input\":\"required name=search_term_string\"}],\"inLanguage\":\"en-US\"},{\"@type\":\"Organization\",\"@id\":\"https:\/\/www.nlyte.com\/fr\/#organization\",\"name\":\"Nlyte Software\",\"url\":\"https:\/\/www.nlyte.com\/fr\/\",\"logo\":{\"@type\":\"ImageObject\",\"inLanguage\":\"en-US\",\"@id\":\"https:\/\/www.nlyte.com\/fr\/#\/schema\/logo\/image\/\",\"url\":\"https:\/\/www.nlyte.com\/fr\/web\/wp-content\/uploads\/2019\/05\/Nlyte_favicon.png\",\"contentUrl\":\"https:\/\/www.nlyte.com\/fr\/web\/wp-content\/uploads\/2019\/05\/Nlyte_favicon.png\",\"width\":476,\"height\":475,\"caption\":\"Nlyte Software\"},\"image\":{\"@id\":\"https:\/\/www.nlyte.com\/fr\/#\/schema\/logo\/image\/\"}}]}<\/script>\n<!-- \/ Yoast SEO Premium plugin. -->","yoast_head_json":{"title":"Modules | Nlyte","description":"Nlyte provides for our customers, allowing them to maintain all assets for the entirety of their data center lifecycle management.","robots":{"index":"index","follow":"follow","max-snippet":"max-snippet:-1","max-image-preview":"max-image-preview:large","max-video-preview":"max-video-preview:-1"},"canonical":"https:\/\/www.nlyte.com\/fr\/produits\/modules\/","og_locale":"en_US","og_type":"article","og_title":"Modules","og_description":"Nlyte provides for our customers, allowing them to maintain all assets for the entirety of their data center lifecycle management.","og_url":"https:\/\/www.nlyte.com\/fr\/produits\/modules\/","og_site_name":"Nlyte","article_modified_time":"2020-03-06T17:52:13+00:00","og_image":[{"url":"https:\/\/www.nlyte.com\/fr\/web\/wp-content\/uploads\/2019\/07\/thinBanner_gray-1-100x7.jpg"}],"twitter_card":"summary_large_image","twitter_misc":{"Est. reading time":"2 minutes"},"schema":{"@context":"https:\/\/schema.org","@graph":[{"@type":"WebPage","@id":"https:\/\/www.nlyte.com\/fr\/produits\/modules\/","url":"https:\/\/www.nlyte.com\/fr\/produits\/modules\/","name":"Modules | Nlyte","isPartOf":{"@id":"https:\/\/www.nlyte.com\/fr\/#website"},"datePublished":"2019-09-05T04:01:44+00:00","dateModified":"2020-03-06T17:52:13+00:00","description":"Nlyte provides for our customers, allowing them to maintain all assets for the entirety of their data center lifecycle management.","breadcrumb":{"@id":"https:\/\/www.nlyte.com\/fr\/produits\/modules\/#breadcrumb"},"inLanguage":"en-US","potentialAction":[{"@type":"ReadAction","target":["https:\/\/www.nlyte.com\/fr\/produits\/modules\/"]}]},{"@type":"BreadcrumbList","@id":"https:\/\/www.nlyte.com\/fr\/produits\/modules\/#breadcrumb","itemListElement":[{"@type":"ListItem","position":1,"name":"Home","item":"https:\/\/www.nlyte.com\/fr\/"},{"@type":"ListItem","position":2,"name":"Produits","item":"https:\/\/www.nlyte.com\/fr\/produits\/"},{"@type":"ListItem","position":3,"name":"Modules"}]},{"@type":"WebSite","@id":"https:\/\/www.nlyte.com\/fr\/#website","url":"https:\/\/www.nlyte.com\/fr\/","name":"Nlyte","description":"Just another WordPress site","publisher":{"@id":"https:\/\/www.nlyte.com\/fr\/#organization"},"potentialAction":[{"@type":"SearchAction","target":{"@type":"EntryPoint","urlTemplate":"https:\/\/www.nlyte.com\/fr\/?s={search_term_string}"},"query-input":"required name=search_term_string"}],"inLanguage":"en-US"},{"@type":"Organization","@id":"https:\/\/www.nlyte.com\/fr\/#organization","name":"Nlyte Software","url":"https:\/\/www.nlyte.com\/fr\/","logo":{"@type":"ImageObject","inLanguage":"en-US","@id":"https:\/\/www.nlyte.com\/fr\/#\/schema\/logo\/image\/","url":"https:\/\/www.nlyte.com\/fr\/web\/wp-content\/uploads\/2019\/05\/Nlyte_favicon.png","contentUrl":"https:\/\/www.nlyte.com\/fr\/web\/wp-content\/uploads\/2019\/05\/Nlyte_favicon.png","width":476,"height":475,"caption":"Nlyte Software"},"image":{"@id":"https:\/\/www.nlyte.com\/fr\/#\/schema\/logo\/image\/"}}]}},"_links":{"self":[{"href":"https:\/\/www.nlyte.com\/fr\/wp-json\/wp\/v2\/pages\/11336"}],"collection":[{"href":"https:\/\/www.nlyte.com\/fr\/wp-json\/wp\/v2\/pages"}],"about":[{"href":"https:\/\/www.nlyte.com\/fr\/wp-json\/wp\/v2\/types\/page"}],"author":[{"embeddable":true,"href":"https:\/\/www.nlyte.com\/fr\/wp-json\/wp\/v2\/users\/5"}],"replies":[{"embeddable":true,"href":"https:\/\/www.nlyte.com\/fr\/wp-json\/wp\/v2\/comments?post=11336"}],"version-history":[{"count":38,"href":"https:\/\/www.nlyte.com\/fr\/wp-json\/wp\/v2\/pages\/11336\/revisions"}],"predecessor-version":[{"id":19167,"href":"https:\/\/www.nlyte.com\/fr\/wp-json\/wp\/v2\/pages\/11336\/revisions\/19167"}],"up":[{"embeddable":true,"href":"https:\/\/www.nlyte.com\/fr\/wp-json\/wp\/v2\/pages\/9942"}],"wp:attachment":[{"href":"https:\/\/www.nlyte.com\/fr\/wp-json\/wp\/v2\/media?parent=11336"}],"curies":[{"name":"wp","href":"https:\/\/api.w.org\/{rel}","templated":true}]}}