{"id":12556,"date":"2019-09-10T14:58:25","date_gmt":"2019-09-10T18:58:25","guid":{"rendered":"http:\/\/www.nlyte.com\/fr\/industries\/case-study-pnc-bank-copy\/"},"modified":"2020-08-24T06:51:31","modified_gmt":"2020-08-24T10:51:31","slug":"etude-de-cas-cisco","status":"publish","type":"page","link":"https:\/\/www.nlyte.com\/fr\/industries\/etude-de-cas-cisco\/","title":{"rendered":"\u00c9tude de cas Haute technologie"},"content":{"rendered":"<div class=\"kmdg-builder-content\"><div class=\"builder-font-controller\"><section id=\"\" class=\"builder-section builder-section-type--section builder-custom-theme builder-theme--theme-1 builder-section-padding-top-med builder-section-padding-bottom-med builder-layout-padding-med builder-font-normal   builder-valign-top       \" style=''><div class='builder-bg-image-wrap' style='height:100%'><div class='builder-img-bg loaded' style='background-image: url(https:\/\/www.nlyte.com\/fr\/web\/wp-content\/uploads\/2019\/07\/thinBanner_gray-1.jpg);opacity:1;background-position-y:center;' ><img src='https:\/\/www.nlyte.com\/fr\/web\/wp-content\/uploads\/2019\/07\/thinBanner_gray-1.jpg' alt='' role='presentation'><\/div><\/div><div class=\"builder-layouts-container\"><div class=\"builder-layout builder-layout-one-column \"><div class=\"builder-container\">\n<div class=\"builder-table\">\n    \n<div class=\"builder-column builder-column-type--column \">\n    <div class=\"builder-column-body\">\n        <div class=\"builder-content\">\n            \n\n\n<div class=\"builder-component builder-component-wysiwyg builder-component-index-1   builder-mobile-animation\" style=\"padding: 0% 0%;background-color: ;\">\n    <h1 style=\"text-align: center;\">\u00c9tude de cas Haute technologie<\/h1>\n<\/div>\n        <\/div>\n    <\/div>\n<\/div><\/div>\n\n<\/div><\/div><\/div><\/section><section id=\"\" class=\"builder-section builder-section-type--section builder-custom-theme builder-theme--theme-0 builder-section-padding-top-high builder-section-padding-bottom-huge builder-layout-padding-med builder-font-normal   builder-valign-top       \" style=''><div class=\"builder-layouts-container\"><div class=\"builder-layout builder-layout-three-col-lg-mid \"><div class=\"builder-container\">\n<div class=\"builder-table\">\n    \n<div class=\"builder-column builder-column-type--column \">\n    <div class=\"builder-column-body\">\n        <div class=\"builder-content\">\n            \n<div class=\"builder-component builder-component-solution-block builder-component-index-1   builder-mobile-animation\">\n    <div class=\"solution-block\">\n                    <h2 class=\"solution-block__title\">High Tech<\/h2>\n                <div class=\"solution-block__content\">\n                                                <div class=\"solution-item solution-item__content\">\n                        <div class=\"solution-item__wrapper\">\n                            <div class=\"solution-item__img\">\n\n                                \n                                    <img decoding=\"async\" class=\"solution-item__img--image\" src=\"https:\/\/www.nlyte.com\/fr\/web\/wp-content\/uploads\/2019\/07\/Icon09.png\" alt=\"icon\">\n\n                                \n                            <\/div>\n\n                            <div class=\"solution-item__desc\">\n                                <p class=\"solution-item__type\">QUARTIER G\u00c9N\u00c9RAL:<\/p>\n                                                                    <h4 class=\"solution-item__url\">\n                                        San Jose, CA, USA                                    <\/h4>\n                                                            <\/div>\n                        <\/div>\n                    <\/div>\n                                    <div class=\"solution-item solution-item__content\">\n                        <div class=\"solution-item__wrapper\">\n                            <div class=\"solution-item__img\">\n\n                                \n                                    <img decoding=\"async\" class=\"solution-item__img--image\" src=\"https:\/\/www.nlyte.com\/fr\/web\/wp-content\/uploads\/2019\/07\/Icon06.png\" alt=\"icon\">\n\n                                \n                            <\/div>\n\n                            <div class=\"solution-item__desc\">\n                                <p class=\"solution-item__type\">INDUSTRIE:<\/p>\n                                                                    <h4 class=\"solution-item__url\">\n                                        \u00c9quipement de r\u00e9seautage                                    <\/h4>\n                                                            <\/div>\n                        <\/div>\n                    <\/div>\n                                    <div class=\"solution-item solution-item__content\">\n                        <div class=\"solution-item__wrapper\">\n                            <div class=\"solution-item__img\">\n\n                                \n                                    <img decoding=\"async\" class=\"solution-item__img--image\" src=\"https:\/\/www.nlyte.com\/fr\/web\/wp-content\/uploads\/2019\/07\/Icon10.png\" alt=\"icon\">\n\n                                \n                            <\/div>\n\n                            <div class=\"solution-item__desc\">\n                                <p class=\"solution-item__type\">PRODUITS ET SERVICES:<\/p>\n                                                                    <h4 class=\"solution-item__url\">\n                                        Dispositif de mise en r\u00e9seau, Gestion de r\u00e9seau, T\u00e9l\u00e9conf\u00e9rence                                    <\/h4>\n                                                            <\/div>\n                        <\/div>\n                    <\/div>\n                                    <div class=\"solution-item solution-item__content\">\n                        <div class=\"solution-item__wrapper\">\n                            <div class=\"solution-item__img\">\n\n                                \n                                    <img decoding=\"async\" class=\"solution-item__img--image\" src=\"https:\/\/www.nlyte.com\/fr\/web\/wp-content\/uploads\/2019\/07\/Icon04.png\" alt=\"icon\">\n\n                                \n                            <\/div>\n\n                            <div class=\"solution-item__desc\">\n                                <p class=\"solution-item__type\">REVENU:<\/p>\n                                                                    <h4 class=\"solution-item__url\">\n                                        48 billion                                    <\/h4>\n                                                            <\/div>\n                        <\/div>\n                    <\/div>\n                                    <div class=\"solution-item solution-item__content\">\n                        <div class=\"solution-item__wrapper\">\n                            <div class=\"solution-item__img\">\n\n                                \n                                    <img decoding=\"async\" class=\"solution-item__img--image\" src=\"https:\/\/www.nlyte.com\/fr\/web\/wp-content\/uploads\/2019\/07\/Icon07.png\" alt=\"icon\">\n\n                                \n                            <\/div>\n\n                            <div class=\"solution-item__desc\">\n                                <p class=\"solution-item__type\">DES EMPLOY\u00c9S:<\/p>\n                                                                    <h4 class=\"solution-item__url\">\n                                        72,000+                                    <\/h4>\n                                                            <\/div>\n                        <\/div>\n                    <\/div>\n                                    <div class=\"solution-item solution-item__content\">\n                        <div class=\"solution-item__wrapper\">\n                            <div class=\"solution-item__img\">\n\n                                \n                                    <img decoding=\"async\" class=\"solution-item__img--image\" src=\"https:\/\/www.nlyte.com\/fr\/web\/wp-content\/uploads\/2019\/07\/Icon05.png\" alt=\"icon\">\n\n                                \n                            <\/div>\n\n                            <div class=\"solution-item__desc\">\n                                <p class=\"solution-item__type\">T\u00c9L\u00c9CHARGER:<\/p>\n                                                                    <h4 class=\"solution-item__url\">\n                                        <a href=\"https:\/\/www.nlyte.com\/fr\/resource\/cisco-etude-de-cas\/\">\n                                            Lire l'\u00e9tude de cas compl\u00e8te                                        <\/a>\n                                    <\/h4>\n                                                            <\/div>\n                        <\/div>\n                    <\/div>\n                                    <\/div>\n    <\/div>\n<\/div>\n\n<div class=\"builder-component builder-component-horizontal-buttons builder-component-index-2   builder-mobile-animation\">\n            <div class=\"buttons-row align-center\">\n                            <div class=\"single-button style-red\">\n                                        <a href=\"https:\/\/www.nlyte.com\/fr\/nlyte-en-action\/essai-gratuit\/\"\n                       rel=\"\"\n                       target=\"_self\"\n                       style=\"width: px\">\n\n\n                                                    DEMANDER UN ESSAI GRATUIT                                            <\/a>\n\n                <\/div>\n                    <\/div>\n    <\/div>\n        <\/div>\n    <\/div>\n<\/div>    \n<div class=\"builder-column builder-column-type--column \">\n    <div class=\"builder-column-body\">\n        <div class=\"builder-content\">\n            \n\n\n<div class=\"builder-component builder-component-wysiwyg builder-component-index-1   builder-mobile-animation\" style=\"padding: 0% 0%;background-color: ;\">\n    <h2>Cisco<\/h2>\n<p>En tant que plus grande soci\u00e9t\u00e9 de mise en r\u00e9seau au monde, les centres de donn\u00e9es hautement distribu\u00e9s de Cisco prennent en charge des bureaux et des op\u00e9rations dans plus de 90 pays. Elle avait besoin d'une vue centralis\u00e9e des actifs, de la gestion de l'alimentation et du flux de travail. Nlyte a livr\u00e9 une gestion du cycle de vie des actifs, des informations d'alimentation en temps r\u00e9el et la gestion pr\u00e9f\u00e9r\u00e9e du flux de travail du client.<br \/>\n<strong><br \/>\n\u201cNous avons utilis\u00e9 Nlyte ... nous avons en fait report\u00e9 la construction d'un centre de donn\u00e9es de 20 millions de dollars... et avons \u00e9galement \u00e9conomis\u00e9 environ 7\u2009% de nos co\u00fbts d'exploitation.\u201d<\/strong><\/p>\n<\/div>\n\n<div  class=\"builder-component builder-component-spacer builder-component-index-2   builder-mobile-animation\" style=\"padding: 5% 0 0 0;\"><\/div>\n\n\n<div class=\"builder-component builder-component-video-update builder-component-index-3   builder-mobile-animation\">\n    <a class=\"lightbox-trigger\" href=\"https:\/\/www.youtube.com\/embed\/_Da53hzJWnU?rel=0&autoplay=1\" data-featherlight=\"iframe\"\n       data-featherlight-iframe-allowfullscreen=\"true\" data-featherlight-iframe-frameborder=\"0\" data-featherlight-iframe-allow=\"accelerometer; autoplay; encrypted-media; gyroscope; picture-in-picture\">\n        <div class=\"thumbnail\" style=\"background-image:url('https:\/\/i.ytimg.com\/vi\/_Da53hzJWnU\/hqdefault.jpg');\">\n            <div class=\"playbtn\">\n                <i class=\"fab fa-youtube\"><\/i>\n            <\/div>\n        <\/div>\n    <\/a>\n<\/div>\n        <\/div>\n    <\/div>\n<\/div>    \n<div class=\"builder-column builder-column-type--column \">\n    <div class=\"builder-column-body\">\n        <div class=\"builder-content\">\n            \n<div  class=\"builder-component builder-component-spacer builder-component-index-1   builder-mobile-animation\" style=\"padding: 5% 0 0 0;\"><\/div>\n\n<div         class=\" builder-component builder-component-image builder-component-index-2   builder-mobile-animation builder-component-image-size-normal  align-\">\n            <div class=\"image-container builder-lazy-img\" style=\"background-image:url(https:\/\/www.nlyte.com\/fr\/web\/wp-content\/uploads\/2019\/09\/Cisco-Thumbnail-79x100.png);\" data-srcs=\"{&quot;full&quot;:{&quot;src&quot;:&quot;https:\\\/\\\/www.nlyte.com\\\/fr\\\/web\\\/wp-content\\\/uploads\\\/2019\\\/09\\\/Cisco-Thumbnail.png&quot;,&quot;width&quot;:&quot;-1&quot;},&quot;medium&quot;:{&quot;src&quot;:&quot;https:\\\/\\\/www.nlyte.com\\\/fr\\\/web\\\/wp-content\\\/uploads\\\/2019\\\/09\\\/Cisco-Thumbnail-237x300.png&quot;,&quot;width&quot;:237}}\">\n            <div class=\"image-subcontainer \" style=\"max-height: inherit;\" >\n                <img  alt='Cisco Thumbnail' src='https:\/\/www.nlyte.com\/fr\/web\/wp-content\/uploads\/2019\/09\/Cisco-Thumbnail-79x100.png' width='349' height='441' \/>            <\/div>\n        <\/div>\n    <\/div>\n\n\n<div class=\"builder-component builder-component-horizontal-buttons builder-component-index-3   builder-mobile-animation\">\n            <div class=\"buttons-row align-center\">\n                            <div class=\"single-button style-gray\">\n                                        <a href=\"https:\/\/www.nlyte.com\/fr\/resource\/cisco-etude-de-cas\/\"\n                       rel=\"\"\n                       target=\"_self\"\n                       style=\"width: px\">\n\n\n                                                    Voir l'\u00e9tude de cas                                            <\/a>\n\n                <\/div>\n                    <\/div>\n    <\/div>\n        <\/div>\n    <\/div>\n<\/div><\/div>\n<\/div><\/div><\/div><\/section><\/div><\/div>","protected":false},"excerpt":{"rendered":"<p>\u00c9tude de cas Haute technologie High Tech QUARTIER G\u00c9N\u00c9RAL: San Jose, CA, USA INDUSTRIE: \u00c9quipement de r\u00e9seautage PRODUITS ET SERVICES: Dispositif de mise en r\u00e9seau, Gestion de r\u00e9seau, T\u00e9l\u00e9conf\u00e9rence REVENU: 48 billion DES EMPLOY\u00c9S: 72,000+&hellip;<\/p>\n","protected":false},"author":5,"featured_media":0,"parent":5702,"menu_order":0,"comment_status":"closed","ping_status":"closed","template":"","meta":{"footnotes":""},"acf":[],"yoast_head":"<!-- This site is optimized with the Yoast SEO Premium plugin v21.7 (Yoast SEO v21.8) - https:\/\/yoast.com\/wordpress\/plugins\/seo\/ -->\n<title>\u00c9tude de cas Haute technologie | Nlyte<\/title>\n<meta name=\"description\" content=\"D\u00e9couvrez comment Nlyte aide les entreprises technologiques \u00e0 am\u00e9liorer l&#039;infrastructure de leur centre de donn\u00e9es, en augmentant les performances tout en r\u00e9duisant les co\u00fbts gr\u00e2ce aux solutions DCIM.\" \/>\n<meta name=\"robots\" content=\"index, follow, max-snippet:-1, max-image-preview:large, max-video-preview:-1\" \/>\n<link rel=\"canonical\" href=\"https:\/\/www.nlyte.com\/fr\/industries\/etude-de-cas-cisco\/\" \/>\n<meta property=\"og:locale\" content=\"en_US\" \/>\n<meta property=\"og:type\" content=\"article\" \/>\n<meta property=\"og:title\" content=\"\u00c9tude de cas Haute technologie\" \/>\n<meta property=\"og:description\" content=\"D\u00e9couvrez comment Nlyte aide les entreprises technologiques \u00e0 am\u00e9liorer l&#039;infrastructure de leur centre de donn\u00e9es, en augmentant les performances tout en r\u00e9duisant les co\u00fbts gr\u00e2ce aux solutions DCIM.\" \/>\n<meta property=\"og:url\" content=\"https:\/\/www.nlyte.com\/fr\/industries\/etude-de-cas-cisco\/\" \/>\n<meta property=\"og:site_name\" content=\"Nlyte\" \/>\n<meta property=\"article:modified_time\" content=\"2020-08-24T10:51:31+00:00\" \/>\n<meta property=\"og:image\" content=\"https:\/\/www.nlyte.com\/fr\/web\/wp-content\/uploads\/2019\/07\/thinBanner_gray-1-100x7.jpg\" \/>\n<meta name=\"twitter:card\" content=\"summary_large_image\" \/>\n<meta name=\"twitter:label1\" content=\"Est. reading time\" \/>\n\t<meta name=\"twitter:data1\" content=\"1 minute\" \/>\n<script type=\"application\/ld+json\" class=\"yoast-schema-graph\">{\"@context\":\"https:\/\/schema.org\",\"@graph\":[{\"@type\":\"WebPage\",\"@id\":\"https:\/\/www.nlyte.com\/fr\/industries\/etude-de-cas-cisco\/\",\"url\":\"https:\/\/www.nlyte.com\/fr\/industries\/etude-de-cas-cisco\/\",\"name\":\"\u00c9tude de cas Haute technologie | Nlyte\",\"isPartOf\":{\"@id\":\"https:\/\/www.nlyte.com\/fr\/#website\"},\"datePublished\":\"2019-09-10T18:58:25+00:00\",\"dateModified\":\"2020-08-24T10:51:31+00:00\",\"description\":\"D\u00e9couvrez comment Nlyte aide les entreprises technologiques \u00e0 am\u00e9liorer l'infrastructure de leur centre de donn\u00e9es, en augmentant les performances tout en r\u00e9duisant les co\u00fbts gr\u00e2ce aux solutions DCIM.\",\"breadcrumb\":{\"@id\":\"https:\/\/www.nlyte.com\/fr\/industries\/etude-de-cas-cisco\/#breadcrumb\"},\"inLanguage\":\"en-US\",\"potentialAction\":[{\"@type\":\"ReadAction\",\"target\":[\"https:\/\/www.nlyte.com\/fr\/industries\/etude-de-cas-cisco\/\"]}]},{\"@type\":\"BreadcrumbList\",\"@id\":\"https:\/\/www.nlyte.com\/fr\/industries\/etude-de-cas-cisco\/#breadcrumb\",\"itemListElement\":[{\"@type\":\"ListItem\",\"position\":1,\"name\":\"Home\",\"item\":\"https:\/\/www.nlyte.com\/fr\/\"},{\"@type\":\"ListItem\",\"position\":2,\"name\":\"Industries\u00a0desservies\",\"item\":\"https:\/\/www.nlyte.com\/fr\/industries\/\"},{\"@type\":\"ListItem\",\"position\":3,\"name\":\"\u00c9tude de cas Haute technologie\"}]},{\"@type\":\"WebSite\",\"@id\":\"https:\/\/www.nlyte.com\/fr\/#website\",\"url\":\"https:\/\/www.nlyte.com\/fr\/\",\"name\":\"Nlyte\",\"description\":\"Just another WordPress site\",\"publisher\":{\"@id\":\"https:\/\/www.nlyte.com\/fr\/#organization\"},\"potentialAction\":[{\"@type\":\"SearchAction\",\"target\":{\"@type\":\"EntryPoint\",\"urlTemplate\":\"https:\/\/www.nlyte.com\/fr\/?s={search_term_string}\"},\"query-input\":\"required name=search_term_string\"}],\"inLanguage\":\"en-US\"},{\"@type\":\"Organization\",\"@id\":\"https:\/\/www.nlyte.com\/fr\/#organization\",\"name\":\"Nlyte Software\",\"url\":\"https:\/\/www.nlyte.com\/fr\/\",\"logo\":{\"@type\":\"ImageObject\",\"inLanguage\":\"en-US\",\"@id\":\"https:\/\/www.nlyte.com\/fr\/#\/schema\/logo\/image\/\",\"url\":\"https:\/\/www.nlyte.com\/fr\/web\/wp-content\/uploads\/2019\/05\/Nlyte_favicon.png\",\"contentUrl\":\"https:\/\/www.nlyte.com\/fr\/web\/wp-content\/uploads\/2019\/05\/Nlyte_favicon.png\",\"width\":476,\"height\":475,\"caption\":\"Nlyte Software\"},\"image\":{\"@id\":\"https:\/\/www.nlyte.com\/fr\/#\/schema\/logo\/image\/\"}}]}<\/script>\n<!-- \/ Yoast SEO Premium plugin. -->","yoast_head_json":{"title":"\u00c9tude de cas Haute technologie | Nlyte","description":"D\u00e9couvrez comment Nlyte aide les entreprises technologiques \u00e0 am\u00e9liorer l'infrastructure de leur centre de donn\u00e9es, en augmentant les performances tout en r\u00e9duisant les co\u00fbts gr\u00e2ce aux solutions DCIM.","robots":{"index":"index","follow":"follow","max-snippet":"max-snippet:-1","max-image-preview":"max-image-preview:large","max-video-preview":"max-video-preview:-1"},"canonical":"https:\/\/www.nlyte.com\/fr\/industries\/etude-de-cas-cisco\/","og_locale":"en_US","og_type":"article","og_title":"\u00c9tude de cas Haute technologie","og_description":"D\u00e9couvrez comment Nlyte aide les entreprises technologiques \u00e0 am\u00e9liorer l'infrastructure de leur centre de donn\u00e9es, en augmentant les performances tout en r\u00e9duisant les co\u00fbts gr\u00e2ce aux solutions DCIM.","og_url":"https:\/\/www.nlyte.com\/fr\/industries\/etude-de-cas-cisco\/","og_site_name":"Nlyte","article_modified_time":"2020-08-24T10:51:31+00:00","og_image":[{"url":"https:\/\/www.nlyte.com\/fr\/web\/wp-content\/uploads\/2019\/07\/thinBanner_gray-1-100x7.jpg"}],"twitter_card":"summary_large_image","twitter_misc":{"Est. reading time":"1 minute"},"schema":{"@context":"https:\/\/schema.org","@graph":[{"@type":"WebPage","@id":"https:\/\/www.nlyte.com\/fr\/industries\/etude-de-cas-cisco\/","url":"https:\/\/www.nlyte.com\/fr\/industries\/etude-de-cas-cisco\/","name":"\u00c9tude de cas Haute technologie | Nlyte","isPartOf":{"@id":"https:\/\/www.nlyte.com\/fr\/#website"},"datePublished":"2019-09-10T18:58:25+00:00","dateModified":"2020-08-24T10:51:31+00:00","description":"D\u00e9couvrez comment Nlyte aide les entreprises technologiques \u00e0 am\u00e9liorer l'infrastructure de leur centre de donn\u00e9es, en augmentant les performances tout en r\u00e9duisant les co\u00fbts gr\u00e2ce aux solutions DCIM.","breadcrumb":{"@id":"https:\/\/www.nlyte.com\/fr\/industries\/etude-de-cas-cisco\/#breadcrumb"},"inLanguage":"en-US","potentialAction":[{"@type":"ReadAction","target":["https:\/\/www.nlyte.com\/fr\/industries\/etude-de-cas-cisco\/"]}]},{"@type":"BreadcrumbList","@id":"https:\/\/www.nlyte.com\/fr\/industries\/etude-de-cas-cisco\/#breadcrumb","itemListElement":[{"@type":"ListItem","position":1,"name":"Home","item":"https:\/\/www.nlyte.com\/fr\/"},{"@type":"ListItem","position":2,"name":"Industries\u00a0desservies","item":"https:\/\/www.nlyte.com\/fr\/industries\/"},{"@type":"ListItem","position":3,"name":"\u00c9tude de cas Haute technologie"}]},{"@type":"WebSite","@id":"https:\/\/www.nlyte.com\/fr\/#website","url":"https:\/\/www.nlyte.com\/fr\/","name":"Nlyte","description":"Just another WordPress site","publisher":{"@id":"https:\/\/www.nlyte.com\/fr\/#organization"},"potentialAction":[{"@type":"SearchAction","target":{"@type":"EntryPoint","urlTemplate":"https:\/\/www.nlyte.com\/fr\/?s={search_term_string}"},"query-input":"required name=search_term_string"}],"inLanguage":"en-US"},{"@type":"Organization","@id":"https:\/\/www.nlyte.com\/fr\/#organization","name":"Nlyte Software","url":"https:\/\/www.nlyte.com\/fr\/","logo":{"@type":"ImageObject","inLanguage":"en-US","@id":"https:\/\/www.nlyte.com\/fr\/#\/schema\/logo\/image\/","url":"https:\/\/www.nlyte.com\/fr\/web\/wp-content\/uploads\/2019\/05\/Nlyte_favicon.png","contentUrl":"https:\/\/www.nlyte.com\/fr\/web\/wp-content\/uploads\/2019\/05\/Nlyte_favicon.png","width":476,"height":475,"caption":"Nlyte Software"},"image":{"@id":"https:\/\/www.nlyte.com\/fr\/#\/schema\/logo\/image\/"}}]}},"_links":{"self":[{"href":"https:\/\/www.nlyte.com\/fr\/wp-json\/wp\/v2\/pages\/12556"}],"collection":[{"href":"https:\/\/www.nlyte.com\/fr\/wp-json\/wp\/v2\/pages"}],"about":[{"href":"https:\/\/www.nlyte.com\/fr\/wp-json\/wp\/v2\/types\/page"}],"author":[{"embeddable":true,"href":"https:\/\/www.nlyte.com\/fr\/wp-json\/wp\/v2\/users\/5"}],"replies":[{"embeddable":true,"href":"https:\/\/www.nlyte.com\/fr\/wp-json\/wp\/v2\/comments?post=12556"}],"version-history":[{"count":13,"href":"https:\/\/www.nlyte.com\/fr\/wp-json\/wp\/v2\/pages\/12556\/revisions"}],"predecessor-version":[{"id":19420,"href":"https:\/\/www.nlyte.com\/fr\/wp-json\/wp\/v2\/pages\/12556\/revisions\/19420"}],"up":[{"embeddable":true,"href":"https:\/\/www.nlyte.com\/fr\/wp-json\/wp\/v2\/pages\/5702"}],"wp:attachment":[{"href":"https:\/\/www.nlyte.com\/fr\/wp-json\/wp\/v2\/media?parent=12556"}],"curies":[{"name":"wp","href":"https:\/\/api.w.org\/{rel}","templated":true}]}}