{"id":12616,"date":"2019-09-10T15:54:32","date_gmt":"2019-09-10T19:54:32","guid":{"rendered":"http:\/\/www.nlyte.com\/fr\/industries\/case-study-computacenter-copy\/"},"modified":"2020-08-24T06:50:49","modified_gmt":"2020-08-24T10:50:49","slug":"etude-de-cas-des-consommateurs","status":"publish","type":"page","link":"https:\/\/www.nlyte.com\/fr\/industries\/etude-de-cas-des-consommateurs\/","title":{"rendered":"\u00c9tude de cas des consommateurs"},"content":{"rendered":"<div class=\"kmdg-builder-content\"><div class=\"builder-font-controller\"><section id=\"\" class=\"builder-section builder-section-type--section builder-custom-theme builder-theme--theme-1 builder-section-padding-top-med builder-section-padding-bottom-med builder-layout-padding-med builder-font-normal   builder-valign-top       \" style=''><div class='builder-bg-image-wrap' style='height:100%'><div class='builder-img-bg loaded' style='background-image: url(https:\/\/www.nlyte.com\/fr\/web\/wp-content\/uploads\/2019\/07\/thinBanner_gray-1.jpg);opacity:1;background-position-y:center;' ><img src='https:\/\/www.nlyte.com\/fr\/web\/wp-content\/uploads\/2019\/07\/thinBanner_gray-1.jpg' alt='' role='presentation'><\/div><\/div><div class=\"builder-layouts-container\"><div class=\"builder-layout builder-layout-one-column \"><div class=\"builder-container\">\n<div class=\"builder-table\">\n    \n<div class=\"builder-column builder-column-type--column \">\n    <div class=\"builder-column-body\">\n        <div class=\"builder-content\">\n            \n\n\n<div class=\"builder-component builder-component-wysiwyg builder-component-index-1   builder-mobile-animation\" style=\"padding: 0% 0%;background-color: ;\">\n    <h1 style=\"text-align: center;\">\u00c9tude de cas des consommateurs<\/h1>\n<\/div>\n        <\/div>\n    <\/div>\n<\/div><\/div>\n\n<\/div><\/div><\/div><\/section><section id=\"\" class=\"builder-section builder-section-type--section builder-custom-theme builder-theme--theme-0 builder-section-padding-top-high builder-section-padding-bottom-huge builder-layout-padding-med builder-font-normal   builder-valign-top       \" style=''><div class=\"builder-layouts-container\"><div class=\"builder-layout builder-layout-three-col-lg-mid \"><div class=\"builder-container\">\n<div class=\"builder-table\">\n    \n<div class=\"builder-column builder-column-type--column \">\n    <div class=\"builder-column-body\">\n        <div class=\"builder-content\">\n            \n<div class=\"builder-component builder-component-solution-block builder-component-index-1   builder-mobile-animation\">\n    <div class=\"solution-block\">\n                    <h2 class=\"solution-block__title\">Consommateur<\/h2>\n                <div class=\"solution-block__content\">\n                                                <div class=\"solution-item solution-item__content\">\n                        <div class=\"solution-item__wrapper\">\n                            <div class=\"solution-item__img\">\n\n                                \n                                    <img decoding=\"async\" class=\"solution-item__img--image\" src=\"https:\/\/www.nlyte.com\/fr\/web\/wp-content\/uploads\/2019\/07\/Icon09.png\" alt=\"icon\">\n\n                                \n                            <\/div>\n\n                            <div class=\"solution-item__desc\">\n                                <p class=\"solution-item__type\">QUARTIER G\u00c9N\u00c9RAL:<\/p>\n                                                                    <h4 class=\"solution-item__url\">\n                                        Deerfield, IL, USA                                    <\/h4>\n                                                            <\/div>\n                        <\/div>\n                    <\/div>\n                                    <div class=\"solution-item solution-item__content\">\n                        <div class=\"solution-item__wrapper\">\n                            <div class=\"solution-item__img\">\n\n                                \n                                    <img decoding=\"async\" class=\"solution-item__img--image\" src=\"https:\/\/www.nlyte.com\/fr\/web\/wp-content\/uploads\/2019\/07\/Icon06.png\" alt=\"icon\">\n\n                                \n                            <\/div>\n\n                            <div class=\"solution-item__desc\">\n                                <p class=\"solution-item__type\"> INDUSTRIE:<\/p>\n                                                                    <h4 class=\"solution-item__url\">\n                                        Sant\u00e9 et bien-\u00eatre au d\u00e9tail                                    <\/h4>\n                                                            <\/div>\n                        <\/div>\n                    <\/div>\n                                    <div class=\"solution-item solution-item__content\">\n                        <div class=\"solution-item__wrapper\">\n                            <div class=\"solution-item__img\">\n\n                                \n                                    <img decoding=\"async\" class=\"solution-item__img--image\" src=\"https:\/\/www.nlyte.com\/fr\/web\/wp-content\/uploads\/2019\/07\/Icon10.png\" alt=\"icon\">\n\n                                \n                            <\/div>\n\n                            <div class=\"solution-item__desc\">\n                                <p class=\"solution-item__type\">DES PRODUITS & SERVICIES:<\/p>\n                                                                    <h4 class=\"solution-item__url\">\n                                        Commerce de gros et de distribution pharmaceutique mondiale                                    <\/h4>\n                                                            <\/div>\n                        <\/div>\n                    <\/div>\n                                    <div class=\"solution-item solution-item__content\">\n                        <div class=\"solution-item__wrapper\">\n                            <div class=\"solution-item__img\">\n\n                                \n                                    <img decoding=\"async\" class=\"solution-item__img--image\" src=\"https:\/\/www.nlyte.com\/fr\/web\/wp-content\/uploads\/2019\/07\/Icon04.png\" alt=\"icon\">\n\n                                \n                            <\/div>\n\n                            <div class=\"solution-item__desc\">\n                                <p class=\"solution-item__type\"> REVENU:<\/p>\n                                                                    <h4 class=\"solution-item__url\">\n                                        117 billion                                    <\/h4>\n                                                            <\/div>\n                        <\/div>\n                    <\/div>\n                                    <div class=\"solution-item solution-item__content\">\n                        <div class=\"solution-item__wrapper\">\n                            <div class=\"solution-item__img\">\n\n                                \n                                    <img decoding=\"async\" class=\"solution-item__img--image\" src=\"https:\/\/www.nlyte.com\/fr\/web\/wp-content\/uploads\/2019\/07\/Icon07.png\" alt=\"icon\">\n\n                                \n                            <\/div>\n\n                            <div class=\"solution-item__desc\">\n                                <p class=\"solution-item__type\">DES EMPLOY\u00c9S:<\/p>\n                                                                    <h4 class=\"solution-item__url\">\n                                        235,000+                                    <\/h4>\n                                                            <\/div>\n                        <\/div>\n                    <\/div>\n                                    <div class=\"solution-item solution-item__content\">\n                        <div class=\"solution-item__wrapper\">\n                            <div class=\"solution-item__img\">\n\n                                \n                                    <img decoding=\"async\" class=\"solution-item__img--image\" src=\"https:\/\/www.nlyte.com\/fr\/web\/wp-content\/uploads\/2019\/07\/Icon05.png\" alt=\"icon\">\n\n                                \n                            <\/div>\n\n                            <div class=\"solution-item__desc\">\n                                <p class=\"solution-item__type\">T\u00c9L\u00c9CHARGER:<\/p>\n                                                                    <h4 class=\"solution-item__url\">\n                                        <a href=\"https:\/\/www.nlyte.com\/fr\/web\/wp-content\/uploads\/2019\/08\/walgreens_case_study.pdf\">\n                                            Lire l'\u00e9tude de cas compl\u00e8te                                        <\/a>\n                                    <\/h4>\n                                                            <\/div>\n                        <\/div>\n                    <\/div>\n                                    <\/div>\n    <\/div>\n<\/div>\n\n<div class=\"builder-component builder-component-horizontal-buttons builder-component-index-2   builder-mobile-animation\">\n            <div class=\"buttons-row align-center\">\n                            <div class=\"single-button style-red\">\n                                        <a href=\"https:\/\/www.nlyte.com\/fr\/nlyte-en-action\/essai-gratuit\/\"\n                       rel=\"\"\n                       target=\"_self\"\n                       style=\"width: px\">\n\n\n                                                    DEMANDER UN ESSAI GRATUIT                                            <\/a>\n\n                <\/div>\n                    <\/div>\n    <\/div>\n        <\/div>\n    <\/div>\n<\/div>    \n<div class=\"builder-column builder-column-type--column \">\n    <div class=\"builder-column-body\">\n        <div class=\"builder-content\">\n            \n\n\n<div class=\"builder-component builder-component-wysiwyg builder-component-index-1   builder-mobile-animation\" style=\"padding: 0% 0%;background-color: ;\">\n    <h2>Walgreens<\/h2>\n<p>Walgreens, la plus grande cha\u00eene de vente au d\u00e9tail\u00a0de m\u00e9dicaments avec des \u00e9tablissements dans 11 pays, compte 13 100 magasins. Elle a contact\u00e9\u00a0Nlyte parce qu'elle\u00a0voulait am\u00e9liorer le suivi des actifs de son\u00a0centre de donn\u00e9es et r\u00e9duire le temps n\u00e9cessaire au d\u00e9ploiement de nouveaux actifs. Nlyte l'a aid\u00e9 \u00e0 rapidement d\u00e9placer ses donn\u00e9es d'actifs de solutions inefficaces d\u00e9velopp\u00e9es en interne \u00e0 la solution facile \u00e0 utiliser de Nlyte, pour un suivi en temps r\u00e9el des ajouts, des d\u00e9placements et des modifications. Les tableaux de bord de capacit\u00e9 de Nlyte permettent de d\u00e9terminer facilement et rapidement o\u00f9 de nouveaux \u00e9quipements peuvent \u00eatre ajout\u00e9s en toute s\u00e9curit\u00e9. \u00ab Nlyte n'est pas simplement un produit, mais\u2026 un partenaire commercial.\u00a0\u00bb<\/p>\n<\/div>\n        <\/div>\n    <\/div>\n<\/div>    \n<div class=\"builder-column builder-column-type--column \">\n    <div class=\"builder-column-body\">\n        <div class=\"builder-content\">\n            \n<div  class=\"builder-component builder-component-spacer builder-component-index-1   builder-mobile-animation\" style=\"padding: 5% 0 0 0;\"><\/div>\n\n<div         class=\" builder-component builder-component-image builder-component-index-2   builder-mobile-animation builder-component-image-size-normal  align-\">\n            <div class=\"image-container builder-lazy-img\" style=\"background-image:url(https:\/\/www.nlyte.com\/fr\/web\/wp-content\/uploads\/2019\/07\/walgreens-case-study-n-79x100.png);\" data-srcs=\"{&quot;full&quot;:{&quot;src&quot;:&quot;https:\\\/\\\/www.nlyte.com\\\/fr\\\/web\\\/wp-content\\\/uploads\\\/2019\\\/07\\\/walgreens-case-study-n.png&quot;,&quot;width&quot;:&quot;-1&quot;},&quot;medium&quot;:{&quot;src&quot;:&quot;https:\\\/\\\/www.nlyte.com\\\/fr\\\/web\\\/wp-content\\\/uploads\\\/2019\\\/07\\\/walgreens-case-study-n-237x300.png&quot;,&quot;width&quot;:237}}\">\n            <div class=\"image-subcontainer \" style=\"max-height: inherit;\" >\n                <img  alt='walgreens-case-study-n' src='https:\/\/www.nlyte.com\/fr\/web\/wp-content\/uploads\/2019\/07\/walgreens-case-study-n-79x100.png' width='349' height='441' \/>            <\/div>\n        <\/div>\n    <\/div>\n        <\/div>\n    <\/div>\n<\/div><\/div>\n<\/div><\/div><\/div><\/section><\/div><\/div>","protected":false},"excerpt":{"rendered":"<p>\u00c9tude de cas des consommateurs Consommateur QUARTIER G\u00c9N\u00c9RAL: Deerfield, IL, USA INDUSTRIE: Sant\u00e9 et bien-\u00eatre au d\u00e9tail DES PRODUITS &#038; SERVICIES: Commerce de gros et de distribution pharmaceutique mondiale REVENU: 117 billion DES EMPLOY\u00c9S: 235,000+&hellip;<\/p>\n","protected":false},"author":5,"featured_media":0,"parent":5702,"menu_order":0,"comment_status":"closed","ping_status":"closed","template":"","meta":{"footnotes":""},"acf":[],"yoast_head":"<!-- This site is optimized with the Yoast SEO Premium plugin v21.7 (Yoast SEO v21.8) - https:\/\/yoast.com\/wordpress\/plugins\/seo\/ -->\n<title>\u00c9tude de cas des consommateurs | Nlyte<\/title>\n<meta name=\"description\" content=\"Gardez une longueur d&#039;avance avec les solutions DCIM pour la transformation num\u00e9rique, la protection des donn\u00e9es, la disponibilit\u00e9 et une exp\u00e9rience num\u00e9rique client am\u00e9lior\u00e9e.\" \/>\n<meta name=\"robots\" content=\"index, follow, max-snippet:-1, max-image-preview:large, max-video-preview:-1\" \/>\n<link rel=\"canonical\" href=\"https:\/\/www.nlyte.com\/fr\/industries\/etude-de-cas-des-consommateurs\/\" \/>\n<meta property=\"og:locale\" content=\"en_US\" \/>\n<meta property=\"og:type\" content=\"article\" \/>\n<meta property=\"og:title\" content=\"\u00c9tude de cas des consommateurs\" \/>\n<meta property=\"og:description\" content=\"Gardez une longueur d&#039;avance avec les solutions DCIM pour la transformation num\u00e9rique, la protection des donn\u00e9es, la disponibilit\u00e9 et une exp\u00e9rience num\u00e9rique client am\u00e9lior\u00e9e.\" \/>\n<meta property=\"og:url\" content=\"https:\/\/www.nlyte.com\/fr\/industries\/etude-de-cas-des-consommateurs\/\" \/>\n<meta property=\"og:site_name\" content=\"Nlyte\" \/>\n<meta property=\"article:modified_time\" content=\"2020-08-24T10:50:49+00:00\" \/>\n<meta property=\"og:image\" content=\"https:\/\/www.nlyte.com\/fr\/web\/wp-content\/uploads\/2019\/07\/thinBanner_gray-1-100x7.jpg\" \/>\n<meta name=\"twitter:card\" content=\"summary_large_image\" \/>\n<meta name=\"twitter:label1\" content=\"Est. reading time\" \/>\n\t<meta name=\"twitter:data1\" content=\"1 minute\" \/>\n<script type=\"application\/ld+json\" class=\"yoast-schema-graph\">{\"@context\":\"https:\/\/schema.org\",\"@graph\":[{\"@type\":\"WebPage\",\"@id\":\"https:\/\/www.nlyte.com\/fr\/industries\/etude-de-cas-des-consommateurs\/\",\"url\":\"https:\/\/www.nlyte.com\/fr\/industries\/etude-de-cas-des-consommateurs\/\",\"name\":\"\u00c9tude de cas des consommateurs | Nlyte\",\"isPartOf\":{\"@id\":\"https:\/\/www.nlyte.com\/fr\/#website\"},\"datePublished\":\"2019-09-10T19:54:32+00:00\",\"dateModified\":\"2020-08-24T10:50:49+00:00\",\"description\":\"Gardez une longueur d'avance avec les solutions DCIM pour la transformation num\u00e9rique, la protection des donn\u00e9es, la disponibilit\u00e9 et une exp\u00e9rience num\u00e9rique client am\u00e9lior\u00e9e.\",\"breadcrumb\":{\"@id\":\"https:\/\/www.nlyte.com\/fr\/industries\/etude-de-cas-des-consommateurs\/#breadcrumb\"},\"inLanguage\":\"en-US\",\"potentialAction\":[{\"@type\":\"ReadAction\",\"target\":[\"https:\/\/www.nlyte.com\/fr\/industries\/etude-de-cas-des-consommateurs\/\"]}]},{\"@type\":\"BreadcrumbList\",\"@id\":\"https:\/\/www.nlyte.com\/fr\/industries\/etude-de-cas-des-consommateurs\/#breadcrumb\",\"itemListElement\":[{\"@type\":\"ListItem\",\"position\":1,\"name\":\"Home\",\"item\":\"https:\/\/www.nlyte.com\/fr\/\"},{\"@type\":\"ListItem\",\"position\":2,\"name\":\"Industries\u00a0desservies\",\"item\":\"https:\/\/www.nlyte.com\/fr\/industries\/\"},{\"@type\":\"ListItem\",\"position\":3,\"name\":\"\u00c9tude de cas des consommateurs\"}]},{\"@type\":\"WebSite\",\"@id\":\"https:\/\/www.nlyte.com\/fr\/#website\",\"url\":\"https:\/\/www.nlyte.com\/fr\/\",\"name\":\"Nlyte\",\"description\":\"Just another WordPress site\",\"publisher\":{\"@id\":\"https:\/\/www.nlyte.com\/fr\/#organization\"},\"potentialAction\":[{\"@type\":\"SearchAction\",\"target\":{\"@type\":\"EntryPoint\",\"urlTemplate\":\"https:\/\/www.nlyte.com\/fr\/?s={search_term_string}\"},\"query-input\":\"required name=search_term_string\"}],\"inLanguage\":\"en-US\"},{\"@type\":\"Organization\",\"@id\":\"https:\/\/www.nlyte.com\/fr\/#organization\",\"name\":\"Nlyte Software\",\"url\":\"https:\/\/www.nlyte.com\/fr\/\",\"logo\":{\"@type\":\"ImageObject\",\"inLanguage\":\"en-US\",\"@id\":\"https:\/\/www.nlyte.com\/fr\/#\/schema\/logo\/image\/\",\"url\":\"https:\/\/www.nlyte.com\/fr\/web\/wp-content\/uploads\/2019\/05\/Nlyte_favicon.png\",\"contentUrl\":\"https:\/\/www.nlyte.com\/fr\/web\/wp-content\/uploads\/2019\/05\/Nlyte_favicon.png\",\"width\":476,\"height\":475,\"caption\":\"Nlyte Software\"},\"image\":{\"@id\":\"https:\/\/www.nlyte.com\/fr\/#\/schema\/logo\/image\/\"}}]}<\/script>\n<!-- \/ Yoast SEO Premium plugin. -->","yoast_head_json":{"title":"\u00c9tude de cas des consommateurs | Nlyte","description":"Gardez une longueur d'avance avec les solutions DCIM pour la transformation num\u00e9rique, la protection des donn\u00e9es, la disponibilit\u00e9 et une exp\u00e9rience num\u00e9rique client am\u00e9lior\u00e9e.","robots":{"index":"index","follow":"follow","max-snippet":"max-snippet:-1","max-image-preview":"max-image-preview:large","max-video-preview":"max-video-preview:-1"},"canonical":"https:\/\/www.nlyte.com\/fr\/industries\/etude-de-cas-des-consommateurs\/","og_locale":"en_US","og_type":"article","og_title":"\u00c9tude de cas des consommateurs","og_description":"Gardez une longueur d'avance avec les solutions DCIM pour la transformation num\u00e9rique, la protection des donn\u00e9es, la disponibilit\u00e9 et une exp\u00e9rience num\u00e9rique client am\u00e9lior\u00e9e.","og_url":"https:\/\/www.nlyte.com\/fr\/industries\/etude-de-cas-des-consommateurs\/","og_site_name":"Nlyte","article_modified_time":"2020-08-24T10:50:49+00:00","og_image":[{"url":"https:\/\/www.nlyte.com\/fr\/web\/wp-content\/uploads\/2019\/07\/thinBanner_gray-1-100x7.jpg"}],"twitter_card":"summary_large_image","twitter_misc":{"Est. reading time":"1 minute"},"schema":{"@context":"https:\/\/schema.org","@graph":[{"@type":"WebPage","@id":"https:\/\/www.nlyte.com\/fr\/industries\/etude-de-cas-des-consommateurs\/","url":"https:\/\/www.nlyte.com\/fr\/industries\/etude-de-cas-des-consommateurs\/","name":"\u00c9tude de cas des consommateurs | Nlyte","isPartOf":{"@id":"https:\/\/www.nlyte.com\/fr\/#website"},"datePublished":"2019-09-10T19:54:32+00:00","dateModified":"2020-08-24T10:50:49+00:00","description":"Gardez une longueur d'avance avec les solutions DCIM pour la transformation num\u00e9rique, la protection des donn\u00e9es, la disponibilit\u00e9 et une exp\u00e9rience num\u00e9rique client am\u00e9lior\u00e9e.","breadcrumb":{"@id":"https:\/\/www.nlyte.com\/fr\/industries\/etude-de-cas-des-consommateurs\/#breadcrumb"},"inLanguage":"en-US","potentialAction":[{"@type":"ReadAction","target":["https:\/\/www.nlyte.com\/fr\/industries\/etude-de-cas-des-consommateurs\/"]}]},{"@type":"BreadcrumbList","@id":"https:\/\/www.nlyte.com\/fr\/industries\/etude-de-cas-des-consommateurs\/#breadcrumb","itemListElement":[{"@type":"ListItem","position":1,"name":"Home","item":"https:\/\/www.nlyte.com\/fr\/"},{"@type":"ListItem","position":2,"name":"Industries\u00a0desservies","item":"https:\/\/www.nlyte.com\/fr\/industries\/"},{"@type":"ListItem","position":3,"name":"\u00c9tude de cas des consommateurs"}]},{"@type":"WebSite","@id":"https:\/\/www.nlyte.com\/fr\/#website","url":"https:\/\/www.nlyte.com\/fr\/","name":"Nlyte","description":"Just another WordPress site","publisher":{"@id":"https:\/\/www.nlyte.com\/fr\/#organization"},"potentialAction":[{"@type":"SearchAction","target":{"@type":"EntryPoint","urlTemplate":"https:\/\/www.nlyte.com\/fr\/?s={search_term_string}"},"query-input":"required name=search_term_string"}],"inLanguage":"en-US"},{"@type":"Organization","@id":"https:\/\/www.nlyte.com\/fr\/#organization","name":"Nlyte Software","url":"https:\/\/www.nlyte.com\/fr\/","logo":{"@type":"ImageObject","inLanguage":"en-US","@id":"https:\/\/www.nlyte.com\/fr\/#\/schema\/logo\/image\/","url":"https:\/\/www.nlyte.com\/fr\/web\/wp-content\/uploads\/2019\/05\/Nlyte_favicon.png","contentUrl":"https:\/\/www.nlyte.com\/fr\/web\/wp-content\/uploads\/2019\/05\/Nlyte_favicon.png","width":476,"height":475,"caption":"Nlyte Software"},"image":{"@id":"https:\/\/www.nlyte.com\/fr\/#\/schema\/logo\/image\/"}}]}},"_links":{"self":[{"href":"https:\/\/www.nlyte.com\/fr\/wp-json\/wp\/v2\/pages\/12616"}],"collection":[{"href":"https:\/\/www.nlyte.com\/fr\/wp-json\/wp\/v2\/pages"}],"about":[{"href":"https:\/\/www.nlyte.com\/fr\/wp-json\/wp\/v2\/types\/page"}],"author":[{"embeddable":true,"href":"https:\/\/www.nlyte.com\/fr\/wp-json\/wp\/v2\/users\/5"}],"replies":[{"embeddable":true,"href":"https:\/\/www.nlyte.com\/fr\/wp-json\/wp\/v2\/comments?post=12616"}],"version-history":[{"count":10,"href":"https:\/\/www.nlyte.com\/fr\/wp-json\/wp\/v2\/pages\/12616\/revisions"}],"predecessor-version":[{"id":19419,"href":"https:\/\/www.nlyte.com\/fr\/wp-json\/wp\/v2\/pages\/12616\/revisions\/19419"}],"up":[{"embeddable":true,"href":"https:\/\/www.nlyte.com\/fr\/wp-json\/wp\/v2\/pages\/5702"}],"wp:attachment":[{"href":"https:\/\/www.nlyte.com\/fr\/wp-json\/wp\/v2\/media?parent=12616"}],"curies":[{"name":"wp","href":"https:\/\/api.w.org\/{rel}","templated":true}]}}