{"id":12628,"date":"2019-09-10T16:00:57","date_gmt":"2019-09-10T20:00:57","guid":{"rendered":"http:\/\/www.nlyte.com\/fr\/industries\/case-study-walgreens-copy\/"},"modified":"2020-03-16T16:32:15","modified_gmt":"2020-03-16T20:32:15","slug":"etude-de-cas-des-services-publics","status":"publish","type":"page","link":"https:\/\/www.nlyte.com\/fr\/industries\/etude-de-cas-des-services-publics\/","title":{"rendered":"\u00c9tude de cas des services publics: SSE"},"content":{"rendered":"<div class=\"kmdg-builder-content\"><div class=\"builder-font-controller\"><section id=\"\" class=\"builder-section builder-section-type--section builder-custom-theme builder-theme--theme-1 builder-section-padding-top-med builder-section-padding-bottom-med builder-layout-padding-med builder-font-normal   builder-valign-top       \" style=''><div class='builder-bg-image-wrap' style='height:100%'><div class='builder-img-bg loaded' style='background-image: url(https:\/\/www.nlyte.com\/fr\/web\/wp-content\/uploads\/2019\/07\/thinBanner_gray-1.jpg);opacity:1;background-position-y:center;' ><img src='https:\/\/www.nlyte.com\/fr\/web\/wp-content\/uploads\/2019\/07\/thinBanner_gray-1.jpg' alt='' role='presentation'><\/div><\/div><div class=\"builder-layouts-container\"><div class=\"builder-layout builder-layout-one-column \"><div class=\"builder-container\">\n<div class=\"builder-table\">\n    \n<div class=\"builder-column builder-column-type--column \">\n    <div class=\"builder-column-body\">\n        <div class=\"builder-content\">\n            \n\n\n<div class=\"builder-component builder-component-wysiwyg builder-component-index-1   builder-mobile-animation\" style=\"padding: 0% 0%;background-color: ;\">\n    <h1 style=\"text-align: center;\">\u00c9tude de cas des services publics<\/h1>\n<\/div>\n        <\/div>\n    <\/div>\n<\/div><\/div>\n\n<\/div><\/div><\/div><\/section><section id=\"\" class=\"builder-section builder-section-type--section builder-custom-theme builder-theme--theme-0 builder-section-padding-top-high builder-section-padding-bottom-huge builder-layout-padding-med builder-font-normal   builder-valign-top       \" style=''><div class=\"builder-layouts-container\"><div class=\"builder-layout builder-layout-three-col-lg-mid \"><div class=\"builder-container\">\n<div class=\"builder-table\">\n    \n<div class=\"builder-column builder-column-type--column \">\n    <div class=\"builder-column-body\">\n        <div class=\"builder-content\">\n            \n<div class=\"builder-component builder-component-solution-block builder-component-index-1   builder-mobile-animation\">\n    <div class=\"solution-block\">\n                    <h2 class=\"solution-block__title\">Utilitaires<\/h2>\n                <div class=\"solution-block__content\">\n                                                <div class=\"solution-item solution-item__content\">\n                        <div class=\"solution-item__wrapper\">\n                            <div class=\"solution-item__img\">\n\n                                \n                                    <img decoding=\"async\" class=\"solution-item__img--image\" src=\"https:\/\/www.nlyte.com\/fr\/web\/wp-content\/uploads\/2019\/07\/Icon09.png\" alt=\"icon\">\n\n                                \n                            <\/div>\n\n                            <div class=\"solution-item__desc\">\n                                <p class=\"solution-item__type\">QUARTIER G\u00c9N\u00c9RAL:<\/p>\n                                                                    <h4 class=\"solution-item__url\">\n                                        Perth, United Kingdom                                    <\/h4>\n                                                            <\/div>\n                        <\/div>\n                    <\/div>\n                                    <div class=\"solution-item solution-item__content\">\n                        <div class=\"solution-item__wrapper\">\n                            <div class=\"solution-item__img\">\n\n                                \n                                    <img decoding=\"async\" class=\"solution-item__img--image\" src=\"https:\/\/www.nlyte.com\/fr\/web\/wp-content\/uploads\/2019\/07\/Icon06.png\" alt=\"icon\">\n\n                                \n                            <\/div>\n\n                            <div class=\"solution-item__desc\">\n                                <p class=\"solution-item__type\">INDUSTRIE:<\/p>\n                                                                    <h4 class=\"solution-item__url\">\n                                        \u00c9nergie                                    <\/h4>\n                                                            <\/div>\n                        <\/div>\n                    <\/div>\n                                    <div class=\"solution-item solution-item__content\">\n                        <div class=\"solution-item__wrapper\">\n                            <div class=\"solution-item__img\">\n\n                                \n                                    <img decoding=\"async\" class=\"solution-item__img--image\" src=\"https:\/\/www.nlyte.com\/fr\/web\/wp-content\/uploads\/2019\/07\/Icon10.png\" alt=\"icon\">\n\n                                \n                            <\/div>\n\n                            <div class=\"solution-item__desc\">\n                                <p class=\"solution-item__type\"> French PRODUCTS & SERVICIES: PRODUITS ET SERVICES:<\/p>\n                                                                    <h4 class=\"solution-item__url\">\n                                        Services li\u00e9s \u00e0 l'\u00e9lectricit\u00e9, au gaz et \u00e0 l'\u00e9nergie                                    <\/h4>\n                                                            <\/div>\n                        <\/div>\n                    <\/div>\n                                    <div class=\"solution-item solution-item__content\">\n                        <div class=\"solution-item__wrapper\">\n                            <div class=\"solution-item__img\">\n\n                                \n                                    <img decoding=\"async\" class=\"solution-item__img--image\" src=\"https:\/\/www.nlyte.com\/fr\/web\/wp-content\/uploads\/2019\/07\/Icon04.png\" alt=\"icon\">\n\n                                \n                            <\/div>\n\n                            <div class=\"solution-item__desc\">\n                                <p class=\"solution-item__type\"> REVENU:<\/p>\n                                                                    <h4 class=\"solution-item__url\">\n                                        $29.04 billion GBP (2017)                                    <\/h4>\n                                                            <\/div>\n                        <\/div>\n                    <\/div>\n                                    <div class=\"solution-item solution-item__content\">\n                        <div class=\"solution-item__wrapper\">\n                            <div class=\"solution-item__img\">\n\n                                \n                                    <img decoding=\"async\" class=\"solution-item__img--image\" src=\"https:\/\/www.nlyte.com\/fr\/web\/wp-content\/uploads\/2019\/07\/Icon07.png\" alt=\"icon\">\n\n                                \n                            <\/div>\n\n                            <div class=\"solution-item__desc\">\n                                <p class=\"solution-item__type\">DES EMPLOY\u00c9S:<\/p>\n                                                                    <h4 class=\"solution-item__url\">\n                                        20,000                                    <\/h4>\n                                                            <\/div>\n                        <\/div>\n                    <\/div>\n                                    <div class=\"solution-item solution-item__content\">\n                        <div class=\"solution-item__wrapper\">\n                            <div class=\"solution-item__img\">\n\n                                \n                                    <img decoding=\"async\" class=\"solution-item__img--image\" src=\"https:\/\/www.nlyte.com\/fr\/web\/wp-content\/uploads\/2019\/07\/Icon05.png\" alt=\"icon\">\n\n                                \n                            <\/div>\n\n                            <div class=\"solution-item__desc\">\n                                <p class=\"solution-item__type\"> T\u00c9L\u00c9CHARGER:<\/p>\n                                                                    <h4 class=\"solution-item__url\">\n                                        <a href=\"https:\/\/www.nlyte.com\/fr\/web\/wp-content\/uploads\/2019\/08\/scottish_and_southern_energy_case_study.pdf\">\n                                            Lire l'\u00e9tude de cas compl\u00e8te                                        <\/a>\n                                    <\/h4>\n                                                            <\/div>\n                        <\/div>\n                    <\/div>\n                                    <\/div>\n    <\/div>\n<\/div>\n\n<div class=\"builder-component builder-component-horizontal-buttons builder-component-index-2   builder-mobile-animation\">\n            <div class=\"buttons-row align-center\">\n                            <div class=\"single-button style-red\">\n                                        <a href=\"https:\/\/www.nlyte.com\/fr\/nlyte-en-action\/essai-gratuit\/\"\n                       rel=\"\"\n                       target=\"_self\"\n                       style=\"width: px\">\n\n\n                                                    DEMANDER UN ESSAI GRATUIT                                            <\/a>\n\n                <\/div>\n                    <\/div>\n    <\/div>\n        <\/div>\n    <\/div>\n<\/div>    \n<div class=\"builder-column builder-column-type--column \">\n    <div class=\"builder-column-body\">\n        <div class=\"builder-content\">\n            \n\n\n<div class=\"builder-component builder-component-wysiwyg builder-component-index-1   builder-mobile-animation\" style=\"padding: 0% 0%;background-color: ;\">\n    <h2>Scottish and Southern Energy (SSE)<\/h2>\n<p>Scottish and Southern Energy a pour mission de fournir \u00e0 ses clients des produits \u00e9nerg\u00e9tiques fiables, de mani\u00e8re\u00a0\u00e9cologiquement responsable. Ainsi, lorsque leurs deux centres de donn\u00e9es sont devenus obsol\u00e8tes et approchaient la fin de leur vie utile, elle s'est\u00a0tourn\u00e9e vers Nlyte pour l'aider \u00e0 migrer et consolider ses actifs et ses donn\u00e9es dans deux nouvelles installations plus durables. Nlyte a aid\u00e9 SSE dans les domaines de la transparence, du suivi\u00a0des actifs, de la planification des capacit\u00e9s, de la r\u00e9duction des risques et de l'allongement de la dur\u00e9e de vie des installations, en lui offrant une vue \u00e0 l\u2019interface\u00a0unique tant pour les installations que pour\u00a0les \u00e9quipes informatiques des deux installations. \u00ab Nlyte\u2026 nous a permis d'introduire des processus de gestion robustes et conformes aux meilleures pratiques qui ont transform\u00e9 notre fa\u00e7on de travailler.\u00a0\u00bb<\/p>\n<\/div>\n        <\/div>\n    <\/div>\n<\/div>    \n<div class=\"builder-column builder-column-type--column \">\n    <div class=\"builder-column-body\">\n        <div class=\"builder-content\">\n            \n<div  class=\"builder-component builder-component-spacer builder-component-index-1   builder-mobile-animation\" style=\"padding: 5% 0 0 0;\"><\/div>\n\n<div         class=\" builder-component builder-component-image builder-component-index-2   builder-mobile-animation builder-component-image-size-normal  align-\">\n            <div class=\"image-container builder-lazy-img\" style=\"background-image:url(https:\/\/www.nlyte.com\/fr\/web\/wp-content\/uploads\/2019\/08\/sse-case-study-79x100.png);\" data-srcs=\"{&quot;full&quot;:{&quot;src&quot;:&quot;https:\\\/\\\/www.nlyte.com\\\/fr\\\/web\\\/wp-content\\\/uploads\\\/2019\\\/08\\\/sse-case-study.png&quot;,&quot;width&quot;:&quot;-1&quot;},&quot;medium&quot;:{&quot;src&quot;:&quot;https:\\\/\\\/www.nlyte.com\\\/fr\\\/web\\\/wp-content\\\/uploads\\\/2019\\\/08\\\/sse-case-study-237x300.png&quot;,&quot;width&quot;:237}}\">\n            <div class=\"image-subcontainer \" style=\"max-height: inherit;\" >\n                <img  alt='Sse Case Study' src='https:\/\/www.nlyte.com\/fr\/web\/wp-content\/uploads\/2019\/08\/sse-case-study-79x100.png' width='349' height='441' \/>            <\/div>\n        <\/div>\n    <\/div>\n        <\/div>\n    <\/div>\n<\/div><\/div>\n<\/div><\/div><\/div><\/section><\/div><\/div>","protected":false},"excerpt":{"rendered":"<p>\u00c9tude de cas des services publics Utilitaires QUARTIER G\u00c9N\u00c9RAL: Perth, United Kingdom INDUSTRIE: \u00c9nergie French PRODUCTS &#038; SERVICIES: PRODUITS ET SERVICES: Services li\u00e9s \u00e0 l'\u00e9lectricit\u00e9, au gaz et \u00e0 l'\u00e9nergie REVENU: $29.04 billion GBP (2017)&hellip;<\/p>\n","protected":false},"author":5,"featured_media":0,"parent":5702,"menu_order":0,"comment_status":"closed","ping_status":"closed","template":"","meta":{"footnotes":""},"acf":[],"yoast_head":"<!-- This site is optimized with the Yoast SEO Premium plugin v21.7 (Yoast SEO v21.8) - https:\/\/yoast.com\/wordpress\/plugins\/seo\/ -->\n<title>\u00c9tude de cas des services publics | Nlyte<\/title>\n<meta name=\"description\" content=\"D\u00e9couvrez comment nos solutions de gestion d&#039;infrastructure de centre de donn\u00e9es (DCIM) ont aid\u00e9 Scottish and Southern Energy \u00e0 documenter leurs informations sur les actifs, l&#039;alimentation et l&#039;utilisation.\" \/>\n<meta name=\"robots\" content=\"index, follow, max-snippet:-1, max-image-preview:large, max-video-preview:-1\" \/>\n<link rel=\"canonical\" href=\"https:\/\/www.nlyte.com\/fr\/industries\/etude-de-cas-des-services-publics\/\" \/>\n<meta property=\"og:locale\" content=\"en_US\" \/>\n<meta property=\"og:type\" content=\"article\" \/>\n<meta property=\"og:title\" content=\"\u00c9tude de cas des services publics: SSE\" \/>\n<meta property=\"og:description\" content=\"D\u00e9couvrez comment nos solutions de gestion d&#039;infrastructure de centre de donn\u00e9es (DCIM) ont aid\u00e9 Scottish and Southern Energy \u00e0 documenter leurs informations sur les actifs, l&#039;alimentation et l&#039;utilisation.\" \/>\n<meta property=\"og:url\" content=\"https:\/\/www.nlyte.com\/fr\/industries\/etude-de-cas-des-services-publics\/\" \/>\n<meta property=\"og:site_name\" content=\"Nlyte\" \/>\n<meta property=\"article:modified_time\" content=\"2020-03-16T20:32:15+00:00\" \/>\n<meta property=\"og:image\" content=\"https:\/\/www.nlyte.com\/fr\/web\/wp-content\/uploads\/2019\/07\/thinBanner_gray-1-100x7.jpg\" \/>\n<meta name=\"twitter:card\" content=\"summary_large_image\" \/>\n<meta name=\"twitter:label1\" content=\"Est. reading time\" \/>\n\t<meta name=\"twitter:data1\" content=\"1 minute\" \/>\n<script type=\"application\/ld+json\" class=\"yoast-schema-graph\">{\"@context\":\"https:\/\/schema.org\",\"@graph\":[{\"@type\":\"WebPage\",\"@id\":\"https:\/\/www.nlyte.com\/fr\/industries\/etude-de-cas-des-services-publics\/\",\"url\":\"https:\/\/www.nlyte.com\/fr\/industries\/etude-de-cas-des-services-publics\/\",\"name\":\"\u00c9tude de cas des services publics | Nlyte\",\"isPartOf\":{\"@id\":\"https:\/\/www.nlyte.com\/fr\/#website\"},\"datePublished\":\"2019-09-10T20:00:57+00:00\",\"dateModified\":\"2020-03-16T20:32:15+00:00\",\"description\":\"D\u00e9couvrez comment nos solutions de gestion d'infrastructure de centre de donn\u00e9es (DCIM) ont aid\u00e9 Scottish and Southern Energy \u00e0 documenter leurs informations sur les actifs, l'alimentation et l'utilisation.\",\"breadcrumb\":{\"@id\":\"https:\/\/www.nlyte.com\/fr\/industries\/etude-de-cas-des-services-publics\/#breadcrumb\"},\"inLanguage\":\"en-US\",\"potentialAction\":[{\"@type\":\"ReadAction\",\"target\":[\"https:\/\/www.nlyte.com\/fr\/industries\/etude-de-cas-des-services-publics\/\"]}]},{\"@type\":\"BreadcrumbList\",\"@id\":\"https:\/\/www.nlyte.com\/fr\/industries\/etude-de-cas-des-services-publics\/#breadcrumb\",\"itemListElement\":[{\"@type\":\"ListItem\",\"position\":1,\"name\":\"Home\",\"item\":\"https:\/\/www.nlyte.com\/fr\/\"},{\"@type\":\"ListItem\",\"position\":2,\"name\":\"Industries\u00a0desservies\",\"item\":\"https:\/\/www.nlyte.com\/fr\/industries\/\"},{\"@type\":\"ListItem\",\"position\":3,\"name\":\"\u00c9tude de cas des services publics: SSE\"}]},{\"@type\":\"WebSite\",\"@id\":\"https:\/\/www.nlyte.com\/fr\/#website\",\"url\":\"https:\/\/www.nlyte.com\/fr\/\",\"name\":\"Nlyte\",\"description\":\"Just another WordPress site\",\"publisher\":{\"@id\":\"https:\/\/www.nlyte.com\/fr\/#organization\"},\"potentialAction\":[{\"@type\":\"SearchAction\",\"target\":{\"@type\":\"EntryPoint\",\"urlTemplate\":\"https:\/\/www.nlyte.com\/fr\/?s={search_term_string}\"},\"query-input\":\"required name=search_term_string\"}],\"inLanguage\":\"en-US\"},{\"@type\":\"Organization\",\"@id\":\"https:\/\/www.nlyte.com\/fr\/#organization\",\"name\":\"Nlyte Software\",\"url\":\"https:\/\/www.nlyte.com\/fr\/\",\"logo\":{\"@type\":\"ImageObject\",\"inLanguage\":\"en-US\",\"@id\":\"https:\/\/www.nlyte.com\/fr\/#\/schema\/logo\/image\/\",\"url\":\"https:\/\/www.nlyte.com\/fr\/web\/wp-content\/uploads\/2019\/05\/Nlyte_favicon.png\",\"contentUrl\":\"https:\/\/www.nlyte.com\/fr\/web\/wp-content\/uploads\/2019\/05\/Nlyte_favicon.png\",\"width\":476,\"height\":475,\"caption\":\"Nlyte Software\"},\"image\":{\"@id\":\"https:\/\/www.nlyte.com\/fr\/#\/schema\/logo\/image\/\"}}]}<\/script>\n<!-- \/ Yoast SEO Premium plugin. -->","yoast_head_json":{"title":"\u00c9tude de cas des services publics | Nlyte","description":"D\u00e9couvrez comment nos solutions de gestion d'infrastructure de centre de donn\u00e9es (DCIM) ont aid\u00e9 Scottish and Southern Energy \u00e0 documenter leurs informations sur les actifs, l'alimentation et l'utilisation.","robots":{"index":"index","follow":"follow","max-snippet":"max-snippet:-1","max-image-preview":"max-image-preview:large","max-video-preview":"max-video-preview:-1"},"canonical":"https:\/\/www.nlyte.com\/fr\/industries\/etude-de-cas-des-services-publics\/","og_locale":"en_US","og_type":"article","og_title":"\u00c9tude de cas des services publics: SSE","og_description":"D\u00e9couvrez comment nos solutions de gestion d'infrastructure de centre de donn\u00e9es (DCIM) ont aid\u00e9 Scottish and Southern Energy \u00e0 documenter leurs informations sur les actifs, l'alimentation et l'utilisation.","og_url":"https:\/\/www.nlyte.com\/fr\/industries\/etude-de-cas-des-services-publics\/","og_site_name":"Nlyte","article_modified_time":"2020-03-16T20:32:15+00:00","og_image":[{"url":"https:\/\/www.nlyte.com\/fr\/web\/wp-content\/uploads\/2019\/07\/thinBanner_gray-1-100x7.jpg"}],"twitter_card":"summary_large_image","twitter_misc":{"Est. reading time":"1 minute"},"schema":{"@context":"https:\/\/schema.org","@graph":[{"@type":"WebPage","@id":"https:\/\/www.nlyte.com\/fr\/industries\/etude-de-cas-des-services-publics\/","url":"https:\/\/www.nlyte.com\/fr\/industries\/etude-de-cas-des-services-publics\/","name":"\u00c9tude de cas des services publics | Nlyte","isPartOf":{"@id":"https:\/\/www.nlyte.com\/fr\/#website"},"datePublished":"2019-09-10T20:00:57+00:00","dateModified":"2020-03-16T20:32:15+00:00","description":"D\u00e9couvrez comment nos solutions de gestion d'infrastructure de centre de donn\u00e9es (DCIM) ont aid\u00e9 Scottish and Southern Energy \u00e0 documenter leurs informations sur les actifs, l'alimentation et l'utilisation.","breadcrumb":{"@id":"https:\/\/www.nlyte.com\/fr\/industries\/etude-de-cas-des-services-publics\/#breadcrumb"},"inLanguage":"en-US","potentialAction":[{"@type":"ReadAction","target":["https:\/\/www.nlyte.com\/fr\/industries\/etude-de-cas-des-services-publics\/"]}]},{"@type":"BreadcrumbList","@id":"https:\/\/www.nlyte.com\/fr\/industries\/etude-de-cas-des-services-publics\/#breadcrumb","itemListElement":[{"@type":"ListItem","position":1,"name":"Home","item":"https:\/\/www.nlyte.com\/fr\/"},{"@type":"ListItem","position":2,"name":"Industries\u00a0desservies","item":"https:\/\/www.nlyte.com\/fr\/industries\/"},{"@type":"ListItem","position":3,"name":"\u00c9tude de cas des services publics: SSE"}]},{"@type":"WebSite","@id":"https:\/\/www.nlyte.com\/fr\/#website","url":"https:\/\/www.nlyte.com\/fr\/","name":"Nlyte","description":"Just another WordPress site","publisher":{"@id":"https:\/\/www.nlyte.com\/fr\/#organization"},"potentialAction":[{"@type":"SearchAction","target":{"@type":"EntryPoint","urlTemplate":"https:\/\/www.nlyte.com\/fr\/?s={search_term_string}"},"query-input":"required name=search_term_string"}],"inLanguage":"en-US"},{"@type":"Organization","@id":"https:\/\/www.nlyte.com\/fr\/#organization","name":"Nlyte Software","url":"https:\/\/www.nlyte.com\/fr\/","logo":{"@type":"ImageObject","inLanguage":"en-US","@id":"https:\/\/www.nlyte.com\/fr\/#\/schema\/logo\/image\/","url":"https:\/\/www.nlyte.com\/fr\/web\/wp-content\/uploads\/2019\/05\/Nlyte_favicon.png","contentUrl":"https:\/\/www.nlyte.com\/fr\/web\/wp-content\/uploads\/2019\/05\/Nlyte_favicon.png","width":476,"height":475,"caption":"Nlyte Software"},"image":{"@id":"https:\/\/www.nlyte.com\/fr\/#\/schema\/logo\/image\/"}}]}},"_links":{"self":[{"href":"https:\/\/www.nlyte.com\/fr\/wp-json\/wp\/v2\/pages\/12628"}],"collection":[{"href":"https:\/\/www.nlyte.com\/fr\/wp-json\/wp\/v2\/pages"}],"about":[{"href":"https:\/\/www.nlyte.com\/fr\/wp-json\/wp\/v2\/types\/page"}],"author":[{"embeddable":true,"href":"https:\/\/www.nlyte.com\/fr\/wp-json\/wp\/v2\/users\/5"}],"replies":[{"embeddable":true,"href":"https:\/\/www.nlyte.com\/fr\/wp-json\/wp\/v2\/comments?post=12628"}],"version-history":[{"count":10,"href":"https:\/\/www.nlyte.com\/fr\/wp-json\/wp\/v2\/pages\/12628\/revisions"}],"predecessor-version":[{"id":19312,"href":"https:\/\/www.nlyte.com\/fr\/wp-json\/wp\/v2\/pages\/12628\/revisions\/19312"}],"up":[{"embeddable":true,"href":"https:\/\/www.nlyte.com\/fr\/wp-json\/wp\/v2\/pages\/5702"}],"wp:attachment":[{"href":"https:\/\/www.nlyte.com\/fr\/wp-json\/wp\/v2\/media?parent=12628"}],"curies":[{"name":"wp","href":"https:\/\/api.w.org\/{rel}","templated":true}]}}