{"id":14836,"date":"2019-09-13T16:18:57","date_gmt":"2019-09-13T20:18:57","guid":{"rendered":"http:\/\/www.nlyte.com\/fr\/products\/asset-explorer-dcim-copy\/"},"modified":"2020-03-02T18:35:34","modified_gmt":"2020-03-02T22:35:34","slug":"explorateur-dactifs-pour-cmdb-servicenow","status":"publish","type":"page","link":"https:\/\/www.nlyte.com\/fr\/produits\/explorateur-dactifs-pour-cmdb-servicenow\/","title":{"rendered":"Explorateur d'actifs pour CMDB ServiceNow"},"content":{"rendered":"<div class=\"kmdg-builder-content\"><div class=\"builder-font-controller\"><section id=\"\" class=\"builder-section builder-section-type--section builder-custom-theme builder-theme--theme-1 builder-section-padding-top-med builder-section-padding-bottom-med builder-layout-padding-med builder-font-normal   builder-valign-top       \" style=''><div class='builder-bg-image-wrap' style='height:100%'><div class='builder-img-bg loaded' style='background-image: url(https:\/\/www.nlyte.com\/fr\/web\/wp-content\/uploads\/2019\/07\/thinBanner_gray-1.jpg);opacity:1;background-position-y:center;' ><img src='https:\/\/www.nlyte.com\/fr\/web\/wp-content\/uploads\/2019\/07\/thinBanner_gray-1.jpg' alt='' role='presentation'><\/div><\/div><div class=\"builder-layouts-container\"><div class=\"builder-layout builder-layout-one-column \"><div class=\"builder-container\">\n<div class=\"builder-table\">\n    \n<div class=\"builder-column builder-column-type--column \">\n    <div class=\"builder-column-body\">\n        <div class=\"builder-content\">\n            \n\n\n<div class=\"builder-component builder-component-wysiwyg builder-component-index-1   builder-mobile-animation\" style=\"padding: 0% 0%;background-color: ;\">\n    <h1 style=\"text-align: center;\">Explorateur d'actifs pour CMDB ServiceNow<\/h1>\n<\/div>\n        <\/div>\n    <\/div>\n<\/div><\/div>\n\n<\/div><\/div><\/div><\/section><section id=\"\" class=\"builder-section builder-section-type--section builder-custom-theme builder-theme--theme-0 builder-section-padding-top-high builder-section-padding-bottom-high builder-layout-padding-med builder-font-normal   builder-valign-middle       \" style=''><div class='builder-bg-image-wrap' style='height:100%'><div class='builder-img-bg loaded' style='background-image: url(https:\/\/www.nlyte.com\/fr\/web\/wp-content\/uploads\/2019\/08\/background_btm-fade02.jpg);opacity:1;background-position-y:center;' ><img src='https:\/\/www.nlyte.com\/fr\/web\/wp-content\/uploads\/2019\/08\/background_btm-fade02.jpg' alt='' role='presentation'><\/div><\/div><div class=\"builder-layouts-container\"><div class=\"builder-layout builder-layout-two-column \"><div class=\"builder-container\">\n<div class=\"builder-table\">\n    \n<div class=\"builder-column builder-column-type--column \">\n    <div class=\"builder-column-body\">\n        <div class=\"builder-content\">\n            \n\n\n<div class=\"builder-component builder-component-wysiwyg builder-component-index-1   builder-mobile-animation\" style=\"padding: 0% 0%;background-color: ;\">\n    <h2>D\u00e9couverte et rapprochement \u00e0 moindre co\u00fbt<\/h2>\n<p><strong>D\u00e9couvrez automatiquement tout ce qui se trouve dans votre infrastructure et mettez \u00e0 jour votre principale source de donn\u00e9es ServiceNow<\/strong><\/p>\n<ul>\n<li>Asset Explorer d\u00e9couvre automatiquement tous les actifs sur le r\u00e9seau<\/li>\n<li>Aucune restriction de protocole ou de plateforme<\/li>\n<li>Les donn\u00e9es des actifs sont synchronis\u00e9es avec le syst\u00e8me de gestion des actifs Service Now, puis avec CMDB<\/li>\n<\/ul>\n<\/div>\n\n\n<div class=\"builder-component builder-component-horizontal-buttons builder-component-index-2   builder-mobile-animation\">\n            <div class=\"buttons-row align-start\">\n                            <div class=\"single-button style-red\">\n                                        <a href=\"https:\/\/www.nlyte.com\/fr\/resource\/asset-explorer-connector-for-servicenow-cmdb\/\"\n                       rel=\"\"\n                       target=\"_self\"\n                       style=\"width: px\">\n\n\n                                                    D\u00e9couvrir plus                                            <\/a>\n\n                <\/div>\n                    <\/div>\n    <\/div>\n        <\/div>\n    <\/div>\n<\/div>    \n<div class=\"builder-column builder-column-type--column \">\n    <div class=\"builder-column-body\">\n        <div class=\"builder-content\">\n            \n\n<div class=\"builder-component builder-component-video-update builder-component-index-1   builder-mobile-animation\">\n    <a class=\"lightbox-trigger\" href=\"https:\/\/www.youtube.com\/embed\/RCGKR2zfEjg?rel=0&autoplay=1\" data-featherlight=\"iframe\"\n       data-featherlight-iframe-allowfullscreen=\"true\" data-featherlight-iframe-frameborder=\"0\" data-featherlight-iframe-allow=\"accelerometer; autoplay; encrypted-media; gyroscope; picture-in-picture\">\n        <div class=\"thumbnail\" style=\"background-image:url('');\">\n            <div class=\"playbtn\">\n                <i class=\"fab fa-youtube\"><\/i>\n            <\/div>\n        <\/div>\n    <\/a>\n<\/div>\n        <\/div>\n    <\/div>\n<\/div><\/div><\/div><\/div><\/div><\/section><section id=\"\" class=\"builder-section builder-section-type--section builder-custom-theme builder-theme--theme-0 builder-section-padding-top-high builder-section-padding-bottom-high builder-layout-padding-med builder-font-normal   builder-valign-top       \" style=''><div class=\"builder-layouts-container\"><div class=\"builder-layout builder-layout-one-column \"><div class=\"builder-container\">\n<div class=\"builder-table\">\n    \n<div class=\"builder-column builder-column-type--column \">\n    <div class=\"builder-column-body\">\n        <div class=\"builder-content\">\n            \n<div         class=\" builder-component builder-component-image builder-component-index-1   builder-mobile-animation builder-component-image-size-normal  align-\">\n            <div class=\"image-container builder-lazy-img\" style=\"background-image:url(https:\/\/www.nlyte.com\/fr\/web\/wp-content\/uploads\/2019\/09\/graphic-a-1b-100x35.png);\" data-srcs=\"{&quot;full&quot;:{&quot;src&quot;:&quot;https:\\\/\\\/www.nlyte.com\\\/fr\\\/web\\\/wp-content\\\/uploads\\\/2019\\\/09\\\/graphic-a-1b.png&quot;,&quot;width&quot;:&quot;-1&quot;},&quot;medium&quot;:{&quot;src&quot;:&quot;https:\\\/\\\/www.nlyte.com\\\/fr\\\/web\\\/wp-content\\\/uploads\\\/2019\\\/09\\\/graphic-a-1b-300x104.png&quot;,&quot;width&quot;:300},&quot;pb-medium&quot;:{&quot;src&quot;:&quot;https:\\\/\\\/www.nlyte.com\\\/fr\\\/web\\\/wp-content\\\/uploads\\\/2019\\\/09\\\/graphic-a-1b-550x191.png&quot;,&quot;width&quot;:550}}\">\n            <div class=\"image-subcontainer \" style=\"max-height: inherit;\" >\n                <img  alt='Graphic A 1b' src='https:\/\/www.nlyte.com\/fr\/web\/wp-content\/uploads\/2019\/09\/graphic-a-1b-100x35.png' width='860' height='298' \/>            <\/div>\n        <\/div>\n    <\/div>\n        <\/div>\n    <\/div>\n<\/div><\/div>\n\n<\/div><\/div><div class=\"builder-layout builder-layout-one-column \"><div class=\"builder-container\">\n<div class=\"builder-table\">\n    \n<div class=\"builder-column builder-column-type--column \">\n    <div class=\"builder-column-body\">\n        <div class=\"builder-content\">\n            \n\n\n<div class=\"builder-component builder-component-wysiwyg builder-component-index-1   builder-mobile-animation\" style=\"padding: 1% 3%;background-color: ;\">\n    <p>Le connecteur Nlyte pour l\u2019inventaire ServiceNow tire parti du moteur de d\u00e9couverte et de logique d\u2019entreprise de nouvelle g\u00e9n\u00e9ration dans Asset Explore, une solution technologique de gestion des actifs offerte par Nlyte. Son approche sans agent permet d\u2019identifier l\u2019ensemble du mat\u00e9riel, des logiciels et des p\u00e9riph\u00e9riques IoT connect\u00e9s \u00e0 votre r\u00e9seau et \u00e0 vos sous-r\u00e9seaux, n\u2019importe o\u00f9. Il collecte le plus vaste inventaire d\u2019actifs, en identifiant des centaines d\u2019attributs, peu importe le fournisseur, la technologie ou le protocole, \u00e0 partir de la plateforme la plus \u00e9conomique du march\u00e9. Gr\u00e2ce \u00e0 ces donn\u00e9es riches, votre impl\u00e9mentation ServiceNow dispose des informations les plus pr\u00e9cises et les plus r\u00e9centes sur votre inventaire, ce qui garantit une comptabilit\u00e9 exacte, une r\u00e9solution de service rapide, une meilleure gestion des actifs et planification des capacit\u00e9s, ainsi qu\u2019une am\u00e9lioration de la transparence et une diminution des risques.<\/p>\n<\/div>\n        <\/div>\n    <\/div>\n<\/div><\/div>\n\n<\/div><\/div><div class=\"builder-layout builder-layout-two-column \"><div class=\"builder-container\">\n<div class=\"builder-table\">\n    \n<div class=\"builder-column builder-column-type--column \">\n    <div class=\"builder-column-body\">\n        <div class=\"builder-content\">\n            \n<div         class=\" builder-component builder-component-image builder-component-index-1   builder-mobile-animation builder-component-image-size-normal  align-\">\n            <div class=\"image-container builder-lazy-img\" style=\"background-image:url(https:\/\/www.nlyte.com\/fr\/web\/wp-content\/uploads\/2019\/09\/CMDB_screenshot01-100x35.jpg);\" data-srcs=\"{&quot;full&quot;:{&quot;src&quot;:&quot;https:\\\/\\\/www.nlyte.com\\\/fr\\\/web\\\/wp-content\\\/uploads\\\/2019\\\/09\\\/CMDB_screenshot01.jpg&quot;,&quot;width&quot;:&quot;-1&quot;},&quot;medium&quot;:{&quot;src&quot;:&quot;https:\\\/\\\/www.nlyte.com\\\/fr\\\/web\\\/wp-content\\\/uploads\\\/2019\\\/09\\\/CMDB_screenshot01-300x106.jpg&quot;,&quot;width&quot;:300},&quot;pb-medium&quot;:{&quot;src&quot;:&quot;https:\\\/\\\/www.nlyte.com\\\/fr\\\/web\\\/wp-content\\\/uploads\\\/2019\\\/09\\\/CMDB_screenshot01-550x194.jpg&quot;,&quot;width&quot;:550}}\">\n            <div class=\"image-subcontainer \" style=\"max-height: inherit;\" >\n                <img  alt='CMDB Screenshot01' src='https:\/\/www.nlyte.com\/fr\/web\/wp-content\/uploads\/2019\/09\/CMDB_screenshot01-100x35.jpg' width='563' height='199' \/>            <\/div>\n        <\/div>\n    <\/div>\n        <\/div>\n    <\/div>\n<\/div>    \n<div class=\"builder-column builder-column-type--column \">\n    <div class=\"builder-column-body\">\n        <div class=\"builder-content\">\n            \n<div         class=\" builder-component builder-component-image builder-component-index-1   builder-mobile-animation builder-component-image-size-normal  align-\">\n            <div class=\"image-container builder-lazy-img\" style=\"background-image:url(https:\/\/www.nlyte.com\/fr\/web\/wp-content\/uploads\/2019\/09\/CMDB_screenshot02-100x42.jpg);\" data-srcs=\"{&quot;full&quot;:{&quot;src&quot;:&quot;https:\\\/\\\/www.nlyte.com\\\/fr\\\/web\\\/wp-content\\\/uploads\\\/2019\\\/09\\\/CMDB_screenshot02.jpg&quot;,&quot;width&quot;:&quot;-1&quot;},&quot;medium&quot;:{&quot;src&quot;:&quot;https:\\\/\\\/www.nlyte.com\\\/fr\\\/web\\\/wp-content\\\/uploads\\\/2019\\\/09\\\/CMDB_screenshot02-300x125.jpg&quot;,&quot;width&quot;:300},&quot;pb-medium&quot;:{&quot;src&quot;:&quot;https:\\\/\\\/www.nlyte.com\\\/fr\\\/web\\\/wp-content\\\/uploads\\\/2019\\\/09\\\/CMDB_screenshot02-550x228.jpg&quot;,&quot;width&quot;:550}}\">\n            <div class=\"image-subcontainer \" style=\"max-height: inherit;\" >\n                <img  alt='CMDB Screenshot02' src='https:\/\/www.nlyte.com\/fr\/web\/wp-content\/uploads\/2019\/09\/CMDB_screenshot02-100x42.jpg' width='561' height='233' \/>            <\/div>\n        <\/div>\n    <\/div>\n        <\/div>\n    <\/div>\n<\/div><\/div><\/div><\/div><div class=\"builder-layout builder-layout-two-column \"><div class=\"builder-container\">\n<div class=\"builder-table\">\n    \n<div class=\"builder-column builder-column-type--column \">\n    <div class=\"builder-column-body\">\n        <div class=\"builder-content\">\n            \n<div         class=\" builder-component builder-component-image builder-component-index-1   builder-mobile-animation builder-component-image-size-normal  align-\">\n            <div class=\"image-container builder-lazy-img\" style=\"background-image:url(https:\/\/www.nlyte.com\/fr\/web\/wp-content\/uploads\/2019\/09\/CMDB_screenshot03-100x39.jpg);\" data-srcs=\"{&quot;full&quot;:{&quot;src&quot;:&quot;https:\\\/\\\/www.nlyte.com\\\/fr\\\/web\\\/wp-content\\\/uploads\\\/2019\\\/09\\\/CMDB_screenshot03.jpg&quot;,&quot;width&quot;:&quot;-1&quot;},&quot;medium&quot;:{&quot;src&quot;:&quot;https:\\\/\\\/www.nlyte.com\\\/fr\\\/web\\\/wp-content\\\/uploads\\\/2019\\\/09\\\/CMDB_screenshot03-300x117.jpg&quot;,&quot;width&quot;:300},&quot;pb-medium&quot;:{&quot;src&quot;:&quot;https:\\\/\\\/www.nlyte.com\\\/fr\\\/web\\\/wp-content\\\/uploads\\\/2019\\\/09\\\/CMDB_screenshot03-550x215.jpg&quot;,&quot;width&quot;:550}}\">\n            <div class=\"image-subcontainer \" style=\"max-height: inherit;\" >\n                <img  alt='CMDB Screenshot03' src='https:\/\/www.nlyte.com\/fr\/web\/wp-content\/uploads\/2019\/09\/CMDB_screenshot03-100x39.jpg' width='560' height='219' \/>            <\/div>\n        <\/div>\n    <\/div>\n        <\/div>\n    <\/div>\n<\/div>    \n<div class=\"builder-column builder-column-type--column \">\n    <div class=\"builder-column-body\">\n        <div class=\"builder-content\">\n            \n<div         class=\" builder-component builder-component-image builder-component-index-1   builder-mobile-animation builder-component-image-size-normal  align-\">\n            <div class=\"image-container builder-lazy-img\" style=\"background-image:url(https:\/\/www.nlyte.com\/fr\/web\/wp-content\/uploads\/2019\/09\/CMDB_screenshot04-100x38.jpg);\" data-srcs=\"{&quot;full&quot;:{&quot;src&quot;:&quot;https:\\\/\\\/www.nlyte.com\\\/fr\\\/web\\\/wp-content\\\/uploads\\\/2019\\\/09\\\/CMDB_screenshot04.jpg&quot;,&quot;width&quot;:&quot;-1&quot;},&quot;medium&quot;:{&quot;src&quot;:&quot;https:\\\/\\\/www.nlyte.com\\\/fr\\\/web\\\/wp-content\\\/uploads\\\/2019\\\/09\\\/CMDB_screenshot04-300x113.jpg&quot;,&quot;width&quot;:300},&quot;pb-medium&quot;:{&quot;src&quot;:&quot;https:\\\/\\\/www.nlyte.com\\\/fr\\\/web\\\/wp-content\\\/uploads\\\/2019\\\/09\\\/CMDB_screenshot04-550x207.jpg&quot;,&quot;width&quot;:550}}\">\n            <div class=\"image-subcontainer \" style=\"max-height: inherit;\" >\n                <img  alt='CMDB Screenshot04' src='https:\/\/www.nlyte.com\/fr\/web\/wp-content\/uploads\/2019\/09\/CMDB_screenshot04-100x38.jpg' width='558' height='210' \/>            <\/div>\n        <\/div>\n    <\/div>\n        <\/div>\n    <\/div>\n<\/div><\/div><\/div><\/div><\/div><\/section><\/div><\/div>","protected":false},"excerpt":{"rendered":"<p>Explorateur d'actifs pour CMDB ServiceNow D\u00e9couverte et rapprochement \u00e0 moindre co\u00fbt D\u00e9couvrez automatiquement tout ce qui se trouve dans votre infrastructure et mettez \u00e0 jour votre principale source de donn\u00e9es ServiceNow Asset Explorer d\u00e9couvre automatiquement&hellip;<\/p>\n","protected":false},"author":5,"featured_media":0,"parent":9942,"menu_order":0,"comment_status":"closed","ping_status":"closed","template":"","meta":{"footnotes":""},"acf":[],"yoast_head":"<!-- This site is optimized with the Yoast SEO Premium plugin v21.7 (Yoast SEO v21.8) - https:\/\/yoast.com\/wordpress\/plugins\/seo\/ -->\n<title>Explorateur d&#039;actifs pour CMDB ServiceNow | Nlyte<\/title>\n<meta name=\"description\" content=\"Le connecteur Nlyte pour Inventory ServiceNow exploite le moteur de d\u00e9couverte et de logique m\u00e9tier de nouvelle g\u00e9n\u00e9ration dans Asset Explorer, une solution de gestion des actifs technologiques de Nlyte.\" \/>\n<meta name=\"robots\" content=\"index, follow, max-snippet:-1, max-image-preview:large, max-video-preview:-1\" \/>\n<link rel=\"canonical\" href=\"https:\/\/www.nlyte.com\/fr\/produits\/explorateur-dactifs-pour-cmdb-servicenow\/\" \/>\n<meta property=\"og:locale\" content=\"en_US\" \/>\n<meta property=\"og:type\" content=\"article\" \/>\n<meta property=\"og:title\" content=\"Explorateur d&#039;actifs pour CMDB ServiceNow\" \/>\n<meta property=\"og:description\" content=\"Le connecteur Nlyte pour Inventory ServiceNow exploite le moteur de d\u00e9couverte et de logique m\u00e9tier de nouvelle g\u00e9n\u00e9ration dans Asset Explorer, une solution de gestion des actifs technologiques de Nlyte.\" \/>\n<meta property=\"og:url\" content=\"https:\/\/www.nlyte.com\/fr\/produits\/explorateur-dactifs-pour-cmdb-servicenow\/\" \/>\n<meta property=\"og:site_name\" content=\"Nlyte\" \/>\n<meta property=\"article:modified_time\" content=\"2020-03-02T22:35:34+00:00\" \/>\n<meta property=\"og:image\" content=\"https:\/\/www.nlyte.com\/fr\/web\/wp-content\/uploads\/2019\/07\/thinBanner_gray-1-100x7.jpg\" \/>\n<meta name=\"twitter:card\" content=\"summary_large_image\" \/>\n<meta name=\"twitter:label1\" content=\"Est. reading time\" \/>\n\t<meta name=\"twitter:data1\" content=\"3 minutes\" \/>\n<script type=\"application\/ld+json\" class=\"yoast-schema-graph\">{\"@context\":\"https:\/\/schema.org\",\"@graph\":[{\"@type\":\"WebPage\",\"@id\":\"https:\/\/www.nlyte.com\/fr\/produits\/explorateur-dactifs-pour-cmdb-servicenow\/\",\"url\":\"https:\/\/www.nlyte.com\/fr\/produits\/explorateur-dactifs-pour-cmdb-servicenow\/\",\"name\":\"Explorateur d'actifs pour CMDB ServiceNow | Nlyte\",\"isPartOf\":{\"@id\":\"https:\/\/www.nlyte.com\/fr\/#website\"},\"datePublished\":\"2019-09-13T20:18:57+00:00\",\"dateModified\":\"2020-03-02T22:35:34+00:00\",\"description\":\"Le connecteur Nlyte pour Inventory ServiceNow exploite le moteur de d\u00e9couverte et de logique m\u00e9tier de nouvelle g\u00e9n\u00e9ration dans Asset Explorer, une solution de gestion des actifs technologiques de Nlyte.\",\"breadcrumb\":{\"@id\":\"https:\/\/www.nlyte.com\/fr\/produits\/explorateur-dactifs-pour-cmdb-servicenow\/#breadcrumb\"},\"inLanguage\":\"en-US\",\"potentialAction\":[{\"@type\":\"ReadAction\",\"target\":[\"https:\/\/www.nlyte.com\/fr\/produits\/explorateur-dactifs-pour-cmdb-servicenow\/\"]}]},{\"@type\":\"BreadcrumbList\",\"@id\":\"https:\/\/www.nlyte.com\/fr\/produits\/explorateur-dactifs-pour-cmdb-servicenow\/#breadcrumb\",\"itemListElement\":[{\"@type\":\"ListItem\",\"position\":1,\"name\":\"Home\",\"item\":\"https:\/\/www.nlyte.com\/fr\/\"},{\"@type\":\"ListItem\",\"position\":2,\"name\":\"Produits\",\"item\":\"https:\/\/www.nlyte.com\/fr\/produits\/\"},{\"@type\":\"ListItem\",\"position\":3,\"name\":\"Explorateur d'actifs pour CMDB ServiceNow\"}]},{\"@type\":\"WebSite\",\"@id\":\"https:\/\/www.nlyte.com\/fr\/#website\",\"url\":\"https:\/\/www.nlyte.com\/fr\/\",\"name\":\"Nlyte\",\"description\":\"Just another WordPress site\",\"publisher\":{\"@id\":\"https:\/\/www.nlyte.com\/fr\/#organization\"},\"potentialAction\":[{\"@type\":\"SearchAction\",\"target\":{\"@type\":\"EntryPoint\",\"urlTemplate\":\"https:\/\/www.nlyte.com\/fr\/?s={search_term_string}\"},\"query-input\":\"required name=search_term_string\"}],\"inLanguage\":\"en-US\"},{\"@type\":\"Organization\",\"@id\":\"https:\/\/www.nlyte.com\/fr\/#organization\",\"name\":\"Nlyte Software\",\"url\":\"https:\/\/www.nlyte.com\/fr\/\",\"logo\":{\"@type\":\"ImageObject\",\"inLanguage\":\"en-US\",\"@id\":\"https:\/\/www.nlyte.com\/fr\/#\/schema\/logo\/image\/\",\"url\":\"https:\/\/www.nlyte.com\/fr\/web\/wp-content\/uploads\/2019\/05\/Nlyte_favicon.png\",\"contentUrl\":\"https:\/\/www.nlyte.com\/fr\/web\/wp-content\/uploads\/2019\/05\/Nlyte_favicon.png\",\"width\":476,\"height\":475,\"caption\":\"Nlyte Software\"},\"image\":{\"@id\":\"https:\/\/www.nlyte.com\/fr\/#\/schema\/logo\/image\/\"}}]}<\/script>\n<!-- \/ Yoast SEO Premium plugin. -->","yoast_head_json":{"title":"Explorateur d'actifs pour CMDB ServiceNow | Nlyte","description":"Le connecteur Nlyte pour Inventory ServiceNow exploite le moteur de d\u00e9couverte et de logique m\u00e9tier de nouvelle g\u00e9n\u00e9ration dans Asset Explorer, une solution de gestion des actifs technologiques de Nlyte.","robots":{"index":"index","follow":"follow","max-snippet":"max-snippet:-1","max-image-preview":"max-image-preview:large","max-video-preview":"max-video-preview:-1"},"canonical":"https:\/\/www.nlyte.com\/fr\/produits\/explorateur-dactifs-pour-cmdb-servicenow\/","og_locale":"en_US","og_type":"article","og_title":"Explorateur d'actifs pour CMDB ServiceNow","og_description":"Le connecteur Nlyte pour Inventory ServiceNow exploite le moteur de d\u00e9couverte et de logique m\u00e9tier de nouvelle g\u00e9n\u00e9ration dans Asset Explorer, une solution de gestion des actifs technologiques de Nlyte.","og_url":"https:\/\/www.nlyte.com\/fr\/produits\/explorateur-dactifs-pour-cmdb-servicenow\/","og_site_name":"Nlyte","article_modified_time":"2020-03-02T22:35:34+00:00","og_image":[{"url":"https:\/\/www.nlyte.com\/fr\/web\/wp-content\/uploads\/2019\/07\/thinBanner_gray-1-100x7.jpg"}],"twitter_card":"summary_large_image","twitter_misc":{"Est. reading time":"3 minutes"},"schema":{"@context":"https:\/\/schema.org","@graph":[{"@type":"WebPage","@id":"https:\/\/www.nlyte.com\/fr\/produits\/explorateur-dactifs-pour-cmdb-servicenow\/","url":"https:\/\/www.nlyte.com\/fr\/produits\/explorateur-dactifs-pour-cmdb-servicenow\/","name":"Explorateur d'actifs pour CMDB ServiceNow | Nlyte","isPartOf":{"@id":"https:\/\/www.nlyte.com\/fr\/#website"},"datePublished":"2019-09-13T20:18:57+00:00","dateModified":"2020-03-02T22:35:34+00:00","description":"Le connecteur Nlyte pour Inventory ServiceNow exploite le moteur de d\u00e9couverte et de logique m\u00e9tier de nouvelle g\u00e9n\u00e9ration dans Asset Explorer, une solution de gestion des actifs technologiques de Nlyte.","breadcrumb":{"@id":"https:\/\/www.nlyte.com\/fr\/produits\/explorateur-dactifs-pour-cmdb-servicenow\/#breadcrumb"},"inLanguage":"en-US","potentialAction":[{"@type":"ReadAction","target":["https:\/\/www.nlyte.com\/fr\/produits\/explorateur-dactifs-pour-cmdb-servicenow\/"]}]},{"@type":"BreadcrumbList","@id":"https:\/\/www.nlyte.com\/fr\/produits\/explorateur-dactifs-pour-cmdb-servicenow\/#breadcrumb","itemListElement":[{"@type":"ListItem","position":1,"name":"Home","item":"https:\/\/www.nlyte.com\/fr\/"},{"@type":"ListItem","position":2,"name":"Produits","item":"https:\/\/www.nlyte.com\/fr\/produits\/"},{"@type":"ListItem","position":3,"name":"Explorateur d'actifs pour CMDB ServiceNow"}]},{"@type":"WebSite","@id":"https:\/\/www.nlyte.com\/fr\/#website","url":"https:\/\/www.nlyte.com\/fr\/","name":"Nlyte","description":"Just another WordPress site","publisher":{"@id":"https:\/\/www.nlyte.com\/fr\/#organization"},"potentialAction":[{"@type":"SearchAction","target":{"@type":"EntryPoint","urlTemplate":"https:\/\/www.nlyte.com\/fr\/?s={search_term_string}"},"query-input":"required name=search_term_string"}],"inLanguage":"en-US"},{"@type":"Organization","@id":"https:\/\/www.nlyte.com\/fr\/#organization","name":"Nlyte Software","url":"https:\/\/www.nlyte.com\/fr\/","logo":{"@type":"ImageObject","inLanguage":"en-US","@id":"https:\/\/www.nlyte.com\/fr\/#\/schema\/logo\/image\/","url":"https:\/\/www.nlyte.com\/fr\/web\/wp-content\/uploads\/2019\/05\/Nlyte_favicon.png","contentUrl":"https:\/\/www.nlyte.com\/fr\/web\/wp-content\/uploads\/2019\/05\/Nlyte_favicon.png","width":476,"height":475,"caption":"Nlyte Software"},"image":{"@id":"https:\/\/www.nlyte.com\/fr\/#\/schema\/logo\/image\/"}}]}},"_links":{"self":[{"href":"https:\/\/www.nlyte.com\/fr\/wp-json\/wp\/v2\/pages\/14836"}],"collection":[{"href":"https:\/\/www.nlyte.com\/fr\/wp-json\/wp\/v2\/pages"}],"about":[{"href":"https:\/\/www.nlyte.com\/fr\/wp-json\/wp\/v2\/types\/page"}],"author":[{"embeddable":true,"href":"https:\/\/www.nlyte.com\/fr\/wp-json\/wp\/v2\/users\/5"}],"replies":[{"embeddable":true,"href":"https:\/\/www.nlyte.com\/fr\/wp-json\/wp\/v2\/comments?post=14836"}],"version-history":[{"count":15,"href":"https:\/\/www.nlyte.com\/fr\/wp-json\/wp\/v2\/pages\/14836\/revisions"}],"predecessor-version":[{"id":19092,"href":"https:\/\/www.nlyte.com\/fr\/wp-json\/wp\/v2\/pages\/14836\/revisions\/19092"}],"up":[{"embeddable":true,"href":"https:\/\/www.nlyte.com\/fr\/wp-json\/wp\/v2\/pages\/9942"}],"wp:attachment":[{"href":"https:\/\/www.nlyte.com\/fr\/wp-json\/wp\/v2\/media?parent=14836"}],"curies":[{"name":"wp","href":"https:\/\/api.w.org\/{rel}","templated":true}]}}