{"id":14942,"date":"2019-09-13T17:38:18","date_gmt":"2019-09-13T21:38:18","guid":{"rendered":"http:\/\/www.nlyte.com\/fr\/products\/asset-explorer-dcim-copy\/"},"modified":"2020-03-02T18:41:39","modified_gmt":"2020-03-02T22:41:39","slug":"suivi-des-applications","status":"publish","type":"page","link":"https:\/\/www.nlyte.com\/fr\/produits\/suivi-des-applications\/","title":{"rendered":"Suivi des applications"},"content":{"rendered":"<div class=\"kmdg-builder-content\"><div class=\"builder-font-controller\"><section id=\"\" class=\"builder-section builder-section-type--section builder-custom-theme builder-theme--theme-1 builder-section-padding-top-med builder-section-padding-bottom-med builder-layout-padding-med builder-font-normal   builder-valign-top       \" style=''><div class='builder-bg-image-wrap' style='height:100%'><div class='builder-img-bg loaded' style='background-image: url(https:\/\/www.nlyte.com\/fr\/web\/wp-content\/uploads\/2019\/07\/thinBanner_gray-1.jpg);opacity:1;background-position-y:center;' ><img src='https:\/\/www.nlyte.com\/fr\/web\/wp-content\/uploads\/2019\/07\/thinBanner_gray-1.jpg' alt='' role='presentation'><\/div><\/div><div class=\"builder-layouts-container\"><div class=\"builder-layout builder-layout-one-column \"><div class=\"builder-container\">\n<div class=\"builder-table\">\n    \n<div class=\"builder-column builder-column-type--column \">\n    <div class=\"builder-column-body\">\n        <div class=\"builder-content\">\n            \n\n\n<div class=\"builder-component builder-component-wysiwyg builder-component-index-1   builder-mobile-animation\" style=\"padding: 0% 0%;background-color: ;\">\n    <h1 style=\"text-align: center;\"> Suivi des applications<\/h1>\n<\/div>\n        <\/div>\n    <\/div>\n<\/div><\/div>\n\n<\/div><\/div><\/div><\/section><section id=\"\" class=\"builder-section builder-section-type--section builder-custom-theme builder-theme--theme-0 builder-section-padding-top-high builder-section-padding-bottom-high builder-layout-padding-med builder-font-normal   builder-valign-middle       \" style=''><div class='builder-bg-image-wrap' style='height:100%'><div class='builder-img-bg loaded' style='background-image: url(https:\/\/www.nlyte.com\/fr\/web\/wp-content\/uploads\/2019\/08\/background_btm-fade02.jpg);opacity:1;background-position-y:center;' ><img src='https:\/\/www.nlyte.com\/fr\/web\/wp-content\/uploads\/2019\/08\/background_btm-fade02.jpg' alt='' role='presentation'><\/div><\/div><div class=\"builder-layouts-container\"><div class=\"builder-layout builder-layout-one-third-column \"><div class=\"builder-container\">\n<div class=\"builder-table\">\n    \n<div class=\"builder-column builder-column-type--column \">\n    <div class=\"builder-column-body\">\n        <div class=\"builder-content\">\n                    <\/div>\n    <\/div>\n<\/div>    \n<div class=\"builder-column builder-column-type--column \">\n    <div class=\"builder-column-body\">\n        <div class=\"builder-content\">\n            \n\n\n<div class=\"builder-component builder-component-wysiwyg builder-component-index-1   builder-mobile-animation\" style=\"padding: 0% 0%;background-color: ;\">\n    <h2>Suivre, identifier, am\u00e9liorer<\/h2>\n<p>Application Tracker est une solution compl\u00e8te de processus op\u00e9rationnels sp\u00e9cialement con\u00e7ue pour traiter l\u2019interaction du mat\u00e9riel informatique et des logiciels avec le personnel d\u2019une entreprise. Application Tracker vous aidera \u00e0 comprendre comment vos ordinateurs sont utilis\u00e9s, quand et par qui. En utilisant ces informations, vous pourrez analyser l\u2019efficacit\u00e9 de vos processus de travail. Les inefficacit\u00e9s et les domaines de faible performance peuvent ensuite \u00eatre identifi\u00e9s et corrig\u00e9s, et les proc\u00e9dures et politiques appropri\u00e9es peuvent \u00eatre mises en place pour assurer un retour sur investissement maximal de vos actifs.<\/p>\n<\/div>\n        <\/div>\n    <\/div>\n<\/div><\/div>\n<\/div><\/div><\/div><\/section><section id=\"\" class=\"builder-section builder-section-type--section builder-custom-theme builder-theme--theme-2 builder-section-padding-top-med builder-section-padding-bottom-high builder-layout-padding-med builder-font-normal   builder-valign-top       \" style='background-color: #106ea3;'><div class=\"builder-layouts-container\"><div class=\"builder-layout builder-layout-one-column \"><div class=\"builder-container\">\n<div class=\"builder-table\">\n    \n<div class=\"builder-column builder-column-type--column \">\n    <div class=\"builder-column-body\">\n        <div class=\"builder-content\">\n            \n\n\n<div class=\"builder-component builder-component-wysiwyg builder-component-index-1   builder-mobile-animation\" style=\"padding: 0% 0%;background-color: ;\">\n    <p>&nbsp;<\/p>\n<h3><img loading=\"lazy\" decoding=\"async\" class=\"size-full wp-image-9998 aligncenter\" src=\"https:\/\/www.nlyte.com\/fr\/web\/wp-content\/uploads\/2019\/08\/SubIcon_AppTracker@2x.png\" alt=\"\" width=\"123\" height=\"132\" srcset=\"https:\/\/www.nlyte.com\/fr\/web\/wp-content\/uploads\/2019\/08\/SubIcon_AppTracker@2x.png 123w, https:\/\/www.nlyte.com\/fr\/web\/wp-content\/uploads\/2019\/08\/SubIcon_AppTracker@2x-93x100.png 93w\" sizes=\"(max-width: 123px) 100vw, 123px\" \/><\/h3>\n<h3 style=\"text-align: center;\">Comment Application Tracker vous aide<\/h3>\n<\/div>\n        <\/div>\n    <\/div>\n<\/div><\/div>\n\n<\/div><\/div><div class=\"builder-layout builder-layout-two-column \"><div class=\"builder-container\">\n<div class=\"builder-table\">\n    \n<div class=\"builder-column builder-column-type--column \">\n    <div class=\"builder-column-body\">\n        <div class=\"builder-content\">\n            \n\n\n<div class=\"builder-component builder-component-wysiwyg builder-component-index-1   builder-mobile-animation\" style=\"padding: 0% 0%;background-color: ;\">\n    <p><strong>G\u00e9rer l\u2019utilisation des actifs mat\u00e9riels et logiciels<\/strong><br \/>\nLe succ\u00e8s de votre entreprise d\u00e9pend fortement de vos ressources informatiques et de la mani\u00e8re dont elles sont utilis\u00e9es. La gestion des actifs n\u2019est qu\u2019un d\u00e9but. Il est imp\u00e9ratif de g\u00e9rer la mani\u00e8re dont vos actifs sont utilis\u00e9s, de bien comprendre les op\u00e9rations commerciales et d\u2019am\u00e9liorer la productivit\u00e9 de l\u2019entreprise.<\/p>\n<p><strong>Surveiller l\u2019inventaire des licences logicielles<\/strong><br \/>\nPlus que le mesurage logiciel, surveillez les logiciels utilis\u00e9s dans votre entreprise, qui les utilise et dans quels cas ils sont utilis\u00e9s. Identifiez les applications requises pour votre entreprise, et \u00e9liminez les progiciels non essentiels et les co\u00fbts associ\u00e9s. La cr\u00e9ation de normes logicielles dans l\u2019ensemble d\u2019une entreprise r\u00e9duit les co\u00fbts de licence, de support et de formation.<\/p>\n<\/div>\n        <\/div>\n    <\/div>\n<\/div>    \n<div class=\"builder-column builder-column-type--column \">\n    <div class=\"builder-column-body\">\n        <div class=\"builder-content\">\n            \n\n\n<div class=\"builder-component builder-component-wysiwyg builder-component-index-1   builder-mobile-animation\" style=\"padding: 0% 0%;background-color: ;\">\n    <p><strong>Examiner les processus op\u00e9rationnels<\/strong><br \/>\nEn comprenant quels mat\u00e9riels et logiciels sont utilis\u00e9s, quand ils sont utilis\u00e9s, pour combien de temps et par qui, vous aurez une bonne connaissance du niveau d\u2019efficacit\u00e9 de votre personnel et si votre technologie est utilis\u00e9e \u00e0 son niveau optimal. Les rapports Web d\u2019Application Tracker vous fournissent les connaissances n\u00e9cessaires pour comprendre le fonctionnement de votre entreprise. Ces rapports identifient les inefficacit\u00e9s ou la faible productivit\u00e9 des actifs, et aident \u00e0 mettre en place les politiques et la formation requises afin d\u2019accro\u00eetre l\u2019efficacit\u00e9 et la productivit\u00e9.<\/p>\n<p><strong>Mettre en \u0153uvre, g\u00e9rer et surveiller la politique informatique<\/strong><br \/>\nAugmentez la sensibilisation de votre personnel \u00e0 la politique informatique et assurez la conformit\u00e9. Une bonne gestion des politiques informatiques augmente la s\u00e9curit\u00e9 des donn\u00e9es, am\u00e9liore l\u2019efficacit\u00e9 informatique, diminue les besoins en bande passante de vos r\u00e9seaux informatiques et r\u00e9duit le risque d\u2019exposition l\u00e9gale par le biais de plaintes de harc\u00e8lement ou de plaintes de manque de s\u00e9curit\u00e9.<\/p>\n<\/div>\n        <\/div>\n    <\/div>\n<\/div><\/div><\/div><\/div><\/div><\/section><\/div><\/div>","protected":false},"excerpt":{"rendered":"<p>Suivi des applications Suivre, identifier, am\u00e9liorer Application Tracker est une solution compl\u00e8te de processus op\u00e9rationnels sp\u00e9cialement con\u00e7ue pour traiter l\u2019interaction du mat\u00e9riel informatique et des logiciels avec le personnel d\u2019une entreprise. Application Tracker vous aidera&hellip;<\/p>\n","protected":false},"author":5,"featured_media":0,"parent":9942,"menu_order":0,"comment_status":"closed","ping_status":"closed","template":"","meta":{"footnotes":""},"acf":[],"yoast_head":"<!-- This site is optimized with the Yoast SEO Premium plugin v21.7 (Yoast SEO v21.8) - https:\/\/yoast.com\/wordpress\/plugins\/seo\/ -->\n<title>Logiciel de suivi des applications | Nlyte<\/title>\n<meta name=\"description\" content=\"Application Tracker est une solution de processus m\u00e9tier compl\u00e8te con\u00e7ue sp\u00e9cifiquement pour traiter l&#039;interaction du mat\u00e9riel informatique et des logiciels avec le personnel d&#039;une organisation.\" \/>\n<meta name=\"robots\" content=\"index, follow, max-snippet:-1, max-image-preview:large, max-video-preview:-1\" \/>\n<link rel=\"canonical\" href=\"https:\/\/www.nlyte.com\/fr\/produits\/suivi-des-applications\/\" \/>\n<meta property=\"og:locale\" content=\"en_US\" \/>\n<meta property=\"og:type\" content=\"article\" \/>\n<meta property=\"og:title\" content=\"Suivi des applications\" \/>\n<meta property=\"og:description\" content=\"Application Tracker est une solution de processus m\u00e9tier compl\u00e8te con\u00e7ue sp\u00e9cifiquement pour traiter l&#039;interaction du mat\u00e9riel informatique et des logiciels avec le personnel d&#039;une organisation.\" \/>\n<meta property=\"og:url\" content=\"https:\/\/www.nlyte.com\/fr\/produits\/suivi-des-applications\/\" \/>\n<meta property=\"og:site_name\" content=\"Nlyte\" \/>\n<meta property=\"article:modified_time\" content=\"2020-03-02T22:41:39+00:00\" \/>\n<meta property=\"og:image\" content=\"https:\/\/www.nlyte.com\/fr\/web\/wp-content\/uploads\/2019\/07\/thinBanner_gray-1-100x7.jpg\" \/>\n<meta name=\"twitter:card\" content=\"summary_large_image\" \/>\n<meta name=\"twitter:label1\" content=\"Est. reading time\" \/>\n\t<meta name=\"twitter:data1\" content=\"3 minutes\" \/>\n<script type=\"application\/ld+json\" class=\"yoast-schema-graph\">{\"@context\":\"https:\/\/schema.org\",\"@graph\":[{\"@type\":\"WebPage\",\"@id\":\"https:\/\/www.nlyte.com\/fr\/produits\/suivi-des-applications\/\",\"url\":\"https:\/\/www.nlyte.com\/fr\/produits\/suivi-des-applications\/\",\"name\":\"Logiciel de suivi des applications | Nlyte\",\"isPartOf\":{\"@id\":\"https:\/\/www.nlyte.com\/fr\/#website\"},\"datePublished\":\"2019-09-13T21:38:18+00:00\",\"dateModified\":\"2020-03-02T22:41:39+00:00\",\"description\":\"Application Tracker est une solution de processus m\u00e9tier compl\u00e8te con\u00e7ue sp\u00e9cifiquement pour traiter l'interaction du mat\u00e9riel informatique et des logiciels avec le personnel d'une organisation.\",\"breadcrumb\":{\"@id\":\"https:\/\/www.nlyte.com\/fr\/produits\/suivi-des-applications\/#breadcrumb\"},\"inLanguage\":\"en-US\",\"potentialAction\":[{\"@type\":\"ReadAction\",\"target\":[\"https:\/\/www.nlyte.com\/fr\/produits\/suivi-des-applications\/\"]}]},{\"@type\":\"BreadcrumbList\",\"@id\":\"https:\/\/www.nlyte.com\/fr\/produits\/suivi-des-applications\/#breadcrumb\",\"itemListElement\":[{\"@type\":\"ListItem\",\"position\":1,\"name\":\"Home\",\"item\":\"https:\/\/www.nlyte.com\/fr\/\"},{\"@type\":\"ListItem\",\"position\":2,\"name\":\"Produits\",\"item\":\"https:\/\/www.nlyte.com\/fr\/produits\/\"},{\"@type\":\"ListItem\",\"position\":3,\"name\":\"Suivi des applications\"}]},{\"@type\":\"WebSite\",\"@id\":\"https:\/\/www.nlyte.com\/fr\/#website\",\"url\":\"https:\/\/www.nlyte.com\/fr\/\",\"name\":\"Nlyte\",\"description\":\"Just another WordPress site\",\"publisher\":{\"@id\":\"https:\/\/www.nlyte.com\/fr\/#organization\"},\"potentialAction\":[{\"@type\":\"SearchAction\",\"target\":{\"@type\":\"EntryPoint\",\"urlTemplate\":\"https:\/\/www.nlyte.com\/fr\/?s={search_term_string}\"},\"query-input\":\"required name=search_term_string\"}],\"inLanguage\":\"en-US\"},{\"@type\":\"Organization\",\"@id\":\"https:\/\/www.nlyte.com\/fr\/#organization\",\"name\":\"Nlyte Software\",\"url\":\"https:\/\/www.nlyte.com\/fr\/\",\"logo\":{\"@type\":\"ImageObject\",\"inLanguage\":\"en-US\",\"@id\":\"https:\/\/www.nlyte.com\/fr\/#\/schema\/logo\/image\/\",\"url\":\"https:\/\/www.nlyte.com\/fr\/web\/wp-content\/uploads\/2019\/05\/Nlyte_favicon.png\",\"contentUrl\":\"https:\/\/www.nlyte.com\/fr\/web\/wp-content\/uploads\/2019\/05\/Nlyte_favicon.png\",\"width\":476,\"height\":475,\"caption\":\"Nlyte Software\"},\"image\":{\"@id\":\"https:\/\/www.nlyte.com\/fr\/#\/schema\/logo\/image\/\"}}]}<\/script>\n<!-- \/ Yoast SEO Premium plugin. -->","yoast_head_json":{"title":"Logiciel de suivi des applications | Nlyte","description":"Application Tracker est une solution de processus m\u00e9tier compl\u00e8te con\u00e7ue sp\u00e9cifiquement pour traiter l'interaction du mat\u00e9riel informatique et des logiciels avec le personnel d'une organisation.","robots":{"index":"index","follow":"follow","max-snippet":"max-snippet:-1","max-image-preview":"max-image-preview:large","max-video-preview":"max-video-preview:-1"},"canonical":"https:\/\/www.nlyte.com\/fr\/produits\/suivi-des-applications\/","og_locale":"en_US","og_type":"article","og_title":"Suivi des applications","og_description":"Application Tracker est une solution de processus m\u00e9tier compl\u00e8te con\u00e7ue sp\u00e9cifiquement pour traiter l'interaction du mat\u00e9riel informatique et des logiciels avec le personnel d'une organisation.","og_url":"https:\/\/www.nlyte.com\/fr\/produits\/suivi-des-applications\/","og_site_name":"Nlyte","article_modified_time":"2020-03-02T22:41:39+00:00","og_image":[{"url":"https:\/\/www.nlyte.com\/fr\/web\/wp-content\/uploads\/2019\/07\/thinBanner_gray-1-100x7.jpg"}],"twitter_card":"summary_large_image","twitter_misc":{"Est. reading time":"3 minutes"},"schema":{"@context":"https:\/\/schema.org","@graph":[{"@type":"WebPage","@id":"https:\/\/www.nlyte.com\/fr\/produits\/suivi-des-applications\/","url":"https:\/\/www.nlyte.com\/fr\/produits\/suivi-des-applications\/","name":"Logiciel de suivi des applications | Nlyte","isPartOf":{"@id":"https:\/\/www.nlyte.com\/fr\/#website"},"datePublished":"2019-09-13T21:38:18+00:00","dateModified":"2020-03-02T22:41:39+00:00","description":"Application Tracker est une solution de processus m\u00e9tier compl\u00e8te con\u00e7ue sp\u00e9cifiquement pour traiter l'interaction du mat\u00e9riel informatique et des logiciels avec le personnel d'une organisation.","breadcrumb":{"@id":"https:\/\/www.nlyte.com\/fr\/produits\/suivi-des-applications\/#breadcrumb"},"inLanguage":"en-US","potentialAction":[{"@type":"ReadAction","target":["https:\/\/www.nlyte.com\/fr\/produits\/suivi-des-applications\/"]}]},{"@type":"BreadcrumbList","@id":"https:\/\/www.nlyte.com\/fr\/produits\/suivi-des-applications\/#breadcrumb","itemListElement":[{"@type":"ListItem","position":1,"name":"Home","item":"https:\/\/www.nlyte.com\/fr\/"},{"@type":"ListItem","position":2,"name":"Produits","item":"https:\/\/www.nlyte.com\/fr\/produits\/"},{"@type":"ListItem","position":3,"name":"Suivi des applications"}]},{"@type":"WebSite","@id":"https:\/\/www.nlyte.com\/fr\/#website","url":"https:\/\/www.nlyte.com\/fr\/","name":"Nlyte","description":"Just another WordPress site","publisher":{"@id":"https:\/\/www.nlyte.com\/fr\/#organization"},"potentialAction":[{"@type":"SearchAction","target":{"@type":"EntryPoint","urlTemplate":"https:\/\/www.nlyte.com\/fr\/?s={search_term_string}"},"query-input":"required name=search_term_string"}],"inLanguage":"en-US"},{"@type":"Organization","@id":"https:\/\/www.nlyte.com\/fr\/#organization","name":"Nlyte Software","url":"https:\/\/www.nlyte.com\/fr\/","logo":{"@type":"ImageObject","inLanguage":"en-US","@id":"https:\/\/www.nlyte.com\/fr\/#\/schema\/logo\/image\/","url":"https:\/\/www.nlyte.com\/fr\/web\/wp-content\/uploads\/2019\/05\/Nlyte_favicon.png","contentUrl":"https:\/\/www.nlyte.com\/fr\/web\/wp-content\/uploads\/2019\/05\/Nlyte_favicon.png","width":476,"height":475,"caption":"Nlyte Software"},"image":{"@id":"https:\/\/www.nlyte.com\/fr\/#\/schema\/logo\/image\/"}}]}},"_links":{"self":[{"href":"https:\/\/www.nlyte.com\/fr\/wp-json\/wp\/v2\/pages\/14942"}],"collection":[{"href":"https:\/\/www.nlyte.com\/fr\/wp-json\/wp\/v2\/pages"}],"about":[{"href":"https:\/\/www.nlyte.com\/fr\/wp-json\/wp\/v2\/types\/page"}],"author":[{"embeddable":true,"href":"https:\/\/www.nlyte.com\/fr\/wp-json\/wp\/v2\/users\/5"}],"replies":[{"embeddable":true,"href":"https:\/\/www.nlyte.com\/fr\/wp-json\/wp\/v2\/comments?post=14942"}],"version-history":[{"count":11,"href":"https:\/\/www.nlyte.com\/fr\/wp-json\/wp\/v2\/pages\/14942\/revisions"}],"predecessor-version":[{"id":19096,"href":"https:\/\/www.nlyte.com\/fr\/wp-json\/wp\/v2\/pages\/14942\/revisions\/19096"}],"up":[{"embeddable":true,"href":"https:\/\/www.nlyte.com\/fr\/wp-json\/wp\/v2\/pages\/9942"}],"wp:attachment":[{"href":"https:\/\/www.nlyte.com\/fr\/wp-json\/wp\/v2\/media?parent=14942"}],"curies":[{"name":"wp","href":"https:\/\/api.w.org\/{rel}","templated":true}]}}