{"id":17662,"date":"2019-10-01T17:25:53","date_gmt":"2019-10-01T21:25:53","guid":{"rendered":"http:\/\/www.nlyte.com\/fr\/industries\/case-study-walgreens-copy\/"},"modified":"2020-08-24T06:49:38","modified_gmt":"2020-08-24T10:49:38","slug":"etude-de-cas-des-telecommunications","status":"publish","type":"page","link":"https:\/\/www.nlyte.com\/fr\/industries\/etude-de-cas-des-telecommunications\/","title":{"rendered":"\u00c9tude de cas des t\u00e9l\u00e9communications: Verizon"},"content":{"rendered":"<div class=\"kmdg-builder-content\"><div class=\"builder-font-controller\"><section id=\"\" class=\"builder-section builder-section-type--section builder-custom-theme builder-theme--theme-1 builder-section-padding-top-med builder-section-padding-bottom-med builder-layout-padding-med builder-font-normal   builder-valign-top       \" style=''><div class='builder-bg-image-wrap' style='height:100%'><div class='builder-img-bg loaded' style='background-image: url(https:\/\/www.nlyte.com\/fr\/web\/wp-content\/uploads\/2019\/07\/thinBanner_gray-1.jpg);opacity:1;background-position-y:center;' ><img src='https:\/\/www.nlyte.com\/fr\/web\/wp-content\/uploads\/2019\/07\/thinBanner_gray-1.jpg' alt='' role='presentation'><\/div><\/div><div class=\"builder-layouts-container\"><div class=\"builder-layout builder-layout-one-column \"><div class=\"builder-container\">\n<div class=\"builder-table\">\n    \n<div class=\"builder-column builder-column-type--column \">\n    <div class=\"builder-column-body\">\n        <div class=\"builder-content\">\n            \n\n\n<div class=\"builder-component builder-component-wysiwyg builder-component-index-1   builder-mobile-animation\" style=\"padding: 0% 0%;background-color: ;\">\n    <h1 style=\"text-align: center;\">\u00c9tude de cas des t\u00e9l\u00e9communications<\/h1>\n<\/div>\n        <\/div>\n    <\/div>\n<\/div><\/div>\n\n<\/div><\/div><\/div><\/section><section id=\"\" class=\"builder-section builder-section-type--section builder-custom-theme builder-theme--theme-0 builder-section-padding-top-high builder-section-padding-bottom-huge builder-layout-padding-med builder-font-normal   builder-valign-top       \" style=''><div class=\"builder-layouts-container\"><div class=\"builder-layout builder-layout-three-col-lg-mid \"><div class=\"builder-container\">\n<div class=\"builder-table\">\n    \n<div class=\"builder-column builder-column-type--column \">\n    <div class=\"builder-column-body\">\n        <div class=\"builder-content\">\n            \n<div class=\"builder-component builder-component-solution-block builder-component-index-1   builder-mobile-animation\">\n    <div class=\"solution-block\">\n                    <h2 class=\"solution-block__title\">Consommateur<\/h2>\n                <div class=\"solution-block__content\">\n                                                <div class=\"solution-item solution-item__content\">\n                        <div class=\"solution-item__wrapper\">\n                            <div class=\"solution-item__img\">\n\n                                \n                                    <img decoding=\"async\" class=\"solution-item__img--image\" src=\"https:\/\/www.nlyte.com\/fr\/web\/wp-content\/uploads\/2019\/07\/Icon09.png\" alt=\"icon\">\n\n                                \n                            <\/div>\n\n                            <div class=\"solution-item__desc\">\n                                <p class=\"solution-item__type\">QUARTIER G\u00c9N\u00c9RAL:<\/p>\n                                                                    <h4 class=\"solution-item__url\">\n                                        New York, NY, USA                                    <\/h4>\n                                                            <\/div>\n                        <\/div>\n                    <\/div>\n                                    <div class=\"solution-item solution-item__content\">\n                        <div class=\"solution-item__wrapper\">\n                            <div class=\"solution-item__img\">\n\n                                \n                                    <img decoding=\"async\" class=\"solution-item__img--image\" src=\"https:\/\/www.nlyte.com\/fr\/web\/wp-content\/uploads\/2019\/07\/Icon06.png\" alt=\"icon\">\n\n                                \n                            <\/div>\n\n                            <div class=\"solution-item__desc\">\n                                <p class=\"solution-item__type\">INDUSTRIE:<\/p>\n                                                                    <h4 class=\"solution-item__url\">\n                                        T\u00e9l\u00e9communications                                    <\/h4>\n                                                            <\/div>\n                        <\/div>\n                    <\/div>\n                                    <div class=\"solution-item solution-item__content\">\n                        <div class=\"solution-item__wrapper\">\n                            <div class=\"solution-item__img\">\n\n                                \n                                    <img decoding=\"async\" class=\"solution-item__img--image\" src=\"https:\/\/www.nlyte.com\/fr\/web\/wp-content\/uploads\/2019\/07\/Icon10.png\" alt=\"icon\">\n\n                                \n                            <\/div>\n\n                            <div class=\"solution-item__desc\">\n                                <p class=\"solution-item__type\">PRODUITS ET SERVICES:<\/p>\n                                                                    <h4 class=\"solution-item__url\">\n                                                                            <\/h4>\n                                                            <\/div>\n                        <\/div>\n                    <\/div>\n                                    <div class=\"solution-item solution-item__content\">\n                        <div class=\"solution-item__wrapper\">\n                            <div class=\"solution-item__img\">\n\n                                \n                                    <img decoding=\"async\" class=\"solution-item__img--image\" src=\"https:\/\/www.nlyte.com\/fr\/web\/wp-content\/uploads\/2019\/07\/Icon04.png\" alt=\"icon\">\n\n                                \n                            <\/div>\n\n                            <div class=\"solution-item__desc\">\n                                <p class=\"solution-item__type\"> REVENU:<\/p>\n                                                                    <h4 class=\"solution-item__url\">\n                                        130.9 billion                                    <\/h4>\n                                                            <\/div>\n                        <\/div>\n                    <\/div>\n                                    <div class=\"solution-item solution-item__content\">\n                        <div class=\"solution-item__wrapper\">\n                            <div class=\"solution-item__img\">\n\n                                \n                                    <img decoding=\"async\" class=\"solution-item__img--image\" src=\"https:\/\/www.nlyte.com\/fr\/web\/wp-content\/uploads\/2019\/07\/Icon07.png\" alt=\"icon\">\n\n                                \n                            <\/div>\n\n                            <div class=\"solution-item__desc\">\n                                <p class=\"solution-item__type\">DES EMPLOY\u00c9S:<\/p>\n                                                                    <h4 class=\"solution-item__url\">\n                                        139,400+                                    <\/h4>\n                                                            <\/div>\n                        <\/div>\n                    <\/div>\n                                    <div class=\"solution-item solution-item__content\">\n                        <div class=\"solution-item__wrapper\">\n                            <div class=\"solution-item__img\">\n\n                                \n                                    <img decoding=\"async\" class=\"solution-item__img--image\" src=\"https:\/\/www.nlyte.com\/fr\/web\/wp-content\/uploads\/2019\/07\/Icon05.png\" alt=\"icon\">\n\n                                \n                            <\/div>\n\n                            <div class=\"solution-item__desc\">\n                                <p class=\"solution-item__type\">T\u00c9L\u00c9CHARGER:<\/p>\n                                                                    <h4 class=\"solution-item__url\">\n                                        <a href=\"https:\/\/www.nlyte.com\/fr\/resource\/verizon-se-deplace-pour-etendre-lutilisation-de-nlyte-a-plusieurs-unites-commerciales\/\">\n                                            Regarde maintenant                                        <\/a>\n                                    <\/h4>\n                                                            <\/div>\n                        <\/div>\n                    <\/div>\n                                    <\/div>\n    <\/div>\n<\/div>\n\n<div class=\"builder-component builder-component-horizontal-buttons builder-component-index-2   builder-mobile-animation\">\n            <div class=\"buttons-row align-center\">\n                            <div class=\"single-button style-red\">\n                                        <a href=\"https:\/\/www.nlyte.com\/fr\/nlyte-en-action\/essai-gratuit\/\"\n                       rel=\"\"\n                       target=\"_self\"\n                       style=\"width: px\">\n\n\n                                                    DEMANDER UN ESSAI GRATUIT                                            <\/a>\n\n                <\/div>\n                    <\/div>\n    <\/div>\n        <\/div>\n    <\/div>\n<\/div>    \n<div class=\"builder-column builder-column-type--column \">\n    <div class=\"builder-column-body\">\n        <div class=\"builder-content\">\n            \n\n\n<div class=\"builder-component builder-component-wysiwyg builder-component-index-1   builder-mobile-animation\" style=\"padding: 0% 0%;background-color: ;\">\n    <h2>Verizon<\/h2>\n<p>Verizon Communications, un conglom\u00e9rat multinational am\u00e9ricain\u00a0de t\u00e9l\u00e9communications dont les revenus d\u00e9passent 131 milliards de dollars, souhaitait consolider et moderniser ses multiples centres de donn\u00e9es. Nlyte \u00e9tait initialement utilis\u00e9 dans les centres de donn\u00e9es de la division sans fil de Verizon. Une fois qu'elle a\u00a0constat\u00e9 \u00e0 quel point il \u00e9tait avantageux, elle a d\u00e9cid\u00e9 de l'\u00e9tendre \u00e0 l'ensemble des installations de calcul de la\u00a0soci\u00e9t\u00e9. Bien qu'elle\u00a0b\u00e9n\u00e9ficie\u00a0grandement des bases de la gestion de l'alimentation et du refroidissement, elle a\u00a0\u00e9t\u00e9 en mesure de r\u00e9duire ses d\u00e9penses de maintenance en suivant avec pr\u00e9cision les actifs. La planification de l'espace a \u00e9t\u00e9 essentielle \u00e0 leurs initiatives de consolidation et de modernisation en mod\u00e9lisant la densit\u00e9 des baies et en exploitant les donn\u00e9es pour compresser leur espace au pied carr\u00e9, prolongeant ainsi la dur\u00e9e de vie des installations et r\u00e9duisant les co\u00fbts d'expansion.<\/p>\n<\/div>\n        <\/div>\n    <\/div>\n<\/div>    \n<div class=\"builder-column builder-column-type--column \">\n    <div class=\"builder-column-body\">\n        <div class=\"builder-content\">\n            \n<div  class=\"builder-component builder-component-spacer builder-component-index-1   builder-mobile-animation\" style=\"padding: 5% 0 0 0;\"><\/div>\n\n<div         class=\" builder-component builder-component-image builder-component-index-2   builder-mobile-animation builder-component-image-size-normal  align-\">\n            <div class=\"image-container builder-lazy-img\" style=\"background-image:url(https:\/\/www.nlyte.com\/fr\/web\/wp-content\/uploads\/2019\/09\/hqdefault-7-1-100x75.jpg);\" data-srcs=\"{&quot;full&quot;:{&quot;src&quot;:&quot;https:\\\/\\\/www.nlyte.com\\\/fr\\\/web\\\/wp-content\\\/uploads\\\/2019\\\/09\\\/hqdefault-7-1.jpg&quot;,&quot;width&quot;:&quot;-1&quot;},&quot;medium&quot;:{&quot;src&quot;:&quot;https:\\\/\\\/www.nlyte.com\\\/fr\\\/web\\\/wp-content\\\/uploads\\\/2019\\\/09\\\/hqdefault-7-1-300x225.jpg&quot;,&quot;width&quot;:300}}\">\n            <div class=\"image-subcontainer \" style=\"max-height: inherit;\" >\n                <img  alt='Hqdefault (7)' src='https:\/\/www.nlyte.com\/fr\/web\/wp-content\/uploads\/2019\/09\/hqdefault-7-1-100x75.jpg' width='480' height='360' \/>            <\/div>\n        <\/div>\n    <\/div>\n\n\n<div class=\"builder-component builder-component-horizontal-buttons builder-component-index-3   builder-mobile-animation\">\n            <div class=\"buttons-row align-center\">\n                            <div class=\"single-button style-gray\">\n                                        <a href=\"https:\/\/www.nlyte.com\/fr\/resource\/verizon-se-deplace-pour-etendre-lutilisation-de-nlyte-a-plusieurs-unites-commerciales\/\"\n                       rel=\"\"\n                       target=\"_self\"\n                       style=\"width: px\">\n\n\n                                                     Regarde maintenant                                            <\/a>\n\n                <\/div>\n                    <\/div>\n    <\/div>\n        <\/div>\n    <\/div>\n<\/div><\/div>\n<\/div><\/div><\/div><\/section><\/div><\/div>","protected":false},"excerpt":{"rendered":"<p>\u00c9tude de cas des t\u00e9l\u00e9communications Consommateur QUARTIER G\u00c9N\u00c9RAL: New York, NY, USA INDUSTRIE: T\u00e9l\u00e9communications PRODUITS ET SERVICES: REVENU: 130.9 billion DES EMPLOY\u00c9S: 139,400+ T\u00c9L\u00c9CHARGER: Regarde maintenant DEMANDER UN ESSAI GRATUIT Verizon Verizon Communications, un conglom\u00e9rat&hellip;<\/p>\n","protected":false},"author":5,"featured_media":0,"parent":5702,"menu_order":0,"comment_status":"closed","ping_status":"closed","template":"","meta":{"footnotes":""},"acf":[],"yoast_head":"<!-- This site is optimized with the Yoast SEO Premium plugin v21.7 (Yoast SEO v21.8) - https:\/\/yoast.com\/wordpress\/plugins\/seo\/ -->\n<title>T\u00e9l\u00e9com \u00c9tude de cas des t\u00e9l\u00e9communications: Verizon | Nlyte<\/title>\n<meta name=\"description\" content=\"En savoir plus sur les solutions logicielles de gestion de l&#039;infrastructure de centre de donn\u00e9es (DCIM) que Nlyte propose \u00e0 ses clients du secteur des t\u00e9l\u00e9communications.\" \/>\n<meta name=\"robots\" content=\"index, follow, max-snippet:-1, max-image-preview:large, max-video-preview:-1\" \/>\n<link rel=\"canonical\" href=\"https:\/\/www.nlyte.com\/fr\/industries\/etude-de-cas-des-telecommunications\/\" \/>\n<meta property=\"og:locale\" content=\"en_US\" \/>\n<meta property=\"og:type\" content=\"article\" \/>\n<meta property=\"og:title\" content=\"\u00c9tude de cas des t\u00e9l\u00e9communications: Verizon\" \/>\n<meta property=\"og:description\" content=\"En savoir plus sur les solutions logicielles de gestion de l&#039;infrastructure de centre de donn\u00e9es (DCIM) que Nlyte propose \u00e0 ses clients du secteur des t\u00e9l\u00e9communications.\" \/>\n<meta property=\"og:url\" content=\"https:\/\/www.nlyte.com\/fr\/industries\/etude-de-cas-des-telecommunications\/\" \/>\n<meta property=\"og:site_name\" content=\"Nlyte\" \/>\n<meta property=\"article:modified_time\" content=\"2020-08-24T10:49:38+00:00\" \/>\n<meta property=\"og:image\" content=\"https:\/\/www.nlyte.com\/fr\/web\/wp-content\/uploads\/2019\/07\/thinBanner_gray-1-100x7.jpg\" \/>\n<meta name=\"twitter:card\" content=\"summary_large_image\" \/>\n<meta name=\"twitter:label1\" content=\"Est. reading time\" \/>\n\t<meta name=\"twitter:data1\" content=\"1 minute\" \/>\n<script type=\"application\/ld+json\" class=\"yoast-schema-graph\">{\"@context\":\"https:\/\/schema.org\",\"@graph\":[{\"@type\":\"WebPage\",\"@id\":\"https:\/\/www.nlyte.com\/fr\/industries\/etude-de-cas-des-telecommunications\/\",\"url\":\"https:\/\/www.nlyte.com\/fr\/industries\/etude-de-cas-des-telecommunications\/\",\"name\":\"T\u00e9l\u00e9com \u00c9tude de cas des t\u00e9l\u00e9communications: Verizon | Nlyte\",\"isPartOf\":{\"@id\":\"https:\/\/www.nlyte.com\/fr\/#website\"},\"datePublished\":\"2019-10-01T21:25:53+00:00\",\"dateModified\":\"2020-08-24T10:49:38+00:00\",\"description\":\"En savoir plus sur les solutions logicielles de gestion de l'infrastructure de centre de donn\u00e9es (DCIM) que Nlyte propose \u00e0 ses clients du secteur des t\u00e9l\u00e9communications.\",\"breadcrumb\":{\"@id\":\"https:\/\/www.nlyte.com\/fr\/industries\/etude-de-cas-des-telecommunications\/#breadcrumb\"},\"inLanguage\":\"en-US\",\"potentialAction\":[{\"@type\":\"ReadAction\",\"target\":[\"https:\/\/www.nlyte.com\/fr\/industries\/etude-de-cas-des-telecommunications\/\"]}]},{\"@type\":\"BreadcrumbList\",\"@id\":\"https:\/\/www.nlyte.com\/fr\/industries\/etude-de-cas-des-telecommunications\/#breadcrumb\",\"itemListElement\":[{\"@type\":\"ListItem\",\"position\":1,\"name\":\"Home\",\"item\":\"https:\/\/www.nlyte.com\/fr\/\"},{\"@type\":\"ListItem\",\"position\":2,\"name\":\"Industries\u00a0desservies\",\"item\":\"https:\/\/www.nlyte.com\/fr\/industries\/\"},{\"@type\":\"ListItem\",\"position\":3,\"name\":\"\u00c9tude de cas des t\u00e9l\u00e9communications: Verizon\"}]},{\"@type\":\"WebSite\",\"@id\":\"https:\/\/www.nlyte.com\/fr\/#website\",\"url\":\"https:\/\/www.nlyte.com\/fr\/\",\"name\":\"Nlyte\",\"description\":\"Just another WordPress site\",\"publisher\":{\"@id\":\"https:\/\/www.nlyte.com\/fr\/#organization\"},\"potentialAction\":[{\"@type\":\"SearchAction\",\"target\":{\"@type\":\"EntryPoint\",\"urlTemplate\":\"https:\/\/www.nlyte.com\/fr\/?s={search_term_string}\"},\"query-input\":\"required name=search_term_string\"}],\"inLanguage\":\"en-US\"},{\"@type\":\"Organization\",\"@id\":\"https:\/\/www.nlyte.com\/fr\/#organization\",\"name\":\"Nlyte Software\",\"url\":\"https:\/\/www.nlyte.com\/fr\/\",\"logo\":{\"@type\":\"ImageObject\",\"inLanguage\":\"en-US\",\"@id\":\"https:\/\/www.nlyte.com\/fr\/#\/schema\/logo\/image\/\",\"url\":\"https:\/\/www.nlyte.com\/fr\/web\/wp-content\/uploads\/2019\/05\/Nlyte_favicon.png\",\"contentUrl\":\"https:\/\/www.nlyte.com\/fr\/web\/wp-content\/uploads\/2019\/05\/Nlyte_favicon.png\",\"width\":476,\"height\":475,\"caption\":\"Nlyte Software\"},\"image\":{\"@id\":\"https:\/\/www.nlyte.com\/fr\/#\/schema\/logo\/image\/\"}}]}<\/script>\n<!-- \/ Yoast SEO Premium plugin. -->","yoast_head_json":{"title":"T\u00e9l\u00e9com \u00c9tude de cas des t\u00e9l\u00e9communications: Verizon | Nlyte","description":"En savoir plus sur les solutions logicielles de gestion de l'infrastructure de centre de donn\u00e9es (DCIM) que Nlyte propose \u00e0 ses clients du secteur des t\u00e9l\u00e9communications.","robots":{"index":"index","follow":"follow","max-snippet":"max-snippet:-1","max-image-preview":"max-image-preview:large","max-video-preview":"max-video-preview:-1"},"canonical":"https:\/\/www.nlyte.com\/fr\/industries\/etude-de-cas-des-telecommunications\/","og_locale":"en_US","og_type":"article","og_title":"\u00c9tude de cas des t\u00e9l\u00e9communications: Verizon","og_description":"En savoir plus sur les solutions logicielles de gestion de l'infrastructure de centre de donn\u00e9es (DCIM) que Nlyte propose \u00e0 ses clients du secteur des t\u00e9l\u00e9communications.","og_url":"https:\/\/www.nlyte.com\/fr\/industries\/etude-de-cas-des-telecommunications\/","og_site_name":"Nlyte","article_modified_time":"2020-08-24T10:49:38+00:00","og_image":[{"url":"https:\/\/www.nlyte.com\/fr\/web\/wp-content\/uploads\/2019\/07\/thinBanner_gray-1-100x7.jpg"}],"twitter_card":"summary_large_image","twitter_misc":{"Est. reading time":"1 minute"},"schema":{"@context":"https:\/\/schema.org","@graph":[{"@type":"WebPage","@id":"https:\/\/www.nlyte.com\/fr\/industries\/etude-de-cas-des-telecommunications\/","url":"https:\/\/www.nlyte.com\/fr\/industries\/etude-de-cas-des-telecommunications\/","name":"T\u00e9l\u00e9com \u00c9tude de cas des t\u00e9l\u00e9communications: Verizon | Nlyte","isPartOf":{"@id":"https:\/\/www.nlyte.com\/fr\/#website"},"datePublished":"2019-10-01T21:25:53+00:00","dateModified":"2020-08-24T10:49:38+00:00","description":"En savoir plus sur les solutions logicielles de gestion de l'infrastructure de centre de donn\u00e9es (DCIM) que Nlyte propose \u00e0 ses clients du secteur des t\u00e9l\u00e9communications.","breadcrumb":{"@id":"https:\/\/www.nlyte.com\/fr\/industries\/etude-de-cas-des-telecommunications\/#breadcrumb"},"inLanguage":"en-US","potentialAction":[{"@type":"ReadAction","target":["https:\/\/www.nlyte.com\/fr\/industries\/etude-de-cas-des-telecommunications\/"]}]},{"@type":"BreadcrumbList","@id":"https:\/\/www.nlyte.com\/fr\/industries\/etude-de-cas-des-telecommunications\/#breadcrumb","itemListElement":[{"@type":"ListItem","position":1,"name":"Home","item":"https:\/\/www.nlyte.com\/fr\/"},{"@type":"ListItem","position":2,"name":"Industries\u00a0desservies","item":"https:\/\/www.nlyte.com\/fr\/industries\/"},{"@type":"ListItem","position":3,"name":"\u00c9tude de cas des t\u00e9l\u00e9communications: Verizon"}]},{"@type":"WebSite","@id":"https:\/\/www.nlyte.com\/fr\/#website","url":"https:\/\/www.nlyte.com\/fr\/","name":"Nlyte","description":"Just another WordPress site","publisher":{"@id":"https:\/\/www.nlyte.com\/fr\/#organization"},"potentialAction":[{"@type":"SearchAction","target":{"@type":"EntryPoint","urlTemplate":"https:\/\/www.nlyte.com\/fr\/?s={search_term_string}"},"query-input":"required name=search_term_string"}],"inLanguage":"en-US"},{"@type":"Organization","@id":"https:\/\/www.nlyte.com\/fr\/#organization","name":"Nlyte Software","url":"https:\/\/www.nlyte.com\/fr\/","logo":{"@type":"ImageObject","inLanguage":"en-US","@id":"https:\/\/www.nlyte.com\/fr\/#\/schema\/logo\/image\/","url":"https:\/\/www.nlyte.com\/fr\/web\/wp-content\/uploads\/2019\/05\/Nlyte_favicon.png","contentUrl":"https:\/\/www.nlyte.com\/fr\/web\/wp-content\/uploads\/2019\/05\/Nlyte_favicon.png","width":476,"height":475,"caption":"Nlyte Software"},"image":{"@id":"https:\/\/www.nlyte.com\/fr\/#\/schema\/logo\/image\/"}}]}},"_links":{"self":[{"href":"https:\/\/www.nlyte.com\/fr\/wp-json\/wp\/v2\/pages\/17662"}],"collection":[{"href":"https:\/\/www.nlyte.com\/fr\/wp-json\/wp\/v2\/pages"}],"about":[{"href":"https:\/\/www.nlyte.com\/fr\/wp-json\/wp\/v2\/types\/page"}],"author":[{"embeddable":true,"href":"https:\/\/www.nlyte.com\/fr\/wp-json\/wp\/v2\/users\/5"}],"replies":[{"embeddable":true,"href":"https:\/\/www.nlyte.com\/fr\/wp-json\/wp\/v2\/comments?post=17662"}],"version-history":[{"count":8,"href":"https:\/\/www.nlyte.com\/fr\/wp-json\/wp\/v2\/pages\/17662\/revisions"}],"predecessor-version":[{"id":19418,"href":"https:\/\/www.nlyte.com\/fr\/wp-json\/wp\/v2\/pages\/17662\/revisions\/19418"}],"up":[{"embeddable":true,"href":"https:\/\/www.nlyte.com\/fr\/wp-json\/wp\/v2\/pages\/5702"}],"wp:attachment":[{"href":"https:\/\/www.nlyte.com\/fr\/wp-json\/wp\/v2\/media?parent=17662"}],"curies":[{"name":"wp","href":"https:\/\/api.w.org\/{rel}","templated":true}]}}