{"id":18788,"date":"2019-11-19T16:40:17","date_gmt":"2019-11-19T20:40:17","guid":{"rendered":"https:\/\/www.nlyte.com\/fr\/solutions\/asset-integrity-monitoring-copy\/"},"modified":"2020-08-24T06:44:33","modified_gmt":"2020-08-24T10:44:33","slug":"cloud-hybride","status":"publish","type":"page","link":"https:\/\/www.nlyte.com\/fr\/solutions\/cloud-hybride\/","title":{"rendered":"Cloud hybride"},"content":{"rendered":"<div class=\"kmdg-builder-content\"><div class=\"builder-font-controller\"><section id=\"\" class=\"builder-section builder-section-type--section builder-custom-theme builder-theme--theme-1 builder-section-padding-top-med builder-section-padding-bottom-med builder-layout-padding-med builder-font-normal   builder-valign-top       \" style=''><div class='builder-bg-image-wrap' style='height:100%'><div class='builder-img-bg loaded' style='background-image: url(https:\/\/www.nlyte.com\/fr\/web\/wp-content\/uploads\/2019\/07\/thinBanner_gray-1.jpg);opacity:1;background-position-y:center;' ><img src='https:\/\/www.nlyte.com\/fr\/web\/wp-content\/uploads\/2019\/07\/thinBanner_gray-1.jpg' alt='' role='presentation'><\/div><\/div><div class=\"builder-layouts-container\"><div class=\"builder-layout builder-layout-one-column \"><div class=\"builder-container\">\n<div class=\"builder-table\">\n    \n<div class=\"builder-column builder-column-type--column \">\n    <div class=\"builder-column-body\">\n        <div class=\"builder-content\">\n            \n\n\n<div class=\"builder-component builder-component-wysiwyg builder-component-index-1   builder-mobile-animation\" style=\"padding: 0% 0%;background-color: ;\">\n    <h1 style=\"text-align: center;\">Cloud hybride<\/h1>\n<\/div>\n        <\/div>\n    <\/div>\n<\/div><\/div>\n\n<\/div><\/div><\/div><\/section><section id=\"\" class=\"builder-section builder-section-type--section builder-custom-theme builder-theme--theme-0 builder-section-padding-top-med builder-section-padding-bottom-med builder-layout-padding-med builder-font-normal   builder-valign-middle       \" style=''><div class='builder-bg-image-wrap' style='height:100%'><div class='builder-img-bg loaded' style='background-image: url(https:\/\/www.nlyte.com\/fr\/web\/wp-content\/uploads\/2019\/08\/background_btm-fade02.jpg);opacity:1;background-position-y:bottom;' ><img src='https:\/\/www.nlyte.com\/fr\/web\/wp-content\/uploads\/2019\/08\/background_btm-fade02.jpg' alt='' role='presentation'><\/div><\/div><div class=\"builder-layouts-container\"><div class=\"builder-layout builder-layout-one-third-column \"><div class=\"builder-container\">\n<div class=\"builder-table\">\n    \n<div class=\"builder-column builder-column-type--column \">\n    <div class=\"builder-column-body\">\n        <div class=\"builder-content\">\n                    <\/div>\n    <\/div>\n<\/div>    \n<div class=\"builder-column builder-column-type--column \">\n    <div class=\"builder-column-body\">\n        <div class=\"builder-content\">\n            \n\n\n<div class=\"builder-component builder-component-wysiwyg builder-component-index-1   builder-mobile-animation\" style=\"padding: 0% 0%;background-color: ;\">\n    <h2>Le cloud hybride est apparu alors que notre monde exige maintenant plus de donn\u00e9es, des transactions plus rapides et un acc\u00e8s fiable.<\/h2>\n<p>Un cloud hybride promet d'optimiser les charges de travail des applications afin qu'elles atteignent leurs niveaux de performance sans fourniture excessive de l'infrastructure ni limitation des utilisateurs.\u00a0 Le cloud hybride permet aux organisations de placer leurs charges de travail des\u00a0applications dans des emplacements offrant le meilleur \u00e9quilibre entre performances et co\u00fbts.\u00a0 Pour tirer le meilleur parti du cloud hybride, il faut prendre en charge la mobilit\u00e9 des charges de travail des applications.\u00a0 En offrant cette mobilit\u00e9, les applications peuvent tirer parti des avantages en termes de co\u00fbts et de performances des centres de donn\u00e9es centralis\u00e9s, des installations de colocation, des clouds publics et du\u00a0calcul de bord, de mani\u00e8re transparente et en fonction des besoins.<\/p>\n<\/div>\n        <\/div>\n    <\/div>\n<\/div><\/div>\n<\/div><\/div><\/div><\/section><section id=\"\" class=\"builder-section builder-section-type--section builder-custom-theme builder-theme--theme-2 builder-section-padding-top-high builder-section-padding-bottom-high builder-layout-padding-med builder-font-normal   builder-valign-top       \" style='background-color: #106ea3;'><div class=\"builder-layouts-container\"><div class=\"builder-layout builder-layout-one-column \"><div class=\"builder-container\">\n<div class=\"builder-table\">\n    \n<div class=\"builder-column builder-column-type--column \">\n    <div class=\"builder-column-body\">\n        <div class=\"builder-content\">\n            \n\n\n<div class=\"builder-component builder-component-wysiwyg builder-component-index-1   builder-mobile-animation\" style=\"padding: 0% 0%;background-color: ;\">\n    <p><img loading=\"lazy\" decoding=\"async\" class=\" wp-image-18787 aligncenter\" src=\"https:\/\/www.nlyte.com\/fr\/web\/wp-content\/uploads\/2019\/11\/icon_hybridcloud@2x.png\" alt=\"\" width=\"144\" height=\"124\" srcset=\"https:\/\/www.nlyte.com\/fr\/web\/wp-content\/uploads\/2019\/11\/icon_hybridcloud@2x.png 165w, https:\/\/www.nlyte.com\/fr\/web\/wp-content\/uploads\/2019\/11\/icon_hybridcloud@2x-100x86.png 100w\" sizes=\"(max-width: 144px) 100vw, 144px\" \/><\/p>\n<h2 style=\"text-align: center;\"><strong>Comment dompter le cloud hybride<\/strong><\/h2>\n<\/div>\n        <\/div>\n    <\/div>\n<\/div><\/div>\n\n<\/div><\/div><div class=\"builder-layout builder-layout-two-column \"><div class=\"builder-container\">\n<div class=\"builder-table\">\n    \n<div class=\"builder-column builder-column-type--column \">\n    <div class=\"builder-column-body\">\n        <div class=\"builder-content\">\n            \n\n\n<div class=\"builder-component builder-component-wysiwyg builder-component-index-1   builder-mobile-animation\" style=\"padding: 0% 0%;background-color: ;\">\n    <p>Bien que le concept et les promesses d\u2019un cloud hybride soient viables et passionnants, l\u2019architecture, la construction et la gestion de celui-ci ne sont pas si intuitives.\u00a0 Les organisations disposent maintenant potentiellement de centaines de milliers de p\u00e9riph\u00e9riques et de millions d'attributs associ\u00e9s, traitant des centaines de millions de transactions chaque jour.<\/p>\n<p><strong>Comment capturer et dompter le cloud hybride?<\/strong><\/p>\n<ul>\n<li>Automatisez autant que possible et continuez \u00e0 automatiser<\/li>\n<li>Suivez tout, toujours<\/li>\n<li>Auditez, analysez et signalez<\/li>\n<\/ul>\n<\/div>\n        <\/div>\n    <\/div>\n<\/div>    \n<div class=\"builder-column builder-column-type--column \">\n    <div class=\"builder-column-body\">\n        <div class=\"builder-content\">\n            \n\n\n<div class=\"builder-component builder-component-wysiwyg builder-component-index-1   builder-mobile-animation\" style=\"padding: 0% 0%;background-color: ;\">\n    <p>Nlyte\u2019s approach to taming the Hybrid Cloud extends the reach of classic Data Center Infrastructure Management across the entire compute infrastructure.\u00a0 Nlyte\u2019s Automated DCIM and Machine Learning provide the visibility, management, automation, and advanced analytics needed to achieve application workload optimization across the Hybrid Cloud.<\/p>\n<ul>\n<li>Finding and inventorying every networked asset and all associated attributes<\/li>\n<li>Mapping dependencies between devices, network connections, and application workloads<\/li>\n<li>Tracking asset and environmental changes planned and unplanned<\/li>\n<li>Delivering inventory, operating status, change notifications and alarms<\/li>\n<li>Automating workflows, managing their progress, and providing an audit trail of all activity<\/li>\n<li>Sharing information with and between other critical systems including BMS, ITSM, and Finance<\/li>\n<\/ul>\n<\/div>\n        <\/div>\n    <\/div>\n<\/div><\/div><\/div><\/div><div class=\"builder-layout builder-layout-one-column \"><div class=\"builder-container\">\n<div class=\"builder-table\">\n    \n<div class=\"builder-column builder-column-type--column \">\n    <div class=\"builder-column-body\">\n        <div class=\"builder-content\">\n            \n\n\n<div class=\"builder-component builder-component-wysiwyg builder-component-index-1   builder-mobile-animation\" style=\"padding: 1% 13%;background-color: ;\">\n    <p style=\"text-align: center;\">D\u00e9couvrez comment Nlyte peut vous fournir la visibilit\u00e9 et la gestion de votre infrastructure de calcul, des installations au cloud hybride, et constituer une source unique d'informations fiables pour l\u2019ensemble de vos syst\u00e8mes BMS, ITSM et financiers.<\/p>\n<\/div>\n        <\/div>\n    <\/div>\n<\/div><\/div>\n\n<\/div><\/div><\/div><\/section><section id=\"\" class=\"builder-section builder-section-type--section builder-custom-theme builder-theme--theme-0 builder-section-padding-top-med builder-section-padding-bottom-none builder-layout-padding-none builder-font-normal   builder-valign-top       \" style='background-color: #d6d6d6;'><div class=\"builder-layouts-container\"><div class=\"builder-layout builder-layout-one-column \"><div class=\"builder-container\">\n<div class=\"builder-table\">\n    \n<div class=\"builder-column builder-column-type--column \">\n    <div class=\"builder-column-body\">\n        <div class=\"builder-content\">\n            \n<div  class=\"builder-component builder-component-title builder-component-index-1   builder-mobile-animation\">\n    <div class=\"builder-column-header\" style=\"text-align: center;\">\n        <h3 class=\"builder-title\">\n        Composants du cloud hybride    <\/h3>\n    <\/div>\n<\/div>\n        <\/div>\n    <\/div>\n<\/div><\/div>\n\n<\/div><\/div><div class=\"builder-layout builder-layout-tab-box \"><div class=\"builder-container\">\n    <div class=\"builder-tabs\">\n        <div class=\"builder-container u-builder-container-width\">\n            \n                \n                <div class=\"overtab active\" data-tab=\"1\">\n                    <div class=\"tab active\" data-tab=\"1\">\n                        <div class=\"title\">\n                            <span>Centres de donn\u00e9es centralis\u00e9s<\/span>\n                        <\/div>\n\n                                            <\/div>\n                <\/div>\n            \n                \n                <div class=\"overtab off\" data-tab=\"2\">\n                    <div class=\"tab off\" data-tab=\"2\">\n                        <div class=\"title\">\n                            <span>Clouds priv\u00e9s<\/span>\n                        <\/div>\n\n                                            <\/div>\n                <\/div>\n            \n                \n                <div class=\"overtab off\" data-tab=\"3\">\n                    <div class=\"tab off\" data-tab=\"3\">\n                        <div class=\"title\">\n                            <span>Fournisseurs de colocation<\/span>\n                        <\/div>\n\n                                            <\/div>\n                <\/div>\n            \n                \n                <div class=\"overtab off\" data-tab=\"4\">\n                    <div class=\"tab off\" data-tab=\"4\">\n                        <div class=\"title\">\n                            <span>Calcul de bord<\/span>\n                        <\/div>\n\n                                            <\/div>\n                <\/div>\n            \n                \n                <div class=\"overtab off\" data-tab=\"5\">\n                    <div class=\"tab off\" data-tab=\"5\">\n                        <div class=\"title\">\n                            <span>Clouds publics<\/span>\n                        <\/div>\n\n                                            <\/div>\n                <\/div>\n                    <\/div>\n\n    <\/div>\n\n    <div class=\"builder-tabs--content builder-theme-override builder-theme--theme-0\">\n        <div class=\"u-builder-container-width\">\n                                    <div class=\"tab--content active\"\n                             data-tab=\"1\">\n                            <div class=\"innertab__wrap\">\n                                                                <div class=\"wrap\">\n                                    <div class=\"text\">\n                                        <p>Abritant g\u00e9n\u00e9ralement des applications\u00a0de niveau 1 et existantes.<\/p>\n                                    <\/div>\n                                                                    <\/div>\n                            <\/div>\n                        <\/div>\n                                                <div class=\"tab--content \"\n                             data-tab=\"2\">\n                            <div class=\"innertab__wrap\">\n                                                                <div class=\"wrap\">\n                                    <div class=\"text\">\n                                        <p>Ils sont pratiquement identiques aux\u00a0centres de donn\u00e9es traditionnels avec une interface libre-service pour les utilisateurs.<\/p>\n                                    <\/div>\n                                                                    <\/div>\n                            <\/div>\n                        <\/div>\n                                                <div class=\"tab--content \"\n                             data-tab=\"3\">\n                            <div class=\"innertab__wrap\">\n                                                                <div class=\"wrap\">\n                                    <div class=\"text\">\n                                        <p>Fournissent g\u00e9n\u00e9ralement des services de centre de donn\u00e9es de niveau 2 \u00e0 4 aux organisations cherchant \u00e0 r\u00e9duire les d\u00e9penses d'exploitation li\u00e9es \u00e0 l'immobilier et aux installations ou \u00e0 rapprocher les charges de travail des applications des utilisateurs de bord.\u00a0 De nombreux fournisseurs de services g\u00e9r\u00e9s offrent des installations de colocation.<\/p>\n                                    <\/div>\n                                                                    <\/div>\n                            <\/div>\n                        <\/div>\n                                                <div class=\"tab--content \"\n                             data-tab=\"4\">\n                            <div class=\"innertab__wrap\">\n                                                                <div class=\"wrap\">\n                                    <div class=\"text\">\n                                        <p>Fournit des services de calcul proches de la transaction et pr\u00e9valent dans les applications de vente au d\u00e9tail et IoD.<\/p>\n                                    <\/div>\n                                                                    <\/div>\n                            <\/div>\n                        <\/div>\n                                                <div class=\"tab--content \"\n                             data-tab=\"5\">\n                            <div class=\"innertab__wrap\">\n                                                                <div class=\"wrap\">\n                                    <div class=\"text\">\n                                        <p>G\u00e9n\u00e9ralement, ceux-ci h\u00e9bergent des applications n\u00e9es dans le cloud et\u00a0SaaS.\u00a0Ils fournissent et cr\u00e9ent une demande pour les environnements DevOp et offrent la plus grande \u00e9lasticit\u00e9 pour la rotation des ressources de calcul\u00a0\u00e0 la demande.<\/p>\n                                    <\/div>\n                                                                    <\/div>\n                            <\/div>\n                        <\/div>\n                                <\/div>\n    <\/div>\n<\/div><\/div><\/div><\/section><section id=\"\" class=\"builder-section builder-section-type--section builder-custom-theme builder-theme--theme-0 builder-section-padding-top-high builder-section-padding-bottom-high builder-layout-padding-med builder-font-normal   builder-valign-top       \" style='background-color: #f3f3f3;'><div class=\"builder-layouts-container\"><div class=\"builder-layout builder-layout-one-column \"><div class=\"builder-container\">\n<div class=\"builder-table\">\n    \n<div class=\"builder-column builder-column-type--column \">\n    <div class=\"builder-column-body\">\n        <div class=\"builder-content\">\n                    <\/div>\n    <\/div>\n<\/div><\/div>\n\n<\/div><\/div><\/div><\/section><\/div><\/div>","protected":false},"excerpt":{"rendered":"<p>Cloud hybride Le cloud hybride est apparu alors que notre monde exige maintenant plus de donn\u00e9es, des transactions plus rapides et un acc\u00e8s fiable. Un cloud hybride promet d'optimiser les charges de travail des applications&hellip;<\/p>\n","protected":false},"author":5,"featured_media":0,"parent":10082,"menu_order":0,"comment_status":"closed","ping_status":"closed","template":"","meta":{"footnotes":""},"acf":[],"yoast_head":"<!-- This site is optimized with the Yoast SEO Premium plugin v21.7 (Yoast SEO v21.8) - https:\/\/yoast.com\/wordpress\/plugins\/seo\/ -->\n<title>Plateforme de cloud hybride | Nlyte<\/title>\n<meta name=\"description\" content=\"Le cloud hybride permet aux organisations de placer leurs charges de travail applicatives dans des emplacements offrant le meilleur \u00e9quilibre entre performances et co\u00fbts.\" \/>\n<meta name=\"robots\" content=\"index, follow, max-snippet:-1, max-image-preview:large, max-video-preview:-1\" \/>\n<link rel=\"canonical\" href=\"https:\/\/www.nlyte.com\/fr\/solutions\/cloud-hybride\/\" \/>\n<meta property=\"og:locale\" content=\"en_US\" \/>\n<meta property=\"og:type\" content=\"article\" \/>\n<meta property=\"og:title\" content=\"Cloud hybride\" \/>\n<meta property=\"og:description\" content=\"Le cloud hybride permet aux organisations de placer leurs charges de travail applicatives dans des emplacements offrant le meilleur \u00e9quilibre entre performances et co\u00fbts.\" \/>\n<meta property=\"og:url\" content=\"https:\/\/www.nlyte.com\/fr\/solutions\/cloud-hybride\/\" \/>\n<meta property=\"og:site_name\" content=\"Nlyte\" \/>\n<meta property=\"article:modified_time\" content=\"2020-08-24T10:44:33+00:00\" \/>\n<meta property=\"og:image\" content=\"https:\/\/www.nlyte.com\/fr\/web\/wp-content\/uploads\/2019\/07\/thinBanner_gray-1-100x7.jpg\" \/>\n<meta name=\"twitter:card\" content=\"summary_large_image\" \/>\n<meta name=\"twitter:label1\" content=\"Est. reading time\" \/>\n\t<meta name=\"twitter:data1\" content=\"3 minutes\" \/>\n<script type=\"application\/ld+json\" class=\"yoast-schema-graph\">{\"@context\":\"https:\/\/schema.org\",\"@graph\":[{\"@type\":\"WebPage\",\"@id\":\"https:\/\/www.nlyte.com\/fr\/solutions\/cloud-hybride\/\",\"url\":\"https:\/\/www.nlyte.com\/fr\/solutions\/cloud-hybride\/\",\"name\":\"Plateforme de cloud hybride | Nlyte\",\"isPartOf\":{\"@id\":\"https:\/\/www.nlyte.com\/fr\/#website\"},\"datePublished\":\"2019-11-19T20:40:17+00:00\",\"dateModified\":\"2020-08-24T10:44:33+00:00\",\"description\":\"Le cloud hybride permet aux organisations de placer leurs charges de travail applicatives dans des emplacements offrant le meilleur \u00e9quilibre entre performances et co\u00fbts.\",\"breadcrumb\":{\"@id\":\"https:\/\/www.nlyte.com\/fr\/solutions\/cloud-hybride\/#breadcrumb\"},\"inLanguage\":\"en-US\",\"potentialAction\":[{\"@type\":\"ReadAction\",\"target\":[\"https:\/\/www.nlyte.com\/fr\/solutions\/cloud-hybride\/\"]}]},{\"@type\":\"BreadcrumbList\",\"@id\":\"https:\/\/www.nlyte.com\/fr\/solutions\/cloud-hybride\/#breadcrumb\",\"itemListElement\":[{\"@type\":\"ListItem\",\"position\":1,\"name\":\"Home\",\"item\":\"https:\/\/www.nlyte.com\/fr\/\"},{\"@type\":\"ListItem\",\"position\":2,\"name\":\"Solutions\",\"item\":\"https:\/\/www.nlyte.com\/fr\/solutions\/\"},{\"@type\":\"ListItem\",\"position\":3,\"name\":\"Cloud hybride\"}]},{\"@type\":\"WebSite\",\"@id\":\"https:\/\/www.nlyte.com\/fr\/#website\",\"url\":\"https:\/\/www.nlyte.com\/fr\/\",\"name\":\"Nlyte\",\"description\":\"Just another WordPress site\",\"publisher\":{\"@id\":\"https:\/\/www.nlyte.com\/fr\/#organization\"},\"potentialAction\":[{\"@type\":\"SearchAction\",\"target\":{\"@type\":\"EntryPoint\",\"urlTemplate\":\"https:\/\/www.nlyte.com\/fr\/?s={search_term_string}\"},\"query-input\":\"required name=search_term_string\"}],\"inLanguage\":\"en-US\"},{\"@type\":\"Organization\",\"@id\":\"https:\/\/www.nlyte.com\/fr\/#organization\",\"name\":\"Nlyte Software\",\"url\":\"https:\/\/www.nlyte.com\/fr\/\",\"logo\":{\"@type\":\"ImageObject\",\"inLanguage\":\"en-US\",\"@id\":\"https:\/\/www.nlyte.com\/fr\/#\/schema\/logo\/image\/\",\"url\":\"https:\/\/www.nlyte.com\/fr\/web\/wp-content\/uploads\/2019\/05\/Nlyte_favicon.png\",\"contentUrl\":\"https:\/\/www.nlyte.com\/fr\/web\/wp-content\/uploads\/2019\/05\/Nlyte_favicon.png\",\"width\":476,\"height\":475,\"caption\":\"Nlyte Software\"},\"image\":{\"@id\":\"https:\/\/www.nlyte.com\/fr\/#\/schema\/logo\/image\/\"}}]}<\/script>\n<!-- \/ Yoast SEO Premium plugin. -->","yoast_head_json":{"title":"Plateforme de cloud hybride | Nlyte","description":"Le cloud hybride permet aux organisations de placer leurs charges de travail applicatives dans des emplacements offrant le meilleur \u00e9quilibre entre performances et co\u00fbts.","robots":{"index":"index","follow":"follow","max-snippet":"max-snippet:-1","max-image-preview":"max-image-preview:large","max-video-preview":"max-video-preview:-1"},"canonical":"https:\/\/www.nlyte.com\/fr\/solutions\/cloud-hybride\/","og_locale":"en_US","og_type":"article","og_title":"Cloud hybride","og_description":"Le cloud hybride permet aux organisations de placer leurs charges de travail applicatives dans des emplacements offrant le meilleur \u00e9quilibre entre performances et co\u00fbts.","og_url":"https:\/\/www.nlyte.com\/fr\/solutions\/cloud-hybride\/","og_site_name":"Nlyte","article_modified_time":"2020-08-24T10:44:33+00:00","og_image":[{"url":"https:\/\/www.nlyte.com\/fr\/web\/wp-content\/uploads\/2019\/07\/thinBanner_gray-1-100x7.jpg"}],"twitter_card":"summary_large_image","twitter_misc":{"Est. reading time":"3 minutes"},"schema":{"@context":"https:\/\/schema.org","@graph":[{"@type":"WebPage","@id":"https:\/\/www.nlyte.com\/fr\/solutions\/cloud-hybride\/","url":"https:\/\/www.nlyte.com\/fr\/solutions\/cloud-hybride\/","name":"Plateforme de cloud hybride | Nlyte","isPartOf":{"@id":"https:\/\/www.nlyte.com\/fr\/#website"},"datePublished":"2019-11-19T20:40:17+00:00","dateModified":"2020-08-24T10:44:33+00:00","description":"Le cloud hybride permet aux organisations de placer leurs charges de travail applicatives dans des emplacements offrant le meilleur \u00e9quilibre entre performances et co\u00fbts.","breadcrumb":{"@id":"https:\/\/www.nlyte.com\/fr\/solutions\/cloud-hybride\/#breadcrumb"},"inLanguage":"en-US","potentialAction":[{"@type":"ReadAction","target":["https:\/\/www.nlyte.com\/fr\/solutions\/cloud-hybride\/"]}]},{"@type":"BreadcrumbList","@id":"https:\/\/www.nlyte.com\/fr\/solutions\/cloud-hybride\/#breadcrumb","itemListElement":[{"@type":"ListItem","position":1,"name":"Home","item":"https:\/\/www.nlyte.com\/fr\/"},{"@type":"ListItem","position":2,"name":"Solutions","item":"https:\/\/www.nlyte.com\/fr\/solutions\/"},{"@type":"ListItem","position":3,"name":"Cloud hybride"}]},{"@type":"WebSite","@id":"https:\/\/www.nlyte.com\/fr\/#website","url":"https:\/\/www.nlyte.com\/fr\/","name":"Nlyte","description":"Just another WordPress site","publisher":{"@id":"https:\/\/www.nlyte.com\/fr\/#organization"},"potentialAction":[{"@type":"SearchAction","target":{"@type":"EntryPoint","urlTemplate":"https:\/\/www.nlyte.com\/fr\/?s={search_term_string}"},"query-input":"required name=search_term_string"}],"inLanguage":"en-US"},{"@type":"Organization","@id":"https:\/\/www.nlyte.com\/fr\/#organization","name":"Nlyte Software","url":"https:\/\/www.nlyte.com\/fr\/","logo":{"@type":"ImageObject","inLanguage":"en-US","@id":"https:\/\/www.nlyte.com\/fr\/#\/schema\/logo\/image\/","url":"https:\/\/www.nlyte.com\/fr\/web\/wp-content\/uploads\/2019\/05\/Nlyte_favicon.png","contentUrl":"https:\/\/www.nlyte.com\/fr\/web\/wp-content\/uploads\/2019\/05\/Nlyte_favicon.png","width":476,"height":475,"caption":"Nlyte Software"},"image":{"@id":"https:\/\/www.nlyte.com\/fr\/#\/schema\/logo\/image\/"}}]}},"_links":{"self":[{"href":"https:\/\/www.nlyte.com\/fr\/wp-json\/wp\/v2\/pages\/18788"}],"collection":[{"href":"https:\/\/www.nlyte.com\/fr\/wp-json\/wp\/v2\/pages"}],"about":[{"href":"https:\/\/www.nlyte.com\/fr\/wp-json\/wp\/v2\/types\/page"}],"author":[{"embeddable":true,"href":"https:\/\/www.nlyte.com\/fr\/wp-json\/wp\/v2\/users\/5"}],"replies":[{"embeddable":true,"href":"https:\/\/www.nlyte.com\/fr\/wp-json\/wp\/v2\/comments?post=18788"}],"version-history":[{"count":11,"href":"https:\/\/www.nlyte.com\/fr\/wp-json\/wp\/v2\/pages\/18788\/revisions"}],"predecessor-version":[{"id":19415,"href":"https:\/\/www.nlyte.com\/fr\/wp-json\/wp\/v2\/pages\/18788\/revisions\/19415"}],"up":[{"embeddable":true,"href":"https:\/\/www.nlyte.com\/fr\/wp-json\/wp\/v2\/pages\/10082"}],"wp:attachment":[{"href":"https:\/\/www.nlyte.com\/fr\/wp-json\/wp\/v2\/media?parent=18788"}],"curies":[{"name":"wp","href":"https:\/\/api.w.org\/{rel}","templated":true}]}}