{"id":2209,"date":"2019-05-28T17:34:34","date_gmt":"2019-05-28T21:34:34","guid":{"rendered":"http:\/\/www.nlyte.com\/fr\/?page_id=2209"},"modified":"2020-03-16T11:53:44","modified_gmt":"2020-03-16T15:53:44","slug":"nlyte-en-action","status":"publish","type":"page","link":"https:\/\/www.nlyte.com\/fr\/nlyte-en-action\/","title":{"rendered":"Voir Nlyte en action"},"content":{"rendered":"<div class=\"kmdg-builder-content\"><div class=\"builder-font-controller\"><section id=\"\" class=\"builder-section builder-section-type--section builder-custom-theme builder-theme--theme-1 builder-section-padding-top-med builder-section-padding-bottom-med builder-layout-padding-med builder-font-normal   builder-valign-top       \" style=''><div class='builder-bg-image-wrap' style='height:100%'><div class='builder-img-bg loaded' style='background-image: url(https:\/\/www.nlyte.com\/fr\/web\/wp-content\/uploads\/2019\/07\/thinBanner_gray-1.jpg);opacity:1;background-position-y:center;' ><img src='https:\/\/www.nlyte.com\/fr\/web\/wp-content\/uploads\/2019\/07\/thinBanner_gray-1.jpg' alt='' role='presentation'><\/div><\/div><div class=\"builder-layouts-container\"><div class=\"builder-layout builder-layout-one-column \"><div class=\"builder-container\">\n<div class=\"builder-table\">\n    \n<div class=\"builder-column builder-column-type--column \">\n    <div class=\"builder-column-body\">\n        <div class=\"builder-content\">\n            \n\n\n<div class=\"builder-component builder-component-wysiwyg builder-component-index-1   builder-mobile-animation\" style=\"padding: 0% 0%;background-color: ;\">\n    <h1 style=\"text-align: center;\">Voir Nlyte en action<\/h1>\n<\/div>\n        <\/div>\n    <\/div>\n<\/div><\/div>\n\n<\/div><\/div><\/div><\/section><section id=\"\" class=\"builder-section builder-section-type--section builder-custom-theme builder-theme--theme-0 builder-section-padding-top-high builder-section-padding-bottom-high builder-layout-padding-med builder-font-normal   builder-valign-top       \" style=''><div class=\"builder-layouts-container\"><div class=\"builder-layout builder-layout-tile-cards \"><div class=\"builder-container\">    <div class=\"builder-layout-tile-cards__row\">\n                                <div class=\"tile-card tile-card__center\">\n                <div class=\"tile-card__wrap tile-card__wrap--normal builder-theme-override builder-theme--theme-0\"\n                     style=\" \">\n                                        <div class=\"tile-card__tile\">\n\n                                                    <div class=\"tile-card__top \">\n                                                                                                            <div class=\"tile-card__img\">\n                                            <img decoding=\"async\" class=\"\"\n                                                 src=\"https:\/\/www.nlyte.com\/fr\/web\/wp-content\/uploads\/2019\/05\/productVideos-icon-v2.png\" alt=\"Icon\">\n                                        <\/div>\n                                    \n\n                                                                            <div class=\"tile-card__title tile-card__title--no\">\n                                            <h3>Vid\u00e9os de produits<\/h3>\n                                        <\/div>\n                                                                                                <\/div>\n                        \n\n                        <div class=\"tile-card__bottom\">\n                                                            <div class=\"tile-card__content\">\n                                    <h6>B\u00e9n\u00e9ficiez d'une analyse en profondeur\u00a0de la suite de solutions DCIM de Nlyte\u00a0\u00e0 travers nos vid\u00e9os de produits.<\/h6>\n                                <\/div>\n                                                                                        <div class=\"tile-card__link tile-card__link--no\">\n                                    <a href=\"https:\/\/www.nlyte.com\/fr\/nlyte-en-action\/videos-de-produits\/\" target=\"_self\">\n                                        Obtenir l'acc\u00e8s                                        <i class=\"fas fa-long-arrow-alt-right\"><\/i>\n                                    <\/a>\n                                <\/div>\n                                                    <\/div>\n                    <\/div>\n                <\/div>\n            <\/div>\n                                <div class=\"tile-card tile-card__center\">\n                <div class=\"tile-card__wrap tile-card__wrap--normal builder-theme-override builder-theme--theme-0\"\n                     style=\" \">\n                                        <div class=\"tile-card__tile\">\n\n                                                    <div class=\"tile-card__top \">\n                                                                                                            <div class=\"tile-card__img\">\n                                            <img decoding=\"async\" class=\"\"\n                                                 src=\"https:\/\/www.nlyte.com\/fr\/web\/wp-content\/uploads\/2019\/05\/seeDemo-icon-v2.png\" alt=\"Icon\">\n                                        <\/div>\n                                    \n\n                                                                            <div class=\"tile-card__title tile-card__title--no\">\n                                            <h3>Visionner une d\u00e9monstration<\/h3>\n                                        <\/div>\n                                                                                                <\/div>\n                        \n\n                        <div class=\"tile-card__bottom\">\n                                                            <div class=\"tile-card__content\">\n                                    <h6>Visionnez une d\u00e9monstration\u00a0de la fa\u00e7on dont Nlyte peut vous aider dans l\u2019ensemble de votre infrastructure de calcul.<\/h6>\n                                <\/div>\n                                                                                        <div class=\"tile-card__link tile-card__link--no\">\n                                    <a href=\"https:\/\/www.nlyte.com\/fr\/nlyte-en-action\/visionner-une-demonstration\/\" target=\"_self\">\n                                        Comment cela fonctionne-t-il                                        <i class=\"fas fa-long-arrow-alt-right\"><\/i>\n                                    <\/a>\n                                <\/div>\n                                                    <\/div>\n                    <\/div>\n                <\/div>\n            <\/div>\n                                <div class=\"tile-card tile-card__center\">\n                <div class=\"tile-card__wrap tile-card__wrap--normal builder-theme-override builder-theme--theme-0\"\n                     style=\" \">\n                                        <div class=\"tile-card__tile\">\n\n                                                    <div class=\"tile-card__top \">\n                                                                                                            <div class=\"tile-card__img\">\n                                            <img decoding=\"async\" class=\"\"\n                                                 src=\"https:\/\/www.nlyte.com\/fr\/web\/wp-content\/uploads\/2019\/05\/freeTrial-icon-v2.png\" alt=\"Icon\">\n                                        <\/div>\n                                    \n\n                                                                            <div class=\"tile-card__title tile-card__title--no\">\n                                            <h3>Essai gratuit<\/h3>\n                                        <\/div>\n                                                                                                <\/div>\n                        \n\n                        <div class=\"tile-card__bottom\">\n                                                            <div class=\"tile-card__content\">\n                                    <h6>Testez\u00a0notre solution pour voir comment Nlyte peut vous aider \u00e0 planifier, g\u00e9rer et optimiser les actifs, l'espace et l'\u00e9nergie de votre centre de donn\u00e9es.<\/h6>\n                                <\/div>\n                                                                                        <div class=\"tile-card__link tile-card__link--no\">\n                                    <a href=\"https:\/\/www.nlyte.com\/fr\/nlyte-en-action\/essai-gratuit\/\" target=\"_self\">\n                                        Essayez-la                                        <i class=\"fas fa-long-arrow-alt-right\"><\/i>\n                                    <\/a>\n                                <\/div>\n                                                    <\/div>\n                    <\/div>\n                <\/div>\n            <\/div>\n                                <div class=\"tile-card tile-card__center\">\n                <div class=\"tile-card__wrap tile-card__wrap--normal builder-theme-override builder-theme--theme-0\"\n                     style=\" \">\n                                        <div class=\"tile-card__tile\">\n\n                                                    <div class=\"tile-card__top \">\n                                                                                                            <div class=\"tile-card__img\">\n                                            <img decoding=\"async\" class=\"\"\n                                                 src=\"https:\/\/www.nlyte.com\/fr\/web\/wp-content\/uploads\/2019\/05\/requestQuote-icon-v2.png\" alt=\"Icon\">\n                                        <\/div>\n                                    \n\n                                                                            <div class=\"tile-card__title tile-card__title--no\">\n                                            <h3>Contactez-nous<\/h3>\n                                        <\/div>\n                                                                                                <\/div>\n                        \n\n                        <div class=\"tile-card__bottom\">\n                                                            <div class=\"tile-card__content\">\n                                    <h6>Contactez-nous aujourd'hui<\/h6>\n                                <\/div>\n                                                                                        <div class=\"tile-card__link tile-card__link--no\">\n                                    <a href=\"mailto:insidesales@nlyte.com\" target=\"_self\">\n                                        Plus\u00a0d'infos                                        <i class=\"fas fa-long-arrow-alt-right\"><\/i>\n                                    <\/a>\n                                <\/div>\n                                                    <\/div>\n                    <\/div>\n                <\/div>\n            <\/div>\n            <\/div>\n<\/div><\/div><\/div><\/section><\/div><\/div>","protected":false},"excerpt":{"rendered":"<p>Voir Nlyte en action Vid\u00e9os de produits B\u00e9n\u00e9ficiez d'une analyse en profondeur\u00a0de la suite de solutions DCIM de Nlyte\u00a0\u00e0 travers nos vid\u00e9os de produits. Obtenir l'acc\u00e8s Visionner une d\u00e9monstration Visionnez une d\u00e9monstration\u00a0de la fa\u00e7on dont&hellip;<\/p>\n","protected":false},"author":5,"featured_media":0,"parent":0,"menu_order":0,"comment_status":"closed","ping_status":"closed","template":"","meta":{"footnotes":""},"acf":[],"yoast_head":"<!-- This site is optimized with the Yoast SEO Premium plugin v21.7 (Yoast SEO v21.8) - https:\/\/yoast.com\/wordpress\/plugins\/seo\/ -->\n<title>Voir Nlyte en action | Nlyte<\/title>\n<meta name=\"robots\" content=\"index, follow, max-snippet:-1, max-image-preview:large, max-video-preview:-1\" \/>\n<link rel=\"canonical\" href=\"https:\/\/www.nlyte.com\/fr\/nlyte-en-action\/\" \/>\n<meta property=\"og:locale\" content=\"en_US\" \/>\n<meta property=\"og:type\" content=\"article\" \/>\n<meta property=\"og:title\" content=\"Voir Nlyte en action\" \/>\n<meta property=\"og:description\" content=\"Voir Nlyte en action Vid\u00e9os de produits B\u00e9n\u00e9ficiez d&#039;une analyse en profondeur\u00a0de la suite de solutions DCIM de Nlyte\u00a0\u00e0 travers nos vid\u00e9os de produits. Obtenir l&#039;acc\u00e8s Visionner une d\u00e9monstration Visionnez une d\u00e9monstration\u00a0de la fa\u00e7on dont&hellip;\" \/>\n<meta property=\"og:url\" content=\"https:\/\/www.nlyte.com\/fr\/nlyte-en-action\/\" \/>\n<meta property=\"og:site_name\" content=\"Nlyte\" \/>\n<meta property=\"article:modified_time\" content=\"2020-03-16T15:53:44+00:00\" \/>\n<meta property=\"og:image\" content=\"https:\/\/www.nlyte.com\/fr\/web\/wp-content\/uploads\/2019\/07\/thinBanner_gray-1-100x7.jpg\" \/>\n<meta name=\"twitter:card\" content=\"summary_large_image\" \/>\n<script type=\"application\/ld+json\" class=\"yoast-schema-graph\">{\"@context\":\"https:\/\/schema.org\",\"@graph\":[{\"@type\":\"WebPage\",\"@id\":\"https:\/\/www.nlyte.com\/fr\/nlyte-en-action\/\",\"url\":\"https:\/\/www.nlyte.com\/fr\/nlyte-en-action\/\",\"name\":\"Voir Nlyte en action | Nlyte\",\"isPartOf\":{\"@id\":\"https:\/\/www.nlyte.com\/fr\/#website\"},\"datePublished\":\"2019-05-28T21:34:34+00:00\",\"dateModified\":\"2020-03-16T15:53:44+00:00\",\"breadcrumb\":{\"@id\":\"https:\/\/www.nlyte.com\/fr\/nlyte-en-action\/#breadcrumb\"},\"inLanguage\":\"en-US\",\"potentialAction\":[{\"@type\":\"ReadAction\",\"target\":[\"https:\/\/www.nlyte.com\/fr\/nlyte-en-action\/\"]}]},{\"@type\":\"BreadcrumbList\",\"@id\":\"https:\/\/www.nlyte.com\/fr\/nlyte-en-action\/#breadcrumb\",\"itemListElement\":[{\"@type\":\"ListItem\",\"position\":1,\"name\":\"Home\",\"item\":\"https:\/\/www.nlyte.com\/fr\/\"},{\"@type\":\"ListItem\",\"position\":2,\"name\":\"Voir Nlyte en action\"}]},{\"@type\":\"WebSite\",\"@id\":\"https:\/\/www.nlyte.com\/fr\/#website\",\"url\":\"https:\/\/www.nlyte.com\/fr\/\",\"name\":\"Nlyte\",\"description\":\"Just another WordPress site\",\"publisher\":{\"@id\":\"https:\/\/www.nlyte.com\/fr\/#organization\"},\"potentialAction\":[{\"@type\":\"SearchAction\",\"target\":{\"@type\":\"EntryPoint\",\"urlTemplate\":\"https:\/\/www.nlyte.com\/fr\/?s={search_term_string}\"},\"query-input\":\"required name=search_term_string\"}],\"inLanguage\":\"en-US\"},{\"@type\":\"Organization\",\"@id\":\"https:\/\/www.nlyte.com\/fr\/#organization\",\"name\":\"Nlyte Software\",\"url\":\"https:\/\/www.nlyte.com\/fr\/\",\"logo\":{\"@type\":\"ImageObject\",\"inLanguage\":\"en-US\",\"@id\":\"https:\/\/www.nlyte.com\/fr\/#\/schema\/logo\/image\/\",\"url\":\"https:\/\/www.nlyte.com\/fr\/web\/wp-content\/uploads\/2019\/05\/Nlyte_favicon.png\",\"contentUrl\":\"https:\/\/www.nlyte.com\/fr\/web\/wp-content\/uploads\/2019\/05\/Nlyte_favicon.png\",\"width\":476,\"height\":475,\"caption\":\"Nlyte Software\"},\"image\":{\"@id\":\"https:\/\/www.nlyte.com\/fr\/#\/schema\/logo\/image\/\"}}]}<\/script>\n<!-- \/ Yoast SEO Premium plugin. -->","yoast_head_json":{"title":"Voir Nlyte en action | Nlyte","robots":{"index":"index","follow":"follow","max-snippet":"max-snippet:-1","max-image-preview":"max-image-preview:large","max-video-preview":"max-video-preview:-1"},"canonical":"https:\/\/www.nlyte.com\/fr\/nlyte-en-action\/","og_locale":"en_US","og_type":"article","og_title":"Voir Nlyte en action","og_description":"Voir Nlyte en action Vid\u00e9os de produits B\u00e9n\u00e9ficiez d'une analyse en profondeur\u00a0de la suite de solutions DCIM de Nlyte\u00a0\u00e0 travers nos vid\u00e9os de produits. Obtenir l'acc\u00e8s Visionner une d\u00e9monstration Visionnez une d\u00e9monstration\u00a0de la fa\u00e7on dont&hellip;","og_url":"https:\/\/www.nlyte.com\/fr\/nlyte-en-action\/","og_site_name":"Nlyte","article_modified_time":"2020-03-16T15:53:44+00:00","og_image":[{"url":"https:\/\/www.nlyte.com\/fr\/web\/wp-content\/uploads\/2019\/07\/thinBanner_gray-1-100x7.jpg"}],"twitter_card":"summary_large_image","schema":{"@context":"https:\/\/schema.org","@graph":[{"@type":"WebPage","@id":"https:\/\/www.nlyte.com\/fr\/nlyte-en-action\/","url":"https:\/\/www.nlyte.com\/fr\/nlyte-en-action\/","name":"Voir Nlyte en action | Nlyte","isPartOf":{"@id":"https:\/\/www.nlyte.com\/fr\/#website"},"datePublished":"2019-05-28T21:34:34+00:00","dateModified":"2020-03-16T15:53:44+00:00","breadcrumb":{"@id":"https:\/\/www.nlyte.com\/fr\/nlyte-en-action\/#breadcrumb"},"inLanguage":"en-US","potentialAction":[{"@type":"ReadAction","target":["https:\/\/www.nlyte.com\/fr\/nlyte-en-action\/"]}]},{"@type":"BreadcrumbList","@id":"https:\/\/www.nlyte.com\/fr\/nlyte-en-action\/#breadcrumb","itemListElement":[{"@type":"ListItem","position":1,"name":"Home","item":"https:\/\/www.nlyte.com\/fr\/"},{"@type":"ListItem","position":2,"name":"Voir Nlyte en action"}]},{"@type":"WebSite","@id":"https:\/\/www.nlyte.com\/fr\/#website","url":"https:\/\/www.nlyte.com\/fr\/","name":"Nlyte","description":"Just another WordPress site","publisher":{"@id":"https:\/\/www.nlyte.com\/fr\/#organization"},"potentialAction":[{"@type":"SearchAction","target":{"@type":"EntryPoint","urlTemplate":"https:\/\/www.nlyte.com\/fr\/?s={search_term_string}"},"query-input":"required name=search_term_string"}],"inLanguage":"en-US"},{"@type":"Organization","@id":"https:\/\/www.nlyte.com\/fr\/#organization","name":"Nlyte Software","url":"https:\/\/www.nlyte.com\/fr\/","logo":{"@type":"ImageObject","inLanguage":"en-US","@id":"https:\/\/www.nlyte.com\/fr\/#\/schema\/logo\/image\/","url":"https:\/\/www.nlyte.com\/fr\/web\/wp-content\/uploads\/2019\/05\/Nlyte_favicon.png","contentUrl":"https:\/\/www.nlyte.com\/fr\/web\/wp-content\/uploads\/2019\/05\/Nlyte_favicon.png","width":476,"height":475,"caption":"Nlyte Software"},"image":{"@id":"https:\/\/www.nlyte.com\/fr\/#\/schema\/logo\/image\/"}}]}},"_links":{"self":[{"href":"https:\/\/www.nlyte.com\/fr\/wp-json\/wp\/v2\/pages\/2209"}],"collection":[{"href":"https:\/\/www.nlyte.com\/fr\/wp-json\/wp\/v2\/pages"}],"about":[{"href":"https:\/\/www.nlyte.com\/fr\/wp-json\/wp\/v2\/types\/page"}],"author":[{"embeddable":true,"href":"https:\/\/www.nlyte.com\/fr\/wp-json\/wp\/v2\/users\/5"}],"replies":[{"embeddable":true,"href":"https:\/\/www.nlyte.com\/fr\/wp-json\/wp\/v2\/comments?post=2209"}],"version-history":[{"count":51,"href":"https:\/\/www.nlyte.com\/fr\/wp-json\/wp\/v2\/pages\/2209\/revisions"}],"predecessor-version":[{"id":19184,"href":"https:\/\/www.nlyte.com\/fr\/wp-json\/wp\/v2\/pages\/2209\/revisions\/19184"}],"wp:attachment":[{"href":"https:\/\/www.nlyte.com\/fr\/wp-json\/wp\/v2\/media?parent=2209"}],"curies":[{"name":"wp","href":"https:\/\/api.w.org\/{rel}","templated":true}]}}