{"id":2577,"date":"2019-06-28T11:32:48","date_gmt":"2019-06-28T15:32:48","guid":{"rendered":"http:\/\/www.nlyte.com\/fr\/landing-page-copy\/"},"modified":"2020-05-07T12:55:06","modified_gmt":"2020-05-07T16:55:06","slug":"apercu","status":"publish","type":"page","link":"https:\/\/www.nlyte.com\/fr\/entreprise\/apercu\/","title":{"rendered":"Aper\u00e7u de l'entreprise"},"content":{"rendered":"<div class=\"kmdg-builder-content\"><div class=\"builder-font-controller\"><section id=\"\" class=\"builder-section builder-section-type--section builder-custom-theme builder-theme--theme-1 builder-section-padding-top-med builder-section-padding-bottom-med builder-layout-padding-med builder-font-normal   builder-valign-top       \" style=''><div class='builder-bg-image-wrap' style='height:100%'><div class='builder-img-bg loaded' style='background-image: url(https:\/\/www.nlyte.com\/fr\/web\/wp-content\/uploads\/2019\/07\/thinBanner_gray-1.jpg);opacity:1;background-position-y:center;' ><img src='https:\/\/www.nlyte.com\/fr\/web\/wp-content\/uploads\/2019\/07\/thinBanner_gray-1.jpg' alt='' role='presentation'><\/div><\/div><div class=\"builder-layouts-container\"><div class=\"builder-layout builder-layout-one-column \"><div class=\"builder-container\">\n<div class=\"builder-table\">\n    \n<div class=\"builder-column builder-column-type--column \">\n    <div class=\"builder-column-body\">\n        <div class=\"builder-content\">\n            \n\n\n<div class=\"builder-component builder-component-wysiwyg builder-component-index-1   builder-mobile-animation\" style=\"padding: 0% 0%;background-color: ;\">\n    <h1 style=\"text-align: center;\">Aper\u00e7u de l'entreprise<\/h1>\n<\/div>\n        <\/div>\n    <\/div>\n<\/div><\/div>\n\n<\/div><\/div><\/div><\/section><section id=\"\" class=\"builder-section builder-section-type--section builder-custom-theme builder-theme--theme-0 builder-section-padding-top-high builder-section-padding-bottom-high builder-layout-padding-med builder-font-normal   builder-valign-top       \" style=''><div class=\"builder-layouts-container\"><div class=\"builder-layout builder-layout-one-column \"><div class=\"builder-container\">\n<div class=\"builder-table\">\n    \n<div class=\"builder-column builder-column-type--column \">\n    <div class=\"builder-column-body\">\n        <div class=\"builder-content\">\n            \n\n\n<div class=\"builder-component builder-component-wysiwyg builder-component-index-1   builder-mobile-animation\" style=\"padding: 1% 3%;background-color: ;\">\n    <h4 style=\"text-align: center;\"><span style=\"color: #106ea3;\">Nlyte Software permet aux \u00e9quipes d\u2019am\u00e9liorer la fa\u00e7on dont elles g\u00e8rent leur infrastructure informatique dans l\u2019ensemble de leur entreprise - des ordinateurs portables aux ordinateurs de bureau en passant par les centres de donn\u00e9es, des p\u00e9riph\u00e9riques de colocation aux p\u00e9riph\u00e9riques de bord en passant par les p\u00e9riph\u00e9riques IoD.<\/span><\/h4>\n<h5 style=\"text-align: center;\">Gr\u00e2ce aux fonctionnalit\u00e9s de surveillance, de gestion, de flux de travail et d'analyse de Nlyte, les organisations peuvent automatiser la mani\u00e8re dont elles g\u00e8rent leur infrastructure informatique afin de r\u00e9duire les co\u00fbts, d'am\u00e9liorer le temps de disponibilit\u00e9 et de garantir la conformit\u00e9 avec les politiques organisationnelles.<\/h5>\n<\/div>\n        <\/div>\n    <\/div>\n<\/div><\/div>\n\n<\/div><\/div><\/div><\/section><section id=\"\" class=\"builder-section builder-section-type--section builder-custom-theme builder-theme--theme-0 builder-section-padding-top-med builder-section-padding-bottom-med builder-layout-padding-med builder-font-normal   builder-valign-top       \" style='background-color: #f8f8f8;'><div class=\"builder-layouts-container\"><div class=\"builder-layout builder-layout-tile-cards \"><div class=\"builder-container\">    <div class=\"builder-layout-tile-cards__row\">\n                                <div class=\"tile-card tile-card__left\">\n                <div class=\"tile-card__wrap tile-card__wrap--normal builder-theme-override builder-theme--theme-0\"\n                     style=\" \">\n                                        <div class=\"tile-card__tile\">\n\n                                                    <div class=\"tile-card__top \">\n                                                                    \n\n                                                                                                <\/div>\n                        \n\n                        <div class=\"tile-card__bottom\">\n                                                            <div class=\"tile-card__content\">\n                                    <p><strong>Avec laquelle il est\u00a0facile de faire affaire<\/strong><\/p>\n<ul>\n<li>Nous offrons des prix flexibles<\/li>\n<li>Clients de 50 \u00e0 100 000 baies<\/li>\n<li>Clients dans la plupart des industries<\/li>\n<li>C'est tout ce que nous faisons<\/li>\n<\/ul>\n                                <\/div>\n                                                                                <\/div>\n                    <\/div>\n                <\/div>\n            <\/div>\n                                <div class=\"tile-card tile-card__left\">\n                <div class=\"tile-card__wrap tile-card__wrap--normal builder-theme-override builder-theme--theme-0\"\n                     style=\" \">\n                                        <div class=\"tile-card__tile\">\n\n                                                    <div class=\"tile-card__top \">\n                                                                    \n\n                                                                                                <\/div>\n                        \n\n                        <div class=\"tile-card__bottom\">\n                                                            <div class=\"tile-card__content\">\n                                    <p><strong>Fruit de l'exp\u00e9rience<\/strong><\/p>\n<ul>\n<li>Avec laquelle il est\u00a0facile de faire affaire<\/li>\n<li>Nous offrons des prix flexibles<\/li>\n<li>Clients de 50 \u00e0 100 000 baies<\/li>\n<li>Clients dans la plupart des industries<\/li>\n<li>C'est tout ce que nous faisons<\/li>\n<\/ul>\n                                <\/div>\n                                                                                <\/div>\n                    <\/div>\n                <\/div>\n            <\/div>\n                                <div class=\"tile-card tile-card__left\">\n                <div class=\"tile-card__wrap tile-card__wrap--normal builder-theme-override builder-theme--theme-0\"\n                     style=\" \">\n                                        <div class=\"tile-card__tile\">\n\n                                                    <div class=\"tile-card__top \">\n                                                                    \n\n                                                                                                <\/div>\n                        \n\n                        <div class=\"tile-card__bottom\">\n                                                            <div class=\"tile-card__content\">\n                                    <p>Besoins commerciaux satisfaits<\/p>\n<ul>\n<li>Gestion d\u2019infrastructure de centre de donn\u00e9es<\/li>\n<li>Gestion des actifs technologiques<\/li>\n<li>Conformit\u00e9 commerciale et r\u00e9glementaire<\/li>\n<li>Att\u00e9nuation des risques<\/li>\n<li>Automatisation, efficacit\u00e9 et optimisation am\u00e9lior\u00e9es<\/li>\n<\/ul>\n                                <\/div>\n                                                                                <\/div>\n                    <\/div>\n                <\/div>\n            <\/div>\n            <\/div>\n<\/div><\/div><\/div><\/section><section id=\"\" class=\"builder-section builder-section-type--section builder-custom-theme builder-theme--theme-0 builder-section-padding-top-none builder-section-padding-bottom-none builder-layout-padding-med builder-font-normal   builder-valign-middle       \" style=''><div class=\"builder-layouts-container\"><div class=\"builder-layout builder-layout-half-block \"><div class=\"full-width-container\">\n<div class=\"builder-table\">\n    \n<div class=\"builder-column builder-column-type--background-column \">\n    <div class=\"builder-column-body\">\n        <div class=\"builder-content\">\n            <div class=\"rollover rollover-default\" style=\"background-image: url(https:\/\/www.nlyte.com\/fr\/web\/wp-content\/uploads\/2019\/06\/Nlyte_CompanyOverview2.jpg);\">\n                            <\/div>\n\n                                                                            \n        <\/div>\n    <\/div>\n<\/div>\n    \n<div class=\"builder-column builder-column-type--background-column \">\n    <div class=\"builder-column-body\">\n        <div class=\"builder-content\">\n            <div class=\"rollover rollover-default\" style=\"background-color: #ffffff;\">\n                \n<div  class=\"builder-component builder-component-spacer builder-component-index-1   builder-mobile-animation\" style=\"padding: 15% 0 0 0;\"><\/div>\n\n\n\n<div class=\"builder-component builder-component-wysiwyg builder-component-index-2   builder-mobile-animation\" style=\"padding: 1% 3%;background-color: ;\">\n    <h2>Pourquoi Nlyte devrait \u00eatre votre fournisseur de\u00a0DCIM<\/h2>\n<p>Fini le temps o\u00f9 Excel et Visio, ainsi qu'une multitude\u00a0d'installations et de personnel informatique, dirigeaient le centre de donn\u00e9es. Nlyte Software est con\u00e7u pour l'environnement\u00a0de calcul hybride actuel. Nous apportons une automatisation sophistiqu\u00e9e du flux de travail avec Nlyte Asset Optimizer ; une analyse pr\u00e9dictive et IA avec Nlyte Machine Learning ; une d\u00e9couverte et surveillance d\u00e9taill\u00e9es de tous les actifs informatiques avec Nlyte Asset Explorer et Nlyte System Utilization Monitor ; et une\u00a0gestion en temps r\u00e9el de la cha\u00eene \u00e9nerg\u00e9tique et du refroidissement\u00a0avec Nlyte Energy Optimizer.<\/p>\n<\/div>\n            <\/div>\n\n                                                                            \n        <\/div>\n    <\/div>\n<\/div><\/div><\/div><\/div><\/div><\/section><section id=\"\" class=\"builder-section builder-section-type--section builder-custom-theme builder-theme--theme-0 builder-section-padding-top-high builder-section-padding-bottom-high builder-layout-padding-med builder-font-normal   builder-valign-top       \" style='background-color: #106ea3;'><div class=\"builder-layouts-container\"><div class=\"builder-layout builder-layout-one-column \"><div class=\"builder-container\">\n<div class=\"builder-table\">\n    \n<div class=\"builder-column builder-column-type--column \">\n    <div class=\"builder-column-body\">\n        <div class=\"builder-content\">\n            \n<div         class=\" builder-component builder-component-image builder-component-index-1   builder-mobile-animation builder-component-image-size-normal  align-\">\n            <div class=\"image-container builder-lazy-img\" style=\"background-image:url(https:\/\/www.nlyte.com\/fr\/web\/wp-content\/uploads\/2019\/07\/CompOverview_diagram-100x14.png);width: 1100px;\" data-srcs=\"{&quot;full&quot;:{&quot;src&quot;:&quot;https:\\\/\\\/www.nlyte.com\\\/fr\\\/web\\\/wp-content\\\/uploads\\\/2019\\\/07\\\/CompOverview_diagram.png&quot;,&quot;width&quot;:&quot;-1&quot;},&quot;medium&quot;:{&quot;src&quot;:&quot;https:\\\/\\\/www.nlyte.com\\\/fr\\\/web\\\/wp-content\\\/uploads\\\/2019\\\/07\\\/CompOverview_diagram-300x41.png&quot;,&quot;width&quot;:300},&quot;large&quot;:{&quot;src&quot;:&quot;https:\\\/\\\/www.nlyte.com\\\/fr\\\/web\\\/wp-content\\\/uploads\\\/2019\\\/07\\\/CompOverview_diagram-1024x141.png&quot;,&quot;width&quot;:1024},&quot;pb-medium&quot;:{&quot;src&quot;:&quot;https:\\\/\\\/www.nlyte.com\\\/fr\\\/web\\\/wp-content\\\/uploads\\\/2019\\\/07\\\/CompOverview_diagram-550x76.png&quot;,&quot;width&quot;:550}}\">\n            <div class=\"image-subcontainer \" style=\"max-height: inherit;\" >\n                <img  alt='CompOverview_diagram' src='https:\/\/www.nlyte.com\/fr\/web\/wp-content\/uploads\/2019\/07\/CompOverview_diagram-100x14.png' width='1517' height='209' \/>            <\/div>\n        <\/div>\n    <\/div>\n        <\/div>\n    <\/div>\n<\/div><\/div>\n\n<\/div><\/div><\/div><\/section><section id=\"\" class=\"builder-section builder-section-type--section builder-custom-theme builder-theme--theme-0 builder-section-padding-top-high builder-section-padding-bottom-high builder-layout-padding-med builder-font-normal   builder-valign-top       \" style=''><div class=\"builder-layouts-container\"><div class=\"builder-layout builder-layout-one-column \"><div class=\"builder-container\">\n<div class=\"builder-table\">\n    \n<div class=\"builder-column builder-column-type--column \">\n    <div class=\"builder-column-body\">\n        <div class=\"builder-content\">\n            \n\n\n<div class=\"builder-component builder-component-wysiwyg builder-component-index-1   builder-mobile-animation\" style=\"padding: 0% 0%;background-color: ;\">\n    <p><img loading=\"lazy\" decoding=\"async\" class=\"size-full wp-image-1952 aligncenter\" src=\"https:\/\/www.nlyte.com\/fr\/web\/wp-content\/uploads\/2019\/05\/logo.png\" alt=\"\" width=\"271\" height=\"47\" srcset=\"https:\/\/www.nlyte.com\/fr\/web\/wp-content\/uploads\/2019\/05\/logo.png 271w, https:\/\/www.nlyte.com\/fr\/web\/wp-content\/uploads\/2019\/05\/logo-100x17.png 100w\" sizes=\"(max-width: 271px) 100vw, 271px\" \/><\/p>\n<p>Nlyte Software a \u00e9t\u00e9 lanc\u00e9 en 2004 par des gestionnaires d'infrastructure qui se concentrent sur la recherche de meilleurs moyens de g\u00e9rer la complexit\u00e9 des ressources, des actifs et du personnel de\u00a0centre de donn\u00e9es afin de r\u00e9duire les co\u00fbts et d'att\u00e9nuer les risques. Plus de 15 ans plus tard, Nlyte Software fournit la dixi\u00e8me g\u00e9n\u00e9ration de produits \u00e0 des centaines de clients dans le monde entier. Avec un taux de fid\u00e9lisation de la client\u00e8le de 98\u2009%, nous sommes fiers d\u2019\u00eatre centr\u00e9s sur les besoins de nos clients, en veillant \u00e0 ce qu\u2019ils tirent le maximum de la valeur commerciale de nos solutions. Nlyte a \u00e9t\u00e9 la premi\u00e8re entreprise \u00e0 fournir la r\u00e9f\u00e9rence du secteur en mati\u00e8re de gestion d'infrastructure\u00a0de centre de donn\u00e9es (Data Center Infrastructure Management\/DCIM)\u00a0qui aide les organisations du monde entier \u00e0 g\u00e9rer leur infrastructure de calcul, notamment les centres de donn\u00e9es, la colocation, les services g\u00e9r\u00e9s, Edge et l'IdO. Nos solutions de gestion d'actifs technologiques (Technology Asset Management\/TAM) de nouvelle g\u00e9n\u00e9ration permettent aux \u00e9quipes de rechercher, d'inventorier et de g\u00e9rer leurs actifs logiciels et mat\u00e9riels avec un co\u00fbt de possession total bien inf\u00e9rieur \u00e0 celui des syst\u00e8mes existants.<\/p>\n<p>Les solutions logicielles de Nlyte vont au-del\u00e0 de la simple gestion d'infrastructure pour permettre au personnel d'infrastructure de s'acquitter plus efficacement de ses t\u00e2ches, tout en synchronisant les informations et les activit\u00e9s sur d'autres syst\u00e8mes d\u00e9pendant d'informations pr\u00e9cises sur l'infrastructure physique (p. ex.\u00a0BMS, ITSM, ERP et autres syst\u00e8mes BI).<\/p>\n<\/div>\n\n<div  class=\"builder-component builder-component-spacer builder-component-index-2   builder-mobile-animation\" style=\"padding: % 0 0 0;\"><\/div>\n        <\/div>\n    <\/div>\n<\/div><\/div>\n\n<\/div><\/div><\/div><\/section><\/div><\/div>","protected":false},"excerpt":{"rendered":"<p>Aper\u00e7u de l'entreprise Nlyte Software permet aux \u00e9quipes d\u2019am\u00e9liorer la fa\u00e7on dont elles g\u00e8rent leur infrastructure informatique dans l\u2019ensemble de leur entreprise - des ordinateurs portables aux ordinateurs de bureau en passant par les centres&hellip;<\/p>\n","protected":false},"author":5,"featured_media":0,"parent":15336,"menu_order":0,"comment_status":"closed","ping_status":"closed","template":"","meta":{"footnotes":""},"acf":[],"yoast_head":"<!-- This site is optimized with the Yoast SEO Premium plugin v21.7 (Yoast SEO v21.8) - https:\/\/yoast.com\/wordpress\/plugins\/seo\/ -->\n<title>Fournisseurs de services de colocation et de centre de donn\u00e9es | Nlyte<\/title>\n<meta name=\"description\" content=\"En savoir plus sur Nlyte, une soci\u00e9t\u00e9 de logiciels mondialement reconnue qui aide les organisations \u00e0 se transformer num\u00e9riquement en automatisant leur infrastructure de charge de travail.\" \/>\n<meta name=\"robots\" content=\"index, follow, max-snippet:-1, max-image-preview:large, max-video-preview:-1\" \/>\n<link rel=\"canonical\" href=\"https:\/\/www.nlyte.com\/fr\/entreprise\/apercu\/\" \/>\n<meta property=\"og:locale\" content=\"en_US\" \/>\n<meta property=\"og:type\" content=\"article\" \/>\n<meta property=\"og:title\" content=\"Aper\u00e7u de l&#039;entreprise\" \/>\n<meta property=\"og:description\" content=\"En savoir plus sur Nlyte, une soci\u00e9t\u00e9 de logiciels mondialement reconnue qui aide les organisations \u00e0 se transformer num\u00e9riquement en automatisant leur infrastructure de charge de travail.\" \/>\n<meta property=\"og:url\" content=\"https:\/\/www.nlyte.com\/fr\/entreprise\/apercu\/\" \/>\n<meta property=\"og:site_name\" content=\"Nlyte\" \/>\n<meta property=\"article:modified_time\" content=\"2020-05-07T16:55:06+00:00\" \/>\n<meta property=\"og:image\" content=\"https:\/\/www.nlyte.com\/fr\/web\/wp-content\/uploads\/2019\/07\/thinBanner_gray-1-100x7.jpg\" \/>\n<meta name=\"twitter:card\" content=\"summary_large_image\" \/>\n<meta name=\"twitter:label1\" content=\"Est. reading time\" \/>\n\t<meta name=\"twitter:data1\" content=\"3 minutes\" \/>\n<script type=\"application\/ld+json\" class=\"yoast-schema-graph\">{\"@context\":\"https:\/\/schema.org\",\"@graph\":[{\"@type\":\"WebPage\",\"@id\":\"https:\/\/www.nlyte.com\/fr\/entreprise\/apercu\/\",\"url\":\"https:\/\/www.nlyte.com\/fr\/entreprise\/apercu\/\",\"name\":\"Fournisseurs de services de colocation et de centre de donn\u00e9es | Nlyte\",\"isPartOf\":{\"@id\":\"https:\/\/www.nlyte.com\/fr\/#website\"},\"datePublished\":\"2019-06-28T15:32:48+00:00\",\"dateModified\":\"2020-05-07T16:55:06+00:00\",\"description\":\"En savoir plus sur Nlyte, une soci\u00e9t\u00e9 de logiciels mondialement reconnue qui aide les organisations \u00e0 se transformer num\u00e9riquement en automatisant leur infrastructure de charge de travail.\",\"breadcrumb\":{\"@id\":\"https:\/\/www.nlyte.com\/fr\/entreprise\/apercu\/#breadcrumb\"},\"inLanguage\":\"en-US\",\"potentialAction\":[{\"@type\":\"ReadAction\",\"target\":[\"https:\/\/www.nlyte.com\/fr\/entreprise\/apercu\/\"]}]},{\"@type\":\"BreadcrumbList\",\"@id\":\"https:\/\/www.nlyte.com\/fr\/entreprise\/apercu\/#breadcrumb\",\"itemListElement\":[{\"@type\":\"ListItem\",\"position\":1,\"name\":\"Home\",\"item\":\"https:\/\/www.nlyte.com\/fr\/\"},{\"@type\":\"ListItem\",\"position\":2,\"name\":\"Entreprise\",\"item\":\"https:\/\/www.nlyte.com\/fr\/entreprise\/\"},{\"@type\":\"ListItem\",\"position\":3,\"name\":\"Aper\u00e7u de l'entreprise\"}]},{\"@type\":\"WebSite\",\"@id\":\"https:\/\/www.nlyte.com\/fr\/#website\",\"url\":\"https:\/\/www.nlyte.com\/fr\/\",\"name\":\"Nlyte\",\"description\":\"Just another WordPress site\",\"publisher\":{\"@id\":\"https:\/\/www.nlyte.com\/fr\/#organization\"},\"potentialAction\":[{\"@type\":\"SearchAction\",\"target\":{\"@type\":\"EntryPoint\",\"urlTemplate\":\"https:\/\/www.nlyte.com\/fr\/?s={search_term_string}\"},\"query-input\":\"required name=search_term_string\"}],\"inLanguage\":\"en-US\"},{\"@type\":\"Organization\",\"@id\":\"https:\/\/www.nlyte.com\/fr\/#organization\",\"name\":\"Nlyte Software\",\"url\":\"https:\/\/www.nlyte.com\/fr\/\",\"logo\":{\"@type\":\"ImageObject\",\"inLanguage\":\"en-US\",\"@id\":\"https:\/\/www.nlyte.com\/fr\/#\/schema\/logo\/image\/\",\"url\":\"https:\/\/www.nlyte.com\/fr\/web\/wp-content\/uploads\/2019\/05\/Nlyte_favicon.png\",\"contentUrl\":\"https:\/\/www.nlyte.com\/fr\/web\/wp-content\/uploads\/2019\/05\/Nlyte_favicon.png\",\"width\":476,\"height\":475,\"caption\":\"Nlyte Software\"},\"image\":{\"@id\":\"https:\/\/www.nlyte.com\/fr\/#\/schema\/logo\/image\/\"}}]}<\/script>\n<!-- \/ Yoast SEO Premium plugin. -->","yoast_head_json":{"title":"Fournisseurs de services de colocation et de centre de donn\u00e9es | Nlyte","description":"En savoir plus sur Nlyte, une soci\u00e9t\u00e9 de logiciels mondialement reconnue qui aide les organisations \u00e0 se transformer num\u00e9riquement en automatisant leur infrastructure de charge de travail.","robots":{"index":"index","follow":"follow","max-snippet":"max-snippet:-1","max-image-preview":"max-image-preview:large","max-video-preview":"max-video-preview:-1"},"canonical":"https:\/\/www.nlyte.com\/fr\/entreprise\/apercu\/","og_locale":"en_US","og_type":"article","og_title":"Aper\u00e7u de l'entreprise","og_description":"En savoir plus sur Nlyte, une soci\u00e9t\u00e9 de logiciels mondialement reconnue qui aide les organisations \u00e0 se transformer num\u00e9riquement en automatisant leur infrastructure de charge de travail.","og_url":"https:\/\/www.nlyte.com\/fr\/entreprise\/apercu\/","og_site_name":"Nlyte","article_modified_time":"2020-05-07T16:55:06+00:00","og_image":[{"url":"https:\/\/www.nlyte.com\/fr\/web\/wp-content\/uploads\/2019\/07\/thinBanner_gray-1-100x7.jpg"}],"twitter_card":"summary_large_image","twitter_misc":{"Est. reading time":"3 minutes"},"schema":{"@context":"https:\/\/schema.org","@graph":[{"@type":"WebPage","@id":"https:\/\/www.nlyte.com\/fr\/entreprise\/apercu\/","url":"https:\/\/www.nlyte.com\/fr\/entreprise\/apercu\/","name":"Fournisseurs de services de colocation et de centre de donn\u00e9es | Nlyte","isPartOf":{"@id":"https:\/\/www.nlyte.com\/fr\/#website"},"datePublished":"2019-06-28T15:32:48+00:00","dateModified":"2020-05-07T16:55:06+00:00","description":"En savoir plus sur Nlyte, une soci\u00e9t\u00e9 de logiciels mondialement reconnue qui aide les organisations \u00e0 se transformer num\u00e9riquement en automatisant leur infrastructure de charge de travail.","breadcrumb":{"@id":"https:\/\/www.nlyte.com\/fr\/entreprise\/apercu\/#breadcrumb"},"inLanguage":"en-US","potentialAction":[{"@type":"ReadAction","target":["https:\/\/www.nlyte.com\/fr\/entreprise\/apercu\/"]}]},{"@type":"BreadcrumbList","@id":"https:\/\/www.nlyte.com\/fr\/entreprise\/apercu\/#breadcrumb","itemListElement":[{"@type":"ListItem","position":1,"name":"Home","item":"https:\/\/www.nlyte.com\/fr\/"},{"@type":"ListItem","position":2,"name":"Entreprise","item":"https:\/\/www.nlyte.com\/fr\/entreprise\/"},{"@type":"ListItem","position":3,"name":"Aper\u00e7u de l'entreprise"}]},{"@type":"WebSite","@id":"https:\/\/www.nlyte.com\/fr\/#website","url":"https:\/\/www.nlyte.com\/fr\/","name":"Nlyte","description":"Just another WordPress site","publisher":{"@id":"https:\/\/www.nlyte.com\/fr\/#organization"},"potentialAction":[{"@type":"SearchAction","target":{"@type":"EntryPoint","urlTemplate":"https:\/\/www.nlyte.com\/fr\/?s={search_term_string}"},"query-input":"required name=search_term_string"}],"inLanguage":"en-US"},{"@type":"Organization","@id":"https:\/\/www.nlyte.com\/fr\/#organization","name":"Nlyte Software","url":"https:\/\/www.nlyte.com\/fr\/","logo":{"@type":"ImageObject","inLanguage":"en-US","@id":"https:\/\/www.nlyte.com\/fr\/#\/schema\/logo\/image\/","url":"https:\/\/www.nlyte.com\/fr\/web\/wp-content\/uploads\/2019\/05\/Nlyte_favicon.png","contentUrl":"https:\/\/www.nlyte.com\/fr\/web\/wp-content\/uploads\/2019\/05\/Nlyte_favicon.png","width":476,"height":475,"caption":"Nlyte Software"},"image":{"@id":"https:\/\/www.nlyte.com\/fr\/#\/schema\/logo\/image\/"}}]}},"_links":{"self":[{"href":"https:\/\/www.nlyte.com\/fr\/wp-json\/wp\/v2\/pages\/2577"}],"collection":[{"href":"https:\/\/www.nlyte.com\/fr\/wp-json\/wp\/v2\/pages"}],"about":[{"href":"https:\/\/www.nlyte.com\/fr\/wp-json\/wp\/v2\/types\/page"}],"author":[{"embeddable":true,"href":"https:\/\/www.nlyte.com\/fr\/wp-json\/wp\/v2\/users\/5"}],"replies":[{"embeddable":true,"href":"https:\/\/www.nlyte.com\/fr\/wp-json\/wp\/v2\/comments?post=2577"}],"version-history":[{"count":31,"href":"https:\/\/www.nlyte.com\/fr\/wp-json\/wp\/v2\/pages\/2577\/revisions"}],"predecessor-version":[{"id":19355,"href":"https:\/\/www.nlyte.com\/fr\/wp-json\/wp\/v2\/pages\/2577\/revisions\/19355"}],"up":[{"embeddable":true,"href":"https:\/\/www.nlyte.com\/fr\/wp-json\/wp\/v2\/pages\/15336"}],"wp:attachment":[{"href":"https:\/\/www.nlyte.com\/fr\/wp-json\/wp\/v2\/media?parent=2577"}],"curies":[{"name":"wp","href":"https:\/\/api.w.org\/{rel}","templated":true}]}}