{"id":2661,"date":"2019-06-28T16:02:11","date_gmt":"2019-06-28T20:02:11","guid":{"rendered":"http:\/\/www.nlyte.com\/fr\/privacy-policy-copy\/"},"modified":"2020-03-03T13:26:54","modified_gmt":"2020-03-03T17:26:54","slug":"service-clientele","status":"publish","type":"page","link":"https:\/\/www.nlyte.com\/fr\/support\/service-clientele\/","title":{"rendered":"Service Client\u00e8le"},"content":{"rendered":"<div class=\"kmdg-builder-content\"><div class=\"builder-font-controller\"><section id=\"\" class=\"builder-section builder-section-type--section builder-custom-theme builder-theme--theme-1 builder-section-padding-top-med builder-section-padding-bottom-med builder-layout-padding-med builder-font-normal   builder-valign-top       \" style=''><div class='builder-bg-image-wrap' style='height:100%'><div class='builder-img-bg loaded' style='background-image: url(https:\/\/www.nlyte.com\/fr\/web\/wp-content\/uploads\/2019\/05\/thinBanner.png);opacity:1;background-position-y:center;' ><img src='https:\/\/www.nlyte.com\/fr\/web\/wp-content\/uploads\/2019\/05\/thinBanner.png' alt='' role='presentation'><\/div><\/div><div class=\"builder-layouts-container\"><div class=\"builder-layout builder-layout-one-column \"><div class=\"builder-container\">\n<div class=\"builder-table\">\n    \n<div class=\"builder-column builder-column-type--column \">\n    <div class=\"builder-column-body\">\n        <div class=\"builder-content\">\n            \n\n\n<div class=\"builder-component builder-component-wysiwyg builder-component-index-1   builder-mobile-animation\" style=\"padding: 0% 0%;background-color: ;\">\n    <h1 style=\"text-align: center;\">Service client\u00e8le<\/h1>\n<\/div>\n        <\/div>\n    <\/div>\n<\/div><\/div>\n\n<\/div><\/div><\/div><\/section><section id=\"\" class=\"builder-section builder-section-type--section builder-custom-theme builder-theme--theme-0 builder-section-padding-top-high builder-section-padding-bottom-high builder-layout-padding-med builder-font-normal   builder-valign-top       \" style=''><div class=\"builder-layouts-container\"><div class=\"builder-layout builder-layout-one-column \"><div class=\"builder-container\">\n<div class=\"builder-table\">\n    \n<div class=\"builder-column builder-column-type--column \">\n    <div class=\"builder-column-body\">\n        <div class=\"builder-content\">\n            \n\n\n<div class=\"builder-component builder-component-wysiwyg builder-component-index-1   builder-mobile-animation\" style=\"padding: 0% 0%;background-color: ;\">\n    <h2 style=\"text-align: center;\"><span style=\"color: #106ea3;\">Nous contacter<\/span><\/h2>\n<p style=\"text-align: center;\">Chez Nlyte Software, nous comprenons que la technologie joue un r\u00f4le primordial dans le d\u00e9veloppement de vos activit\u00e9s. Gr\u00e2ce au service client\u00e8le de Nlyte Software, vous avez \u00e0 votre disposition une \u00e9quipe de support capable de vous fournir des services de qualit\u00e9 sup\u00e9rieure pour vous aider \u00e0 r\u00e9pondre \u00e0 vos besoins. Notre but est de vous aider \u00e0 \u00e9viter et \u00e0 traiter les probl\u00e8mes ou questions \u00e9ventuels dans les meilleurs d\u00e9lais.<\/p>\n<\/div>\n        <\/div>\n    <\/div>\n<\/div><\/div>\n\n<\/div><\/div><\/div><\/section><section id=\"\" class=\"builder-section builder-section-type--section builder-custom-theme builder-theme--theme-0 builder-section-padding-top-high builder-section-padding-bottom-high builder-layout-padding-med builder-font-normal   builder-valign-top two_in_four      \" style='background-color: #f8f8f8;'><div class=\"builder-layouts-container\"><div class=\"builder-layout builder-layout-four-column \"><div class=\"builder-container\">\n<div class=\"builder-table\">\n\n    \n<div class=\"builder-column builder-column-type--column \">\n    <div class=\"builder-column-body\">\n        <div class=\"builder-content\">\n                    <\/div>\n    <\/div>\n<\/div>    \n<div class=\"builder-column builder-column-type--column \">\n    <div class=\"builder-column-body\">\n        <div class=\"builder-content\">\n            \n<div         class=\" builder-component builder-component-image builder-component-index-1   builder-mobile-animation builder-component-image-size-normal  align-\">\n            <div class=\"image-container builder-lazy-img\" style=\"background-image:url(https:\/\/www.nlyte.com\/fr\/web\/wp-content\/uploads\/2019\/07\/Icon02-100x95.png);width: 75px;\" data-srcs=\"{&quot;full&quot;:{&quot;src&quot;:&quot;https:\\\/\\\/www.nlyte.com\\\/fr\\\/web\\\/wp-content\\\/uploads\\\/2019\\\/07\\\/Icon02.png&quot;,&quot;width&quot;:&quot;-1&quot;}}\">\n            <div class=\"image-subcontainer \" style=\"max-height: inherit;\" >\n                <img  alt='Icon02' src='https:\/\/www.nlyte.com\/fr\/web\/wp-content\/uploads\/2019\/07\/Icon02-100x95.png' width='111' height='106' \/>            <\/div>\n        <\/div>\n    <\/div>\n\n\n<div class=\"builder-component builder-component-horizontal-buttons builder-component-index-2   builder-mobile-animation\">\n            <div class=\"buttons-row align-center\">\n                            <div class=\"single-button style-blue\">\n                                        <a href=\"https:\/\/eu1.salesforce.com\/secur\/login_portal.jsp?orgId=00D200000006JpL&portalId=060D0000000Hqot\"\n                       rel=\"\"\n                       target=\"_self\"\n                       style=\"width: px\">\n\n\n                                                     CONNEXION AU PORTAIL CLIENT                                            <\/a>\n\n                <\/div>\n                    <\/div>\n    <\/div>\n        <\/div>\n    <\/div>\n<\/div>    \n<div class=\"builder-column builder-column-type--column \">\n    <div class=\"builder-column-body\">\n        <div class=\"builder-content\">\n            \n<div         class=\" builder-component builder-component-image builder-component-index-1   builder-mobile-animation builder-component-image-size-normal  align-\">\n            <div class=\"image-container builder-lazy-img\" style=\"background-image:url(https:\/\/www.nlyte.com\/fr\/web\/wp-content\/uploads\/2019\/07\/Icon01-100x100.png);width: 75px;\" data-srcs=\"{&quot;full&quot;:{&quot;src&quot;:&quot;https:\\\/\\\/www.nlyte.com\\\/fr\\\/web\\\/wp-content\\\/uploads\\\/2019\\\/07\\\/Icon01.png&quot;,&quot;width&quot;:&quot;-1&quot;}}\">\n            <div class=\"image-subcontainer \" style=\"max-height: inherit;\" >\n                <img  alt='Icon01' src='https:\/\/www.nlyte.com\/fr\/web\/wp-content\/uploads\/2019\/07\/Icon01-100x100.png' width='117' height='118' \/>            <\/div>\n        <\/div>\n    <\/div>\n\n\n<div class=\"builder-component builder-component-horizontal-buttons builder-component-index-2   builder-mobile-animation\">\n            <div class=\"buttons-row align-center\">\n                            <div class=\"single-button style-blue\">\n                                        <a href=\"mailto:support@nlyte.com\"\n                       rel=\"\"\n                       target=\"_self\"\n                       style=\"width: px\">\n\n\n                                                    SOUTIEN PAR COURRIEL                                            <\/a>\n\n                <\/div>\n                    <\/div>\n    <\/div>\n        <\/div>\n    <\/div>\n<\/div>    \n<div class=\"builder-column builder-column-type--column \">\n    <div class=\"builder-column-body\">\n        <div class=\"builder-content\">\n                    <\/div>\n    <\/div>\n<\/div>\n<\/div><\/div><\/div><\/div><\/section><section id=\"\" class=\"builder-section builder-section-type--section builder-custom-theme builder-theme--theme-0 builder-section-padding-top-med builder-section-padding-bottom-huge builder-layout-padding-med builder-font-normal   builder-valign-top       \" style=''><div class=\"builder-layouts-container\"><div class=\"builder-layout builder-layout-two-column \"><div class=\"builder-container\">\n<div class=\"builder-table\">\n    \n<div class=\"builder-column builder-column-type--column \">\n    <div class=\"builder-column-body\">\n        <div class=\"builder-content\">\n            \n\n\n<div class=\"builder-component builder-component-wysiwyg builder-component-index-1   builder-mobile-animation\" style=\"padding: 0% 0%;background-color: ;\">\n    <p style=\"text-align: center;\"><strong>\u00a0 <img loading=\"lazy\" decoding=\"async\" class=\"alignnone wp-image-3557\" src=\"https:\/\/www.nlyte.com\/fr\/web\/wp-content\/uploads\/2019\/07\/USflag.png\" alt=\"\" width=\"30\" height=\"20\" \/>\u00a0 USA Service Client\u00e8le:<\/strong> <a href=\"tel:1-866-386-5983\">+1 866 386 5983<\/a><\/p>\n<\/div>\n        <\/div>\n    <\/div>\n<\/div>    \n<div class=\"builder-column builder-column-type--column \">\n    <div class=\"builder-column-body\">\n        <div class=\"builder-content\">\n            \n\n\n<div class=\"builder-component builder-component-wysiwyg builder-component-index-1   builder-mobile-animation\" style=\"padding: 0% 0%;background-color: ;\">\n    <p style=\"text-align: center;\"><strong><img loading=\"lazy\" decoding=\"async\" class=\"alignnone wp-image-3533\" src=\"https:\/\/www.nlyte.com\/fr\/web\/wp-content\/uploads\/2019\/07\/GrtBritflag.png\" alt=\"\" width=\"32\" height=\"21\" \/> \u00a0<\/strong><strong>EMEA Service Client\u00e8le:<\/strong>\u00a0<a href=\"tel:44-208-8777222\">+44 208 8777222<\/a><\/p>\n<\/div>\n        <\/div>\n    <\/div>\n<\/div><\/div><\/div><\/div><\/div><\/section><\/div><\/div>","protected":false},"excerpt":{"rendered":"<p>Service client\u00e8le Nous contacter Chez Nlyte Software, nous comprenons que la technologie joue un r\u00f4le primordial dans le d\u00e9veloppement de vos activit\u00e9s. Gr\u00e2ce au service client\u00e8le de Nlyte Software, vous avez \u00e0 votre disposition une&hellip;<\/p>\n","protected":false},"author":5,"featured_media":0,"parent":18593,"menu_order":0,"comment_status":"closed","ping_status":"closed","template":"","meta":{"footnotes":""},"acf":[],"yoast_head":"<!-- This site is optimized with the Yoast SEO Premium plugin v21.7 (Yoast SEO v21.8) - https:\/\/yoast.com\/wordpress\/plugins\/seo\/ -->\n<title>Service Client\u00e8le | Nlyte<\/title>\n<meta name=\"robots\" content=\"index, follow, max-snippet:-1, max-image-preview:large, max-video-preview:-1\" \/>\n<link rel=\"canonical\" href=\"https:\/\/www.nlyte.com\/fr\/support\/service-clientele\/\" \/>\n<meta property=\"og:locale\" content=\"en_US\" \/>\n<meta property=\"og:type\" content=\"article\" \/>\n<meta property=\"og:title\" content=\"Service Client\u00e8le\" \/>\n<meta property=\"og:description\" content=\"Service client\u00e8le Nous contacter Chez Nlyte Software, nous comprenons que la technologie joue un r\u00f4le primordial dans le d\u00e9veloppement de vos activit\u00e9s. Gr\u00e2ce au service client\u00e8le de Nlyte Software, vous avez \u00e0 votre disposition une&hellip;\" \/>\n<meta property=\"og:url\" content=\"https:\/\/www.nlyte.com\/fr\/support\/service-clientele\/\" \/>\n<meta property=\"og:site_name\" content=\"Nlyte\" \/>\n<meta property=\"article:modified_time\" content=\"2020-03-03T17:26:54+00:00\" \/>\n<meta property=\"og:image\" content=\"https:\/\/www.nlyte.com\/fr\/web\/wp-content\/uploads\/2019\/05\/thinBanner-100x7.png\" \/>\n<meta name=\"twitter:card\" content=\"summary_large_image\" \/>\n<script type=\"application\/ld+json\" class=\"yoast-schema-graph\">{\"@context\":\"https:\/\/schema.org\",\"@graph\":[{\"@type\":\"WebPage\",\"@id\":\"https:\/\/www.nlyte.com\/fr\/support\/service-clientele\/\",\"url\":\"https:\/\/www.nlyte.com\/fr\/support\/service-clientele\/\",\"name\":\"Service Client\u00e8le | Nlyte\",\"isPartOf\":{\"@id\":\"https:\/\/www.nlyte.com\/fr\/#website\"},\"datePublished\":\"2019-06-28T20:02:11+00:00\",\"dateModified\":\"2020-03-03T17:26:54+00:00\",\"breadcrumb\":{\"@id\":\"https:\/\/www.nlyte.com\/fr\/support\/service-clientele\/#breadcrumb\"},\"inLanguage\":\"en-US\",\"potentialAction\":[{\"@type\":\"ReadAction\",\"target\":[\"https:\/\/www.nlyte.com\/fr\/support\/service-clientele\/\"]}]},{\"@type\":\"BreadcrumbList\",\"@id\":\"https:\/\/www.nlyte.com\/fr\/support\/service-clientele\/#breadcrumb\",\"itemListElement\":[{\"@type\":\"ListItem\",\"position\":1,\"name\":\"Home\",\"item\":\"https:\/\/www.nlyte.com\/fr\/\"},{\"@type\":\"ListItem\",\"position\":2,\"name\":\"Support\",\"item\":\"https:\/\/www.nlyte.com\/fr\/support\/\"},{\"@type\":\"ListItem\",\"position\":3,\"name\":\"Service Client\u00e8le\"}]},{\"@type\":\"WebSite\",\"@id\":\"https:\/\/www.nlyte.com\/fr\/#website\",\"url\":\"https:\/\/www.nlyte.com\/fr\/\",\"name\":\"Nlyte\",\"description\":\"Just another WordPress site\",\"publisher\":{\"@id\":\"https:\/\/www.nlyte.com\/fr\/#organization\"},\"potentialAction\":[{\"@type\":\"SearchAction\",\"target\":{\"@type\":\"EntryPoint\",\"urlTemplate\":\"https:\/\/www.nlyte.com\/fr\/?s={search_term_string}\"},\"query-input\":\"required name=search_term_string\"}],\"inLanguage\":\"en-US\"},{\"@type\":\"Organization\",\"@id\":\"https:\/\/www.nlyte.com\/fr\/#organization\",\"name\":\"Nlyte Software\",\"url\":\"https:\/\/www.nlyte.com\/fr\/\",\"logo\":{\"@type\":\"ImageObject\",\"inLanguage\":\"en-US\",\"@id\":\"https:\/\/www.nlyte.com\/fr\/#\/schema\/logo\/image\/\",\"url\":\"https:\/\/www.nlyte.com\/fr\/web\/wp-content\/uploads\/2019\/05\/Nlyte_favicon.png\",\"contentUrl\":\"https:\/\/www.nlyte.com\/fr\/web\/wp-content\/uploads\/2019\/05\/Nlyte_favicon.png\",\"width\":476,\"height\":475,\"caption\":\"Nlyte Software\"},\"image\":{\"@id\":\"https:\/\/www.nlyte.com\/fr\/#\/schema\/logo\/image\/\"}}]}<\/script>\n<!-- \/ Yoast SEO Premium plugin. -->","yoast_head_json":{"title":"Service Client\u00e8le | Nlyte","robots":{"index":"index","follow":"follow","max-snippet":"max-snippet:-1","max-image-preview":"max-image-preview:large","max-video-preview":"max-video-preview:-1"},"canonical":"https:\/\/www.nlyte.com\/fr\/support\/service-clientele\/","og_locale":"en_US","og_type":"article","og_title":"Service Client\u00e8le","og_description":"Service client\u00e8le Nous contacter Chez Nlyte Software, nous comprenons que la technologie joue un r\u00f4le primordial dans le d\u00e9veloppement de vos activit\u00e9s. Gr\u00e2ce au service client\u00e8le de Nlyte Software, vous avez \u00e0 votre disposition une&hellip;","og_url":"https:\/\/www.nlyte.com\/fr\/support\/service-clientele\/","og_site_name":"Nlyte","article_modified_time":"2020-03-03T17:26:54+00:00","og_image":[{"url":"https:\/\/www.nlyte.com\/fr\/web\/wp-content\/uploads\/2019\/05\/thinBanner-100x7.png"}],"twitter_card":"summary_large_image","schema":{"@context":"https:\/\/schema.org","@graph":[{"@type":"WebPage","@id":"https:\/\/www.nlyte.com\/fr\/support\/service-clientele\/","url":"https:\/\/www.nlyte.com\/fr\/support\/service-clientele\/","name":"Service Client\u00e8le | Nlyte","isPartOf":{"@id":"https:\/\/www.nlyte.com\/fr\/#website"},"datePublished":"2019-06-28T20:02:11+00:00","dateModified":"2020-03-03T17:26:54+00:00","breadcrumb":{"@id":"https:\/\/www.nlyte.com\/fr\/support\/service-clientele\/#breadcrumb"},"inLanguage":"en-US","potentialAction":[{"@type":"ReadAction","target":["https:\/\/www.nlyte.com\/fr\/support\/service-clientele\/"]}]},{"@type":"BreadcrumbList","@id":"https:\/\/www.nlyte.com\/fr\/support\/service-clientele\/#breadcrumb","itemListElement":[{"@type":"ListItem","position":1,"name":"Home","item":"https:\/\/www.nlyte.com\/fr\/"},{"@type":"ListItem","position":2,"name":"Support","item":"https:\/\/www.nlyte.com\/fr\/support\/"},{"@type":"ListItem","position":3,"name":"Service Client\u00e8le"}]},{"@type":"WebSite","@id":"https:\/\/www.nlyte.com\/fr\/#website","url":"https:\/\/www.nlyte.com\/fr\/","name":"Nlyte","description":"Just another WordPress site","publisher":{"@id":"https:\/\/www.nlyte.com\/fr\/#organization"},"potentialAction":[{"@type":"SearchAction","target":{"@type":"EntryPoint","urlTemplate":"https:\/\/www.nlyte.com\/fr\/?s={search_term_string}"},"query-input":"required name=search_term_string"}],"inLanguage":"en-US"},{"@type":"Organization","@id":"https:\/\/www.nlyte.com\/fr\/#organization","name":"Nlyte Software","url":"https:\/\/www.nlyte.com\/fr\/","logo":{"@type":"ImageObject","inLanguage":"en-US","@id":"https:\/\/www.nlyte.com\/fr\/#\/schema\/logo\/image\/","url":"https:\/\/www.nlyte.com\/fr\/web\/wp-content\/uploads\/2019\/05\/Nlyte_favicon.png","contentUrl":"https:\/\/www.nlyte.com\/fr\/web\/wp-content\/uploads\/2019\/05\/Nlyte_favicon.png","width":476,"height":475,"caption":"Nlyte Software"},"image":{"@id":"https:\/\/www.nlyte.com\/fr\/#\/schema\/logo\/image\/"}}]}},"_links":{"self":[{"href":"https:\/\/www.nlyte.com\/fr\/wp-json\/wp\/v2\/pages\/2661"}],"collection":[{"href":"https:\/\/www.nlyte.com\/fr\/wp-json\/wp\/v2\/pages"}],"about":[{"href":"https:\/\/www.nlyte.com\/fr\/wp-json\/wp\/v2\/types\/page"}],"author":[{"embeddable":true,"href":"https:\/\/www.nlyte.com\/fr\/wp-json\/wp\/v2\/users\/5"}],"replies":[{"embeddable":true,"href":"https:\/\/www.nlyte.com\/fr\/wp-json\/wp\/v2\/comments?post=2661"}],"version-history":[{"count":18,"href":"https:\/\/www.nlyte.com\/fr\/wp-json\/wp\/v2\/pages\/2661\/revisions"}],"predecessor-version":[{"id":19107,"href":"https:\/\/www.nlyte.com\/fr\/wp-json\/wp\/v2\/pages\/2661\/revisions\/19107"}],"up":[{"embeddable":true,"href":"https:\/\/www.nlyte.com\/fr\/wp-json\/wp\/v2\/pages\/18593"}],"wp:attachment":[{"href":"https:\/\/www.nlyte.com\/fr\/wp-json\/wp\/v2\/media?parent=2661"}],"curies":[{"name":"wp","href":"https:\/\/api.w.org\/{rel}","templated":true}]}}