{"id":3309,"date":"2019-07-03T14:31:49","date_gmt":"2019-07-03T18:31:49","guid":{"rendered":"http:\/\/www.nlyte.com\/fr\/customer-support-copy-2\/"},"modified":"2020-03-02T17:33:08","modified_gmt":"2020-03-02T21:33:08","slug":"integration-et-deploiement-des-services","status":"publish","type":"page","link":"https:\/\/www.nlyte.com\/fr\/integration-et-deploiement-des-services\/","title":{"rendered":"Int\u00e9gration et d\u00e9ploiement des services"},"content":{"rendered":"<div class=\"kmdg-builder-content\"><div class=\"builder-font-controller\"><section id=\"\" class=\"builder-section builder-section-type--section builder-custom-theme builder-theme--theme-1 builder-section-padding-top-med builder-section-padding-bottom-med builder-layout-padding-med builder-font-normal   builder-valign-top       \" style=''><div class='builder-bg-image-wrap' style='height:100%'><div class='builder-img-bg loaded' style='background-image: url(https:\/\/www.nlyte.com\/fr\/web\/wp-content\/uploads\/2019\/07\/thinBanner_gray-1.jpg);opacity:1;background-position-y:center;' ><img src='https:\/\/www.nlyte.com\/fr\/web\/wp-content\/uploads\/2019\/07\/thinBanner_gray-1.jpg' alt='' role='presentation'><\/div><\/div><div class=\"builder-layouts-container\"><div class=\"builder-layout builder-layout-one-column \"><div class=\"builder-container\">\n<div class=\"builder-table\">\n    \n<div class=\"builder-column builder-column-type--column \">\n    <div class=\"builder-column-body\">\n        <div class=\"builder-content\">\n            \n\n\n<div class=\"builder-component builder-component-wysiwyg builder-component-index-1   builder-mobile-animation\" style=\"padding: 0% 0%;background-color: ;\">\n    <h1 style=\"text-align: center;\">Integration and Deployment<\/h1>\n<\/div>\n        <\/div>\n    <\/div>\n<\/div><\/div>\n\n<\/div><\/div><\/div><\/section><section id=\"\" class=\"builder-section builder-section-type--section builder-custom-theme builder-theme--theme-0 builder-section-padding-top-high builder-section-padding-bottom-high builder-layout-padding-med builder-font-normal   builder-valign-top       \" style=''><div class=\"builder-layouts-container\"><div class=\"builder-layout builder-layout-one-column \"><div class=\"builder-container\">\n<div class=\"builder-table\">\n    \n<div class=\"builder-column builder-column-type--column \">\n    <div class=\"builder-column-body\">\n        <div class=\"builder-content\">\n            \n\n\n<div class=\"builder-component builder-component-wysiwyg builder-component-index-1   builder-mobile-animation\" style=\"padding: 0% 0%;background-color: ;\">\n    <h4 style=\"text-align: center;\"><strong><span style=\"color: #106ea3;\">Integrate with your ITSM, BMS or Facilities systems to maximize value using Nlyte Connectors. <\/span><\/strong><\/h4>\n<h4 style=\"text-align: center;\"><span style=\"color: #106ea3;\">Nlyte Deployment Services are fast, repeatable and well-planned to get you going swiftly. <\/span><\/h4>\n<\/div>\n\n\n\n<div class=\"builder-component builder-component-wysiwyg builder-component-index-2   builder-mobile-animation\" style=\"padding: 1% 5%;background-color: ;\">\n    <p style=\"text-align: center;\">Nlyte DCIM products have a number of 3rd party connectors which can rapidly interface Nlyte with any one of the industry\u2019s most popular Virtualization, IT Service Management (CMDB, Change Management) and infrastructure energy management solutions. Nlyte has created a wide portfolio of pre-built connectors purpose-built to communicate bi-directionally to these 3rd party offerings and can provide the required expertise to deploy these connectors in your environment quickly and efficiently, matching your business needs to the underlying structures. With these connectors, Nlyte customers can leverage their investments in IT service management, BMS or Facilities infrastructures more comprehensively than ever.<\/p>\n<\/div>\n        <\/div>\n    <\/div>\n<\/div><\/div>\n\n<\/div><\/div><\/div><\/section><section id=\"\" class=\"builder-section builder-section-type--section builder-custom-theme builder-theme--theme-0 builder-section-padding-top-high builder-section-padding-bottom-high builder-layout-padding-med builder-font-normal   builder-valign-top       \" style='background-color: #f3f3f3;'><div class=\"builder-layouts-container\"><div class=\"builder-layout builder-layout-one-column \"><div class=\"builder-container\">\n<div class=\"builder-table\">\n    \n<div class=\"builder-column builder-column-type--column \">\n    <div class=\"builder-column-body\">\n        <div class=\"builder-content\">\n            \n\n\n<div class=\"builder-component builder-component-wysiwyg builder-component-index-1   builder-mobile-animation\" style=\"padding: 0% 0%;background-color: ;\">\n    <h2 style=\"text-align: center;\"><span style=\"color: #106ea3;\">Nlyte Deployment Services<\/span><\/h2>\n<\/div>\n\n<div         class=\" builder-component builder-component-image builder-component-index-2   builder-mobile-animation builder-component-image-size-normal  align-\">\n            <div class=\"image-container builder-lazy-img\" style=\"background-image:url(https:\/\/www.nlyte.com\/fr\/web\/wp-content\/uploads\/2019\/07\/Services_IntegrationDeployment_diagram-100x20.png);\" data-srcs=\"{&quot;full&quot;:{&quot;src&quot;:&quot;https:\\\/\\\/www.nlyte.com\\\/fr\\\/web\\\/wp-content\\\/uploads\\\/2019\\\/07\\\/Services_IntegrationDeployment_diagram.png&quot;,&quot;width&quot;:&quot;-1&quot;},&quot;medium&quot;:{&quot;src&quot;:&quot;https:\\\/\\\/www.nlyte.com\\\/fr\\\/web\\\/wp-content\\\/uploads\\\/2019\\\/07\\\/Services_IntegrationDeployment_diagram-300x61.png&quot;,&quot;width&quot;:300},&quot;large&quot;:{&quot;src&quot;:&quot;https:\\\/\\\/www.nlyte.com\\\/fr\\\/web\\\/wp-content\\\/uploads\\\/2019\\\/07\\\/Services_IntegrationDeployment_diagram-1024x210.png&quot;,&quot;width&quot;:1024},&quot;pb-medium&quot;:{&quot;src&quot;:&quot;https:\\\/\\\/www.nlyte.com\\\/fr\\\/web\\\/wp-content\\\/uploads\\\/2019\\\/07\\\/Services_IntegrationDeployment_diagram-550x113.png&quot;,&quot;width&quot;:550}}\">\n            <div class=\"image-subcontainer \" style=\"max-height: inherit;\" >\n                <img  alt='Services_IntegrationDeployment_diagram' src='https:\/\/www.nlyte.com\/fr\/web\/wp-content\/uploads\/2019\/07\/Services_IntegrationDeployment_diagram-100x20.png' width='1089' height='223' \/>            <\/div>\n        <\/div>\n    <\/div>\n\n\n\n<div class=\"builder-component builder-component-wysiwyg builder-component-index-3   builder-mobile-animation\" style=\"padding: 2% 12%;background-color: ;\">\n    <p style=\"text-align: center;\">Clients who purchase Nlyte Software realize return on investment the faster they get up and running, and Nlyte Deployment Services help speed the process. Our deployment methodology has been honed over numerous DCIM deployments spanning a complete spectrum of size, configuration and complexity.<\/p>\n<\/div>\n        <\/div>\n    <\/div>\n<\/div><\/div>\n\n<\/div><\/div><\/div><\/section><section id=\"\" class=\"builder-section builder-section-type--section builder-custom-theme builder-theme--theme-0 builder-section-padding-top-high builder-section-padding-bottom-high builder-layout-padding-med builder-font-normal   builder-valign-middle       \" style='background-color: #eaeaea;'><div class=\"builder-layouts-container\"><div class=\"builder-layout builder-layout-one-fourth-column \"><div class=\"builder-container\">\n<div class=\"builder-table\">\n    \n<div class=\"builder-column builder-column-type--column \">\n    <div class=\"builder-column-body\">\n        <div class=\"builder-content\">\n            \n<div         class=\" builder-component builder-component-image builder-component-index-1   builder-mobile-animation builder-component-image-size-normal  align-\">\n            <div class=\"image-container builder-lazy-img\" style=\"background-image:url(https:\/\/www.nlyte.com\/fr\/web\/wp-content\/uploads\/2019\/07\/IconCircle01-100x100.png);width: 150px;\" data-srcs=\"{&quot;full&quot;:{&quot;src&quot;:&quot;https:\\\/\\\/www.nlyte.com\\\/fr\\\/web\\\/wp-content\\\/uploads\\\/2019\\\/07\\\/IconCircle01.png&quot;,&quot;width&quot;:&quot;-1&quot;}}\">\n            <div class=\"image-subcontainer \" style=\"max-height: inherit;\" >\n                <img  alt='IconCircle01' src='https:\/\/www.nlyte.com\/fr\/web\/wp-content\/uploads\/2019\/07\/IconCircle01-100x100.png' width='157' height='156' \/>            <\/div>\n        <\/div>\n    <\/div>\n        <\/div>\n    <\/div>\n<\/div>    \n<div class=\"builder-column builder-column-type--column \">\n    <div class=\"builder-column-body\">\n        <div class=\"builder-content\">\n            \n\n\n<div class=\"builder-component builder-component-wysiwyg builder-component-index-1   builder-mobile-animation\" style=\"padding: 0% 0%;background-color: ;\">\n    <h3><span style=\"color: #106ea3;\">Kick Off <\/span><\/h3>\n<p>Nlyte\u2019s methodology is structured to gain a comprehensive view of the environment by gathering relevant information and understanding expectations at the very beginning of the deployment process. Assignment of experts, project managers, and the development of an agreed upon communication plan are fundamental activities which support the entire project lifecycle.<\/p>\n<\/div>\n        <\/div>\n    <\/div>\n<\/div><\/div>\n<\/div><\/div><div class=\"builder-layout builder-layout-one-column \"><div class=\"builder-container\">\n<div class=\"builder-table\">\n    \n<div class=\"builder-column builder-column-type--column \">\n    <div class=\"builder-column-body\">\n        <div class=\"builder-content\">\n            <div class=\"builder-component builder-component-divider-line builder-component-index-1   builder-mobile-animation\">\n    <div class=\"divider-line\" style=\"background-color: #0baeef;height: 1px;\"><\/div>\n<\/div>        <\/div>\n    <\/div>\n<\/div><\/div>\n\n<\/div><\/div><div class=\"builder-layout builder-layout-one-fourth-column \"><div class=\"builder-container\">\n<div class=\"builder-table\">\n    \n<div class=\"builder-column builder-column-type--column \">\n    <div class=\"builder-column-body\">\n        <div class=\"builder-content\">\n            \n<div         class=\" builder-component builder-component-image builder-component-index-1   builder-mobile-animation builder-component-image-size-normal  align-\">\n            <div class=\"image-container builder-lazy-img\" style=\"background-image:url(https:\/\/www.nlyte.com\/fr\/web\/wp-content\/uploads\/2019\/07\/IconCircle02-100x100.png);width: 150px;\" data-srcs=\"{&quot;full&quot;:{&quot;src&quot;:&quot;https:\\\/\\\/www.nlyte.com\\\/fr\\\/web\\\/wp-content\\\/uploads\\\/2019\\\/07\\\/IconCircle02.png&quot;,&quot;width&quot;:&quot;-1&quot;}}\">\n            <div class=\"image-subcontainer \" style=\"max-height: inherit;\" >\n                <img  alt='IconCircle02' src='https:\/\/www.nlyte.com\/fr\/web\/wp-content\/uploads\/2019\/07\/IconCircle02-100x100.png' width='157' height='157' \/>            <\/div>\n        <\/div>\n    <\/div>\n        <\/div>\n    <\/div>\n<\/div>    \n<div class=\"builder-column builder-column-type--column \">\n    <div class=\"builder-column-body\">\n        <div class=\"builder-content\">\n            \n\n\n<div class=\"builder-component builder-component-wysiwyg builder-component-index-1   builder-mobile-animation\" style=\"padding: 0% 0%;background-color: ;\">\n    <h3><span style=\"color: #106ea3;\">Plan<\/span><\/h3>\n<p>The Plan phase incorporates Nlyte\u2019s extensive experience in DCIM deployments and incorporates a vast collection of best practices, processes, and templates to develop the appropriate solution to successfully achieve objectives and meet expectations. Risk Mitigation, Quality Management, Change Management, Resource Management and Information Collection &amp; Repository details are completely fleshed out in this phase. The Project Plan is expanded to include WBS (work breakdown structure) based on the scope of the finalized requirements.<\/p>\n<\/div>\n        <\/div>\n    <\/div>\n<\/div><\/div>\n<\/div><\/div><div class=\"builder-layout builder-layout-one-column \"><div class=\"builder-container\">\n<div class=\"builder-table\">\n    \n<div class=\"builder-column builder-column-type--column \">\n    <div class=\"builder-column-body\">\n        <div class=\"builder-content\">\n            <div class=\"builder-component builder-component-divider-line builder-component-index-1   builder-mobile-animation\">\n    <div class=\"divider-line\" style=\"background-color: #0baeef;height: 1px;\"><\/div>\n<\/div>        <\/div>\n    <\/div>\n<\/div><\/div>\n\n<\/div><\/div><div class=\"builder-layout builder-layout-one-fourth-column \"><div class=\"builder-container\">\n<div class=\"builder-table\">\n    \n<div class=\"builder-column builder-column-type--column \">\n    <div class=\"builder-column-body\">\n        <div class=\"builder-content\">\n            \n<div         class=\" builder-component builder-component-image builder-component-index-1   builder-mobile-animation builder-component-image-size-normal  align-\">\n            <div class=\"image-container builder-lazy-img\" style=\"background-image:url(https:\/\/www.nlyte.com\/fr\/web\/wp-content\/uploads\/2019\/07\/IconCircle03-100x100.png);width: 150px;\" data-srcs=\"{&quot;full&quot;:{&quot;src&quot;:&quot;https:\\\/\\\/www.nlyte.com\\\/fr\\\/web\\\/wp-content\\\/uploads\\\/2019\\\/07\\\/IconCircle03.png&quot;,&quot;width&quot;:&quot;-1&quot;}}\">\n            <div class=\"image-subcontainer \" style=\"max-height: inherit;\" >\n                <img  alt='IconCircle03' src='https:\/\/www.nlyte.com\/fr\/web\/wp-content\/uploads\/2019\/07\/IconCircle03-100x100.png' width='156' height='156' \/>            <\/div>\n        <\/div>\n    <\/div>\n        <\/div>\n    <\/div>\n<\/div>    \n<div class=\"builder-column builder-column-type--column \">\n    <div class=\"builder-column-body\">\n        <div class=\"builder-content\">\n            \n\n\n<div class=\"builder-component builder-component-wysiwyg builder-component-index-1   builder-mobile-animation\" style=\"padding: 0% 0%;background-color: ;\">\n    <h3><span style=\"color: #106ea3;\">Implement<\/span><\/h3>\n<p>The success of this phase is a direct result of a detailed Plan. The software is loaded in both development and production environments, validation conducted, and preparations are made for moving the solution into full production. The communications in this phase include Status Reports, Deliverable Reviews, and Customer Acceptance.<\/p>\n<\/div>\n        <\/div>\n    <\/div>\n<\/div><\/div>\n<\/div><\/div><div class=\"builder-layout builder-layout-one-column \"><div class=\"builder-container\">\n<div class=\"builder-table\">\n    \n<div class=\"builder-column builder-column-type--column \">\n    <div class=\"builder-column-body\">\n        <div class=\"builder-content\">\n            <div class=\"builder-component builder-component-divider-line builder-component-index-1   builder-mobile-animation\">\n    <div class=\"divider-line\" style=\"background-color: #0baeef;height: 1px;\"><\/div>\n<\/div>        <\/div>\n    <\/div>\n<\/div><\/div>\n\n<\/div><\/div><div class=\"builder-layout builder-layout-one-fourth-column \"><div class=\"builder-container\">\n<div class=\"builder-table\">\n    \n<div class=\"builder-column builder-column-type--column \">\n    <div class=\"builder-column-body\">\n        <div class=\"builder-content\">\n            \n<div         class=\" builder-component builder-component-image builder-component-index-1   builder-mobile-animation builder-component-image-size-normal  align-\">\n            <div class=\"image-container builder-lazy-img\" style=\"background-image:url(https:\/\/www.nlyte.com\/fr\/web\/wp-content\/uploads\/2019\/07\/IconCircle04-100x100.png);width: 150px;\" data-srcs=\"{&quot;full&quot;:{&quot;src&quot;:&quot;https:\\\/\\\/www.nlyte.com\\\/fr\\\/web\\\/wp-content\\\/uploads\\\/2019\\\/07\\\/IconCircle04.png&quot;,&quot;width&quot;:&quot;-1&quot;}}\">\n            <div class=\"image-subcontainer \" style=\"max-height: inherit;\" >\n                <img  alt='IconCircle04' src='https:\/\/www.nlyte.com\/fr\/web\/wp-content\/uploads\/2019\/07\/IconCircle04-100x100.png' width='157' height='156' \/>            <\/div>\n        <\/div>\n    <\/div>\n        <\/div>\n    <\/div>\n<\/div>    \n<div class=\"builder-column builder-column-type--column \">\n    <div class=\"builder-column-body\">\n        <div class=\"builder-content\">\n            \n\n\n<div class=\"builder-component builder-component-wysiwyg builder-component-index-1   builder-mobile-animation\" style=\"padding: 0% 0%;background-color: ;\">\n    <h3><span style=\"color: #106ea3;\">Roll Out<\/span><\/h3>\n<p>Customer Acceptance, Training, and officially moving the solution into production mark the conclusion of the deployment. Administrative activities in this phase include the implementation of support processes (Day 1 Support), Closeout Meetings, Consolidation and Delivery of project documents, and release of project personnel.<\/p>\n<\/div>\n        <\/div>\n    <\/div>\n<\/div><\/div>\n<\/div><\/div><\/div><\/section><\/div><\/div>","protected":false},"excerpt":{"rendered":"<p>Integration and Deployment Integrate with your ITSM, BMS or Facilities systems to maximize value using Nlyte Connectors. Nlyte Deployment Services are fast, repeatable and well-planned to get you going swiftly. Nlyte DCIM products have a&hellip;<\/p>\n","protected":false},"author":5,"featured_media":0,"parent":0,"menu_order":0,"comment_status":"closed","ping_status":"closed","template":"","meta":{"footnotes":""},"acf":[],"yoast_head":"<!-- This site is optimized with the Yoast SEO Premium plugin v21.7 (Yoast SEO v21.8) - https:\/\/yoast.com\/wordpress\/plugins\/seo\/ -->\n<title>Int\u00e9gration et d\u00e9ploiement des services | Nlyte<\/title>\n<meta name=\"description\" content=\"Les clients qui ach\u00e8tent le logiciel Nlyte r\u00e9alisent un retour sur investissement plus vite ils sont op\u00e9rationnels et les services de d\u00e9ploiement Nlyte aident \u00e0 acc\u00e9l\u00e9rer le processus.\" \/>\n<meta name=\"robots\" content=\"noindex, nofollow\" \/>\n<meta property=\"og:locale\" content=\"en_US\" \/>\n<meta property=\"og:type\" content=\"article\" \/>\n<meta property=\"og:title\" content=\"Int\u00e9gration et d\u00e9ploiement des services\" \/>\n<meta property=\"og:description\" content=\"Les clients qui ach\u00e8tent le logiciel Nlyte r\u00e9alisent un retour sur investissement plus vite ils sont op\u00e9rationnels et les services de d\u00e9ploiement Nlyte aident \u00e0 acc\u00e9l\u00e9rer le processus.\" \/>\n<meta property=\"og:url\" content=\"https:\/\/www.nlyte.com\/fr\/integration-et-deploiement-des-services\/\" \/>\n<meta property=\"og:site_name\" content=\"Nlyte\" \/>\n<meta property=\"article:modified_time\" content=\"2020-03-02T21:33:08+00:00\" \/>\n<meta property=\"og:image\" content=\"https:\/\/www.nlyte.com\/fr\/web\/wp-content\/uploads\/2019\/07\/thinBanner_gray-1-100x7.jpg\" \/>\n<meta name=\"twitter:card\" content=\"summary_large_image\" \/>\n<meta name=\"twitter:label1\" content=\"Est. reading time\" \/>\n\t<meta name=\"twitter:data1\" content=\"2 minutes\" \/>\n<script type=\"application\/ld+json\" class=\"yoast-schema-graph\">{\"@context\":\"https:\/\/schema.org\",\"@graph\":[{\"@type\":\"WebPage\",\"@id\":\"https:\/\/www.nlyte.com\/fr\/integration-et-deploiement-des-services\/\",\"url\":\"https:\/\/www.nlyte.com\/fr\/integration-et-deploiement-des-services\/\",\"name\":\"Int\u00e9gration et d\u00e9ploiement des services | Nlyte\",\"isPartOf\":{\"@id\":\"https:\/\/www.nlyte.com\/fr\/#website\"},\"datePublished\":\"2019-07-03T18:31:49+00:00\",\"dateModified\":\"2020-03-02T21:33:08+00:00\",\"description\":\"Les clients qui ach\u00e8tent le logiciel Nlyte r\u00e9alisent un retour sur investissement plus vite ils sont op\u00e9rationnels et les services de d\u00e9ploiement Nlyte aident \u00e0 acc\u00e9l\u00e9rer le processus.\",\"breadcrumb\":{\"@id\":\"https:\/\/www.nlyte.com\/fr\/integration-et-deploiement-des-services\/#breadcrumb\"},\"inLanguage\":\"en-US\",\"potentialAction\":[{\"@type\":\"ReadAction\",\"target\":[\"https:\/\/www.nlyte.com\/fr\/integration-et-deploiement-des-services\/\"]}]},{\"@type\":\"BreadcrumbList\",\"@id\":\"https:\/\/www.nlyte.com\/fr\/integration-et-deploiement-des-services\/#breadcrumb\",\"itemListElement\":[{\"@type\":\"ListItem\",\"position\":1,\"name\":\"Home\",\"item\":\"https:\/\/www.nlyte.com\/fr\/\"},{\"@type\":\"ListItem\",\"position\":2,\"name\":\"Int\u00e9gration et d\u00e9ploiement des services\"}]},{\"@type\":\"WebSite\",\"@id\":\"https:\/\/www.nlyte.com\/fr\/#website\",\"url\":\"https:\/\/www.nlyte.com\/fr\/\",\"name\":\"Nlyte\",\"description\":\"Just another WordPress site\",\"publisher\":{\"@id\":\"https:\/\/www.nlyte.com\/fr\/#organization\"},\"potentialAction\":[{\"@type\":\"SearchAction\",\"target\":{\"@type\":\"EntryPoint\",\"urlTemplate\":\"https:\/\/www.nlyte.com\/fr\/?s={search_term_string}\"},\"query-input\":\"required name=search_term_string\"}],\"inLanguage\":\"en-US\"},{\"@type\":\"Organization\",\"@id\":\"https:\/\/www.nlyte.com\/fr\/#organization\",\"name\":\"Nlyte Software\",\"url\":\"https:\/\/www.nlyte.com\/fr\/\",\"logo\":{\"@type\":\"ImageObject\",\"inLanguage\":\"en-US\",\"@id\":\"https:\/\/www.nlyte.com\/fr\/#\/schema\/logo\/image\/\",\"url\":\"https:\/\/www.nlyte.com\/fr\/web\/wp-content\/uploads\/2019\/05\/Nlyte_favicon.png\",\"contentUrl\":\"https:\/\/www.nlyte.com\/fr\/web\/wp-content\/uploads\/2019\/05\/Nlyte_favicon.png\",\"width\":476,\"height\":475,\"caption\":\"Nlyte Software\"},\"image\":{\"@id\":\"https:\/\/www.nlyte.com\/fr\/#\/schema\/logo\/image\/\"}}]}<\/script>\n<!-- \/ Yoast SEO Premium plugin. -->","yoast_head_json":{"title":"Int\u00e9gration et d\u00e9ploiement des services | Nlyte","description":"Les clients qui ach\u00e8tent le logiciel Nlyte r\u00e9alisent un retour sur investissement plus vite ils sont op\u00e9rationnels et les services de d\u00e9ploiement Nlyte aident \u00e0 acc\u00e9l\u00e9rer le processus.","robots":{"index":"noindex","follow":"nofollow"},"og_locale":"en_US","og_type":"article","og_title":"Int\u00e9gration et d\u00e9ploiement des services","og_description":"Les clients qui ach\u00e8tent le logiciel Nlyte r\u00e9alisent un retour sur investissement plus vite ils sont op\u00e9rationnels et les services de d\u00e9ploiement Nlyte aident \u00e0 acc\u00e9l\u00e9rer le processus.","og_url":"https:\/\/www.nlyte.com\/fr\/integration-et-deploiement-des-services\/","og_site_name":"Nlyte","article_modified_time":"2020-03-02T21:33:08+00:00","og_image":[{"url":"https:\/\/www.nlyte.com\/fr\/web\/wp-content\/uploads\/2019\/07\/thinBanner_gray-1-100x7.jpg"}],"twitter_card":"summary_large_image","twitter_misc":{"Est. reading time":"2 minutes"},"schema":{"@context":"https:\/\/schema.org","@graph":[{"@type":"WebPage","@id":"https:\/\/www.nlyte.com\/fr\/integration-et-deploiement-des-services\/","url":"https:\/\/www.nlyte.com\/fr\/integration-et-deploiement-des-services\/","name":"Int\u00e9gration et d\u00e9ploiement des services | Nlyte","isPartOf":{"@id":"https:\/\/www.nlyte.com\/fr\/#website"},"datePublished":"2019-07-03T18:31:49+00:00","dateModified":"2020-03-02T21:33:08+00:00","description":"Les clients qui ach\u00e8tent le logiciel Nlyte r\u00e9alisent un retour sur investissement plus vite ils sont op\u00e9rationnels et les services de d\u00e9ploiement Nlyte aident \u00e0 acc\u00e9l\u00e9rer le processus.","breadcrumb":{"@id":"https:\/\/www.nlyte.com\/fr\/integration-et-deploiement-des-services\/#breadcrumb"},"inLanguage":"en-US","potentialAction":[{"@type":"ReadAction","target":["https:\/\/www.nlyte.com\/fr\/integration-et-deploiement-des-services\/"]}]},{"@type":"BreadcrumbList","@id":"https:\/\/www.nlyte.com\/fr\/integration-et-deploiement-des-services\/#breadcrumb","itemListElement":[{"@type":"ListItem","position":1,"name":"Home","item":"https:\/\/www.nlyte.com\/fr\/"},{"@type":"ListItem","position":2,"name":"Int\u00e9gration et d\u00e9ploiement des services"}]},{"@type":"WebSite","@id":"https:\/\/www.nlyte.com\/fr\/#website","url":"https:\/\/www.nlyte.com\/fr\/","name":"Nlyte","description":"Just another WordPress site","publisher":{"@id":"https:\/\/www.nlyte.com\/fr\/#organization"},"potentialAction":[{"@type":"SearchAction","target":{"@type":"EntryPoint","urlTemplate":"https:\/\/www.nlyte.com\/fr\/?s={search_term_string}"},"query-input":"required name=search_term_string"}],"inLanguage":"en-US"},{"@type":"Organization","@id":"https:\/\/www.nlyte.com\/fr\/#organization","name":"Nlyte Software","url":"https:\/\/www.nlyte.com\/fr\/","logo":{"@type":"ImageObject","inLanguage":"en-US","@id":"https:\/\/www.nlyte.com\/fr\/#\/schema\/logo\/image\/","url":"https:\/\/www.nlyte.com\/fr\/web\/wp-content\/uploads\/2019\/05\/Nlyte_favicon.png","contentUrl":"https:\/\/www.nlyte.com\/fr\/web\/wp-content\/uploads\/2019\/05\/Nlyte_favicon.png","width":476,"height":475,"caption":"Nlyte Software"},"image":{"@id":"https:\/\/www.nlyte.com\/fr\/#\/schema\/logo\/image\/"}}]}},"_links":{"self":[{"href":"https:\/\/www.nlyte.com\/fr\/wp-json\/wp\/v2\/pages\/3309"}],"collection":[{"href":"https:\/\/www.nlyte.com\/fr\/wp-json\/wp\/v2\/pages"}],"about":[{"href":"https:\/\/www.nlyte.com\/fr\/wp-json\/wp\/v2\/types\/page"}],"author":[{"embeddable":true,"href":"https:\/\/www.nlyte.com\/fr\/wp-json\/wp\/v2\/users\/5"}],"replies":[{"embeddable":true,"href":"https:\/\/www.nlyte.com\/fr\/wp-json\/wp\/v2\/comments?post=3309"}],"version-history":[{"count":19,"href":"https:\/\/www.nlyte.com\/fr\/wp-json\/wp\/v2\/pages\/3309\/revisions"}],"predecessor-version":[{"id":19063,"href":"https:\/\/www.nlyte.com\/fr\/wp-json\/wp\/v2\/pages\/3309\/revisions\/19063"}],"wp:attachment":[{"href":"https:\/\/www.nlyte.com\/fr\/wp-json\/wp\/v2\/media?parent=3309"}],"curies":[{"name":"wp","href":"https:\/\/api.w.org\/{rel}","templated":true}]}}