{"id":3645,"date":"2019-07-04T14:15:33","date_gmt":"2019-07-04T18:15:33","guid":{"rendered":"http:\/\/www.nlyte.com\/fr\/customer-support-copy-2\/"},"modified":"2020-11-03T13:43:02","modified_gmt":"2020-11-03T17:43:02","slug":"partenaires","status":"publish","type":"page","link":"https:\/\/www.nlyte.com\/fr\/entreprise\/partenaires\/","title":{"rendered":"Partenaires"},"content":{"rendered":"<div class=\"kmdg-builder-content\"><div class=\"builder-font-controller\"><section id=\"\" class=\"builder-section builder-section-type--section builder-custom-theme builder-theme--theme-1 builder-section-padding-top-med builder-section-padding-bottom-med builder-layout-padding-med builder-font-normal   builder-valign-top       \" style=''><div class='builder-bg-image-wrap' style='height:100%'><div class='builder-img-bg loaded' style='background-image: url(https:\/\/www.nlyte.com\/fr\/web\/wp-content\/uploads\/2019\/07\/thinBanner_gray-1.jpg);opacity:1;background-position-y:center;' ><img src='https:\/\/www.nlyte.com\/fr\/web\/wp-content\/uploads\/2019\/07\/thinBanner_gray-1.jpg' alt='' role='presentation'><\/div><\/div><div class=\"builder-layouts-container\"><div class=\"builder-layout builder-layout-one-column \"><div class=\"builder-container\">\n<div class=\"builder-table\">\n    \n<div class=\"builder-column builder-column-type--column \">\n    <div class=\"builder-column-body\">\n        <div class=\"builder-content\">\n            \n\n\n<div class=\"builder-component builder-component-wysiwyg builder-component-index-1   builder-mobile-animation\" style=\"padding: 0% 0%;background-color: ;\">\n    <h1 style=\"text-align: center;\">\u00c0 propos de nos partenaires et de notre programme de partenariat<\/h1>\n<\/div>\n        <\/div>\n    <\/div>\n<\/div><\/div>\n\n<\/div><\/div><\/div><\/section><section id=\"\" class=\"builder-section builder-section-type--section builder-custom-theme builder-theme--theme-0 builder-section-padding-top-high builder-section-padding-bottom-med builder-layout-padding-med builder-font-normal   builder-valign-top       \" style=''><div class=\"builder-layouts-container\"><div class=\"builder-layout builder-layout-one-column \"><div class=\"builder-container\">\n<div class=\"builder-table\">\n    \n<div class=\"builder-column builder-column-type--column \">\n    <div class=\"builder-column-body\">\n        <div class=\"builder-content\">\n            \n\n\n<div class=\"builder-component builder-component-wysiwyg builder-component-index-1   builder-mobile-animation\" style=\"padding: 0% 0%;background-color: ;\">\n    <h1><span style=\"color: #106ea3;\">Partenaires technologiques<\/span><\/h1>\n<h4>Nous collaborons avec des entreprises de premier plan pour fournir des fonctionnalit\u00e9s \u00e9tendues et une int\u00e9gration transparente aux solutions et aux outils que de nombreux clients ont d\u00e9j\u00e0 en place.<\/h4>\n<h4><a href=\"https:\/\/www.nlyte.com\/fr\/entreprise\/contacter\/\">Contactez-nous<\/a> pour en savoir plus.<\/h4>\n<h4>Voici seulement quelques-uns de nos partenaires technologiques:<\/h4>\n<\/div>\n\n<div  class=\"builder-component builder-component-spacer builder-component-index-2   builder-mobile-animation\" style=\"padding: 2% 0 0 0;\"><\/div>\n<div class=\"builder-component builder-component-icon-bar builder-component-index-3   builder-mobile-animation\">\n            <div class=\"icons-row\">\n                            \n                <div class=\"single-icon\">\n                                            <div class=\"image-container\" style=\"padding: 0 7.5%;\">\n                            <img decoding=\"async\" src=\"https:\/\/www.nlyte.com\/fr\/web\/wp-content\/uploads\/2019\/08\/bmc_logo_RGB-300x150-300x150.png\">\n                        <\/div>\n                                    <\/div>\n                            \n                <div class=\"single-icon\">\n                                            <div class=\"image-container\" style=\"padding: 0 5.5%;\">\n                            <img decoding=\"async\" src=\"https:\/\/www.nlyte.com\/fr\/web\/wp-content\/uploads\/2019\/10\/cherwell-software-vector-logo-300x65.png\">\n                        <\/div>\n                                    <\/div>\n                            \n                <div class=\"single-icon\">\n                                            <div class=\"image-container\" style=\"padding: 0 0%;\">\n                            <img decoding=\"async\" src=\"https:\/\/www.nlyte.com\/fr\/web\/wp-content\/uploads\/2019\/09\/ibm.png\">\n                        <\/div>\n                                    <\/div>\n                            \n                <div class=\"single-icon\">\n                                            <div class=\"image-container\" style=\"padding: 0 6%;\">\n                            <img decoding=\"async\" src=\"https:\/\/www.nlyte.com\/fr\/web\/wp-content\/uploads\/2019\/10\/microsofts-logo-300x73.jpg\">\n                        <\/div>\n                                    <\/div>\n                            \n                <div class=\"single-icon\">\n                                            <div class=\"image-container\" style=\"padding: 0 6%;\">\n                            <img decoding=\"async\" src=\"https:\/\/www.nlyte.com\/fr\/web\/wp-content\/uploads\/2019\/10\/Nutanix_Logo-300x39.png\">\n                        <\/div>\n                                    <\/div>\n                    <\/div>\n    <\/div><div class=\"builder-component builder-component-icon-bar builder-component-index-4   builder-mobile-animation\">\n            <div class=\"icons-row\">\n                            \n                <div class=\"single-icon\">\n                                            <div class=\"image-container\" style=\"padding: 0 14%;\">\n                            <img decoding=\"async\" src=\"https:\/\/www.nlyte.com\/fr\/web\/wp-content\/uploads\/2019\/10\/RF-code-logo-300x70.jpg\">\n                        <\/div>\n                                    <\/div>\n                            \n                <div class=\"single-icon\">\n                                            <div class=\"image-container\" style=\"padding: 0 11.5%;\">\n                            <img decoding=\"async\" src=\"https:\/\/www.nlyte.com\/fr\/web\/wp-content\/uploads\/2019\/10\/servicenow-300x69.png\">\n                        <\/div>\n                                    <\/div>\n                            \n                <div class=\"single-icon\">\n                                            <div class=\"image-container\" style=\"padding: 0 12.5%;\">\n                            <img decoding=\"async\" src=\"https:\/\/www.nlyte.com\/fr\/web\/wp-content\/uploads\/2019\/10\/VMware_logo-300x60.jpg\">\n                        <\/div>\n                                    <\/div>\n                            \n                <div class=\"single-icon\">\n                                            <div class=\"image-container\" style=\"padding: 0 38.5%;\">\n                            <img decoding=\"async\" src=\"https:\/\/www.nlyte.com\/fr\/web\/wp-content\/uploads\/2019\/10\/F5-logo.png\">\n                        <\/div>\n                                    <\/div>\n                    <\/div>\n    <\/div>        <\/div>\n    <\/div>\n<\/div><\/div>\n\n<\/div><\/div><\/div><\/section><section id=\"\" class=\"builder-section builder-section-type--section builder-custom-theme builder-theme--theme-0 builder-section-padding-top-med builder-section-padding-bottom-med builder-layout-padding-med builder-font-normal   builder-valign-top       \" style=''><div class=\"builder-layouts-container\"><div class=\"builder-layout builder-layout-one-column \"><div class=\"builder-container\">\n<div class=\"builder-table\">\n    \n<div class=\"builder-column builder-column-type--column \">\n    <div class=\"builder-column-body\">\n        <div class=\"builder-content\">\n            \n\n\n<div class=\"builder-component builder-component-wysiwyg builder-component-index-1   builder-mobile-animation\" style=\"padding: 0% 0%;background-color: ;\">\n    <h3>Connecteurs Nlyte<\/h3>\n<p>Nous avons une liste compl\u00e8te de connecteurs pr\u00eats \u00e0 l'emploi pour une communication bilat\u00e9rale rapide et compl\u00e8te avec tous vos syst\u00e8mes essentiels, notamment ITSM, CMDB, Virtualisation, Finance, etc. <strong> Visitez notre page Web Connecteurs pour en savoir plus.<br \/>\n<\/strong><\/p>\n<h3>Devenir un partenaire technologique de Nlyte<strong><br \/>\n<\/strong><\/h3>\n<p>Rejoignez le programme de partenaires technologiques de Nlyte et apportez rapidement une valeur compl\u00e9mentaire aux solutions que nous proposons. Les partenaires technologiques de Nlyte peuvent d\u00e9velopper leurs produits et solutions pour r\u00e9pondre aux normes d\u2019int\u00e9gration de Nlyte via l\u2019interface d\u2019int\u00e9gration de services de donn\u00e9es NgageAPI\u2122. Contactez-nous pour en savoir plus.<\/p>\n<\/div>\n        <\/div>\n    <\/div>\n<\/div><\/div>\n\n<\/div><\/div><div class=\"builder-layout builder-layout-one-column \"><div class=\"builder-container\">\n<div class=\"builder-table\">\n    \n<div class=\"builder-column builder-column-type--column \">\n    <div class=\"builder-column-body\">\n        <div class=\"builder-content\">\n            <div class=\"builder-component builder-component-divider-line builder-component-index-1   builder-mobile-animation\">\n    <div class=\"divider-line\" style=\"background-color: #e0e0e0;height: 2px;\"><\/div>\n<\/div>        <\/div>\n    <\/div>\n<\/div><\/div>\n\n<\/div><\/div><\/div><\/section><section id=\"\" class=\"builder-section builder-section-type--section builder-custom-theme builder-theme--theme-0 builder-section-padding-top-med builder-section-padding-bottom-med builder-layout-padding-med builder-font-normal   builder-valign-top       \" style=''><div class=\"builder-layouts-container\"><div class=\"builder-layout builder-layout-one-column \"><div class=\"builder-container\">\n<div class=\"builder-table\">\n    \n<div class=\"builder-column builder-column-type--column \">\n    <div class=\"builder-column-body\">\n        <div class=\"builder-content\">\n            \n\n\n<div class=\"builder-component builder-component-wysiwyg builder-component-index-1   builder-mobile-animation\" style=\"padding: 0% 0%;background-color: ;\">\n    <h1><span style=\"color: #106ea3;\">PARTENAIRES DE DISTRIBUTION<\/span><\/h1>\n<h4>TGr\u00e2ce \u00e0 nos partenaires de distribution certifi\u00e9s, nous pouvons accro\u00eetre notre pr\u00e9sence dans davantage de pays et fournir des syst\u00e8mes et des services compl\u00e9mentaires afin de r\u00e9pondre aux besoins de nos clients dans le monde entier.<br \/>\nContactez-nous pour trouver le partenaire id\u00e9al qui sera en mesure de vous proposer les solutions Nlyte de premier plan qui r\u00e9pondent le mieux \u00e0 vos besoins.<br \/>\nNos partenaires de distribution incluent:<\/h4>\n<\/div>\n\n<div  class=\"builder-component builder-component-spacer builder-component-index-2   builder-mobile-animation\" style=\"padding: 2% 0 0 0;\"><\/div>\n<div class=\"builder-component builder-component-icon-bar builder-component-index-3   builder-mobile-animation\">\n            <div class=\"icons-row\">\n                            \n                <div class=\"single-icon\">\n                                            <div class=\"image-container\" style=\"padding: 0 6.5%;\">\n                            <img decoding=\"async\" src=\"https:\/\/www.nlyte.com\/fr\/web\/wp-content\/uploads\/2019\/10\/Accenture-logo-300x83.png\">\n                        <\/div>\n                                    <\/div>\n                            \n                <div class=\"single-icon\">\n                                            <div class=\"image-container\" style=\"padding: 0 11%;\">\n                            <img decoding=\"async\" src=\"https:\/\/www.nlyte.com\/fr\/web\/wp-content\/uploads\/2019\/08\/bmc_logo_RGB-300x150-300x150.png\">\n                        <\/div>\n                                    <\/div>\n                            \n                <div class=\"single-icon\">\n                                            <div class=\"image-container\" style=\"padding: 0 17.5%;\">\n                            <img decoding=\"async\" src=\"https:\/\/www.nlyte.com\/fr\/web\/wp-content\/uploads\/2019\/10\/dell-logo-300x114.jpg\">\n                        <\/div>\n                                    <\/div>\n                            \n                <div class=\"single-icon\">\n                                            <div class=\"image-container\" style=\"padding: 0 0%;\">\n                            <img decoding=\"async\" src=\"https:\/\/www.nlyte.com\/fr\/web\/wp-content\/uploads\/2019\/09\/ibm.png\">\n                        <\/div>\n                                    <\/div>\n                            \n                <div class=\"single-icon\">\n                                            <div class=\"image-container\" style=\"padding: 0 0%;\">\n                            <img decoding=\"async\" src=\"https:\/\/www.nlyte.com\/fr\/web\/wp-content\/uploads\/2019\/10\/Straton-IT-logo-300x67.png\">\n                        <\/div>\n                                    <\/div>\n                    <\/div>\n    <\/div>        <\/div>\n    <\/div>\n<\/div><\/div>\n\n<\/div><\/div><div class=\"builder-layout builder-layout-one-column \"><div class=\"builder-container\">\n<div class=\"builder-table\">\n    \n<div class=\"builder-column builder-column-type--column \">\n    <div class=\"builder-column-body\">\n        <div class=\"builder-content\">\n            \n<div  class=\"builder-component builder-component-spacer builder-component-index-1   builder-mobile-animation\" style=\"padding: 1% 0 0 0;\"><\/div>\n\n\n\n<div class=\"builder-component builder-component-wysiwyg builder-component-index-2   builder-mobile-animation\" style=\"padding: 0% 0%;background-color: ;\">\n    <h3>Devenir un partenaire de distribution de Nlyte<\/h3>\n<p>Notre programme de partenaires de distribution est con\u00e7u pour aider votre entreprise \u00e0 r\u00e9ussir, que vous vendiez principalement le logiciel Nlyte ou que vous proposiez l'assistance, les services ou la formation associ\u00e9s. Il est sp\u00e9cialement con\u00e7u pour s'aligner sur vos objectifs commerciaux, \u00e9tendre la valeur de votre proposition de vente et accro\u00eetre votre diff\u00e9renciation sur le march\u00e9.<\/p>\n<p>Nous nous f\u00e9licitons de la possibilit\u00e9 de travailler avec vous pour fournir des solutions Nlyte dans de nouveaux lieux g\u00e9ographiques ou march\u00e9s dans lesquels vous \u00eates sp\u00e9cialis\u00e9.<br \/>\nContactez-nous pour en savoir plus.<\/p>\n<\/div>\n        <\/div>\n    <\/div>\n<\/div><\/div>\n\n<\/div><\/div><\/div><\/section><\/div><\/div>","protected":false},"excerpt":{"rendered":"<p>\u00c0 propos de nos partenaires et de notre programme de partenariat Partenaires technologiques Nous collaborons avec des entreprises de premier plan pour fournir des fonctionnalit\u00e9s \u00e9tendues et une int\u00e9gration transparente aux solutions et aux outils&hellip;<\/p>\n","protected":false},"author":5,"featured_media":0,"parent":15336,"menu_order":0,"comment_status":"closed","ping_status":"closed","template":"","meta":{"footnotes":""},"acf":[],"yoast_head":"<!-- This site is optimized with the Yoast SEO Premium plugin v21.7 (Yoast SEO v21.8) - https:\/\/yoast.com\/wordpress\/plugins\/seo\/ -->\n<title>Unmatched DCIM Partners | Nlyte<\/title>\n<meta name=\"description\" content=\"Nlyte, the leader in DCIM solutions, invites you to explore joining forces with us through the Nlyte Partner Network. Learn more.\" \/>\n<meta name=\"robots\" content=\"index, follow, max-snippet:-1, max-image-preview:large, max-video-preview:-1\" \/>\n<link rel=\"canonical\" href=\"https:\/\/www.nlyte.com\/fr\/entreprise\/partenaires\/\" \/>\n<meta property=\"og:locale\" content=\"en_US\" \/>\n<meta property=\"og:type\" content=\"article\" \/>\n<meta property=\"og:title\" content=\"Partenaires\" \/>\n<meta property=\"og:description\" content=\"Nlyte, the leader in DCIM solutions, invites you to explore joining forces with us through the Nlyte Partner Network. Learn more.\" \/>\n<meta property=\"og:url\" content=\"https:\/\/www.nlyte.com\/fr\/entreprise\/partenaires\/\" \/>\n<meta property=\"og:site_name\" content=\"Nlyte\" \/>\n<meta property=\"article:modified_time\" content=\"2020-11-03T17:43:02+00:00\" \/>\n<meta property=\"og:image\" content=\"https:\/\/www.nlyte.com\/fr\/web\/wp-content\/uploads\/2019\/07\/thinBanner_gray-1-100x7.jpg\" \/>\n<meta name=\"twitter:card\" content=\"summary_large_image\" \/>\n<meta name=\"twitter:label1\" content=\"Est. reading time\" \/>\n\t<meta name=\"twitter:data1\" content=\"4 minutes\" \/>\n<script type=\"application\/ld+json\" class=\"yoast-schema-graph\">{\"@context\":\"https:\/\/schema.org\",\"@graph\":[{\"@type\":\"WebPage\",\"@id\":\"https:\/\/www.nlyte.com\/fr\/entreprise\/partenaires\/\",\"url\":\"https:\/\/www.nlyte.com\/fr\/entreprise\/partenaires\/\",\"name\":\"Unmatched DCIM Partners | Nlyte\",\"isPartOf\":{\"@id\":\"https:\/\/www.nlyte.com\/fr\/#website\"},\"datePublished\":\"2019-07-04T18:15:33+00:00\",\"dateModified\":\"2020-11-03T17:43:02+00:00\",\"description\":\"Nlyte, the leader in DCIM solutions, invites you to explore joining forces with us through the Nlyte Partner Network. Learn more.\",\"breadcrumb\":{\"@id\":\"https:\/\/www.nlyte.com\/fr\/entreprise\/partenaires\/#breadcrumb\"},\"inLanguage\":\"en-US\",\"potentialAction\":[{\"@type\":\"ReadAction\",\"target\":[\"https:\/\/www.nlyte.com\/fr\/entreprise\/partenaires\/\"]}]},{\"@type\":\"BreadcrumbList\",\"@id\":\"https:\/\/www.nlyte.com\/fr\/entreprise\/partenaires\/#breadcrumb\",\"itemListElement\":[{\"@type\":\"ListItem\",\"position\":1,\"name\":\"Home\",\"item\":\"https:\/\/www.nlyte.com\/fr\/\"},{\"@type\":\"ListItem\",\"position\":2,\"name\":\"Entreprise\",\"item\":\"https:\/\/www.nlyte.com\/fr\/entreprise\/\"},{\"@type\":\"ListItem\",\"position\":3,\"name\":\"Partenaires\"}]},{\"@type\":\"WebSite\",\"@id\":\"https:\/\/www.nlyte.com\/fr\/#website\",\"url\":\"https:\/\/www.nlyte.com\/fr\/\",\"name\":\"Nlyte\",\"description\":\"Just another WordPress site\",\"publisher\":{\"@id\":\"https:\/\/www.nlyte.com\/fr\/#organization\"},\"potentialAction\":[{\"@type\":\"SearchAction\",\"target\":{\"@type\":\"EntryPoint\",\"urlTemplate\":\"https:\/\/www.nlyte.com\/fr\/?s={search_term_string}\"},\"query-input\":\"required name=search_term_string\"}],\"inLanguage\":\"en-US\"},{\"@type\":\"Organization\",\"@id\":\"https:\/\/www.nlyte.com\/fr\/#organization\",\"name\":\"Nlyte Software\",\"url\":\"https:\/\/www.nlyte.com\/fr\/\",\"logo\":{\"@type\":\"ImageObject\",\"inLanguage\":\"en-US\",\"@id\":\"https:\/\/www.nlyte.com\/fr\/#\/schema\/logo\/image\/\",\"url\":\"https:\/\/www.nlyte.com\/fr\/web\/wp-content\/uploads\/2019\/05\/Nlyte_favicon.png\",\"contentUrl\":\"https:\/\/www.nlyte.com\/fr\/web\/wp-content\/uploads\/2019\/05\/Nlyte_favicon.png\",\"width\":476,\"height\":475,\"caption\":\"Nlyte Software\"},\"image\":{\"@id\":\"https:\/\/www.nlyte.com\/fr\/#\/schema\/logo\/image\/\"}}]}<\/script>\n<!-- \/ Yoast SEO Premium plugin. -->","yoast_head_json":{"title":"Unmatched DCIM Partners | Nlyte","description":"Nlyte, the leader in DCIM solutions, invites you to explore joining forces with us through the Nlyte Partner Network. Learn more.","robots":{"index":"index","follow":"follow","max-snippet":"max-snippet:-1","max-image-preview":"max-image-preview:large","max-video-preview":"max-video-preview:-1"},"canonical":"https:\/\/www.nlyte.com\/fr\/entreprise\/partenaires\/","og_locale":"en_US","og_type":"article","og_title":"Partenaires","og_description":"Nlyte, the leader in DCIM solutions, invites you to explore joining forces with us through the Nlyte Partner Network. Learn more.","og_url":"https:\/\/www.nlyte.com\/fr\/entreprise\/partenaires\/","og_site_name":"Nlyte","article_modified_time":"2020-11-03T17:43:02+00:00","og_image":[{"url":"https:\/\/www.nlyte.com\/fr\/web\/wp-content\/uploads\/2019\/07\/thinBanner_gray-1-100x7.jpg"}],"twitter_card":"summary_large_image","twitter_misc":{"Est. reading time":"4 minutes"},"schema":{"@context":"https:\/\/schema.org","@graph":[{"@type":"WebPage","@id":"https:\/\/www.nlyte.com\/fr\/entreprise\/partenaires\/","url":"https:\/\/www.nlyte.com\/fr\/entreprise\/partenaires\/","name":"Unmatched DCIM Partners | Nlyte","isPartOf":{"@id":"https:\/\/www.nlyte.com\/fr\/#website"},"datePublished":"2019-07-04T18:15:33+00:00","dateModified":"2020-11-03T17:43:02+00:00","description":"Nlyte, the leader in DCIM solutions, invites you to explore joining forces with us through the Nlyte Partner Network. Learn more.","breadcrumb":{"@id":"https:\/\/www.nlyte.com\/fr\/entreprise\/partenaires\/#breadcrumb"},"inLanguage":"en-US","potentialAction":[{"@type":"ReadAction","target":["https:\/\/www.nlyte.com\/fr\/entreprise\/partenaires\/"]}]},{"@type":"BreadcrumbList","@id":"https:\/\/www.nlyte.com\/fr\/entreprise\/partenaires\/#breadcrumb","itemListElement":[{"@type":"ListItem","position":1,"name":"Home","item":"https:\/\/www.nlyte.com\/fr\/"},{"@type":"ListItem","position":2,"name":"Entreprise","item":"https:\/\/www.nlyte.com\/fr\/entreprise\/"},{"@type":"ListItem","position":3,"name":"Partenaires"}]},{"@type":"WebSite","@id":"https:\/\/www.nlyte.com\/fr\/#website","url":"https:\/\/www.nlyte.com\/fr\/","name":"Nlyte","description":"Just another WordPress site","publisher":{"@id":"https:\/\/www.nlyte.com\/fr\/#organization"},"potentialAction":[{"@type":"SearchAction","target":{"@type":"EntryPoint","urlTemplate":"https:\/\/www.nlyte.com\/fr\/?s={search_term_string}"},"query-input":"required name=search_term_string"}],"inLanguage":"en-US"},{"@type":"Organization","@id":"https:\/\/www.nlyte.com\/fr\/#organization","name":"Nlyte Software","url":"https:\/\/www.nlyte.com\/fr\/","logo":{"@type":"ImageObject","inLanguage":"en-US","@id":"https:\/\/www.nlyte.com\/fr\/#\/schema\/logo\/image\/","url":"https:\/\/www.nlyte.com\/fr\/web\/wp-content\/uploads\/2019\/05\/Nlyte_favicon.png","contentUrl":"https:\/\/www.nlyte.com\/fr\/web\/wp-content\/uploads\/2019\/05\/Nlyte_favicon.png","width":476,"height":475,"caption":"Nlyte Software"},"image":{"@id":"https:\/\/www.nlyte.com\/fr\/#\/schema\/logo\/image\/"}}]}},"_links":{"self":[{"href":"https:\/\/www.nlyte.com\/fr\/wp-json\/wp\/v2\/pages\/3645"}],"collection":[{"href":"https:\/\/www.nlyte.com\/fr\/wp-json\/wp\/v2\/pages"}],"about":[{"href":"https:\/\/www.nlyte.com\/fr\/wp-json\/wp\/v2\/types\/page"}],"author":[{"embeddable":true,"href":"https:\/\/www.nlyte.com\/fr\/wp-json\/wp\/v2\/users\/5"}],"replies":[{"embeddable":true,"href":"https:\/\/www.nlyte.com\/fr\/wp-json\/wp\/v2\/comments?post=3645"}],"version-history":[{"count":32,"href":"https:\/\/www.nlyte.com\/fr\/wp-json\/wp\/v2\/pages\/3645\/revisions"}],"predecessor-version":[{"id":19442,"href":"https:\/\/www.nlyte.com\/fr\/wp-json\/wp\/v2\/pages\/3645\/revisions\/19442"}],"up":[{"embeddable":true,"href":"https:\/\/www.nlyte.com\/fr\/wp-json\/wp\/v2\/pages\/15336"}],"wp:attachment":[{"href":"https:\/\/www.nlyte.com\/fr\/wp-json\/wp\/v2\/media?parent=3645"}],"curies":[{"name":"wp","href":"https:\/\/api.w.org\/{rel}","templated":true}]}}