{"id":3689,"date":"2019-07-04T14:57:58","date_gmt":"2019-07-04T18:57:58","guid":{"rendered":"http:\/\/www.nlyte.com\/fr\/join-our-team-copy\/"},"modified":"2020-04-28T17:30:08","modified_gmt":"2020-04-28T21:30:08","slug":"contacter","status":"publish","type":"page","link":"https:\/\/www.nlyte.com\/fr\/entreprise\/contacter\/","title":{"rendered":"Contacter"},"content":{"rendered":"<div class=\"kmdg-builder-content\"><div class=\"builder-font-controller\"><section id=\"\" class=\"builder-section builder-section-type--section builder-custom-theme builder-theme--theme-1 builder-section-padding-top-med builder-section-padding-bottom-med builder-layout-padding-med builder-font-normal   builder-valign-top       \" style=''><div class='builder-bg-image-wrap' style='height:100%'><div class='builder-img-bg loaded' style='background-image: url(https:\/\/www.nlyte.com\/fr\/web\/wp-content\/uploads\/2019\/07\/thinBanner_gray-1.jpg);opacity:1;background-position-y:center;' ><img src='https:\/\/www.nlyte.com\/fr\/web\/wp-content\/uploads\/2019\/07\/thinBanner_gray-1.jpg' alt='' role='presentation'><\/div><\/div><div class=\"builder-layouts-container\"><div class=\"builder-layout builder-layout-one-column \"><div class=\"builder-container\">\n<div class=\"builder-table\">\n    \n<div class=\"builder-column builder-column-type--column \">\n    <div class=\"builder-column-body\">\n        <div class=\"builder-content\">\n            \n\n\n<div class=\"builder-component builder-component-wysiwyg builder-component-index-1   builder-mobile-animation\" style=\"padding: 0% 0%;background-color: ;\">\n    <h1 style=\"text-align: center;\">Nous Contacter<\/h1>\n<\/div>\n        <\/div>\n    <\/div>\n<\/div><\/div>\n\n<\/div><\/div><\/div><\/section><section id=\"\" class=\"builder-section builder-section-type--section builder-custom-theme builder-theme--theme-0 builder-section-padding-top-high builder-section-padding-bottom-high builder-layout-padding-med builder-font-normal   builder-valign-top       \" style=''><div class=\"builder-layouts-container\"><div class=\"builder-layout builder-layout-one-column \"><div class=\"builder-container\">\n<div class=\"builder-table\">\n    \n<div class=\"builder-column builder-column-type--column \">\n    <div class=\"builder-column-body\">\n        <div class=\"builder-content\">\n            \n\n\n<div class=\"builder-component builder-component-wysiwyg builder-component-index-1   builder-mobile-animation\" style=\"padding: 1% 13%;background-color: ;\">\n    <h5 style=\"text-align: center;\">Si vous souhaitez demander une version d\u2019essai gratuite, programmer une d\u00e9mo ou poser toute question, veuillez nous \u00e9crire \u00e0 l\u2019adresse <a href=\"mailto:info@nlyte.com\" rel=\"noopener\">info@nlyte.com<\/a> ou remplir le formulaire ci-apr\u00e8s.<\/h5>\n<\/div>\n        <\/div>\n    <\/div>\n<\/div><\/div>\n\n<\/div><\/div><\/div><\/section><section id=\"\" class=\"builder-section builder-section-type--section builder-custom-theme builder-theme--theme-0 builder-section-padding-top-high builder-section-padding-bottom-huge builder-layout-padding-med builder-font-normal   builder-valign-top       \" style='background-color: #f8f8f8;'><div class=\"builder-layouts-container\"><div class=\"builder-layout builder-layout-three-column \"><div class=\"builder-container\">\n<div class=\"builder-table\">\n    \n<div class=\"builder-column builder-column-type--column \">\n    <div class=\"builder-column-body\">\n        <div class=\"builder-content\">\n            \n<div class=\"builder-component builder-component-marketo-form builder-component-index-1   builder-mobile-animation\">\n    <form id=\"mktoForm_1851\" style=\"max-width: 100% !important;\"><\/form>\n    <script>\n        MktoForms2.loadForm(\"\/\/app-ab11.marketo.com\", \"690-OLN-597\", 1851, function(form) {\n            var $form = form.getFormElem();\n            var $btn = $form.find(\"button[type='submit']\");\n\n            if($form.parents(\".builder-section.footer_block\").length > 0) {\n                $form.attr(\"data-form-id\", \"zi-footer-form\");\n            } else {\n                $form.attr(\"data-form-id\", \"zi-main-form\");\n            }\n\n            \/\/ Change button type to normal button, and have it trigger submit via JS\n            $btn.attr(\"type\", \"button\").on(\"click\", function() {\n                form.submit();\n            });\n\n            \/\/ Make sure pressing enter submits the form\n            $form.find(\"input\").on(\"keyup\", function (e) {\n                if(e.which === 13) {\n                    form.submit();\n                }\n            });\n\n            form.onSuccess(function(vals, to) {\n                var email = vals.Email;\n\n                \/\/ Trigger ZI Formcomplete\n                if (window._zi_fc && typeof window._zi_fc.fcTriggerSubmit === 'function') {\n                    console.log(\"Sending to ZI\");\n                    try {\n                        window._zi_fc.fcTriggerSubmit();\n                    } catch (e) {\n                        console.log(\"Failed to send to ZI\");\n                        console.error(e);\n                    }\n                }\n\n                \/\/ Add submission to dataLayer\n                window.dataLayer.push({\n                    event: \"mktoLead\",\n                    mktoEmail: email,\n                    mktoFName: vals.FirstName,\n                    mktoLName: vals.LastName\n                });\n\n                \/\/ Redirect after 1 second to give things a chance to process\n                if(to) setTimeout(() => window.location.href = to, 1000);\n\n                \/\/ Don't use standard redirect method\n                return false;\n            });\n        });\n    <\/script>\n<\/div>        <\/div>\n    <\/div>\n<\/div>    \n<div class=\"builder-column builder-column-type--column \">\n    <div class=\"builder-column-body\">\n        <div class=\"builder-content\">\n            \n\n\n<div class=\"builder-component builder-component-wysiwyg builder-component-index-1   builder-mobile-animation\" style=\"padding: 0% 0%;background-color: ;\">\n    <h4 style=\"padding-left: 80px;\"><span style=\"color: #106ea3;\"><img loading=\"lazy\" decoding=\"async\" class=\"alignnone wp-image-3557\" src=\"https:\/\/www.nlyte.com\/fr\/web\/wp-content\/uploads\/2019\/07\/USflag.png\" alt=\"\" width=\"52\" height=\"34\" \/>\u00a0 North America<\/span><\/h4>\n<p style=\"padding-left: 80px;\"><strong>Nlyte Software<\/strong><br \/>\n275 Raritan Center Parkway<br \/>\nEdison, NJ 08837 USA<br \/>\n<a href=\"tel:1-732-395-6920\">Tel: +1-732-395-6920<\/a><br \/>\nFax: +1-732-395-6930<\/p>\n<p style=\"padding-left: 80px;\"><strong>Nlyte Software<\/strong><br \/>\n1380 El Cajon Blvd. Suite 220<br \/>\nEl Cajon (San Diego), CA 92020<br \/>\n<a href=\"tel:1-866-386-5983\">Tel: +1-866-386-5983<\/a><\/p>\n<\/div>\n        <\/div>\n    <\/div>\n<\/div>    \n<div class=\"builder-column builder-column-type--column \">\n    <div class=\"builder-column-body\">\n        <div class=\"builder-content\">\n            \n\n\n<div class=\"builder-component builder-component-wysiwyg builder-component-index-1   builder-mobile-animation\" style=\"padding: 0% 0%;background-color: ;\">\n    <h4><span style=\"color: #106ea3;\"><img loading=\"lazy\" decoding=\"async\" class=\"alignnone wp-image-3533\" src=\"https:\/\/www.nlyte.com\/fr\/web\/wp-content\/uploads\/2019\/07\/GrtBritflag.png\" alt=\"\" width=\"52\" height=\"35\" \/>\u00a0 UK and EMEA<\/span><\/h4>\n<p><strong>Nlyte Software<\/strong><br \/>\nRiverside House<br \/>\n26 Osiers Road<br \/>\nLondon SW18 1NH UK<br \/>\n<a href=\"tel:44-0208-877-7200\">Tel: +44 (0)208 877 7200<\/a><br \/>\nFax: +44 (0)208 877 7205<\/p>\n<\/div>\n<div class=\"builder-component builder-component-divider-line builder-component-index-2   builder-mobile-animation\">\n    <div class=\"divider-line\" style=\"background-color: #e0e0e0;height: 1px;\"><\/div>\n<\/div>        <\/div>\n    <\/div>\n<\/div><\/div>\n<\/div><\/div><\/div><\/section><\/div><\/div>","protected":false},"excerpt":{"rendered":"<p>Nous Contacter Si vous souhaitez demander une version d\u2019essai gratuite, programmer une d\u00e9mo ou poser toute question, veuillez nous \u00e9crire \u00e0 l\u2019adresse info@nlyte.com ou remplir le formulaire ci-apr\u00e8s. \u00a0 North America Nlyte Software 275 Raritan&hellip;<\/p>\n","protected":false},"author":5,"featured_media":0,"parent":15336,"menu_order":0,"comment_status":"closed","ping_status":"closed","template":"","meta":{"footnotes":""},"acf":[],"yoast_head":"<!-- This site is optimized with the Yoast SEO Premium plugin v21.7 (Yoast SEO v21.8) - https:\/\/yoast.com\/wordpress\/plugins\/seo\/ -->\n<title>Contactez-nous aujourd&#039;hui | Nlyte<\/title>\n<meta name=\"description\" content=\"Contactez-nous d\u00e8s aujourd&#039;hui pour demander un essai gratuit, planifier une d\u00e9monstration ou recevoir des r\u00e9ponses \u00e0 vos questions sur Nlyte Software.\" \/>\n<meta name=\"robots\" content=\"index, follow, max-snippet:-1, max-image-preview:large, max-video-preview:-1\" \/>\n<link rel=\"canonical\" href=\"https:\/\/www.nlyte.com\/fr\/entreprise\/contacter\/\" \/>\n<meta property=\"og:locale\" content=\"en_US\" \/>\n<meta property=\"og:type\" content=\"article\" \/>\n<meta property=\"og:title\" content=\"Contacter\" \/>\n<meta property=\"og:description\" content=\"Contactez-nous d\u00e8s aujourd&#039;hui pour demander un essai gratuit, planifier une d\u00e9monstration ou recevoir des r\u00e9ponses \u00e0 vos questions sur Nlyte Software.\" \/>\n<meta property=\"og:url\" content=\"https:\/\/www.nlyte.com\/fr\/entreprise\/contacter\/\" \/>\n<meta property=\"og:site_name\" content=\"Nlyte\" \/>\n<meta property=\"article:modified_time\" content=\"2020-04-28T21:30:08+00:00\" \/>\n<meta property=\"og:image\" content=\"https:\/\/www.nlyte.com\/fr\/web\/wp-content\/uploads\/2019\/07\/thinBanner_gray-1-100x7.jpg\" \/>\n<meta name=\"twitter:card\" content=\"summary_large_image\" \/>\n<meta name=\"twitter:label1\" content=\"Est. reading time\" \/>\n\t<meta name=\"twitter:data1\" content=\"1 minute\" \/>\n<script type=\"application\/ld+json\" class=\"yoast-schema-graph\">{\"@context\":\"https:\/\/schema.org\",\"@graph\":[{\"@type\":\"WebPage\",\"@id\":\"https:\/\/www.nlyte.com\/fr\/entreprise\/contacter\/\",\"url\":\"https:\/\/www.nlyte.com\/fr\/entreprise\/contacter\/\",\"name\":\"Contactez-nous aujourd'hui | Nlyte\",\"isPartOf\":{\"@id\":\"https:\/\/www.nlyte.com\/fr\/#website\"},\"datePublished\":\"2019-07-04T18:57:58+00:00\",\"dateModified\":\"2020-04-28T21:30:08+00:00\",\"description\":\"Contactez-nous d\u00e8s aujourd'hui pour demander un essai gratuit, planifier une d\u00e9monstration ou recevoir des r\u00e9ponses \u00e0 vos questions sur Nlyte Software.\",\"breadcrumb\":{\"@id\":\"https:\/\/www.nlyte.com\/fr\/entreprise\/contacter\/#breadcrumb\"},\"inLanguage\":\"en-US\",\"potentialAction\":[{\"@type\":\"ReadAction\",\"target\":[\"https:\/\/www.nlyte.com\/fr\/entreprise\/contacter\/\"]}]},{\"@type\":\"BreadcrumbList\",\"@id\":\"https:\/\/www.nlyte.com\/fr\/entreprise\/contacter\/#breadcrumb\",\"itemListElement\":[{\"@type\":\"ListItem\",\"position\":1,\"name\":\"Home\",\"item\":\"https:\/\/www.nlyte.com\/fr\/\"},{\"@type\":\"ListItem\",\"position\":2,\"name\":\"Entreprise\",\"item\":\"https:\/\/www.nlyte.com\/fr\/entreprise\/\"},{\"@type\":\"ListItem\",\"position\":3,\"name\":\"Contacter\"}]},{\"@type\":\"WebSite\",\"@id\":\"https:\/\/www.nlyte.com\/fr\/#website\",\"url\":\"https:\/\/www.nlyte.com\/fr\/\",\"name\":\"Nlyte\",\"description\":\"Just another WordPress site\",\"publisher\":{\"@id\":\"https:\/\/www.nlyte.com\/fr\/#organization\"},\"potentialAction\":[{\"@type\":\"SearchAction\",\"target\":{\"@type\":\"EntryPoint\",\"urlTemplate\":\"https:\/\/www.nlyte.com\/fr\/?s={search_term_string}\"},\"query-input\":\"required name=search_term_string\"}],\"inLanguage\":\"en-US\"},{\"@type\":\"Organization\",\"@id\":\"https:\/\/www.nlyte.com\/fr\/#organization\",\"name\":\"Nlyte Software\",\"url\":\"https:\/\/www.nlyte.com\/fr\/\",\"logo\":{\"@type\":\"ImageObject\",\"inLanguage\":\"en-US\",\"@id\":\"https:\/\/www.nlyte.com\/fr\/#\/schema\/logo\/image\/\",\"url\":\"https:\/\/www.nlyte.com\/fr\/web\/wp-content\/uploads\/2019\/05\/Nlyte_favicon.png\",\"contentUrl\":\"https:\/\/www.nlyte.com\/fr\/web\/wp-content\/uploads\/2019\/05\/Nlyte_favicon.png\",\"width\":476,\"height\":475,\"caption\":\"Nlyte Software\"},\"image\":{\"@id\":\"https:\/\/www.nlyte.com\/fr\/#\/schema\/logo\/image\/\"}}]}<\/script>\n<!-- \/ Yoast SEO Premium plugin. -->","yoast_head_json":{"title":"Contactez-nous aujourd'hui | Nlyte","description":"Contactez-nous d\u00e8s aujourd'hui pour demander un essai gratuit, planifier une d\u00e9monstration ou recevoir des r\u00e9ponses \u00e0 vos questions sur Nlyte Software.","robots":{"index":"index","follow":"follow","max-snippet":"max-snippet:-1","max-image-preview":"max-image-preview:large","max-video-preview":"max-video-preview:-1"},"canonical":"https:\/\/www.nlyte.com\/fr\/entreprise\/contacter\/","og_locale":"en_US","og_type":"article","og_title":"Contacter","og_description":"Contactez-nous d\u00e8s aujourd'hui pour demander un essai gratuit, planifier une d\u00e9monstration ou recevoir des r\u00e9ponses \u00e0 vos questions sur Nlyte Software.","og_url":"https:\/\/www.nlyte.com\/fr\/entreprise\/contacter\/","og_site_name":"Nlyte","article_modified_time":"2020-04-28T21:30:08+00:00","og_image":[{"url":"https:\/\/www.nlyte.com\/fr\/web\/wp-content\/uploads\/2019\/07\/thinBanner_gray-1-100x7.jpg"}],"twitter_card":"summary_large_image","twitter_misc":{"Est. reading time":"1 minute"},"schema":{"@context":"https:\/\/schema.org","@graph":[{"@type":"WebPage","@id":"https:\/\/www.nlyte.com\/fr\/entreprise\/contacter\/","url":"https:\/\/www.nlyte.com\/fr\/entreprise\/contacter\/","name":"Contactez-nous aujourd'hui | Nlyte","isPartOf":{"@id":"https:\/\/www.nlyte.com\/fr\/#website"},"datePublished":"2019-07-04T18:57:58+00:00","dateModified":"2020-04-28T21:30:08+00:00","description":"Contactez-nous d\u00e8s aujourd'hui pour demander un essai gratuit, planifier une d\u00e9monstration ou recevoir des r\u00e9ponses \u00e0 vos questions sur Nlyte Software.","breadcrumb":{"@id":"https:\/\/www.nlyte.com\/fr\/entreprise\/contacter\/#breadcrumb"},"inLanguage":"en-US","potentialAction":[{"@type":"ReadAction","target":["https:\/\/www.nlyte.com\/fr\/entreprise\/contacter\/"]}]},{"@type":"BreadcrumbList","@id":"https:\/\/www.nlyte.com\/fr\/entreprise\/contacter\/#breadcrumb","itemListElement":[{"@type":"ListItem","position":1,"name":"Home","item":"https:\/\/www.nlyte.com\/fr\/"},{"@type":"ListItem","position":2,"name":"Entreprise","item":"https:\/\/www.nlyte.com\/fr\/entreprise\/"},{"@type":"ListItem","position":3,"name":"Contacter"}]},{"@type":"WebSite","@id":"https:\/\/www.nlyte.com\/fr\/#website","url":"https:\/\/www.nlyte.com\/fr\/","name":"Nlyte","description":"Just another WordPress site","publisher":{"@id":"https:\/\/www.nlyte.com\/fr\/#organization"},"potentialAction":[{"@type":"SearchAction","target":{"@type":"EntryPoint","urlTemplate":"https:\/\/www.nlyte.com\/fr\/?s={search_term_string}"},"query-input":"required name=search_term_string"}],"inLanguage":"en-US"},{"@type":"Organization","@id":"https:\/\/www.nlyte.com\/fr\/#organization","name":"Nlyte Software","url":"https:\/\/www.nlyte.com\/fr\/","logo":{"@type":"ImageObject","inLanguage":"en-US","@id":"https:\/\/www.nlyte.com\/fr\/#\/schema\/logo\/image\/","url":"https:\/\/www.nlyte.com\/fr\/web\/wp-content\/uploads\/2019\/05\/Nlyte_favicon.png","contentUrl":"https:\/\/www.nlyte.com\/fr\/web\/wp-content\/uploads\/2019\/05\/Nlyte_favicon.png","width":476,"height":475,"caption":"Nlyte Software"},"image":{"@id":"https:\/\/www.nlyte.com\/fr\/#\/schema\/logo\/image\/"}}]}},"_links":{"self":[{"href":"https:\/\/www.nlyte.com\/fr\/wp-json\/wp\/v2\/pages\/3689"}],"collection":[{"href":"https:\/\/www.nlyte.com\/fr\/wp-json\/wp\/v2\/pages"}],"about":[{"href":"https:\/\/www.nlyte.com\/fr\/wp-json\/wp\/v2\/types\/page"}],"author":[{"embeddable":true,"href":"https:\/\/www.nlyte.com\/fr\/wp-json\/wp\/v2\/users\/5"}],"replies":[{"embeddable":true,"href":"https:\/\/www.nlyte.com\/fr\/wp-json\/wp\/v2\/comments?post=3689"}],"version-history":[{"count":26,"href":"https:\/\/www.nlyte.com\/fr\/wp-json\/wp\/v2\/pages\/3689\/revisions"}],"predecessor-version":[{"id":19346,"href":"https:\/\/www.nlyte.com\/fr\/wp-json\/wp\/v2\/pages\/3689\/revisions\/19346"}],"up":[{"embeddable":true,"href":"https:\/\/www.nlyte.com\/fr\/wp-json\/wp\/v2\/pages\/15336"}],"wp:attachment":[{"href":"https:\/\/www.nlyte.com\/fr\/wp-json\/wp\/v2\/media?parent=3689"}],"curies":[{"name":"wp","href":"https:\/\/api.w.org\/{rel}","templated":true}]}}