{"id":3745,"date":"2019-07-04T15:59:13","date_gmt":"2019-07-04T19:59:13","guid":{"rendered":"http:\/\/www.nlyte.com\/fr\/customer-support-copy-2\/"},"modified":"2021-06-16T17:40:01","modified_gmt":"2021-06-16T21:40:01","slug":"faqs","status":"publish","type":"page","link":"https:\/\/www.nlyte.com\/fr\/faqs\/","title":{"rendered":"FAQs"},"content":{"rendered":"<div class=\"kmdg-builder-content\"><div class=\"builder-font-controller\"><section id=\"\" class=\"builder-section builder-section-type--section builder-custom-theme builder-theme--theme-1 builder-section-padding-top-med builder-section-padding-bottom-med builder-layout-padding-med builder-font-normal   builder-valign-top       \" style=''><div class='builder-bg-image-wrap' style='height:100%'><div class='builder-img-bg loaded' style='background-image: url(https:\/\/www.nlyte.com\/fr\/web\/wp-content\/uploads\/2019\/07\/thinBanner_gray-1.jpg);opacity:1;background-position-y:center;' ><img src='https:\/\/www.nlyte.com\/fr\/web\/wp-content\/uploads\/2019\/07\/thinBanner_gray-1.jpg' alt='' role='presentation'><\/div><\/div><div class=\"builder-layouts-container\"><div class=\"builder-layout builder-layout-one-column \"><div class=\"builder-container\">\n<div class=\"builder-table\">\n    \n<div class=\"builder-column builder-column-type--column \">\n    <div class=\"builder-column-body\">\n        <div class=\"builder-content\">\n            \n\n\n<div class=\"builder-component builder-component-wysiwyg builder-component-index-1   builder-mobile-animation\" style=\"padding: 0% 0%;background-color: ;\">\n    <h1 style=\"text-align: center;\">Questions fr\u00e9quemment pos\u00e9es<\/h1>\n<\/div>\n        <\/div>\n    <\/div>\n<\/div><\/div>\n\n<\/div><\/div><\/div><\/section><section id=\"\" class=\"builder-section builder-section-type--section builder-custom-theme builder-theme--theme-0 builder-section-padding-top-high builder-section-padding-bottom-high builder-layout-padding-med builder-font-normal   builder-valign-top       \" style='background-color: #f8f8f8;'><div class=\"builder-layouts-container\"><div class=\"builder-layout builder-layout-two-column \"><div class=\"builder-container\">\n<div class=\"builder-table\">\n    \n<div class=\"builder-column builder-column-type--column \">\n    <div class=\"builder-column-body\">\n        <div class=\"builder-content\">\n            \n\n\n<div class=\"builder-component builder-component-wysiwyg builder-component-index-1   builder-mobile-animation\" style=\"padding: 0% 0%;background-color: ;\">\n    <h4><span style=\"color: #000000;\">CENTRE DE DONN\u00c9ES<\/span><\/h4>\n<\/div>\n\n\n\n<div class=\"builder-component builder-component-wysiwyg builder-component-index-2   builder-mobile-animation\" style=\"padding: 1% 3%;background-color: #ffffff;border: 1px solid #cacaca;\">\n    <ul>\n<li>\n<h5><a href=\"https:\/\/www.nlyte.com\/fr\/faqs\/quest-ce-quun-centre-de-donnees\/\">Qu'est-ce qu'un centre de donn\u00e9es?<\/a><\/h5>\n<\/li>\n<\/ul>\n<\/div>\n\n\n\n<div class=\"builder-component builder-component-wysiwyg builder-component-index-3   builder-mobile-animation\" style=\"padding: 1% 3%;background-color: #ffffff;border: 1px solid #cacaca;\">\n    <ul>\n<li>\n<h5><a href=\"https:\/\/www.nlyte.com\/fr\/faqs\/quest-ce-que-la-dcim\/\">Qu'est-ce que la DCIM?<\/a><\/h5>\n<\/li>\n<\/ul>\n<\/div>\n\n\n\n<div class=\"builder-component builder-component-wysiwyg builder-component-index-4   builder-mobile-animation\" style=\"padding: 1% 3%;background-color: #ffffff;border: 1px solid #cacaca;\">\n    <ul>\n<li>\n<h5><a href=\"https:\/\/www.nlyte.com\/fr\/faqs\/quest-ce-quun-centre-de-donnees-de-colocation\/\">Qu'est-ce qu'un centre de donn\u00e9es de colocation?<\/a><\/h5>\n<\/li>\n<\/ul>\n<\/div>\n\n\n\n<div class=\"builder-component builder-component-wysiwyg builder-component-index-5   builder-mobile-animation\" style=\"padding: 1% 3%;background-color: #ffffff;border: 1px solid #cacaca;\">\n    <ul>\n<li>\n<h5><a href=\"https:\/\/www.nlyte.com\/fr\/faqs\/quest-ce-que-la-gestion-des-centres-de-donnees\/\">Qu'est-ce que la gestion des centres de donn\u00e9es?<\/a><\/h5>\n<\/li>\n<\/ul>\n<\/div>\n        <\/div>\n    <\/div>\n<\/div>    \n<div class=\"builder-column builder-column-type--column \">\n    <div class=\"builder-column-body\">\n        <div class=\"builder-content\">\n            \n\n\n<div class=\"builder-component builder-component-wysiwyg builder-component-index-1   builder-mobile-animation\" style=\"padding: 0% 0%;background-color: ;\">\n    <h4><span style=\"color: #000000;\">LA GESTION D'ACTIFS<\/span><\/h4>\n<\/div>\n\n\n\n<div class=\"builder-component builder-component-wysiwyg builder-component-index-2   builder-mobile-animation\" style=\"padding: 1% 3%;background-color: #ffffff;border: 1px solid #cacaca;\">\n    <ul>\n<li>\n<h5><a href=\"https:\/\/www.nlyte.com\/fr\/faqs\/quest-ce-que-la-gestion-des-actifs-informatiques\/\">Qu'est-ce que la gestion des actifs informatiques?<\/a><\/h5>\n<\/li>\n<\/ul>\n<\/div>\n\n\n\n<div class=\"builder-component builder-component-wysiwyg builder-component-index-3   builder-mobile-animation\" style=\"padding: 1% 3%;background-color: #ffffff;border: 1px solid #cacaca;\">\n    <ul>\n<li>\n<h5><a href=\"https:\/\/www.nlyte.com\/fr\/faqs\/quest-ce-quune-cmdb\/\">Qu'est-ce qu'une CMDB?<\/a><\/h5>\n<\/li>\n<\/ul>\n<\/div>\n\n\n\n<div class=\"builder-component builder-component-wysiwyg builder-component-index-4   builder-mobile-animation\" style=\"padding: 1% 3%;background-color: #ffffff;border: 1px solid #cacaca;\">\n    <ul>\n<li>\n<h5><a href=\"https:\/\/www.nlyte.com\/fr\/faqs\/quest-ce-quun-systeme-dautomatisation-de-batiment\/\" target=\"_blank\" rel=\"noopener\">Qu\u2019est-ce qu\u2019un syst\u00e8me d\u2019automatisation de b\u00e2timent (BAS)?<\/a><\/h5>\n<\/li>\n<\/ul>\n<\/div>\n\n\n\n<div class=\"builder-component builder-component-wysiwyg builder-component-index-5   builder-mobile-animation\" style=\"padding: 1% 3%;background-color: #ffffff;border: 1px solid #cacaca;\">\n    <ul>\n<li>\n<h5><a href=\"https:\/\/www.nlyte.com\/fr\/faqs\/systeme-de-gestion-technique-de-batiment-ou-systeme-dautomatisation-de-batiment\/\" target=\"_blank\" rel=\"noopener\">Syst\u00e8me de gestion technique de b\u00e2timent ou syst\u00e8me d\u2019automatisation de b\u00e2timent<\/a><\/h5>\n<\/li>\n<\/ul>\n<\/div>\n        <\/div>\n    <\/div>\n<\/div><\/div><\/div><\/div><\/div><\/section><\/div><\/div>","protected":false},"excerpt":{"rendered":"<p>Questions fr\u00e9quemment pos\u00e9es CENTRE DE DONN\u00c9ES Qu'est-ce qu'un centre de donn\u00e9es? Qu'est-ce que la DCIM? Qu'est-ce qu'un centre de donn\u00e9es de colocation? Qu'est-ce que la gestion des centres de donn\u00e9es? LA GESTION D'ACTIFS Qu'est-ce que&hellip;<\/p>\n","protected":false},"author":5,"featured_media":0,"parent":0,"menu_order":0,"comment_status":"closed","ping_status":"closed","template":"","meta":{"footnotes":""},"acf":[],"yoast_head":"<!-- This site is optimized with the Yoast SEO Premium plugin v21.7 (Yoast SEO v21.8) - https:\/\/yoast.com\/wordpress\/plugins\/seo\/ -->\n<title>Questions fr\u00e9quemment pos\u00e9es | Centre de donn\u00e9es et gestion des actifs<\/title>\n<meta name=\"description\" content=\"D\u00e9couvrez les r\u00e9ponses concernant les centres de donn\u00e9es, DCIM, la gestion des actifs informatiques et la gestion des actifs logiciels.\" \/>\n<meta name=\"robots\" content=\"index, follow, max-snippet:-1, max-image-preview:large, max-video-preview:-1\" \/>\n<link rel=\"canonical\" href=\"https:\/\/www.nlyte.com\/fr\/faqs\/\" \/>\n<meta property=\"og:locale\" content=\"en_US\" \/>\n<meta property=\"og:type\" content=\"article\" \/>\n<meta property=\"og:title\" content=\"FAQs\" \/>\n<meta property=\"og:description\" content=\"D\u00e9couvrez les r\u00e9ponses concernant les centres de donn\u00e9es, DCIM, la gestion des actifs informatiques et la gestion des actifs logiciels.\" \/>\n<meta property=\"og:url\" content=\"https:\/\/www.nlyte.com\/fr\/faqs\/\" \/>\n<meta property=\"og:site_name\" content=\"Nlyte\" \/>\n<meta property=\"article:modified_time\" content=\"2021-06-16T21:40:01+00:00\" \/>\n<meta property=\"og:image\" content=\"https:\/\/www.nlyte.com\/fr\/web\/wp-content\/uploads\/2019\/07\/thinBanner_gray-1-100x7.jpg\" \/>\n<meta name=\"twitter:card\" content=\"summary_large_image\" \/>\n<script type=\"application\/ld+json\" class=\"yoast-schema-graph\">{\"@context\":\"https:\/\/schema.org\",\"@graph\":[{\"@type\":\"WebPage\",\"@id\":\"https:\/\/www.nlyte.com\/fr\/faqs\/\",\"url\":\"https:\/\/www.nlyte.com\/fr\/faqs\/\",\"name\":\"Questions fr\u00e9quemment pos\u00e9es | Centre de donn\u00e9es et gestion des actifs\",\"isPartOf\":{\"@id\":\"https:\/\/www.nlyte.com\/fr\/#website\"},\"datePublished\":\"2019-07-04T19:59:13+00:00\",\"dateModified\":\"2021-06-16T21:40:01+00:00\",\"description\":\"D\u00e9couvrez les r\u00e9ponses concernant les centres de donn\u00e9es, DCIM, la gestion des actifs informatiques et la gestion des actifs logiciels.\",\"breadcrumb\":{\"@id\":\"https:\/\/www.nlyte.com\/fr\/faqs\/#breadcrumb\"},\"inLanguage\":\"en-US\",\"potentialAction\":[{\"@type\":\"ReadAction\",\"target\":[\"https:\/\/www.nlyte.com\/fr\/faqs\/\"]}]},{\"@type\":\"BreadcrumbList\",\"@id\":\"https:\/\/www.nlyte.com\/fr\/faqs\/#breadcrumb\",\"itemListElement\":[{\"@type\":\"ListItem\",\"position\":1,\"name\":\"Home\",\"item\":\"https:\/\/www.nlyte.com\/fr\/\"},{\"@type\":\"ListItem\",\"position\":2,\"name\":\"FAQs\"}]},{\"@type\":\"WebSite\",\"@id\":\"https:\/\/www.nlyte.com\/fr\/#website\",\"url\":\"https:\/\/www.nlyte.com\/fr\/\",\"name\":\"Nlyte\",\"description\":\"Just another WordPress site\",\"publisher\":{\"@id\":\"https:\/\/www.nlyte.com\/fr\/#organization\"},\"potentialAction\":[{\"@type\":\"SearchAction\",\"target\":{\"@type\":\"EntryPoint\",\"urlTemplate\":\"https:\/\/www.nlyte.com\/fr\/?s={search_term_string}\"},\"query-input\":\"required name=search_term_string\"}],\"inLanguage\":\"en-US\"},{\"@type\":\"Organization\",\"@id\":\"https:\/\/www.nlyte.com\/fr\/#organization\",\"name\":\"Nlyte Software\",\"url\":\"https:\/\/www.nlyte.com\/fr\/\",\"logo\":{\"@type\":\"ImageObject\",\"inLanguage\":\"en-US\",\"@id\":\"https:\/\/www.nlyte.com\/fr\/#\/schema\/logo\/image\/\",\"url\":\"https:\/\/www.nlyte.com\/fr\/web\/wp-content\/uploads\/2019\/05\/Nlyte_favicon.png\",\"contentUrl\":\"https:\/\/www.nlyte.com\/fr\/web\/wp-content\/uploads\/2019\/05\/Nlyte_favicon.png\",\"width\":476,\"height\":475,\"caption\":\"Nlyte Software\"},\"image\":{\"@id\":\"https:\/\/www.nlyte.com\/fr\/#\/schema\/logo\/image\/\"}}]}<\/script>\n<!-- \/ Yoast SEO Premium plugin. -->","yoast_head_json":{"title":"Questions fr\u00e9quemment pos\u00e9es | Centre de donn\u00e9es et gestion des actifs","description":"D\u00e9couvrez les r\u00e9ponses concernant les centres de donn\u00e9es, DCIM, la gestion des actifs informatiques et la gestion des actifs logiciels.","robots":{"index":"index","follow":"follow","max-snippet":"max-snippet:-1","max-image-preview":"max-image-preview:large","max-video-preview":"max-video-preview:-1"},"canonical":"https:\/\/www.nlyte.com\/fr\/faqs\/","og_locale":"en_US","og_type":"article","og_title":"FAQs","og_description":"D\u00e9couvrez les r\u00e9ponses concernant les centres de donn\u00e9es, DCIM, la gestion des actifs informatiques et la gestion des actifs logiciels.","og_url":"https:\/\/www.nlyte.com\/fr\/faqs\/","og_site_name":"Nlyte","article_modified_time":"2021-06-16T21:40:01+00:00","og_image":[{"url":"https:\/\/www.nlyte.com\/fr\/web\/wp-content\/uploads\/2019\/07\/thinBanner_gray-1-100x7.jpg"}],"twitter_card":"summary_large_image","schema":{"@context":"https:\/\/schema.org","@graph":[{"@type":"WebPage","@id":"https:\/\/www.nlyte.com\/fr\/faqs\/","url":"https:\/\/www.nlyte.com\/fr\/faqs\/","name":"Questions fr\u00e9quemment pos\u00e9es | Centre de donn\u00e9es et gestion des actifs","isPartOf":{"@id":"https:\/\/www.nlyte.com\/fr\/#website"},"datePublished":"2019-07-04T19:59:13+00:00","dateModified":"2021-06-16T21:40:01+00:00","description":"D\u00e9couvrez les r\u00e9ponses concernant les centres de donn\u00e9es, DCIM, la gestion des actifs informatiques et la gestion des actifs logiciels.","breadcrumb":{"@id":"https:\/\/www.nlyte.com\/fr\/faqs\/#breadcrumb"},"inLanguage":"en-US","potentialAction":[{"@type":"ReadAction","target":["https:\/\/www.nlyte.com\/fr\/faqs\/"]}]},{"@type":"BreadcrumbList","@id":"https:\/\/www.nlyte.com\/fr\/faqs\/#breadcrumb","itemListElement":[{"@type":"ListItem","position":1,"name":"Home","item":"https:\/\/www.nlyte.com\/fr\/"},{"@type":"ListItem","position":2,"name":"FAQs"}]},{"@type":"WebSite","@id":"https:\/\/www.nlyte.com\/fr\/#website","url":"https:\/\/www.nlyte.com\/fr\/","name":"Nlyte","description":"Just another WordPress site","publisher":{"@id":"https:\/\/www.nlyte.com\/fr\/#organization"},"potentialAction":[{"@type":"SearchAction","target":{"@type":"EntryPoint","urlTemplate":"https:\/\/www.nlyte.com\/fr\/?s={search_term_string}"},"query-input":"required name=search_term_string"}],"inLanguage":"en-US"},{"@type":"Organization","@id":"https:\/\/www.nlyte.com\/fr\/#organization","name":"Nlyte Software","url":"https:\/\/www.nlyte.com\/fr\/","logo":{"@type":"ImageObject","inLanguage":"en-US","@id":"https:\/\/www.nlyte.com\/fr\/#\/schema\/logo\/image\/","url":"https:\/\/www.nlyte.com\/fr\/web\/wp-content\/uploads\/2019\/05\/Nlyte_favicon.png","contentUrl":"https:\/\/www.nlyte.com\/fr\/web\/wp-content\/uploads\/2019\/05\/Nlyte_favicon.png","width":476,"height":475,"caption":"Nlyte Software"},"image":{"@id":"https:\/\/www.nlyte.com\/fr\/#\/schema\/logo\/image\/"}}]}},"_links":{"self":[{"href":"https:\/\/www.nlyte.com\/fr\/wp-json\/wp\/v2\/pages\/3745"}],"collection":[{"href":"https:\/\/www.nlyte.com\/fr\/wp-json\/wp\/v2\/pages"}],"about":[{"href":"https:\/\/www.nlyte.com\/fr\/wp-json\/wp\/v2\/types\/page"}],"author":[{"embeddable":true,"href":"https:\/\/www.nlyte.com\/fr\/wp-json\/wp\/v2\/users\/5"}],"replies":[{"embeddable":true,"href":"https:\/\/www.nlyte.com\/fr\/wp-json\/wp\/v2\/comments?post=3745"}],"version-history":[{"count":28,"href":"https:\/\/www.nlyte.com\/fr\/wp-json\/wp\/v2\/pages\/3745\/revisions"}],"predecessor-version":[{"id":19494,"href":"https:\/\/www.nlyte.com\/fr\/wp-json\/wp\/v2\/pages\/3745\/revisions\/19494"}],"wp:attachment":[{"href":"https:\/\/www.nlyte.com\/fr\/wp-json\/wp\/v2\/media?parent=3745"}],"curies":[{"name":"wp","href":"https:\/\/api.w.org\/{rel}","templated":true}]}}