{"id":3805,"date":"2019-07-04T16:29:59","date_gmt":"2019-07-04T20:29:59","guid":{"rendered":"http:\/\/www.nlyte.com\/fr\/faqs\/what-is-dcim-copy\/"},"modified":"2021-06-30T12:31:40","modified_gmt":"2021-06-30T16:31:40","slug":"quest-ce-quun-centre-de-donnees-de-colocation","status":"publish","type":"page","link":"https:\/\/www.nlyte.com\/fr\/faqs\/quest-ce-quun-centre-de-donnees-de-colocation\/","title":{"rendered":"Qu'est-ce qu'un centre de donn\u00e9es de colocation?"},"content":{"rendered":"<div class=\"kmdg-builder-content\"><div class=\"builder-font-controller\"><section id=\"\" class=\"builder-section builder-section-type--section builder-custom-theme builder-theme--theme-1 builder-section-padding-top-med builder-section-padding-bottom-med builder-layout-padding-med builder-font-normal   builder-valign-top       \" style=''><div class='builder-bg-image-wrap' style='height:100%'><div class='builder-img-bg loaded' style='background-image: url(https:\/\/www.nlyte.com\/fr\/web\/wp-content\/uploads\/2019\/07\/thinBanner_gray-1.jpg);opacity:1;background-position-y:center;' ><img src='https:\/\/www.nlyte.com\/fr\/web\/wp-content\/uploads\/2019\/07\/thinBanner_gray-1.jpg' alt='' role='presentation'><\/div><\/div><div class=\"builder-layouts-container\"><div class=\"builder-layout builder-layout-one-column \"><div class=\"builder-container\">\n<div class=\"builder-table\">\n    \n<div class=\"builder-column builder-column-type--column \">\n    <div class=\"builder-column-body\">\n        <div class=\"builder-content\">\n            \n\n\n<div class=\"builder-component builder-component-wysiwyg builder-component-index-1   builder-mobile-animation\" style=\"padding: 0% 0%;background-color: ;\">\n    <h1 style=\"text-align: center;\">Qu'est-ce qu'un centre de donn\u00e9es de colocation?<\/h1>\n<\/div>\n        <\/div>\n    <\/div>\n<\/div><\/div>\n\n<\/div><\/div><\/div><\/section><section id=\"\" class=\"builder-section builder-section-type--section builder-custom-theme builder-theme--theme-0 builder-section-padding-top-high builder-section-padding-bottom-high builder-layout-padding-med builder-font-normal   builder-valign-top       \" style=''><div class=\"builder-layouts-container\"><div class=\"builder-layout builder-layout-two-thirds-column \"><div class=\"builder-container\">\n<div class=\"builder-table\">\n    \n<div class=\"builder-column builder-column-type--column \">\n    <div class=\"builder-column-body\">\n        <div class=\"builder-content\">\n            \n\n\n<div class=\"builder-component builder-component-wysiwyg builder-component-index-1   builder-mobile-animation\" style=\"padding: 0% 0%;background-color: ;\">\n    <p>Une colocation (colo) est une installation de\u00a0centre de donn\u00e9es dans laquelle une entreprise peut louer de l\u2019espace pour des serveurs et autre mat\u00e9riel informatique. Il existe\u00a0\u00e0 2 types de base : En gros \u2013 lorsqu\u2019un locataire loue un espace de centre de donn\u00e9es enti\u00e8rement construit\u00a0; Au d\u00e9tail : espace lou\u00e9 par petites augmentations dans un centre de donn\u00e9es.\u00a0\u00a0 Le fournisseur de colos offre\u00a0le b\u00e2timent, le refroidissement, l\u2019alimentation, la bande passante et la s\u00e9curit\u00e9 physique, tandis que le client fournit des serveurs et du stockage.<\/p>\n<p>Les centres de donn\u00e9es de colocation en g\u00e9n\u00e9ral sont certifi\u00e9s par ou suivent\u00a0<a href=\"https:\/\/uptimeinstitute.com\/tiers\" target=\"_blank\" rel=\"noopener\">les niveaux\u00a0\u00e9prouvants de\u00a0centres de donn\u00e9es de l\u2019Uptime Institute<\/a>:<\/p>\n<ul>\n<li><strong>Niveaux 1 et 2<\/strong>: ont un seul chemin pour l\u2019alimentation et le refroidissement et peu de composants redondants et de secours. Il a une disponibilit\u00e9 attendue\u00a0de 99,7 %.<\/li>\n<li><strong>Niveau 3<\/strong>\u00a0: a\u00a0plusieurs chemins pour l\u2019alimentation et le refroidissement, ainsi que des syst\u00e8mes en place pour le mettre \u00e0 jour et le maintenir sans le mettre hors ligne. Il a une disponibilit\u00e9 attendue de 99,98<\/li>\n<li><strong>Niveau 4<\/strong>: est con\u00e7u pour \u00eatre totalement tol\u00e9rant aux pannes et dispose d\u2019une redondance pour chaque composant. Il a une disponibilit\u00e9 attendue de 99,99<\/li>\n<\/ul>\n<\/div>\n<div class=\"builder-component builder-component-divider-line builder-component-index-2   builder-mobile-animation\">\n    <div class=\"divider-line\" style=\"background-color: #ebebeb;height: 1px;\"><\/div>\n<\/div>\n\n\n<div class=\"builder-component builder-component-wysiwyg builder-component-index-3   builder-mobile-animation\" style=\"padding: 0% 0%;background-color: ;\">\n    <h2>Un centre de donn\u00e9es de colocation convient-il \u00e0 mon organisation\u00a0?<\/h2>\n<p>Dans l\u2019approche actuelle d\u2019infrastructure informatique\u00a0hybride moderne, une organisation ajouterait un centre de donn\u00e9es de colocation \u00e0 ses actifs de calcul pour plusieurs raisons. Les d\u00e9penses en immobilisations (Capital expenditures\/CAPEX) associ\u00e9es \u00e0 la construction, \u00e0 l\u2019entretien et \u00e0 la mise \u00e0 jour d\u2019une grande installation informatique constituent l\u2019un des principaux facteurs. De plus, cela peut constituer un v\u00e9hicule pour l\u2019informatique haute densit\u00e9 et hyperconverg\u00e9e pour laquelle un centre de donn\u00e9es pr\u00e9existant peut ne pas \u00eatre en mesure de g\u00e9rer les exigences en \u00e9nergie et en refroidissement. Historiquement, et aujourd\u2019hui encore, les colos sont id\u00e9ales pour la reprise apr\u00e8s sinistre des applications de niveau 1, le nuage \u00e9tant utilis\u00e9\u00a0pour la continuit\u00e9 des activit\u00e9s de niveau 2.<\/p>\n<\/div>\n<div class=\"builder-component builder-component-divider-line builder-component-index-4   builder-mobile-animation\">\n    <div class=\"divider-line\" style=\"background-color: #ebebeb;height: 1px;\"><\/div>\n<\/div>\n\n\n<div class=\"builder-component builder-component-wysiwyg builder-component-index-5   builder-mobile-animation\" style=\"padding: 0% 0%;background-color: ;\">\n    <h2>Que dois-je consid\u00e9rer dans le choix de mon Centre de donn\u00e9es de colocation\u00a0?<\/h2>\n<ul>\n<li><strong>Flexibilit\u00e9<\/strong>\u2013 \u00e9nergie et espace sont importants si vous utilisez une colo pour la croissance. Les nouveaux \u00e9quipements gourmands en \u00e9nergie et en refroidissement exigent une capacit\u00e9 accrue et une disponibilit\u00e9 \u00e0 la demande.\u00a0\u00a0 \u00c0 mesure que vous vous d\u00e9veloppez, certaines charges de travail exigent une contigu\u00eft\u00e9 pour les exigences de latence et il est essentiel de pouvoir acc\u00e9der \u00e0 la surface de plancher \u00e0 proximit\u00e9.<\/li>\n<li><strong>Facilit\u00e9 d\u2019entretien<\/strong>\u2013 pour le support interne et fournisseur. La distance peut entra\u00eener une augmentation des co\u00fbts de d\u00e9placement lorsque les \u00e9quipements doivent \u00eatre manipul\u00e9s\u00a0manuellement.<\/li>\n<li><strong>Accords\u00a0avec\u00a0terme<\/strong>\u2013 les clients de colos peuvent se retrouver li\u00e9s par des contrats \u00e0 long terme, ce qui peut les emp\u00eacher de ren\u00e9gocier les tarifs lorsque les prix baissent.<\/li>\n<li><strong>Transparence<\/strong>\u2013 travailler avec un fournisseur de colos offrant une transparence et un\u00a0certain degr\u00e9 d\u2019autosurveillance et de\u00a0gestion \u00e0 distance. Il est important pour une organisation d\u2019examiner de pr\u00e8s les accords sur les niveaux de service (Service Level Agreements\/SLA) de leur colo afin de ne pas \u00eatre surpris par des frais cach\u00e9s.<\/li>\n<li><strong>Exp\u00e9rience utilisateur<\/strong>\u2013 \u00e0 supposer que vous utilisez votre colo pour vos applications les plus critiques, il est important de prendre en compte la bande passante du r\u00e9seau et la redondance des services de base dans leurs SLA (se reporter \u00e0 la classification des Niveaux).<\/li>\n<\/ul>\n<\/div>\n<div class=\"builder-component builder-component-divider-line builder-component-index-6   builder-mobile-animation\">\n    <div class=\"divider-line\" style=\"background-color: #ebebeb;height: 1px;\"><\/div>\n<\/div>\n\n\n<div class=\"builder-component builder-component-wysiwyg builder-component-index-7   builder-mobile-animation\" style=\"padding: 0% 0%;background-color: ;\">\n    <h2>Le centre de donn\u00e9es en tant que service (Data Center as a Service\/DSaaS) est-il identique \u00e0 un centre de donn\u00e9es de colocation\u00a0?<\/h2>\n<p>Cela d\u00e9pend de votre point de vue ou de votre besoin sp\u00e9cifique. Cependant, la r\u00e9ponse simple est oui. Un centre de donn\u00e9es de colocation doit fournir une exp\u00e9rience \u00ab en tant que service\u00a0\u00bb \u00e0 votre organisation. M\u00eame si votre organisation peut avoir besoin de contr\u00f4les manuels plus sp\u00e9cifiques jusqu\u2019au niveau de l\u2019armoire et du p\u00e9riph\u00e9rique, une colocation doit fournir une exp\u00e9rience similaire \u00e0 une exp\u00e9rience d\u2019Infrastructure en tant que service (Infrastructure\u00a0as a Service\/IaaS) en nuage. De nombreux fournisseurs de colocation progressifs offrent des services et des portails bas\u00e9s sur l\u2019utilisateur qui permettent des services \u00e0 la demande et un\u00a0aper\u00e7u granulaire sur les performances de l\u2019infrastructure.<\/p>\n<\/div>\n<div class=\"builder-component builder-component-divider-line builder-component-index-8   builder-mobile-animation\">\n    <div class=\"divider-line\" style=\"background-color: #ebebeb;height: 1px;\"><\/div>\n<\/div>\n\n\n<div class=\"builder-component builder-component-wysiwyg builder-component-index-9   builder-mobile-animation\" style=\"padding: 0% 0%;background-color: ;\">\n    <h2>Les locataires de colocation ont-ils besoin de la DCIM ?<\/h2>\n<\/div>\n\n<div  class=\"builder-component builder-component-html builder-component-index-10   builder-mobile-animation\">\n    <iframe loading=\"lazy\" width=\"560\" height=\"315\" src=\"https:\/\/www.youtube.com\/embed\/zbBCV_qvHOM\" frameborder=\"0\" allow=\"accelerometer; autoplay; encrypted-media; gyroscope; picture-in-picture\" allowfullscreen><\/iframe><\/div>\n\n<div  class=\"builder-component builder-component-spacer builder-component-index-11   builder-mobile-animation\" style=\"padding: 2% 0 0 0;\"><\/div>\n\n\n\n<div class=\"builder-component builder-component-wysiwyg builder-component-index-12   builder-mobile-animation\" style=\"padding: 0% 0%;background-color: ;\">\n    <p>Une organisation mature disposant d\u2019une solution DCIM existante doit \u00eatre en mesure d\u2019orienter ses services de suivi\u00a0vers\u00a0ses sites de colocation, distants et Edge pour une vue et\u00a0gestion compl\u00e8tes de l\u2019ensemble de son infrastructure de calcul. Une organisation ne d\u00e9veloppant qu\u2019une strat\u00e9gie de colocation uniquement peut souhaiter incorporer une solution DCIM pour obtenir une meilleure visibilit\u00e9 granulaire de l\u2019infrastructure g\u00e9r\u00e9e par son fournisseur, et pour suivre\u00a0les performances du SLA.<\/p>\n<p>Les fournisseurs de colocation progressive offrent \u00e0 leurs locataires des services DCIM dot\u00e9s de diverses capacit\u00e9s d\u2019analyse, d\u2019\u00e9tablissement de rapports et de gestion locale.<\/p>\n<\/div>\n\n<div  class=\"builder-component builder-component-spacer builder-component-index-13   builder-mobile-animation\" style=\"padding: 2% 0 0 0;\"><\/div>\n\n\n<div class=\"builder-component builder-component-horizontal-buttons builder-component-index-14   builder-mobile-animation\">\n            <div class=\"buttons-row align-center\">\n                            <div class=\"single-button style-blue\">\n                                        <a href=\"https:\/\/www.nlyte.com\/fr\/faqs\/\"\n                       rel=\"\"\n                       target=\"_self\"\n                       style=\"width: px\">\n\n\n                                                    VIEW ALL FAQs                                            <\/a>\n\n                <\/div>\n                    <\/div>\n    <\/div>\n\n<div  class=\"builder-component builder-component-spacer builder-component-index-15   builder-mobile-animation\" style=\"padding: 1% 0 0 0;\"><\/div>\n        <\/div>\n    <\/div>\n<\/div>    \n<div class=\"builder-column builder-column-type--column \">\n    <div class=\"builder-column-body\">\n        <div class=\"builder-content\">\n            \n\n\n<div class=\"builder-component builder-component-wysiwyg builder-component-index-1   builder-mobile-animation\" style=\"padding: 0% 0%;background-color: ;\">\n    <h3 style=\"text-align: center;\">T\u00e9l\u00e9chargez gratuitement l\u2019eBook \u201cDCIM pour les nuls\u201d<\/h3>\n<\/div>\n\n<div class=\"builder-component builder-component-marketo-form builder-component-index-2   builder-mobile-animation\">\n    <form id=\"mktoForm_1691\" style=\"max-width: 100% !important;\"><\/form>\n    <script>\n        MktoForms2.loadForm(\"\/\/app-ab11.marketo.com\", \"690-OLN-597\", 1691, function(form) {\n            var $form = form.getFormElem();\n            var $btn = $form.find(\"button[type='submit']\");\n\n            if($form.parents(\".builder-section.footer_block\").length > 0) {\n                $form.attr(\"data-form-id\", \"zi-footer-form\");\n            } else {\n                $form.attr(\"data-form-id\", \"zi-main-form\");\n            }\n\n            \/\/ Change button type to normal button, and have it trigger submit via JS\n            $btn.attr(\"type\", \"button\").on(\"click\", function() {\n                form.submit();\n            });\n\n            \/\/ Make sure pressing enter submits the form\n            $form.find(\"input\").on(\"keyup\", function (e) {\n                if(e.which === 13) {\n                    form.submit();\n                }\n            });\n\n            form.onSuccess(function(vals, to) {\n                var email = vals.Email;\n\n                \/\/ Trigger ZI Formcomplete\n                if (window._zi_fc && typeof window._zi_fc.fcTriggerSubmit === 'function') {\n                    console.log(\"Sending to ZI\");\n                    try {\n                        window._zi_fc.fcTriggerSubmit();\n                    } catch (e) {\n                        console.log(\"Failed to send to ZI\");\n                        console.error(e);\n                    }\n                }\n\n                \/\/ Add submission to dataLayer\n                window.dataLayer.push({\n                    event: \"mktoLead\",\n                    mktoEmail: email,\n                    mktoFName: vals.FirstName,\n                    mktoLName: vals.LastName\n                });\n\n                \/\/ Redirect after 1 second to give things a chance to process\n                if(to) setTimeout(() => window.location.href = to, 1000);\n\n                \/\/ Don't use standard redirect method\n                return false;\n            });\n        });\n    <\/script>\n<\/div>        <\/div>\n    <\/div>\n<\/div><\/div><\/div><\/div><\/div><\/section><\/div><\/div>","protected":false},"excerpt":{"rendered":"<p>Qu'est-ce qu'un centre de donn\u00e9es de colocation? Une colocation (colo) est une installation de\u00a0centre de donn\u00e9es dans laquelle une entreprise peut louer de l\u2019espace pour des serveurs et autre mat\u00e9riel informatique. Il existe\u00a0\u00e0 2 types&hellip;<\/p>\n","protected":false},"author":5,"featured_media":0,"parent":3745,"menu_order":0,"comment_status":"closed","ping_status":"closed","template":"","meta":{"footnotes":""},"acf":[],"yoast_head":"<!-- This site is optimized with the Yoast SEO Premium plugin v21.7 (Yoast SEO v21.8) - https:\/\/yoast.com\/wordpress\/plugins\/seo\/ -->\n<title>Qu&#039;est-ce qu&#039;un centre de donn\u00e9es de colocation? | Nlyte<\/title>\n<meta name=\"robots\" content=\"index, follow, max-snippet:-1, max-image-preview:large, max-video-preview:-1\" \/>\n<link rel=\"canonical\" href=\"https:\/\/www.nlyte.com\/fr\/faqs\/quest-ce-quun-centre-de-donnees-de-colocation\/\" \/>\n<meta property=\"og:locale\" content=\"en_US\" \/>\n<meta property=\"og:type\" content=\"article\" \/>\n<meta property=\"og:title\" content=\"Qu&#039;est-ce qu&#039;un centre de donn\u00e9es de colocation?\" \/>\n<meta property=\"og:description\" content=\"Qu&#039;est-ce qu&#039;un centre de donn\u00e9es de colocation? Une colocation (colo) est une installation de\u00a0centre de donn\u00e9es dans laquelle une entreprise peut louer de l\u2019espace pour des serveurs et autre mat\u00e9riel informatique. Il existe\u00a0\u00e0 2 types&hellip;\" \/>\n<meta property=\"og:url\" content=\"https:\/\/www.nlyte.com\/fr\/faqs\/quest-ce-quun-centre-de-donnees-de-colocation\/\" \/>\n<meta property=\"og:site_name\" content=\"Nlyte\" \/>\n<meta property=\"article:modified_time\" content=\"2021-06-30T16:31:40+00:00\" \/>\n<meta property=\"og:image\" content=\"https:\/\/www.nlyte.com\/fr\/web\/wp-content\/uploads\/2019\/07\/thinBanner_gray-1-100x7.jpg\" \/>\n<meta name=\"twitter:card\" content=\"summary_large_image\" \/>\n<meta name=\"twitter:label1\" content=\"Est. reading time\" \/>\n\t<meta name=\"twitter:data1\" content=\"4 minutes\" \/>\n<script type=\"application\/ld+json\" class=\"yoast-schema-graph\">{\"@context\":\"https:\/\/schema.org\",\"@graph\":[{\"@type\":[\"WebPage\",\"FAQPage\"],\"@id\":\"https:\/\/www.nlyte.com\/fr\/faqs\/quest-ce-quun-centre-de-donnees-de-colocation\/\",\"url\":\"https:\/\/www.nlyte.com\/fr\/faqs\/quest-ce-quun-centre-de-donnees-de-colocation\/\",\"name\":\"Qu'est-ce qu'un centre de donn\u00e9es de colocation? | Nlyte\",\"isPartOf\":{\"@id\":\"https:\/\/www.nlyte.com\/fr\/#website\"},\"datePublished\":\"2019-07-04T20:29:59+00:00\",\"dateModified\":\"2021-06-30T16:31:40+00:00\",\"breadcrumb\":{\"@id\":\"https:\/\/www.nlyte.com\/fr\/faqs\/quest-ce-quun-centre-de-donnees-de-colocation\/#breadcrumb\"},\"inLanguage\":\"en-US\",\"potentialAction\":[{\"@type\":\"ReadAction\",\"target\":[\"https:\/\/www.nlyte.com\/fr\/faqs\/quest-ce-quun-centre-de-donnees-de-colocation\/\"]}]},{\"@type\":\"BreadcrumbList\",\"@id\":\"https:\/\/www.nlyte.com\/fr\/faqs\/quest-ce-quun-centre-de-donnees-de-colocation\/#breadcrumb\",\"itemListElement\":[{\"@type\":\"ListItem\",\"position\":1,\"name\":\"Home\",\"item\":\"https:\/\/www.nlyte.com\/fr\/\"},{\"@type\":\"ListItem\",\"position\":2,\"name\":\"FAQs\",\"item\":\"https:\/\/www.nlyte.com\/fr\/faqs\/\"},{\"@type\":\"ListItem\",\"position\":3,\"name\":\"Qu'est-ce qu'un centre de donn\u00e9es de colocation?\"}]},{\"@type\":\"WebSite\",\"@id\":\"https:\/\/www.nlyte.com\/fr\/#website\",\"url\":\"https:\/\/www.nlyte.com\/fr\/\",\"name\":\"Nlyte\",\"description\":\"Just another WordPress site\",\"publisher\":{\"@id\":\"https:\/\/www.nlyte.com\/fr\/#organization\"},\"potentialAction\":[{\"@type\":\"SearchAction\",\"target\":{\"@type\":\"EntryPoint\",\"urlTemplate\":\"https:\/\/www.nlyte.com\/fr\/?s={search_term_string}\"},\"query-input\":\"required name=search_term_string\"}],\"inLanguage\":\"en-US\"},{\"@type\":\"Organization\",\"@id\":\"https:\/\/www.nlyte.com\/fr\/#organization\",\"name\":\"Nlyte Software\",\"url\":\"https:\/\/www.nlyte.com\/fr\/\",\"logo\":{\"@type\":\"ImageObject\",\"inLanguage\":\"en-US\",\"@id\":\"https:\/\/www.nlyte.com\/fr\/#\/schema\/logo\/image\/\",\"url\":\"https:\/\/www.nlyte.com\/fr\/web\/wp-content\/uploads\/2019\/05\/Nlyte_favicon.png\",\"contentUrl\":\"https:\/\/www.nlyte.com\/fr\/web\/wp-content\/uploads\/2019\/05\/Nlyte_favicon.png\",\"width\":476,\"height\":475,\"caption\":\"Nlyte Software\"},\"image\":{\"@id\":\"https:\/\/www.nlyte.com\/fr\/#\/schema\/logo\/image\/\"}}]}<\/script>\n<!-- \/ Yoast SEO Premium plugin. -->","yoast_head_json":{"title":"Qu'est-ce qu'un centre de donn\u00e9es de colocation? | Nlyte","robots":{"index":"index","follow":"follow","max-snippet":"max-snippet:-1","max-image-preview":"max-image-preview:large","max-video-preview":"max-video-preview:-1"},"canonical":"https:\/\/www.nlyte.com\/fr\/faqs\/quest-ce-quun-centre-de-donnees-de-colocation\/","og_locale":"en_US","og_type":"article","og_title":"Qu'est-ce qu'un centre de donn\u00e9es de colocation?","og_description":"Qu'est-ce qu'un centre de donn\u00e9es de colocation? Une colocation (colo) est une installation de\u00a0centre de donn\u00e9es dans laquelle une entreprise peut louer de l\u2019espace pour des serveurs et autre mat\u00e9riel informatique. Il existe\u00a0\u00e0 2 types&hellip;","og_url":"https:\/\/www.nlyte.com\/fr\/faqs\/quest-ce-quun-centre-de-donnees-de-colocation\/","og_site_name":"Nlyte","article_modified_time":"2021-06-30T16:31:40+00:00","og_image":[{"url":"https:\/\/www.nlyte.com\/fr\/web\/wp-content\/uploads\/2019\/07\/thinBanner_gray-1-100x7.jpg"}],"twitter_card":"summary_large_image","twitter_misc":{"Est. reading time":"4 minutes"},"schema":{"@context":"https:\/\/schema.org","@graph":[{"@type":["WebPage","FAQPage"],"@id":"https:\/\/www.nlyte.com\/fr\/faqs\/quest-ce-quun-centre-de-donnees-de-colocation\/","url":"https:\/\/www.nlyte.com\/fr\/faqs\/quest-ce-quun-centre-de-donnees-de-colocation\/","name":"Qu'est-ce qu'un centre de donn\u00e9es de colocation? | Nlyte","isPartOf":{"@id":"https:\/\/www.nlyte.com\/fr\/#website"},"datePublished":"2019-07-04T20:29:59+00:00","dateModified":"2021-06-30T16:31:40+00:00","breadcrumb":{"@id":"https:\/\/www.nlyte.com\/fr\/faqs\/quest-ce-quun-centre-de-donnees-de-colocation\/#breadcrumb"},"inLanguage":"en-US","potentialAction":[{"@type":"ReadAction","target":["https:\/\/www.nlyte.com\/fr\/faqs\/quest-ce-quun-centre-de-donnees-de-colocation\/"]}]},{"@type":"BreadcrumbList","@id":"https:\/\/www.nlyte.com\/fr\/faqs\/quest-ce-quun-centre-de-donnees-de-colocation\/#breadcrumb","itemListElement":[{"@type":"ListItem","position":1,"name":"Home","item":"https:\/\/www.nlyte.com\/fr\/"},{"@type":"ListItem","position":2,"name":"FAQs","item":"https:\/\/www.nlyte.com\/fr\/faqs\/"},{"@type":"ListItem","position":3,"name":"Qu'est-ce qu'un centre de donn\u00e9es de colocation?"}]},{"@type":"WebSite","@id":"https:\/\/www.nlyte.com\/fr\/#website","url":"https:\/\/www.nlyte.com\/fr\/","name":"Nlyte","description":"Just another WordPress site","publisher":{"@id":"https:\/\/www.nlyte.com\/fr\/#organization"},"potentialAction":[{"@type":"SearchAction","target":{"@type":"EntryPoint","urlTemplate":"https:\/\/www.nlyte.com\/fr\/?s={search_term_string}"},"query-input":"required name=search_term_string"}],"inLanguage":"en-US"},{"@type":"Organization","@id":"https:\/\/www.nlyte.com\/fr\/#organization","name":"Nlyte Software","url":"https:\/\/www.nlyte.com\/fr\/","logo":{"@type":"ImageObject","inLanguage":"en-US","@id":"https:\/\/www.nlyte.com\/fr\/#\/schema\/logo\/image\/","url":"https:\/\/www.nlyte.com\/fr\/web\/wp-content\/uploads\/2019\/05\/Nlyte_favicon.png","contentUrl":"https:\/\/www.nlyte.com\/fr\/web\/wp-content\/uploads\/2019\/05\/Nlyte_favicon.png","width":476,"height":475,"caption":"Nlyte Software"},"image":{"@id":"https:\/\/www.nlyte.com\/fr\/#\/schema\/logo\/image\/"}}]}},"_links":{"self":[{"href":"https:\/\/www.nlyte.com\/fr\/wp-json\/wp\/v2\/pages\/3805"}],"collection":[{"href":"https:\/\/www.nlyte.com\/fr\/wp-json\/wp\/v2\/pages"}],"about":[{"href":"https:\/\/www.nlyte.com\/fr\/wp-json\/wp\/v2\/types\/page"}],"author":[{"embeddable":true,"href":"https:\/\/www.nlyte.com\/fr\/wp-json\/wp\/v2\/users\/5"}],"replies":[{"embeddable":true,"href":"https:\/\/www.nlyte.com\/fr\/wp-json\/wp\/v2\/comments?post=3805"}],"version-history":[{"count":13,"href":"https:\/\/www.nlyte.com\/fr\/wp-json\/wp\/v2\/pages\/3805\/revisions"}],"predecessor-version":[{"id":19514,"href":"https:\/\/www.nlyte.com\/fr\/wp-json\/wp\/v2\/pages\/3805\/revisions\/19514"}],"up":[{"embeddable":true,"href":"https:\/\/www.nlyte.com\/fr\/wp-json\/wp\/v2\/pages\/3745"}],"wp:attachment":[{"href":"https:\/\/www.nlyte.com\/fr\/wp-json\/wp\/v2\/media?parent=3805"}],"curies":[{"name":"wp","href":"https:\/\/api.w.org\/{rel}","templated":true}]}}