{"id":3977,"date":"2019-07-05T15:06:50","date_gmt":"2019-07-05T19:06:50","guid":{"rendered":"http:\/\/www.nlyte.com\/fr\/product-videos-copy\/"},"modified":"2023-05-26T11:10:15","modified_gmt":"2023-05-26T15:10:15","slug":"essai-gratuit","status":"publish","type":"page","link":"https:\/\/www.nlyte.com\/fr\/nlyte-en-action\/essai-gratuit\/","title":{"rendered":"Essai gratuit"},"content":{"rendered":"<div class=\"kmdg-builder-content\"><div class=\"builder-font-controller\"><section id=\"\" class=\"builder-section builder-section-type--section builder-custom-theme builder-theme--theme-1 builder-section-padding-top-med builder-section-padding-bottom-med builder-layout-padding-med builder-font-normal   builder-valign-top       \" style=''><div class='builder-bg-image-wrap' style='height:100%'><div class='builder-img-bg loaded' style='background-image: url(https:\/\/www.nlyte.com\/fr\/web\/wp-content\/uploads\/2019\/05\/thinBanner.png);opacity:1;background-position-y:center;' ><img src='https:\/\/www.nlyte.com\/fr\/web\/wp-content\/uploads\/2019\/05\/thinBanner.png' alt='' role='presentation'><\/div><\/div><div class=\"builder-layouts-container\"><div class=\"builder-layout builder-layout-one-column \"><div class=\"builder-container\">\n<div class=\"builder-table\">\n    \n<div class=\"builder-column builder-column-type--column \">\n    <div class=\"builder-column-body\">\n        <div class=\"builder-content\">\n            \n\n\n<div class=\"builder-component builder-component-wysiwyg builder-component-index-1   builder-mobile-animation\" style=\"padding: 0% 0%;background-color: ;\">\n    <p style=\"text-align: center;\"><strong>Voir Nlyte en action<\/strong><\/p>\n<h1 style=\"text-align: center;\">Essai gratuit<\/h1>\n<\/div>\n        <\/div>\n    <\/div>\n<\/div><\/div>\n\n<\/div><\/div><\/div><\/section><section id=\"\" class=\"builder-section builder-section-type--section builder-custom-theme builder-theme--theme-0 builder-section-padding-top-high builder-section-padding-bottom-high builder-layout-padding-high builder-font-normal   builder-valign-top       \" style=''><div class=\"builder-layouts-container\"><div class=\"builder-layout builder-layout-two-thirds-column \"><div class=\"builder-container\">\n<div class=\"builder-table\">\n    \n<div class=\"builder-column builder-column-type--column \">\n    <div class=\"builder-column-body\">\n        <div class=\"builder-content\">\n            \n\n\n<div class=\"builder-component builder-component-wysiwyg builder-component-index-1   builder-mobile-animation\" style=\"padding: 0% 0%;background-color: ;\">\n    <p><img loading=\"lazy\" decoding=\"async\" class=\"size-full wp-image-2368 alignnone\" src=\"https:\/\/www.nlyte.com\/fr\/web\/wp-content\/uploads\/2019\/05\/freeTrial-icon-v2.png\" alt=\"\" width=\"101\" height=\"81\" srcset=\"https:\/\/www.nlyte.com\/fr\/web\/wp-content\/uploads\/2019\/05\/freeTrial-icon-v2.png 101w, https:\/\/www.nlyte.com\/fr\/web\/wp-content\/uploads\/2019\/05\/freeTrial-icon-v2-100x80.png 100w\" sizes=\"(max-width: 101px) 100vw, 101px\" \/><\/p>\n<h4 style=\"text-align: left;\"><span style=\"color: #106ea3;\"><br \/>\nFaites un essai routier de notre solution pour voir comment Nlyte peut vous aider \u00e0 planifier, g\u00e9rer et optimiser les ressources, l'espace et l'alimentation de votre centre de donn\u00e9es.<\/span><\/h4>\n<p>Faites un essai routier de notre solution pour voir comment Nlyte peut vous aider \u00e0 planifier, g\u00e9rer et optimiser les ressources, l'espace et l'alimentation de votre centre de donn\u00e9es. Vous verrez la puissance de DCIM, y compris comment vous pouvez l'utiliser pour:<\/p>\n<ul>\n<li>Consolidez ou optimisez votre centre de donn\u00e9es<\/li>\n<li>G\u00e9rez les actifs du \u00abdock au d\u00e9classement\u00bb<\/li>\n<li>Optimiser l'efficacit\u00e9 \u00e9nerg\u00e9tique<\/li>\n<\/ul>\n<\/div>\n\n<div  class=\"builder-component builder-component-spacer builder-component-index-2   builder-mobile-animation\" style=\"padding: 3% 0 0 0;\"><\/div>\n\n<div         class=\" builder-component builder-component-image builder-component-index-3   builder-mobile-animation builder-component-image-size-normal  align-\">\n            <div class=\"image-container builder-lazy-img\" style=\"background-image:url(https:\/\/www.nlyte.com\/fr\/web\/wp-content\/uploads\/2019\/06\/nl-nao-dashboard-2-1200x675-100x56.png);\" data-srcs=\"{&quot;full&quot;:{&quot;src&quot;:&quot;https:\\\/\\\/www.nlyte.com\\\/fr\\\/web\\\/wp-content\\\/uploads\\\/2019\\\/06\\\/nl-nao-dashboard-2-1200x675.png&quot;,&quot;width&quot;:&quot;-1&quot;},&quot;medium&quot;:{&quot;src&quot;:&quot;https:\\\/\\\/www.nlyte.com\\\/fr\\\/web\\\/wp-content\\\/uploads\\\/2019\\\/06\\\/nl-nao-dashboard-2-1200x675-300x169.png&quot;,&quot;width&quot;:300},&quot;large&quot;:{&quot;src&quot;:&quot;https:\\\/\\\/www.nlyte.com\\\/fr\\\/web\\\/wp-content\\\/uploads\\\/2019\\\/06\\\/nl-nao-dashboard-2-1200x675-1024x576.png&quot;,&quot;width&quot;:1024},&quot;pb-medium&quot;:{&quot;src&quot;:&quot;https:\\\/\\\/www.nlyte.com\\\/fr\\\/web\\\/wp-content\\\/uploads\\\/2019\\\/06\\\/nl-nao-dashboard-2-1200x675-550x309.png&quot;,&quot;width&quot;:550}}\">\n            <div class=\"image-subcontainer \" style=\"max-height: inherit;\" >\n                <img  alt='nl-nao-dashboard-2-1200x675' src='https:\/\/www.nlyte.com\/fr\/web\/wp-content\/uploads\/2019\/06\/nl-nao-dashboard-2-1200x675-100x56.png' width='1200' height='675' \/>            <\/div>\n        <\/div>\n    <\/div>\n        <\/div>\n    <\/div>\n<\/div>    \n<div class=\"builder-column builder-column-type--column \">\n    <div class=\"builder-column-body\">\n        <div class=\"builder-content\">\n            \n<div  class=\"builder-component builder-component-html builder-component-index-1   builder-mobile-animation\">\n    <style>\r\n  .mktoForm \r\n  .mktoFormRow\r\n  .mktoFormCol\r\n  .mktoFieldWrap\r\n  .mktoField {\r\n    background: #fff;\r\n    text-transform: none;\r\n  }\r\n<\/style>\r\n<div class=\"builder-component builder-component-marketo-form\">\r\n  <form id=\"mktoForm_1851\" style=\"max-width: 100% !important;\"><\/form>\r\n  <script>\r\n    MktoForms2.loadForm(\"\/\/app-ab11.marketo.com\", \"690-OLN-597\", 1851, function(form) {\r\n      form.onSuccess(function() {\r\n        window.location.href=\"https:\/\/www.nlyte.com\/fr\/merci-nlyte-in-action\/\";\r\n        return false;\r\n      });\r\n    });\r\n  <\/script>\r\n<\/div><\/div>\n        <\/div>\n    <\/div>\n<\/div><\/div><\/div><\/div><\/div><\/section><\/div><\/div>","protected":false},"excerpt":{"rendered":"<p>Voir Nlyte en action Essai gratuit Faites un essai routier de notre solution pour voir comment Nlyte peut vous aider \u00e0 planifier, g\u00e9rer et optimiser les ressources, l'espace et l'alimentation de votre centre de donn\u00e9es.&hellip;<\/p>\n","protected":false},"author":5,"featured_media":0,"parent":2209,"menu_order":0,"comment_status":"closed","ping_status":"closed","template":"","meta":{"footnotes":""},"acf":[],"yoast_head":"<!-- This site is optimized with the Yoast SEO Premium plugin v21.7 (Yoast SEO v21.8) - https:\/\/yoast.com\/wordpress\/plugins\/seo\/ -->\n<title>Demandez un essai DCIM gratuit | Nlyte<\/title>\n<meta name=\"description\" content=\"Demandez un essai gratuit de la suite DCIM de Nlyte pour voir comment notre solution peut vous aider \u00e0 planifier, g\u00e9rer et optimiser votre centre de donn\u00e9es.\" \/>\n<meta name=\"robots\" content=\"index, follow, max-snippet:-1, max-image-preview:large, max-video-preview:-1\" \/>\n<link rel=\"canonical\" href=\"https:\/\/www.nlyte.com\/fr\/nlyte-en-action\/essai-gratuit\/\" \/>\n<meta property=\"og:locale\" content=\"en_US\" \/>\n<meta property=\"og:type\" content=\"article\" \/>\n<meta property=\"og:title\" content=\"Essai gratuit\" \/>\n<meta property=\"og:description\" content=\"Demandez un essai gratuit de la suite DCIM de Nlyte pour voir comment notre solution peut vous aider \u00e0 planifier, g\u00e9rer et optimiser votre centre de donn\u00e9es.\" \/>\n<meta property=\"og:url\" content=\"https:\/\/www.nlyte.com\/fr\/nlyte-en-action\/essai-gratuit\/\" \/>\n<meta property=\"og:site_name\" content=\"Nlyte\" \/>\n<meta property=\"article:modified_time\" content=\"2023-05-26T15:10:15+00:00\" \/>\n<meta property=\"og:image\" content=\"https:\/\/www.nlyte.com\/fr\/web\/wp-content\/uploads\/2019\/05\/thinBanner-100x7.png\" \/>\n<meta name=\"twitter:card\" content=\"summary_large_image\" \/>\n<meta name=\"twitter:label1\" content=\"Est. reading time\" \/>\n\t<meta name=\"twitter:data1\" content=\"2 minutes\" \/>\n<script type=\"application\/ld+json\" class=\"yoast-schema-graph\">{\"@context\":\"https:\/\/schema.org\",\"@graph\":[{\"@type\":\"WebPage\",\"@id\":\"https:\/\/www.nlyte.com\/fr\/nlyte-en-action\/essai-gratuit\/\",\"url\":\"https:\/\/www.nlyte.com\/fr\/nlyte-en-action\/essai-gratuit\/\",\"name\":\"Demandez un essai DCIM gratuit | Nlyte\",\"isPartOf\":{\"@id\":\"https:\/\/www.nlyte.com\/fr\/#website\"},\"datePublished\":\"2019-07-05T19:06:50+00:00\",\"dateModified\":\"2023-05-26T15:10:15+00:00\",\"description\":\"Demandez un essai gratuit de la suite DCIM de Nlyte pour voir comment notre solution peut vous aider \u00e0 planifier, g\u00e9rer et optimiser votre centre de donn\u00e9es.\",\"breadcrumb\":{\"@id\":\"https:\/\/www.nlyte.com\/fr\/nlyte-en-action\/essai-gratuit\/#breadcrumb\"},\"inLanguage\":\"en-US\",\"potentialAction\":[{\"@type\":\"ReadAction\",\"target\":[\"https:\/\/www.nlyte.com\/fr\/nlyte-en-action\/essai-gratuit\/\"]}]},{\"@type\":\"BreadcrumbList\",\"@id\":\"https:\/\/www.nlyte.com\/fr\/nlyte-en-action\/essai-gratuit\/#breadcrumb\",\"itemListElement\":[{\"@type\":\"ListItem\",\"position\":1,\"name\":\"Home\",\"item\":\"https:\/\/www.nlyte.com\/fr\/\"},{\"@type\":\"ListItem\",\"position\":2,\"name\":\"Voir Nlyte en action\",\"item\":\"https:\/\/www.nlyte.com\/fr\/nlyte-en-action\/\"},{\"@type\":\"ListItem\",\"position\":3,\"name\":\"Essai gratuit\"}]},{\"@type\":\"WebSite\",\"@id\":\"https:\/\/www.nlyte.com\/fr\/#website\",\"url\":\"https:\/\/www.nlyte.com\/fr\/\",\"name\":\"Nlyte\",\"description\":\"Just another WordPress site\",\"publisher\":{\"@id\":\"https:\/\/www.nlyte.com\/fr\/#organization\"},\"potentialAction\":[{\"@type\":\"SearchAction\",\"target\":{\"@type\":\"EntryPoint\",\"urlTemplate\":\"https:\/\/www.nlyte.com\/fr\/?s={search_term_string}\"},\"query-input\":\"required name=search_term_string\"}],\"inLanguage\":\"en-US\"},{\"@type\":\"Organization\",\"@id\":\"https:\/\/www.nlyte.com\/fr\/#organization\",\"name\":\"Nlyte Software\",\"url\":\"https:\/\/www.nlyte.com\/fr\/\",\"logo\":{\"@type\":\"ImageObject\",\"inLanguage\":\"en-US\",\"@id\":\"https:\/\/www.nlyte.com\/fr\/#\/schema\/logo\/image\/\",\"url\":\"https:\/\/www.nlyte.com\/fr\/web\/wp-content\/uploads\/2019\/05\/Nlyte_favicon.png\",\"contentUrl\":\"https:\/\/www.nlyte.com\/fr\/web\/wp-content\/uploads\/2019\/05\/Nlyte_favicon.png\",\"width\":476,\"height\":475,\"caption\":\"Nlyte Software\"},\"image\":{\"@id\":\"https:\/\/www.nlyte.com\/fr\/#\/schema\/logo\/image\/\"}}]}<\/script>\n<!-- \/ Yoast SEO Premium plugin. -->","yoast_head_json":{"title":"Demandez un essai DCIM gratuit | Nlyte","description":"Demandez un essai gratuit de la suite DCIM de Nlyte pour voir comment notre solution peut vous aider \u00e0 planifier, g\u00e9rer et optimiser votre centre de donn\u00e9es.","robots":{"index":"index","follow":"follow","max-snippet":"max-snippet:-1","max-image-preview":"max-image-preview:large","max-video-preview":"max-video-preview:-1"},"canonical":"https:\/\/www.nlyte.com\/fr\/nlyte-en-action\/essai-gratuit\/","og_locale":"en_US","og_type":"article","og_title":"Essai gratuit","og_description":"Demandez un essai gratuit de la suite DCIM de Nlyte pour voir comment notre solution peut vous aider \u00e0 planifier, g\u00e9rer et optimiser votre centre de donn\u00e9es.","og_url":"https:\/\/www.nlyte.com\/fr\/nlyte-en-action\/essai-gratuit\/","og_site_name":"Nlyte","article_modified_time":"2023-05-26T15:10:15+00:00","og_image":[{"url":"https:\/\/www.nlyte.com\/fr\/web\/wp-content\/uploads\/2019\/05\/thinBanner-100x7.png"}],"twitter_card":"summary_large_image","twitter_misc":{"Est. reading time":"2 minutes"},"schema":{"@context":"https:\/\/schema.org","@graph":[{"@type":"WebPage","@id":"https:\/\/www.nlyte.com\/fr\/nlyte-en-action\/essai-gratuit\/","url":"https:\/\/www.nlyte.com\/fr\/nlyte-en-action\/essai-gratuit\/","name":"Demandez un essai DCIM gratuit | Nlyte","isPartOf":{"@id":"https:\/\/www.nlyte.com\/fr\/#website"},"datePublished":"2019-07-05T19:06:50+00:00","dateModified":"2023-05-26T15:10:15+00:00","description":"Demandez un essai gratuit de la suite DCIM de Nlyte pour voir comment notre solution peut vous aider \u00e0 planifier, g\u00e9rer et optimiser votre centre de donn\u00e9es.","breadcrumb":{"@id":"https:\/\/www.nlyte.com\/fr\/nlyte-en-action\/essai-gratuit\/#breadcrumb"},"inLanguage":"en-US","potentialAction":[{"@type":"ReadAction","target":["https:\/\/www.nlyte.com\/fr\/nlyte-en-action\/essai-gratuit\/"]}]},{"@type":"BreadcrumbList","@id":"https:\/\/www.nlyte.com\/fr\/nlyte-en-action\/essai-gratuit\/#breadcrumb","itemListElement":[{"@type":"ListItem","position":1,"name":"Home","item":"https:\/\/www.nlyte.com\/fr\/"},{"@type":"ListItem","position":2,"name":"Voir Nlyte en action","item":"https:\/\/www.nlyte.com\/fr\/nlyte-en-action\/"},{"@type":"ListItem","position":3,"name":"Essai gratuit"}]},{"@type":"WebSite","@id":"https:\/\/www.nlyte.com\/fr\/#website","url":"https:\/\/www.nlyte.com\/fr\/","name":"Nlyte","description":"Just another WordPress site","publisher":{"@id":"https:\/\/www.nlyte.com\/fr\/#organization"},"potentialAction":[{"@type":"SearchAction","target":{"@type":"EntryPoint","urlTemplate":"https:\/\/www.nlyte.com\/fr\/?s={search_term_string}"},"query-input":"required name=search_term_string"}],"inLanguage":"en-US"},{"@type":"Organization","@id":"https:\/\/www.nlyte.com\/fr\/#organization","name":"Nlyte Software","url":"https:\/\/www.nlyte.com\/fr\/","logo":{"@type":"ImageObject","inLanguage":"en-US","@id":"https:\/\/www.nlyte.com\/fr\/#\/schema\/logo\/image\/","url":"https:\/\/www.nlyte.com\/fr\/web\/wp-content\/uploads\/2019\/05\/Nlyte_favicon.png","contentUrl":"https:\/\/www.nlyte.com\/fr\/web\/wp-content\/uploads\/2019\/05\/Nlyte_favicon.png","width":476,"height":475,"caption":"Nlyte Software"},"image":{"@id":"https:\/\/www.nlyte.com\/fr\/#\/schema\/logo\/image\/"}}]}},"_links":{"self":[{"href":"https:\/\/www.nlyte.com\/fr\/wp-json\/wp\/v2\/pages\/3977"}],"collection":[{"href":"https:\/\/www.nlyte.com\/fr\/wp-json\/wp\/v2\/pages"}],"about":[{"href":"https:\/\/www.nlyte.com\/fr\/wp-json\/wp\/v2\/types\/page"}],"author":[{"embeddable":true,"href":"https:\/\/www.nlyte.com\/fr\/wp-json\/wp\/v2\/users\/5"}],"replies":[{"embeddable":true,"href":"https:\/\/www.nlyte.com\/fr\/wp-json\/wp\/v2\/comments?post=3977"}],"version-history":[{"count":29,"href":"https:\/\/www.nlyte.com\/fr\/wp-json\/wp\/v2\/pages\/3977\/revisions"}],"predecessor-version":[{"id":19523,"href":"https:\/\/www.nlyte.com\/fr\/wp-json\/wp\/v2\/pages\/3977\/revisions\/19523"}],"up":[{"embeddable":true,"href":"https:\/\/www.nlyte.com\/fr\/wp-json\/wp\/v2\/pages\/2209"}],"wp:attachment":[{"href":"https:\/\/www.nlyte.com\/fr\/wp-json\/wp\/v2\/media?parent=3977"}],"curies":[{"name":"wp","href":"https:\/\/api.w.org\/{rel}","templated":true}]}}