{"id":4121,"date":"2019-07-08T11:25:04","date_gmt":"2019-07-08T15:25:04","guid":{"rendered":"http:\/\/www.nlyte.com\/fr\/customer-support-copy\/"},"modified":"2020-06-25T17:44:22","modified_gmt":"2020-06-25T21:44:22","slug":"tarification","status":"publish","type":"page","link":"https:\/\/www.nlyte.com\/fr\/entreprise\/tarification\/","title":{"rendered":"Tarification"},"content":{"rendered":"<div class=\"kmdg-builder-content\"><div class=\"builder-font-controller\"><section id=\"\" class=\"builder-section builder-section-type--section builder-custom-theme builder-theme--theme-1 builder-section-padding-top-med builder-section-padding-bottom-med builder-layout-padding-med builder-font-normal   builder-valign-top       \" style=''><div class='builder-bg-image-wrap' style='height:100%'><div class='builder-img-bg loaded' style='background-image: url(https:\/\/www.nlyte.com\/fr\/web\/wp-content\/uploads\/2019\/07\/thinBanner_gray-1.jpg);opacity:1;background-position-y:center;' ><img src='https:\/\/www.nlyte.com\/fr\/web\/wp-content\/uploads\/2019\/07\/thinBanner_gray-1.jpg' alt='' role='presentation'><\/div><\/div><div class=\"builder-layouts-container\"><div class=\"builder-layout builder-layout-one-column \"><div class=\"builder-container\">\n<div class=\"builder-table\">\n    \n<div class=\"builder-column builder-column-type--column \">\n    <div class=\"builder-column-body\">\n        <div class=\"builder-content\">\n            \n\n\n<div class=\"builder-component builder-component-wysiwyg builder-component-index-1   builder-mobile-animation\" style=\"padding: 0% 0%;background-color: ;\">\n    <h1 style=\"text-align: center;\">Tarification<\/h1>\n<\/div>\n        <\/div>\n    <\/div>\n<\/div><\/div>\n\n<\/div><\/div><\/div><\/section><section id=\"\" class=\"builder-section builder-section-type--section builder-custom-theme builder-theme--theme-0 builder-section-padding-top-none builder-section-padding-bottom-none builder-layout-padding-med builder-font-normal   builder-valign-top       \" style=''><div class=\"builder-layouts-container\"><div class=\"builder-layout builder-layout-half-block \"><div class=\"full-width-container\">\n<div class=\"builder-table\">\n    \n<div class=\"builder-column builder-column-type--background-column \">\n    <div class=\"builder-column-body\">\n        <div class=\"builder-content\">\n            <div class=\"rollover rollover-default\" style=\"background-image: url(https:\/\/www.nlyte.com\/fr\/web\/wp-content\/uploads\/2019\/07\/iStock-1141225052.jpg);\">\n                            <\/div>\n\n                                                                            \n        <\/div>\n    <\/div>\n<\/div>\n    \n<div class=\"builder-column builder-column-type--background-column \">\n    <div class=\"builder-column-body\">\n        <div class=\"builder-content\">\n            <div class=\"rollover rollover-default\" style=\"background-color: #ffffff;\">\n                \n<div  class=\"builder-component builder-component-spacer builder-component-index-1   builder-mobile-animation\" style=\"padding: 10% 0 0 0;\"><\/div>\n\n\n\n<div class=\"builder-component builder-component-wysiwyg builder-component-index-2   builder-mobile-animation\" style=\"padding: 1% 5%;background-color: ;\">\n    <h3>Nlyte est fi\u00e8re d\u2019\u00eatre une entreprise avec laquelle il est facile de faire affaire.<\/h3>\n<p>Nous avons construit la solution la plus personnalisable\u00a0<a href=\"https:\/\/www.nlyte.com\/fr\/solutions\/gestion-des-infrastructures-du-centre-de-donnees-dcim\/\">de gestion d\u2019infrastructure de centres de donn\u00e9es (DCIM)<\/a> sur le march\u00e9. Bien que les d\u00e9ploiements soient faciles et pr\u00eats \u00e0 l\u2019emploi, chaque instance est hautement personnalisable pour les besoins pr\u00e9cis de votre entreprise. Cela est vrai pour nos tarifs ; Nlyte propose des tarifs qui conviennent \u00e0 votre entreprise en fonction de la valeur que nous fournissons. Notre tarification SaaS (logiciels en tant que services), ou perp\u00e9tuelle, peut \u00eatre bas\u00e9e sur le nombre de baies ou d\u2019actifs surveill\u00e9s, ou sur l\u2019alimentation totale de vos installations \u2013 tout d\u00e9pend de ce qui convient \u00e0 votre entreprise. Les groupes de produits tels que Platinum, Colocation et Hyperscale, ainsi que les connecteurs commerciaux et informatiques pr\u00eats \u00e0 l\u2019emploi, offrent une granularit\u00e9 de prix suppl\u00e9mentaire pour votre entreprise.<\/p>\n<\/div>\n            <\/div>\n\n                                                                            \n        <\/div>\n    <\/div>\n<\/div><\/div><\/div><\/div><\/div><\/section><section id=\"\" class=\"builder-section builder-section-type--section builder-custom-theme builder-theme--theme-0 builder-section-padding-top-high builder-section-padding-bottom-high builder-layout-padding-med builder-font-normal   builder-valign-top       \" style='background-color: #f3f3f3;'><div class=\"builder-layouts-container\"><div class=\"builder-layout builder-layout-one-column \"><div class=\"builder-container\">\n<div class=\"builder-table\">\n    \n<div class=\"builder-column builder-column-type--column \">\n    <div class=\"builder-column-body\">\n        <div class=\"builder-content\">\n            \n\n\n<div class=\"builder-component builder-component-wysiwyg builder-component-index-1   builder-mobile-animation\" style=\"padding: 0% 0%;background-color: ;\">\n    <p>La tarification de Nlyte s\u2019adaptera \u00e0 votre processus commercial et \u00e0 la dynamique de l\u2019infrastructure du datacenter de votre entreprise. Nous proposons des tarifs d\u2019abonnement compatibles avec la tendance actuelle du secteur informatique, visant \u00e0 abandonner un mod\u00e8le traditionnel perp\u00e9tuel, ce qui vous permet de passer de CapEx \u00e0 OpEx. Des technologies telles que la virtualisation et les solutions hyperconverg\u00e9es am\u00e9liorent la densit\u00e9 de calcul. Avec la densit\u00e9, le nombre de baies est r\u00e9duit et le passage \u00e0 l\u2019abonnement peut r\u00e9duire les co\u00fbts \u00e0 long terme. Au fur et \u00e0 mesure que votre entreprise \u00e9volue dans sa strat\u00e9gie de calcul hybride, des strat\u00e9gies comme le passage au cloud r\u00e9duiront le nombre de baies et l\u2019abonnement vous permettra de r\u00e9duire les co\u00fbts annuels. Que vous \u00e9largissiez votre d\u00e9ploiement Nlyte d\u2019origine, que vous mettiez en service de nouveaux datacenter ou que vous rapatriiez des applications du cloud, le co\u00fbt suppl\u00e9mentaire de l\u2019abonnement est inf\u00e9rieur \u00e0 celui des licences perp\u00e9tuelles. Ajouter des modules ou passer \u00e0 Platinum co\u00fbtera moins cher et ne n\u00e9cessitera pas de d\u00e9penses en capital compar\u00e9 aux d\u00e9penses d\u2019exploitation. Si vous souhaitez r\u00e9duire davantage vos co\u00fbts, n\u2019h\u00e9sitez pas \u00e0 nous le faire savoir. Nous proposons \u00e9galement Nlyte en tant que solution SaaS. Contactez votre Charg\u00e9 de compte pour discuter de la meilleure approche pour votre entreprise.<\/p>\n<p>Nlyte Hosting Service est une extension de l\u2019offre (SaaS) Entreprise sur demande de Nlyte, et conf\u00e8re aux clients la flexibilit\u00e9 n\u00e9cessaire pour acheter, configurer et g\u00e9rer cette solution.<\/p>\n<\/div>\n        <\/div>\n    <\/div>\n<\/div><\/div>\n\n<\/div><\/div><\/div><\/section><section id=\"\" class=\"builder-section builder-section-type--section builder-custom-theme builder-theme--theme-0 builder-section-padding-top-high builder-section-padding-bottom-high builder-layout-padding-med builder-font-normal   builder-valign-top       \" style=''><div class=\"builder-layouts-container\"><div class=\"builder-layout builder-layout-one-column \"><div class=\"builder-container\">\n<div class=\"builder-table\">\n    \n<div class=\"builder-column builder-column-type--column \">\n    <div class=\"builder-column-body\">\n        <div class=\"builder-content\">\n            \n\n\n<div class=\"builder-component builder-component-wysiwyg builder-component-index-1   builder-mobile-animation\" style=\"padding: 0% 0%;background-color: ;\">\n    <h5 style=\"text-align: center;\">Pour des informations sur l\u2019h\u00e9bergement ou pour un plan tarifaire r\u00e9pondant aux besoins de votre entreprise, veuillez nous contacter<\/h5>\n<\/div>\n\n\n<div class=\"builder-component builder-component-horizontal-buttons builder-component-index-2   builder-mobile-animation\">\n            <div class=\"buttons-row align-center\">\n                            <div class=\"single-button style-blue\">\n                                        <a href=\"mailto:sales@nlyte.com\"\n                       rel=\"noopener\"\n                       target=\"_blank\"\n                       style=\"width: px\">\n\n\n                                                    Email                                            <\/a>\n\n                <\/div>\n                            <div class=\"single-button style-blue\">\n                                        <a href=\"tel:650-642-2700\"\n                       rel=\"noopener\"\n                       target=\"_blank\"\n                       style=\"width: px\">\n\n\n                                                    Call 650-642-2700                                            <\/a>\n\n                <\/div>\n                    <\/div>\n    <\/div>\n        <\/div>\n    <\/div>\n<\/div><\/div>\n\n<\/div><\/div><\/div><\/section><\/div><\/div>","protected":false},"excerpt":{"rendered":"<p>Tarification Nlyte est fi\u00e8re d\u2019\u00eatre une entreprise avec laquelle il est facile de faire affaire. Nous avons construit la solution la plus personnalisable\u00a0de gestion d\u2019infrastructure de centres de donn\u00e9es (DCIM) sur le march\u00e9. Bien que&hellip;<\/p>\n","protected":false},"author":5,"featured_media":0,"parent":15336,"menu_order":0,"comment_status":"closed","ping_status":"closed","template":"","meta":{"footnotes":""},"acf":[],"yoast_head":"<!-- This site is optimized with the Yoast SEO Premium plugin v21.7 (Yoast SEO v21.8) - https:\/\/yoast.com\/wordpress\/plugins\/seo\/ -->\n<title>Tarification de notre solution de gestion d&#039;infrastructure de centre de donn\u00e9es (DCIM) | Nlyte<\/title>\n<meta name=\"description\" content=\"\u00cates-vous int\u00e9ress\u00e9 par les solutions DCIM (d&#039;infrastructure de centre de donn\u00e9es) de Nlyte? Contactez-nous aujourd&#039;hui pour d\u00e9couvrir la meilleure approche pour votre entreprise.\" \/>\n<meta name=\"robots\" content=\"index, follow, max-snippet:-1, max-image-preview:large, max-video-preview:-1\" \/>\n<link rel=\"canonical\" href=\"https:\/\/www.nlyte.com\/fr\/entreprise\/tarification\/\" \/>\n<meta property=\"og:locale\" content=\"en_US\" \/>\n<meta property=\"og:type\" content=\"article\" \/>\n<meta property=\"og:title\" content=\"Tarification\" \/>\n<meta property=\"og:description\" content=\"\u00cates-vous int\u00e9ress\u00e9 par les solutions DCIM (d&#039;infrastructure de centre de donn\u00e9es) de Nlyte? Contactez-nous aujourd&#039;hui pour d\u00e9couvrir la meilleure approche pour votre entreprise.\" \/>\n<meta property=\"og:url\" content=\"https:\/\/www.nlyte.com\/fr\/entreprise\/tarification\/\" \/>\n<meta property=\"og:site_name\" content=\"Nlyte\" \/>\n<meta property=\"article:modified_time\" content=\"2020-06-25T21:44:22+00:00\" \/>\n<meta property=\"og:image\" content=\"https:\/\/www.nlyte.com\/fr\/web\/wp-content\/uploads\/2019\/07\/thinBanner_gray-1-100x7.jpg\" \/>\n<meta name=\"twitter:card\" content=\"summary_large_image\" \/>\n<meta name=\"twitter:label1\" content=\"Est. reading time\" \/>\n\t<meta name=\"twitter:data1\" content=\"2 minutes\" \/>\n<script type=\"application\/ld+json\" class=\"yoast-schema-graph\">{\"@context\":\"https:\/\/schema.org\",\"@graph\":[{\"@type\":\"WebPage\",\"@id\":\"https:\/\/www.nlyte.com\/fr\/entreprise\/tarification\/\",\"url\":\"https:\/\/www.nlyte.com\/fr\/entreprise\/tarification\/\",\"name\":\"Tarification de notre solution de gestion d'infrastructure de centre de donn\u00e9es (DCIM) | Nlyte\",\"isPartOf\":{\"@id\":\"https:\/\/www.nlyte.com\/fr\/#website\"},\"datePublished\":\"2019-07-08T15:25:04+00:00\",\"dateModified\":\"2020-06-25T21:44:22+00:00\",\"description\":\"\u00cates-vous int\u00e9ress\u00e9 par les solutions DCIM (d'infrastructure de centre de donn\u00e9es) de Nlyte? Contactez-nous aujourd'hui pour d\u00e9couvrir la meilleure approche pour votre entreprise.\",\"breadcrumb\":{\"@id\":\"https:\/\/www.nlyte.com\/fr\/entreprise\/tarification\/#breadcrumb\"},\"inLanguage\":\"en-US\",\"potentialAction\":[{\"@type\":\"ReadAction\",\"target\":[\"https:\/\/www.nlyte.com\/fr\/entreprise\/tarification\/\"]}]},{\"@type\":\"BreadcrumbList\",\"@id\":\"https:\/\/www.nlyte.com\/fr\/entreprise\/tarification\/#breadcrumb\",\"itemListElement\":[{\"@type\":\"ListItem\",\"position\":1,\"name\":\"Home\",\"item\":\"https:\/\/www.nlyte.com\/fr\/\"},{\"@type\":\"ListItem\",\"position\":2,\"name\":\"Entreprise\",\"item\":\"https:\/\/www.nlyte.com\/fr\/entreprise\/\"},{\"@type\":\"ListItem\",\"position\":3,\"name\":\"Tarification\"}]},{\"@type\":\"WebSite\",\"@id\":\"https:\/\/www.nlyte.com\/fr\/#website\",\"url\":\"https:\/\/www.nlyte.com\/fr\/\",\"name\":\"Nlyte\",\"description\":\"Just another WordPress site\",\"publisher\":{\"@id\":\"https:\/\/www.nlyte.com\/fr\/#organization\"},\"potentialAction\":[{\"@type\":\"SearchAction\",\"target\":{\"@type\":\"EntryPoint\",\"urlTemplate\":\"https:\/\/www.nlyte.com\/fr\/?s={search_term_string}\"},\"query-input\":\"required name=search_term_string\"}],\"inLanguage\":\"en-US\"},{\"@type\":\"Organization\",\"@id\":\"https:\/\/www.nlyte.com\/fr\/#organization\",\"name\":\"Nlyte Software\",\"url\":\"https:\/\/www.nlyte.com\/fr\/\",\"logo\":{\"@type\":\"ImageObject\",\"inLanguage\":\"en-US\",\"@id\":\"https:\/\/www.nlyte.com\/fr\/#\/schema\/logo\/image\/\",\"url\":\"https:\/\/www.nlyte.com\/fr\/web\/wp-content\/uploads\/2019\/05\/Nlyte_favicon.png\",\"contentUrl\":\"https:\/\/www.nlyte.com\/fr\/web\/wp-content\/uploads\/2019\/05\/Nlyte_favicon.png\",\"width\":476,\"height\":475,\"caption\":\"Nlyte Software\"},\"image\":{\"@id\":\"https:\/\/www.nlyte.com\/fr\/#\/schema\/logo\/image\/\"}}]}<\/script>\n<!-- \/ Yoast SEO Premium plugin. -->","yoast_head_json":{"title":"Tarification de notre solution de gestion d'infrastructure de centre de donn\u00e9es (DCIM) | Nlyte","description":"\u00cates-vous int\u00e9ress\u00e9 par les solutions DCIM (d'infrastructure de centre de donn\u00e9es) de Nlyte? Contactez-nous aujourd'hui pour d\u00e9couvrir la meilleure approche pour votre entreprise.","robots":{"index":"index","follow":"follow","max-snippet":"max-snippet:-1","max-image-preview":"max-image-preview:large","max-video-preview":"max-video-preview:-1"},"canonical":"https:\/\/www.nlyte.com\/fr\/entreprise\/tarification\/","og_locale":"en_US","og_type":"article","og_title":"Tarification","og_description":"\u00cates-vous int\u00e9ress\u00e9 par les solutions DCIM (d'infrastructure de centre de donn\u00e9es) de Nlyte? Contactez-nous aujourd'hui pour d\u00e9couvrir la meilleure approche pour votre entreprise.","og_url":"https:\/\/www.nlyte.com\/fr\/entreprise\/tarification\/","og_site_name":"Nlyte","article_modified_time":"2020-06-25T21:44:22+00:00","og_image":[{"url":"https:\/\/www.nlyte.com\/fr\/web\/wp-content\/uploads\/2019\/07\/thinBanner_gray-1-100x7.jpg"}],"twitter_card":"summary_large_image","twitter_misc":{"Est. reading time":"2 minutes"},"schema":{"@context":"https:\/\/schema.org","@graph":[{"@type":"WebPage","@id":"https:\/\/www.nlyte.com\/fr\/entreprise\/tarification\/","url":"https:\/\/www.nlyte.com\/fr\/entreprise\/tarification\/","name":"Tarification de notre solution de gestion d'infrastructure de centre de donn\u00e9es (DCIM) | Nlyte","isPartOf":{"@id":"https:\/\/www.nlyte.com\/fr\/#website"},"datePublished":"2019-07-08T15:25:04+00:00","dateModified":"2020-06-25T21:44:22+00:00","description":"\u00cates-vous int\u00e9ress\u00e9 par les solutions DCIM (d'infrastructure de centre de donn\u00e9es) de Nlyte? Contactez-nous aujourd'hui pour d\u00e9couvrir la meilleure approche pour votre entreprise.","breadcrumb":{"@id":"https:\/\/www.nlyte.com\/fr\/entreprise\/tarification\/#breadcrumb"},"inLanguage":"en-US","potentialAction":[{"@type":"ReadAction","target":["https:\/\/www.nlyte.com\/fr\/entreprise\/tarification\/"]}]},{"@type":"BreadcrumbList","@id":"https:\/\/www.nlyte.com\/fr\/entreprise\/tarification\/#breadcrumb","itemListElement":[{"@type":"ListItem","position":1,"name":"Home","item":"https:\/\/www.nlyte.com\/fr\/"},{"@type":"ListItem","position":2,"name":"Entreprise","item":"https:\/\/www.nlyte.com\/fr\/entreprise\/"},{"@type":"ListItem","position":3,"name":"Tarification"}]},{"@type":"WebSite","@id":"https:\/\/www.nlyte.com\/fr\/#website","url":"https:\/\/www.nlyte.com\/fr\/","name":"Nlyte","description":"Just another WordPress site","publisher":{"@id":"https:\/\/www.nlyte.com\/fr\/#organization"},"potentialAction":[{"@type":"SearchAction","target":{"@type":"EntryPoint","urlTemplate":"https:\/\/www.nlyte.com\/fr\/?s={search_term_string}"},"query-input":"required name=search_term_string"}],"inLanguage":"en-US"},{"@type":"Organization","@id":"https:\/\/www.nlyte.com\/fr\/#organization","name":"Nlyte Software","url":"https:\/\/www.nlyte.com\/fr\/","logo":{"@type":"ImageObject","inLanguage":"en-US","@id":"https:\/\/www.nlyte.com\/fr\/#\/schema\/logo\/image\/","url":"https:\/\/www.nlyte.com\/fr\/web\/wp-content\/uploads\/2019\/05\/Nlyte_favicon.png","contentUrl":"https:\/\/www.nlyte.com\/fr\/web\/wp-content\/uploads\/2019\/05\/Nlyte_favicon.png","width":476,"height":475,"caption":"Nlyte Software"},"image":{"@id":"https:\/\/www.nlyte.com\/fr\/#\/schema\/logo\/image\/"}}]}},"_links":{"self":[{"href":"https:\/\/www.nlyte.com\/fr\/wp-json\/wp\/v2\/pages\/4121"}],"collection":[{"href":"https:\/\/www.nlyte.com\/fr\/wp-json\/wp\/v2\/pages"}],"about":[{"href":"https:\/\/www.nlyte.com\/fr\/wp-json\/wp\/v2\/types\/page"}],"author":[{"embeddable":true,"href":"https:\/\/www.nlyte.com\/fr\/wp-json\/wp\/v2\/users\/5"}],"replies":[{"embeddable":true,"href":"https:\/\/www.nlyte.com\/fr\/wp-json\/wp\/v2\/comments?post=4121"}],"version-history":[{"count":15,"href":"https:\/\/www.nlyte.com\/fr\/wp-json\/wp\/v2\/pages\/4121\/revisions"}],"predecessor-version":[{"id":19377,"href":"https:\/\/www.nlyte.com\/fr\/wp-json\/wp\/v2\/pages\/4121\/revisions\/19377"}],"up":[{"embeddable":true,"href":"https:\/\/www.nlyte.com\/fr\/wp-json\/wp\/v2\/pages\/15336"}],"wp:attachment":[{"href":"https:\/\/www.nlyte.com\/fr\/wp-json\/wp\/v2\/media?parent=4121"}],"curies":[{"name":"wp","href":"https:\/\/api.w.org\/{rel}","templated":true}]}}