{"id":5702,"date":"2019-07-25T11:38:07","date_gmt":"2019-07-25T15:38:07","guid":{"rendered":"http:\/\/www.nlyte.com\/fr\/physical-inventory-copy\/"},"modified":"2020-03-02T17:41:05","modified_gmt":"2020-03-02T21:41:05","slug":"industries","status":"publish","type":"page","link":"https:\/\/www.nlyte.com\/fr\/industries\/","title":{"rendered":"Industries\u00a0desservies"},"content":{"rendered":"<div class=\"kmdg-builder-content\"><div class=\"builder-font-controller\"><section id=\"\" class=\"builder-section builder-section-type--section builder-custom-theme builder-theme--theme-1 builder-section-padding-top-med builder-section-padding-bottom-med builder-layout-padding-med builder-font-normal   builder-valign-top       \" style=''><div class='builder-bg-image-wrap' style='height:100%'><div class='builder-img-bg loaded' style='background-image: url(https:\/\/www.nlyte.com\/fr\/web\/wp-content\/uploads\/2019\/07\/thinBanner_gray-1.jpg);opacity:1;background-position-y:center;' ><img src='https:\/\/www.nlyte.com\/fr\/web\/wp-content\/uploads\/2019\/07\/thinBanner_gray-1.jpg' alt='' role='presentation'><\/div><\/div><div class=\"builder-layouts-container\"><div class=\"builder-layout builder-layout-one-column \"><div class=\"builder-container\">\n<div class=\"builder-table\">\n    \n<div class=\"builder-column builder-column-type--column \">\n    <div class=\"builder-column-body\">\n        <div class=\"builder-content\">\n            \n\n\n<div class=\"builder-component builder-component-wysiwyg builder-component-index-1   builder-mobile-animation\" style=\"padding: 0% 0%;background-color: ;\">\n    <h1 class=\"p1\" style=\"text-align: center;\"><span class=\"s1\"> Industries\u00a0desservies <\/span><\/h1>\n<\/div>\n        <\/div>\n    <\/div>\n<\/div><\/div>\n\n<\/div><\/div><\/div><\/section><section id=\"\" class=\"builder-section builder-section-type--section builder-custom-theme builder-theme--theme-0 builder-section-padding-top-none builder-section-padding-bottom-none builder-layout-padding-med builder-font-normal   builder-valign-top       \" style=''><div class=\"builder-layouts-container\"><div class=\"builder-layout builder-layout-full-width-masonry-grid \"><div class=\"builder-container\">\n    <div class=\"grid-row style-fifths\" data-packery='{ \"itemSelector\": \".single-image\", \"gutter\": 0 }'>\n                    <div class=\"single-image\">\n                <div class=\"block-wrap\">\n                    <div class=\"image-area\"\n                         style=\"background-image:url('https:\/\/www.nlyte.com\/fr\/web\/wp-content\/uploads\/2019\/07\/iStock-171581402-1024x683.jpg');\"\n                    ><\/div>\n                <\/div>\n            <\/div>\n                    <div class=\"single-image\">\n                <div class=\"block-wrap\">\n                    <div class=\"image-area\"\n                         style=\"background-image:url('https:\/\/www.nlyte.com\/fr\/web\/wp-content\/uploads\/2019\/07\/iStock-950365224-1024x674.jpg');\"\n                    ><\/div>\n                <\/div>\n            <\/div>\n                    <div class=\"single-image\">\n                <div class=\"block-wrap\">\n                    <div class=\"image-area\"\n                         style=\"background-image:url('https:\/\/www.nlyte.com\/fr\/web\/wp-content\/uploads\/2019\/07\/iStock-1079587192-1024x683.jpg');\"\n                    ><\/div>\n                <\/div>\n            <\/div>\n                    <div class=\"single-image\">\n                <div class=\"block-wrap\">\n                    <div class=\"image-area\"\n                         style=\"background-image:url('https:\/\/www.nlyte.com\/fr\/web\/wp-content\/uploads\/2019\/07\/iStock-458560229-1024x683.jpg');\"\n                    ><\/div>\n                <\/div>\n            <\/div>\n                    <div class=\"single-image\">\n                <div class=\"block-wrap\">\n                    <div class=\"image-area\"\n                         style=\"background-image:url('https:\/\/www.nlyte.com\/fr\/web\/wp-content\/uploads\/2019\/07\/iStock-594030244-1-1024x566.jpg');\"\n                    ><\/div>\n                <\/div>\n            <\/div>\n            <\/div>\n<\/div><\/div><\/div><\/section><section id=\"\" class=\"builder-section builder-section-type--section builder-custom-theme builder-theme--theme-0 builder-section-padding-top-low builder-section-padding-bottom-low builder-layout-padding-med builder-font-normal   builder-valign-top       \" style='background-color: #f3f3f3;'><div class=\"builder-layouts-container\"><div class=\"builder-layout builder-layout-spacer \"><div class=\"builder-container\"><div style=\"padding: 2% 0 0 0;\"><\/div><\/div><\/div><\/div><\/section><div class=\"kmdg-nested-builder-content\"><div class=\"builder-font-controller\"><section id=\"\" class=\"builder-section builder-section-type--block builder-custom-theme builder-theme--theme-0 builder-section-padding-top-med builder-section-padding-bottom-med builder-layout-padding-med builder-font-normal   builder-valign-top       \" style='background-color: #f3f3f3;'><div class=\"builder-layouts-container\"><div class=\"builder-layout builder-layout-three-column \"><div class=\"builder-container\">\n<div class=\"builder-table\">\n    \n<div class=\"builder-column builder-column-type--column \">\n    <div class=\"builder-column-body\">\n        <div class=\"builder-content\">\n            \n\n\n<div class=\"builder-component builder-component-wysiwyg builder-component-index-1   builder-mobile-animation\" style=\"padding: 0% 0%;background-color: ;\">\n    <p style=\"text-align: center;\"><strong>ORGANISMES F\u00c9D\u00c9RAUX<br \/>\n<\/strong><\/p>\n<\/div>\n\n<div class=\"builder-component builder-component-business-card builder-component-index-2   builder-mobile-animation\">\n\t<div class=\"inner-wrap\">\n\t\t            <div class=\"side left-side\">\n                <div class=\"theme-responsive-image\" style=\"background-image: url(https:\/\/www.nlyte.com\/fr\/web\/wp-content\/uploads\/2019\/07\/Sandia_National_Laboratories_logo2.png);\">  <img decoding=\"async\" src=\"https:\/\/www.nlyte.com\/fr\/web\/wp-content\/uploads\/2019\/07\/Sandia_National_Laboratories_logo2.png\" alt=\"\" \/><\/div>            <\/div>\n\t\t\n\t\t\t\t\t<div class=\"side right-side\">\n                <div class=\"right-text\">\n                    Sandia s'est tourn\u00e9e vers Nlyte pour automatiser le suivi de ses actifs, de sa puissance et de ses tendances avec des mesures en temps r\u00e9el.                <\/div>\n                <div class=\"card-link\">\n                    <a class=\"link-text\" href=\"https:\/\/www.nlyte.com\/fr\/industries\/etude-de-cas-sandia\/\"\n                       target=\"_self\">\n                        Voir l'\u00e9tude de cas                    <\/a>\n                <\/div>\n\t\t\t<\/div>\n\t\t\t<\/div>\n<\/div>\n        <\/div>\n    <\/div>\n<\/div>    \n<div class=\"builder-column builder-column-type--column \">\n    <div class=\"builder-column-body\">\n        <div class=\"builder-content\">\n            \n\n\n<div class=\"builder-component builder-component-wysiwyg builder-component-index-1   builder-mobile-animation\" style=\"padding: 0% 0%;background-color: ;\">\n    <p style=\"text-align: center;\"><strong>SERVICES FINANCIERS<br \/>\n<\/strong><\/p>\n<\/div>\n\n<div class=\"builder-component builder-component-business-card builder-component-index-2   builder-mobile-animation\">\n\t<div class=\"inner-wrap\">\n\t\t            <div class=\"side left-side\">\n                <div class=\"theme-responsive-image\" style=\"background-image: url(https:\/\/www.nlyte.com\/fr\/web\/wp-content\/uploads\/2019\/07\/PNC-Bank-Logo-300x156.png);\">  <img decoding=\"async\" src=\"https:\/\/www.nlyte.com\/fr\/web\/wp-content\/uploads\/2019\/07\/PNC-Bank-Logo-300x156.png\" alt=\"\" \/><\/div>            <\/div>\n\t\t\n\t\t\t\t\t<div class=\"side right-side\">\n                <div class=\"right-text\">\n                    \u00abAvec Nlyte, nous avons non seulement lib\u00e9r\u00e9 un demi-m\u00e9gawatt d'\u00e9lectricit\u00e9, mais \u00e9galement prolong\u00e9 la dur\u00e9e de vie de notre centre de donn\u00e9es de cinq \u00e0 15 ans.\u00bb                <\/div>\n                <div class=\"card-link\">\n                    <a class=\"link-text\" href=\"https:\/\/www.nlyte.com\/fr\/industries\/etude-de-cas-banque-pnc\/\"\n                       target=\"_self\">\n                        Voir l'\u00e9tude de cas                    <\/a>\n                <\/div>\n\t\t\t<\/div>\n\t\t\t<\/div>\n<\/div>\n        <\/div>\n    <\/div>\n<\/div>    \n<div class=\"builder-column builder-column-type--column \">\n    <div class=\"builder-column-body\">\n        <div class=\"builder-content\">\n            \n\n\n<div class=\"builder-component builder-component-wysiwyg builder-component-index-1   builder-mobile-animation\" style=\"padding: 0% 0%;background-color: ;\">\n    <p style=\"text-align: center;\"><strong>HAUTE TECHNOLOGIE<br \/>\n<\/strong><\/p>\n<\/div>\n\n<div class=\"builder-component builder-component-business-card builder-component-index-2   builder-mobile-animation\">\n\t<div class=\"inner-wrap\">\n\t\t            <div class=\"side left-side\">\n                <div class=\"theme-responsive-image\" style=\"background-image: url(https:\/\/www.nlyte.com\/fr\/web\/wp-content\/uploads\/2019\/07\/Cisco_logo-1000px-300x158.png);\">  <img decoding=\"async\" src=\"https:\/\/www.nlyte.com\/fr\/web\/wp-content\/uploads\/2019\/07\/Cisco_logo-1000px-300x158.png\" alt=\"\" \/><\/div>            <\/div>\n\t\t\n\t\t\t\t\t<div class=\"side right-side\">\n                <div class=\"right-text\">\n                    Nlyte propose une gestion du cycle de vie des actifs, des informations sur l'alimentation en temps r\u00e9el et la solution pr\u00e9f\u00e9r\u00e9e du client: la gestion du flux de travail.                <\/div>\n                <div class=\"card-link\">\n                    <a class=\"link-text\" href=\"https:\/\/www.nlyte.com\/fr\/industries\/etude-de-cas-cisco\/\"\n                       target=\"_self\">\n                        Voir l'\u00e9tude de cas                    <\/a>\n                <\/div>\n\t\t\t<\/div>\n\t\t\t<\/div>\n<\/div>\n        <\/div>\n    <\/div>\n<\/div><\/div>\n<\/div><\/div><\/div><\/section><\/div><\/div><div class=\"kmdg-nested-builder-content\"><div class=\"builder-font-controller\"><section id=\"\" class=\"builder-section builder-section-type--block builder-custom-theme builder-theme--theme-0 builder-section-padding-top-med builder-section-padding-bottom-med builder-layout-padding-med builder-font-normal   builder-valign-top       \" style='background-color: #f3f3f3;'><div class=\"builder-layouts-container\"><div class=\"builder-layout builder-layout-three-column \"><div class=\"builder-container\">\n<div class=\"builder-table\">\n    \n<div class=\"builder-column builder-column-type--column \">\n    <div class=\"builder-column-body\">\n        <div class=\"builder-content\">\n            \n\n\n<div class=\"builder-component builder-component-wysiwyg builder-component-index-1   builder-mobile-animation\" style=\"padding: 0% 0%;background-color: ;\">\n    <p style=\"text-align: center;\"><strong>FOURNISSEURS DE COLOCATION<br \/>\n<\/strong><\/p>\n<\/div>\n\n<div class=\"builder-component builder-component-business-card builder-component-index-2   builder-mobile-animation\">\n\t<div class=\"inner-wrap\">\n\t\t            <div class=\"side left-side\">\n                <div class=\"theme-responsive-image\" style=\"background-image: url(https:\/\/www.nlyte.com\/fr\/web\/wp-content\/uploads\/2019\/07\/Computacenter_logo-300x154.png);\">  <img decoding=\"async\" src=\"https:\/\/www.nlyte.com\/fr\/web\/wp-content\/uploads\/2019\/07\/Computacenter_logo-300x154.png\" alt=\"\" \/><\/div>            <\/div>\n\t\t\n\t\t\t\t\t<div class=\"side right-side\">\n                <div class=\"right-text\">\n                    Nlyte a aid\u00e9 Computacenter \u00e0 atteindre ses objectifs en leur donnant une vue centrale de tous les actifs et capacit\u00e9s du centre de donn\u00e9es et en apportant une valeur ajout\u00e9e aux locataires de Computacenters, comme une facturation plus pr\u00e9cise et le respect de leurs SLA.                <\/div>\n                <div class=\"card-link\">\n                    <a class=\"link-text\" href=\"https:\/\/www.nlyte.com\/fr\/industries\/etude-de-cas-des-fournisseurs-de-colocation\/\"\n                       target=\"_self\">\n                        Voir l'\u00e9tude de cas                    <\/a>\n                <\/div>\n\t\t\t<\/div>\n\t\t\t<\/div>\n<\/div>\n        <\/div>\n    <\/div>\n<\/div>    \n<div class=\"builder-column builder-column-type--column \">\n    <div class=\"builder-column-body\">\n        <div class=\"builder-content\">\n            \n\n\n<div class=\"builder-component builder-component-wysiwyg builder-component-index-1   builder-mobile-animation\" style=\"padding: 0% 0%;background-color: ;\">\n    <p style=\"text-align: center;\"><strong> CONSOMMATEUR <\/strong><\/p>\n<\/div>\n\n<div class=\"builder-component builder-component-business-card builder-component-index-2   builder-mobile-animation\">\n\t<div class=\"inner-wrap\">\n\t\t            <div class=\"side left-side\">\n                <div class=\"theme-responsive-image\" style=\"background-image: url(https:\/\/www.nlyte.com\/fr\/web\/wp-content\/uploads\/2019\/07\/Walgreens-Logo-300x86.png);\">  <img decoding=\"async\" src=\"https:\/\/www.nlyte.com\/fr\/web\/wp-content\/uploads\/2019\/07\/Walgreens-Logo-300x86.png\" alt=\"\" \/><\/div>            <\/div>\n\t\t\n\t\t\t\t\t<div class=\"side right-side\">\n                <div class=\"right-text\">\n                    Nlyte a aid\u00e9 Walgreens \u00e0 d\u00e9placer rapidement leurs donn\u00e9es sur les actifs des solutions locales et inefficaces vers la solution facile \u00e0 utiliser de Nlyte, pour le suivi en temps r\u00e9el des ajouts, des mouvements et des modifications.                <\/div>\n                <div class=\"card-link\">\n                    <a class=\"link-text\" href=\"https:\/\/www.nlyte.com\/fr\/industries\/etude-de-cas-des-consommateurs\/\"\n                       target=\"_self\">\n                        Voir l'\u00e9tude de cas                    <\/a>\n                <\/div>\n\t\t\t<\/div>\n\t\t\t<\/div>\n<\/div>\n        <\/div>\n    <\/div>\n<\/div>    \n<div class=\"builder-column builder-column-type--column \">\n    <div class=\"builder-column-body\">\n        <div class=\"builder-content\">\n            \n\n\n<div class=\"builder-component builder-component-wysiwyg builder-component-index-1   builder-mobile-animation\" style=\"padding: 0% 0%;background-color: ;\">\n    <p style=\"text-align: center;\"><strong> T\u00c9L\u00c9COM <\/strong><\/p>\n<\/div>\n\n<div class=\"builder-component builder-component-business-card builder-component-index-2   builder-mobile-animation\">\n\t<div class=\"inner-wrap\">\n\t\t            <div class=\"side left-side\">\n                <div class=\"theme-responsive-image\" style=\"background-image: url(https:\/\/www.nlyte.com\/fr\/web\/wp-content\/uploads\/2019\/07\/Verizon-logo2-300x78.png);\">  <img decoding=\"async\" src=\"https:\/\/www.nlyte.com\/fr\/web\/wp-content\/uploads\/2019\/07\/Verizon-logo2-300x78.png\" alt=\"\" \/><\/div>            <\/div>\n\t\t\n\t\t\t\t\t<div class=\"side right-side\">\n                <div class=\"right-text\">\n                    Nlyte \u00e9tait le point de d\u00e9part pour consolider et moderniser l\u2019ensemble du centre de donn\u00e9es de Verizon agissant comme cadre et fournissant la source unique de v\u00e9rit\u00e9.                <\/div>\n                <div class=\"card-link\">\n                    <a class=\"link-text\" href=\"https:\/\/www.nlyte.com\/fr\/industries\/etude-de-cas-des-telecommunications\/\"\n                       target=\"_self\">\n                        Voir l'\u00e9tude de cas                    <\/a>\n                <\/div>\n\t\t\t<\/div>\n\t\t\t<\/div>\n<\/div>\n        <\/div>\n    <\/div>\n<\/div><\/div>\n<\/div><\/div><\/div><\/section><\/div><\/div><div class=\"kmdg-nested-builder-content\"><div class=\"builder-font-controller\"><section id=\"\" class=\"builder-section builder-section-type--block builder-custom-theme builder-theme--theme-0 builder-section-padding-top-med builder-section-padding-bottom-high builder-layout-padding-med builder-font-normal   builder-valign-top       \" style='background-color: #f3f3f3;'><div class=\"builder-layouts-container\"><div class=\"builder-layout builder-layout-three-column \"><div class=\"builder-container\">\n<div class=\"builder-table\">\n    \n<div class=\"builder-column builder-column-type--column \">\n    <div class=\"builder-column-body\">\n        <div class=\"builder-content\">\n            \n\n\n<div class=\"builder-component builder-component-wysiwyg builder-component-index-1   builder-mobile-animation\" style=\"padding: 0% 0%;background-color: ;\">\n    <p style=\"text-align: center;\"><strong> SANT\u00c9 <\/strong><\/p>\n<\/div>\n\n<div class=\"builder-component builder-component-business-card builder-component-index-2   builder-mobile-animation\">\n\t<div class=\"inner-wrap\">\n\t\t            <div class=\"side left-side\">\n                <div class=\"theme-responsive-image\" style=\"background-image: url(https:\/\/www.nlyte.com\/fr\/web\/wp-content\/uploads\/2019\/05\/sutter-logo.png);\">  <img decoding=\"async\" src=\"https:\/\/www.nlyte.com\/fr\/web\/wp-content\/uploads\/2019\/05\/sutter-logo.png\" alt=\"\" \/><\/div>            <\/div>\n\t\t\n\t\t\t\t\t<div class=\"side right-side\">\n                <div class=\"right-text\">\n                    Nlyte a permis \u00e0 l'entreprise de suivre facilement ses actifs et de consolider ses installations pour une meilleure efficacit\u00e9 et des \u00e9conomies de co\u00fbts.                <\/div>\n                <div class=\"card-link\">\n                    <a class=\"link-text\" href=\"https:\/\/www.nlyte.com\/fr\/industries\/etude-de-cas-sutter-health\/\"\n                       target=\"_self\">\n                        Voir l'\u00e9tude de cas                    <\/a>\n                <\/div>\n\t\t\t<\/div>\n\t\t\t<\/div>\n<\/div>\n        <\/div>\n    <\/div>\n<\/div>    \n<div class=\"builder-column builder-column-type--column \">\n    <div class=\"builder-column-body\">\n        <div class=\"builder-content\">\n            \n\n\n<div class=\"builder-component builder-component-wysiwyg builder-component-index-1   builder-mobile-animation\" style=\"padding: 0% 0%;background-color: ;\">\n    <p style=\"text-align: center;\"><strong>SERVICES PUBLICS<br \/>\n<\/strong><\/p>\n<\/div>\n\n<div class=\"builder-component builder-component-business-card builder-component-index-2   builder-mobile-animation\">\n\t<div class=\"inner-wrap\">\n\t\t            <div class=\"side left-side\">\n                <div class=\"theme-responsive-image\" style=\"background-image: url(https:\/\/www.nlyte.com\/fr\/web\/wp-content\/uploads\/2019\/07\/SSE_Utility_Solutions-300x145.png);\">  <img decoding=\"async\" src=\"https:\/\/www.nlyte.com\/fr\/web\/wp-content\/uploads\/2019\/07\/SSE_Utility_Solutions-300x145.png\" alt=\"\" \/><\/div>            <\/div>\n\t\t\n\t\t\t\t\t<div class=\"side right-side\">\n                <div class=\"right-text\">\n                    Nlyte a aid\u00e9 SSE dans la transparence, la surveillance des actifs, la planification des capacit\u00e9s, la r\u00e9duction des risques et l'extension de la dur\u00e9e de vie des installations, en leur donnant une vue \u00e0 volet unique, pour les installations et les \u00e9quipes informatiques, des deux installations.                <\/div>\n                <div class=\"card-link\">\n                    <a class=\"link-text\" href=\"https:\/\/www.nlyte.com\/fr\/industries\/etude-de-cas-des-services-publics\/\"\n                       target=\"_self\">\n                        Voir l'\u00e9tude de cas                    <\/a>\n                <\/div>\n\t\t\t<\/div>\n\t\t\t<\/div>\n<\/div>\n        <\/div>\n    <\/div>\n<\/div>    \n<div class=\"builder-column builder-column-type--column \">\n    <div class=\"builder-column-body\">\n        <div class=\"builder-content\">\n            \n\n\n<div class=\"builder-component builder-component-wysiwyg builder-component-index-1   builder-mobile-animation\" style=\"padding: 0% 0%;background-color: ;\">\n    <\/div>\n        <\/div>\n    <\/div>\n<\/div><\/div>\n<\/div><\/div><\/div><\/section><\/div><\/div><section id=\"\" class=\"builder-section builder-section-type--section builder-custom-theme builder-theme--theme-0 builder-section-padding-top-med builder-section-padding-bottom-med builder-layout-padding-med builder-font-normal   builder-valign-top       \" style='background-color: #f3f3f3;'><div class=\"builder-layouts-container\"><div class=\"builder-layout builder-layout-spacer \"><div class=\"builder-container\"><div style=\"padding: 3% 0 0 0;\"><\/div><\/div><\/div><\/div><\/section><\/div><\/div>","protected":false},"excerpt":{"rendered":"","protected":false},"author":5,"featured_media":0,"parent":0,"menu_order":0,"comment_status":"closed","ping_status":"closed","template":"","meta":{"footnotes":""},"acf":[],"yoast_head":"<!-- This site is optimized with the Yoast SEO Premium plugin v21.7 (Yoast SEO v21.8) - https:\/\/yoast.com\/wordpress\/plugins\/seo\/ -->\n<title>Industries\u00a0desservies | Nlyte<\/title>\n<meta name=\"robots\" content=\"index, follow, max-snippet:-1, max-image-preview:large, max-video-preview:-1\" \/>\n<link rel=\"canonical\" href=\"https:\/\/www.nlyte.com\/fr\/industries\/\" \/>\n<meta property=\"og:locale\" content=\"en_US\" \/>\n<meta property=\"og:type\" content=\"article\" \/>\n<meta property=\"og:title\" content=\"Industries\u00a0desservies\" \/>\n<meta property=\"og:url\" content=\"https:\/\/www.nlyte.com\/fr\/industries\/\" \/>\n<meta property=\"og:site_name\" content=\"Nlyte\" \/>\n<meta property=\"article:modified_time\" content=\"2020-03-02T21:41:05+00:00\" \/>\n<meta name=\"twitter:card\" content=\"summary_large_image\" \/>\n<script type=\"application\/ld+json\" class=\"yoast-schema-graph\">{\"@context\":\"https:\/\/schema.org\",\"@graph\":[{\"@type\":\"WebPage\",\"@id\":\"https:\/\/www.nlyte.com\/fr\/industries\/\",\"url\":\"https:\/\/www.nlyte.com\/fr\/industries\/\",\"name\":\"Industries\u00a0desservies | Nlyte\",\"isPartOf\":{\"@id\":\"https:\/\/www.nlyte.com\/fr\/#website\"},\"datePublished\":\"2019-07-25T15:38:07+00:00\",\"dateModified\":\"2020-03-02T21:41:05+00:00\",\"breadcrumb\":{\"@id\":\"https:\/\/www.nlyte.com\/fr\/industries\/#breadcrumb\"},\"inLanguage\":\"en-US\",\"potentialAction\":[{\"@type\":\"ReadAction\",\"target\":[\"https:\/\/www.nlyte.com\/fr\/industries\/\"]}]},{\"@type\":\"BreadcrumbList\",\"@id\":\"https:\/\/www.nlyte.com\/fr\/industries\/#breadcrumb\",\"itemListElement\":[{\"@type\":\"ListItem\",\"position\":1,\"name\":\"Home\",\"item\":\"https:\/\/www.nlyte.com\/fr\/\"},{\"@type\":\"ListItem\",\"position\":2,\"name\":\"Industries\u00a0desservies\"}]},{\"@type\":\"WebSite\",\"@id\":\"https:\/\/www.nlyte.com\/fr\/#website\",\"url\":\"https:\/\/www.nlyte.com\/fr\/\",\"name\":\"Nlyte\",\"description\":\"Just another WordPress site\",\"publisher\":{\"@id\":\"https:\/\/www.nlyte.com\/fr\/#organization\"},\"potentialAction\":[{\"@type\":\"SearchAction\",\"target\":{\"@type\":\"EntryPoint\",\"urlTemplate\":\"https:\/\/www.nlyte.com\/fr\/?s={search_term_string}\"},\"query-input\":\"required name=search_term_string\"}],\"inLanguage\":\"en-US\"},{\"@type\":\"Organization\",\"@id\":\"https:\/\/www.nlyte.com\/fr\/#organization\",\"name\":\"Nlyte Software\",\"url\":\"https:\/\/www.nlyte.com\/fr\/\",\"logo\":{\"@type\":\"ImageObject\",\"inLanguage\":\"en-US\",\"@id\":\"https:\/\/www.nlyte.com\/fr\/#\/schema\/logo\/image\/\",\"url\":\"https:\/\/www.nlyte.com\/fr\/web\/wp-content\/uploads\/2019\/05\/Nlyte_favicon.png\",\"contentUrl\":\"https:\/\/www.nlyte.com\/fr\/web\/wp-content\/uploads\/2019\/05\/Nlyte_favicon.png\",\"width\":476,\"height\":475,\"caption\":\"Nlyte Software\"},\"image\":{\"@id\":\"https:\/\/www.nlyte.com\/fr\/#\/schema\/logo\/image\/\"}}]}<\/script>\n<!-- \/ Yoast SEO Premium plugin. -->","yoast_head_json":{"title":"Industries\u00a0desservies | Nlyte","robots":{"index":"index","follow":"follow","max-snippet":"max-snippet:-1","max-image-preview":"max-image-preview:large","max-video-preview":"max-video-preview:-1"},"canonical":"https:\/\/www.nlyte.com\/fr\/industries\/","og_locale":"en_US","og_type":"article","og_title":"Industries\u00a0desservies","og_url":"https:\/\/www.nlyte.com\/fr\/industries\/","og_site_name":"Nlyte","article_modified_time":"2020-03-02T21:41:05+00:00","twitter_card":"summary_large_image","schema":{"@context":"https:\/\/schema.org","@graph":[{"@type":"WebPage","@id":"https:\/\/www.nlyte.com\/fr\/industries\/","url":"https:\/\/www.nlyte.com\/fr\/industries\/","name":"Industries\u00a0desservies | Nlyte","isPartOf":{"@id":"https:\/\/www.nlyte.com\/fr\/#website"},"datePublished":"2019-07-25T15:38:07+00:00","dateModified":"2020-03-02T21:41:05+00:00","breadcrumb":{"@id":"https:\/\/www.nlyte.com\/fr\/industries\/#breadcrumb"},"inLanguage":"en-US","potentialAction":[{"@type":"ReadAction","target":["https:\/\/www.nlyte.com\/fr\/industries\/"]}]},{"@type":"BreadcrumbList","@id":"https:\/\/www.nlyte.com\/fr\/industries\/#breadcrumb","itemListElement":[{"@type":"ListItem","position":1,"name":"Home","item":"https:\/\/www.nlyte.com\/fr\/"},{"@type":"ListItem","position":2,"name":"Industries\u00a0desservies"}]},{"@type":"WebSite","@id":"https:\/\/www.nlyte.com\/fr\/#website","url":"https:\/\/www.nlyte.com\/fr\/","name":"Nlyte","description":"Just another WordPress site","publisher":{"@id":"https:\/\/www.nlyte.com\/fr\/#organization"},"potentialAction":[{"@type":"SearchAction","target":{"@type":"EntryPoint","urlTemplate":"https:\/\/www.nlyte.com\/fr\/?s={search_term_string}"},"query-input":"required name=search_term_string"}],"inLanguage":"en-US"},{"@type":"Organization","@id":"https:\/\/www.nlyte.com\/fr\/#organization","name":"Nlyte Software","url":"https:\/\/www.nlyte.com\/fr\/","logo":{"@type":"ImageObject","inLanguage":"en-US","@id":"https:\/\/www.nlyte.com\/fr\/#\/schema\/logo\/image\/","url":"https:\/\/www.nlyte.com\/fr\/web\/wp-content\/uploads\/2019\/05\/Nlyte_favicon.png","contentUrl":"https:\/\/www.nlyte.com\/fr\/web\/wp-content\/uploads\/2019\/05\/Nlyte_favicon.png","width":476,"height":475,"caption":"Nlyte Software"},"image":{"@id":"https:\/\/www.nlyte.com\/fr\/#\/schema\/logo\/image\/"}}]}},"_links":{"self":[{"href":"https:\/\/www.nlyte.com\/fr\/wp-json\/wp\/v2\/pages\/5702"}],"collection":[{"href":"https:\/\/www.nlyte.com\/fr\/wp-json\/wp\/v2\/pages"}],"about":[{"href":"https:\/\/www.nlyte.com\/fr\/wp-json\/wp\/v2\/types\/page"}],"author":[{"embeddable":true,"href":"https:\/\/www.nlyte.com\/fr\/wp-json\/wp\/v2\/users\/5"}],"replies":[{"embeddable":true,"href":"https:\/\/www.nlyte.com\/fr\/wp-json\/wp\/v2\/comments?post=5702"}],"version-history":[{"count":19,"href":"https:\/\/www.nlyte.com\/fr\/wp-json\/wp\/v2\/pages\/5702\/revisions"}],"predecessor-version":[{"id":19068,"href":"https:\/\/www.nlyte.com\/fr\/wp-json\/wp\/v2\/pages\/5702\/revisions\/19068"}],"wp:attachment":[{"href":"https:\/\/www.nlyte.com\/fr\/wp-json\/wp\/v2\/media?parent=5702"}],"curies":[{"name":"wp","href":"https:\/\/api.w.org\/{rel}","templated":true}]}}