{"id":5874,"date":"2019-07-26T00:02:31","date_gmt":"2019-07-26T04:02:31","guid":{"rendered":"http:\/\/www.nlyte.com\/fr\/industries\/case-study-pnc-bank-copy\/"},"modified":"2020-03-17T12:58:38","modified_gmt":"2020-03-17T16:58:38","slug":"etude-de-cas-sutter-health","status":"publish","type":"page","link":"https:\/\/www.nlyte.com\/fr\/industries\/etude-de-cas-sutter-health\/","title":{"rendered":"\u00c9tude de cas: Sutter Health"},"content":{"rendered":"<div class=\"kmdg-builder-content\"><div class=\"builder-font-controller\"><section id=\"\" class=\"builder-section builder-section-type--section builder-custom-theme builder-theme--theme-1 builder-section-padding-top-med builder-section-padding-bottom-med builder-layout-padding-med builder-font-normal   builder-valign-top       \" style=''><div class='builder-bg-image-wrap' style='height:100%'><div class='builder-img-bg loaded' style='background-image: url(https:\/\/www.nlyte.com\/fr\/web\/wp-content\/uploads\/2019\/07\/thinBanner_gray-1.jpg);opacity:1;background-position-y:center;' ><img src='https:\/\/www.nlyte.com\/fr\/web\/wp-content\/uploads\/2019\/07\/thinBanner_gray-1.jpg' alt='' role='presentation'><\/div><\/div><div class=\"builder-layouts-container\"><div class=\"builder-layout builder-layout-one-column \"><div class=\"builder-container\">\n<div class=\"builder-table\">\n    \n<div class=\"builder-column builder-column-type--column \">\n    <div class=\"builder-column-body\">\n        <div class=\"builder-content\">\n            \n\n\n<div class=\"builder-component builder-component-wysiwyg builder-component-index-1   builder-mobile-animation\" style=\"padding: 0% 0%;background-color: ;\">\n    <h1 style=\"text-align: center;\">\u00c9tude de cas: Sutter Health<\/h1>\n<\/div>\n        <\/div>\n    <\/div>\n<\/div><\/div>\n\n<\/div><\/div><\/div><\/section><section id=\"\" class=\"builder-section builder-section-type--section builder-custom-theme builder-theme--theme-0 builder-section-padding-top-high builder-section-padding-bottom-huge builder-layout-padding-med builder-font-normal   builder-valign-top       \" style=''><div class=\"builder-layouts-container\"><div class=\"builder-layout builder-layout-three-col-lg-mid \"><div class=\"builder-container\">\n<div class=\"builder-table\">\n    \n<div class=\"builder-column builder-column-type--column \">\n    <div class=\"builder-column-body\">\n        <div class=\"builder-content\">\n            \n<div class=\"builder-component builder-component-solution-block builder-component-index-1   builder-mobile-animation\">\n    <div class=\"solution-block\">\n                    <h2 class=\"solution-block__title\">Soins de sant\u00e9<\/h2>\n                <div class=\"solution-block__content\">\n                                                <div class=\"solution-item solution-item__content\">\n                        <div class=\"solution-item__wrapper\">\n                            <div class=\"solution-item__img\">\n\n                                \n                                    <img decoding=\"async\" class=\"solution-item__img--image\" src=\"https:\/\/www.nlyte.com\/fr\/web\/wp-content\/uploads\/2019\/07\/Icon09.png\" alt=\"icon\">\n\n                                \n                            <\/div>\n\n                            <div class=\"solution-item__desc\">\n                                <p class=\"solution-item__type\"> QUARTIER G\u00c9N\u00c9RAL:<\/p>\n                                                                    <h4 class=\"solution-item__url\">\n                                        Sacramento, CA, USA                                    <\/h4>\n                                                            <\/div>\n                        <\/div>\n                    <\/div>\n                                    <div class=\"solution-item solution-item__content\">\n                        <div class=\"solution-item__wrapper\">\n                            <div class=\"solution-item__img\">\n\n                                \n                                    <img decoding=\"async\" class=\"solution-item__img--image\" src=\"https:\/\/www.nlyte.com\/fr\/web\/wp-content\/uploads\/2019\/07\/Icon06.png\" alt=\"icon\">\n\n                                \n                            <\/div>\n\n                            <div class=\"solution-item__desc\">\n                                <p class=\"solution-item__type\">INDUSTRIE:<\/p>\n                                                                    <h4 class=\"solution-item__url\">\n                                        Soins de sant\u00e9                                    <\/h4>\n                                                            <\/div>\n                        <\/div>\n                    <\/div>\n                                    <div class=\"solution-item solution-item__content\">\n                        <div class=\"solution-item__wrapper\">\n                            <div class=\"solution-item__img\">\n\n                                \n                                    <img decoding=\"async\" class=\"solution-item__img--image\" src=\"https:\/\/www.nlyte.com\/fr\/web\/wp-content\/uploads\/2019\/07\/Icon10.png\" alt=\"icon\">\n\n                                \n                            <\/div>\n\n                            <div class=\"solution-item__desc\">\n                                <p class=\"solution-item__type\">PRODUITS ET SERVICES:<\/p>\n                                                                    <h4 class=\"solution-item__url\">\n                                        Syst\u00e8me de sant\u00e9 \u00e0 but non lucratif offrant une vari\u00e9t\u00e9 de soins de sant\u00e9                                    <\/h4>\n                                                            <\/div>\n                        <\/div>\n                    <\/div>\n                                    <div class=\"solution-item solution-item__content\">\n                        <div class=\"solution-item__wrapper\">\n                            <div class=\"solution-item__img\">\n\n                                \n                                    <img decoding=\"async\" class=\"solution-item__img--image\" src=\"https:\/\/www.nlyte.com\/fr\/web\/wp-content\/uploads\/2019\/07\/Icon04.png\" alt=\"icon\">\n\n                                \n                            <\/div>\n\n                            <div class=\"solution-item__desc\">\n                                <p class=\"solution-item__type\"> REVENU:<\/p>\n                                                                    <h4 class=\"solution-item__url\">\n                                        $12 billion                                    <\/h4>\n                                                            <\/div>\n                        <\/div>\n                    <\/div>\n                                    <div class=\"solution-item solution-item__content\">\n                        <div class=\"solution-item__wrapper\">\n                            <div class=\"solution-item__img\">\n\n                                \n                                    <img decoding=\"async\" class=\"solution-item__img--image\" src=\"https:\/\/www.nlyte.com\/fr\/web\/wp-content\/uploads\/2019\/07\/Icon07.png\" alt=\"icon\">\n\n                                \n                            <\/div>\n\n                            <div class=\"solution-item__desc\">\n                                <p class=\"solution-item__type\">DES EMPLOY\u00c9S:<\/p>\n                                                                    <h4 class=\"solution-item__url\">\n                                        51,000+                                    <\/h4>\n                                                            <\/div>\n                        <\/div>\n                    <\/div>\n                                    <div class=\"solution-item solution-item__content\">\n                        <div class=\"solution-item__wrapper\">\n                            <div class=\"solution-item__img\">\n\n                                \n                                    <img decoding=\"async\" class=\"solution-item__img--image\" src=\"https:\/\/www.nlyte.com\/fr\/web\/wp-content\/uploads\/2019\/07\/Icon05.png\" alt=\"icon\">\n\n                                \n                            <\/div>\n\n                            <div class=\"solution-item__desc\">\n                                <p class=\"solution-item__type\">T\u00c9L\u00c9CHARGER:<\/p>\n                                                                    <h4 class=\"solution-item__url\">\n                                        Lire l'\u00e9tude de cas compl\u00e8te                                    <\/h4>\n                                                            <\/div>\n                        <\/div>\n                    <\/div>\n                                    <\/div>\n    <\/div>\n<\/div>\n\n<div class=\"builder-component builder-component-horizontal-buttons builder-component-index-2   builder-mobile-animation\">\n            <div class=\"buttons-row align-center\">\n                            <div class=\"single-button style-red\">\n                                        <a href=\"https:\/\/www.nlyte.com\/fr\/web\/wp-content\/uploads\/2019\/07\/sutter_health_case_study.pdf\"\n                       rel=\"\"\n                       target=\"_self\"\n                       style=\"width: px\">\n\n\n                                                    DEMANDER UN ESSAI GRATUIT                                            <\/a>\n\n                <\/div>\n                    <\/div>\n    <\/div>\n        <\/div>\n    <\/div>\n<\/div>    \n<div class=\"builder-column builder-column-type--column \">\n    <div class=\"builder-column-body\">\n        <div class=\"builder-content\">\n            \n\n\n<div class=\"builder-component builder-component-wysiwyg builder-component-index-1   builder-mobile-animation\" style=\"padding: 0% 0%;background-color: ;\">\n    <h2>Sutter Health<\/h2>\n<p>En tant que prestataire de soins de sant\u00e9, Sutter Health s'efforce de fournir une exp\u00e9rienceexcellente et positive. Lorsqu'elle a choisi Nlyte en tant que fournisseur de DCIM, l'un de ses objectifs \u00e9tait la consolidation\u00a0: six centres de donn\u00e9es en deux. Pour accomplir cette t\u00e2che, Sutter Health avait besoin d'un inventaire pr\u00e9cis de ses\u00a0actifs - o\u00f9 ils se trouvaient, comment ils \u00e9taient interconnect\u00e9s, etc. Nlyte a permis \u00e0 la soci\u00e9t\u00e9 de suivre facilement et rapidement ses actifs et de consolider ses installations pour une efficacit\u00e9 et des\u00a0\u00e9conomies de co\u00fbts accrues. \u00ab Aucune autre soci\u00e9t\u00e9 n'est capable de fournir les larges capacit\u00e9s\u2026 que Nlyte fournit.\u00a0\u00bb<\/p>\n<p>D\u00e9couvrez pourquoi Sutter Health a choisi Nlyte pour l\u2019aider dans un projet de consolidation de centres de donn\u00e9es d\u2019une dur\u00e9e de trois ans qui entra\u00eenerait une r\u00e9duction du nombre total de ses installations.<\/p>\n<\/div>\n        <\/div>\n    <\/div>\n<\/div>    \n<div class=\"builder-column builder-column-type--column \">\n    <div class=\"builder-column-body\">\n        <div class=\"builder-content\">\n            \n<div  class=\"builder-component builder-component-spacer builder-component-index-1   builder-mobile-animation\" style=\"padding: 5% 0 0 0;\"><\/div>\n\n<div         class=\" builder-component builder-component-image builder-component-index-2   builder-mobile-animation builder-component-image-size-normal  align-\">\n            <div class=\"image-container builder-lazy-img\" style=\"background-image:url(https:\/\/www.nlyte.com\/fr\/web\/wp-content\/uploads\/2019\/07\/sutter-health-case-study-n-79x100.png);\" data-srcs=\"{&quot;full&quot;:{&quot;src&quot;:&quot;https:\\\/\\\/www.nlyte.com\\\/fr\\\/web\\\/wp-content\\\/uploads\\\/2019\\\/07\\\/sutter-health-case-study-n.png&quot;,&quot;width&quot;:&quot;-1&quot;},&quot;medium&quot;:{&quot;src&quot;:&quot;https:\\\/\\\/www.nlyte.com\\\/fr\\\/web\\\/wp-content\\\/uploads\\\/2019\\\/07\\\/sutter-health-case-study-n-237x300.png&quot;,&quot;width&quot;:237}}\">\n            <div class=\"image-subcontainer \" style=\"max-height: inherit;\" >\n                <img  alt='sutter-health-case-study-n' src='https:\/\/www.nlyte.com\/fr\/web\/wp-content\/uploads\/2019\/07\/sutter-health-case-study-n-79x100.png' width='349' height='441' \/>            <\/div>\n        <\/div>\n    <\/div>\n        <\/div>\n    <\/div>\n<\/div><\/div>\n<\/div><\/div><\/div><\/section><\/div><\/div>","protected":false},"excerpt":{"rendered":"<p>\u00c9tude de cas: Sutter Health Soins de sant\u00e9 QUARTIER G\u00c9N\u00c9RAL: Sacramento, CA, USA INDUSTRIE: Soins de sant\u00e9 PRODUITS ET SERVICES: Syst\u00e8me de sant\u00e9 \u00e0 but non lucratif offrant une vari\u00e9t\u00e9 de soins de sant\u00e9 REVENU:&hellip;<\/p>\n","protected":false},"author":5,"featured_media":0,"parent":5702,"menu_order":0,"comment_status":"closed","ping_status":"closed","template":"","meta":{"footnotes":""},"acf":[],"yoast_head":"<!-- This site is optimized with the Yoast SEO Premium plugin v21.7 (Yoast SEO v21.8) - https:\/\/yoast.com\/wordpress\/plugins\/seo\/ -->\n<title>\u00c9tude de cas: Sutter Health | Nlyte<\/title>\n<meta name=\"robots\" content=\"index, follow, max-snippet:-1, max-image-preview:large, max-video-preview:-1\" \/>\n<link rel=\"canonical\" href=\"https:\/\/www.nlyte.com\/fr\/industries\/etude-de-cas-sutter-health\/\" \/>\n<meta property=\"og:locale\" content=\"en_US\" \/>\n<meta property=\"og:type\" content=\"article\" \/>\n<meta property=\"og:title\" content=\"\u00c9tude de cas: Sutter Health\" \/>\n<meta property=\"og:description\" content=\"\u00c9tude de cas: Sutter Health Soins de sant\u00e9 QUARTIER G\u00c9N\u00c9RAL: Sacramento, CA, USA INDUSTRIE: Soins de sant\u00e9 PRODUITS ET SERVICES: Syst\u00e8me de sant\u00e9 \u00e0 but non lucratif offrant une vari\u00e9t\u00e9 de soins de sant\u00e9 REVENU:&hellip;\" \/>\n<meta property=\"og:url\" content=\"https:\/\/www.nlyte.com\/fr\/industries\/etude-de-cas-sutter-health\/\" \/>\n<meta property=\"og:site_name\" content=\"Nlyte\" \/>\n<meta property=\"article:modified_time\" content=\"2020-03-17T16:58:38+00:00\" \/>\n<meta property=\"og:image\" content=\"https:\/\/www.nlyte.com\/fr\/web\/wp-content\/uploads\/2019\/07\/thinBanner_gray-1-100x7.jpg\" \/>\n<meta name=\"twitter:card\" content=\"summary_large_image\" \/>\n<meta name=\"twitter:label1\" content=\"Est. reading time\" \/>\n\t<meta name=\"twitter:data1\" content=\"1 minute\" \/>\n<script type=\"application\/ld+json\" class=\"yoast-schema-graph\">{\"@context\":\"https:\/\/schema.org\",\"@graph\":[{\"@type\":\"WebPage\",\"@id\":\"https:\/\/www.nlyte.com\/fr\/industries\/etude-de-cas-sutter-health\/\",\"url\":\"https:\/\/www.nlyte.com\/fr\/industries\/etude-de-cas-sutter-health\/\",\"name\":\"\u00c9tude de cas: Sutter Health | Nlyte\",\"isPartOf\":{\"@id\":\"https:\/\/www.nlyte.com\/fr\/#website\"},\"datePublished\":\"2019-07-26T04:02:31+00:00\",\"dateModified\":\"2020-03-17T16:58:38+00:00\",\"breadcrumb\":{\"@id\":\"https:\/\/www.nlyte.com\/fr\/industries\/etude-de-cas-sutter-health\/#breadcrumb\"},\"inLanguage\":\"en-US\",\"potentialAction\":[{\"@type\":\"ReadAction\",\"target\":[\"https:\/\/www.nlyte.com\/fr\/industries\/etude-de-cas-sutter-health\/\"]}]},{\"@type\":\"BreadcrumbList\",\"@id\":\"https:\/\/www.nlyte.com\/fr\/industries\/etude-de-cas-sutter-health\/#breadcrumb\",\"itemListElement\":[{\"@type\":\"ListItem\",\"position\":1,\"name\":\"Home\",\"item\":\"https:\/\/www.nlyte.com\/fr\/\"},{\"@type\":\"ListItem\",\"position\":2,\"name\":\"Industries\u00a0desservies\",\"item\":\"https:\/\/www.nlyte.com\/fr\/industries\/\"},{\"@type\":\"ListItem\",\"position\":3,\"name\":\"\u00c9tude de cas: Sutter Health\"}]},{\"@type\":\"WebSite\",\"@id\":\"https:\/\/www.nlyte.com\/fr\/#website\",\"url\":\"https:\/\/www.nlyte.com\/fr\/\",\"name\":\"Nlyte\",\"description\":\"Just another WordPress site\",\"publisher\":{\"@id\":\"https:\/\/www.nlyte.com\/fr\/#organization\"},\"potentialAction\":[{\"@type\":\"SearchAction\",\"target\":{\"@type\":\"EntryPoint\",\"urlTemplate\":\"https:\/\/www.nlyte.com\/fr\/?s={search_term_string}\"},\"query-input\":\"required name=search_term_string\"}],\"inLanguage\":\"en-US\"},{\"@type\":\"Organization\",\"@id\":\"https:\/\/www.nlyte.com\/fr\/#organization\",\"name\":\"Nlyte Software\",\"url\":\"https:\/\/www.nlyte.com\/fr\/\",\"logo\":{\"@type\":\"ImageObject\",\"inLanguage\":\"en-US\",\"@id\":\"https:\/\/www.nlyte.com\/fr\/#\/schema\/logo\/image\/\",\"url\":\"https:\/\/www.nlyte.com\/fr\/web\/wp-content\/uploads\/2019\/05\/Nlyte_favicon.png\",\"contentUrl\":\"https:\/\/www.nlyte.com\/fr\/web\/wp-content\/uploads\/2019\/05\/Nlyte_favicon.png\",\"width\":476,\"height\":475,\"caption\":\"Nlyte Software\"},\"image\":{\"@id\":\"https:\/\/www.nlyte.com\/fr\/#\/schema\/logo\/image\/\"}}]}<\/script>\n<!-- \/ Yoast SEO Premium plugin. -->","yoast_head_json":{"title":"\u00c9tude de cas: Sutter Health | Nlyte","robots":{"index":"index","follow":"follow","max-snippet":"max-snippet:-1","max-image-preview":"max-image-preview:large","max-video-preview":"max-video-preview:-1"},"canonical":"https:\/\/www.nlyte.com\/fr\/industries\/etude-de-cas-sutter-health\/","og_locale":"en_US","og_type":"article","og_title":"\u00c9tude de cas: Sutter Health","og_description":"\u00c9tude de cas: Sutter Health Soins de sant\u00e9 QUARTIER G\u00c9N\u00c9RAL: Sacramento, CA, USA INDUSTRIE: Soins de sant\u00e9 PRODUITS ET SERVICES: Syst\u00e8me de sant\u00e9 \u00e0 but non lucratif offrant une vari\u00e9t\u00e9 de soins de sant\u00e9 REVENU:&hellip;","og_url":"https:\/\/www.nlyte.com\/fr\/industries\/etude-de-cas-sutter-health\/","og_site_name":"Nlyte","article_modified_time":"2020-03-17T16:58:38+00:00","og_image":[{"url":"https:\/\/www.nlyte.com\/fr\/web\/wp-content\/uploads\/2019\/07\/thinBanner_gray-1-100x7.jpg"}],"twitter_card":"summary_large_image","twitter_misc":{"Est. reading time":"1 minute"},"schema":{"@context":"https:\/\/schema.org","@graph":[{"@type":"WebPage","@id":"https:\/\/www.nlyte.com\/fr\/industries\/etude-de-cas-sutter-health\/","url":"https:\/\/www.nlyte.com\/fr\/industries\/etude-de-cas-sutter-health\/","name":"\u00c9tude de cas: Sutter Health | Nlyte","isPartOf":{"@id":"https:\/\/www.nlyte.com\/fr\/#website"},"datePublished":"2019-07-26T04:02:31+00:00","dateModified":"2020-03-17T16:58:38+00:00","breadcrumb":{"@id":"https:\/\/www.nlyte.com\/fr\/industries\/etude-de-cas-sutter-health\/#breadcrumb"},"inLanguage":"en-US","potentialAction":[{"@type":"ReadAction","target":["https:\/\/www.nlyte.com\/fr\/industries\/etude-de-cas-sutter-health\/"]}]},{"@type":"BreadcrumbList","@id":"https:\/\/www.nlyte.com\/fr\/industries\/etude-de-cas-sutter-health\/#breadcrumb","itemListElement":[{"@type":"ListItem","position":1,"name":"Home","item":"https:\/\/www.nlyte.com\/fr\/"},{"@type":"ListItem","position":2,"name":"Industries\u00a0desservies","item":"https:\/\/www.nlyte.com\/fr\/industries\/"},{"@type":"ListItem","position":3,"name":"\u00c9tude de cas: Sutter Health"}]},{"@type":"WebSite","@id":"https:\/\/www.nlyte.com\/fr\/#website","url":"https:\/\/www.nlyte.com\/fr\/","name":"Nlyte","description":"Just another WordPress site","publisher":{"@id":"https:\/\/www.nlyte.com\/fr\/#organization"},"potentialAction":[{"@type":"SearchAction","target":{"@type":"EntryPoint","urlTemplate":"https:\/\/www.nlyte.com\/fr\/?s={search_term_string}"},"query-input":"required name=search_term_string"}],"inLanguage":"en-US"},{"@type":"Organization","@id":"https:\/\/www.nlyte.com\/fr\/#organization","name":"Nlyte Software","url":"https:\/\/www.nlyte.com\/fr\/","logo":{"@type":"ImageObject","inLanguage":"en-US","@id":"https:\/\/www.nlyte.com\/fr\/#\/schema\/logo\/image\/","url":"https:\/\/www.nlyte.com\/fr\/web\/wp-content\/uploads\/2019\/05\/Nlyte_favicon.png","contentUrl":"https:\/\/www.nlyte.com\/fr\/web\/wp-content\/uploads\/2019\/05\/Nlyte_favicon.png","width":476,"height":475,"caption":"Nlyte Software"},"image":{"@id":"https:\/\/www.nlyte.com\/fr\/#\/schema\/logo\/image\/"}}]}},"_links":{"self":[{"href":"https:\/\/www.nlyte.com\/fr\/wp-json\/wp\/v2\/pages\/5874"}],"collection":[{"href":"https:\/\/www.nlyte.com\/fr\/wp-json\/wp\/v2\/pages"}],"about":[{"href":"https:\/\/www.nlyte.com\/fr\/wp-json\/wp\/v2\/types\/page"}],"author":[{"embeddable":true,"href":"https:\/\/www.nlyte.com\/fr\/wp-json\/wp\/v2\/users\/5"}],"replies":[{"embeddable":true,"href":"https:\/\/www.nlyte.com\/fr\/wp-json\/wp\/v2\/comments?post=5874"}],"version-history":[{"count":6,"href":"https:\/\/www.nlyte.com\/fr\/wp-json\/wp\/v2\/pages\/5874\/revisions"}],"predecessor-version":[{"id":19314,"href":"https:\/\/www.nlyte.com\/fr\/wp-json\/wp\/v2\/pages\/5874\/revisions\/19314"}],"up":[{"embeddable":true,"href":"https:\/\/www.nlyte.com\/fr\/wp-json\/wp\/v2\/pages\/5702"}],"wp:attachment":[{"href":"https:\/\/www.nlyte.com\/fr\/wp-json\/wp\/v2\/media?parent=5874"}],"curies":[{"name":"wp","href":"https:\/\/api.w.org\/{rel}","templated":true}]}}