{"id":9942,"date":"2019-08-15T16:20:16","date_gmt":"2019-08-15T20:20:16","guid":{"rendered":"http:\/\/www.nlyte.com\/fr\/?page_id=9942"},"modified":"2022-12-02T12:42:33","modified_gmt":"2022-12-02T16:42:33","slug":"produits","status":"publish","type":"page","link":"https:\/\/www.nlyte.com\/fr\/produits\/","title":{"rendered":"Produits"},"content":{"rendered":"<div class=\"kmdg-builder-content\"><div class=\"builder-font-controller\"><section id=\"\" class=\"builder-section builder-section-type--section builder-custom-theme builder-theme--theme-1 builder-section-padding-top-huge builder-section-padding-bottom-huge builder-layout-padding-med builder-font-normal   builder-valign-top       \" style=''><div class='builder-bg-image-wrap' style='height:100%'><div class='builder-img-bg loaded' style='background-image: url(https:\/\/www.nlyte.com\/fr\/web\/wp-content\/uploads\/2019\/08\/iStock-1014150936-copy.jpg);opacity:1;background-position-y:center;' ><img src='https:\/\/www.nlyte.com\/fr\/web\/wp-content\/uploads\/2019\/08\/iStock-1014150936-copy.jpg' alt='' role='presentation'><\/div><\/div><div class=\"builder-layouts-container\"><div class=\"builder-layout builder-layout-one-column \"><div class=\"builder-container\">\n<div class=\"builder-table\">\n    \n<div class=\"builder-column builder-column-type--column \">\n    <div class=\"builder-column-body\">\n        <div class=\"builder-content\">\n            \n<div  class=\"builder-component builder-component-spacer builder-component-index-1   builder-mobile-animation\" style=\"padding: 18% 0 0 0;\"><\/div>\n\n\n\n<div class=\"builder-component builder-component-wysiwyg builder-component-index-2   builder-mobile-animation\" style=\"padding: 0% 0%;background-color: ;\">\n    <h1 style=\"text-align: center;\"><strong>Nlyte Produits<\/strong><\/h1>\n<h3 style=\"text-align: center;\">G\u00e9rez l\u2019environnement dynamique des personnes, de l\u2019\u00e9nergie, des r\u00e9seaux, des actifs, des politiques, des changements et des caract\u00e9ristiques commerciales avec le Logiciel Nlyte.<\/h3>\n<\/div>\n        <\/div>\n    <\/div>\n<\/div><\/div>\n\n<\/div><\/div><\/div><\/section><section id=\"\" class=\"builder-section builder-section-type--section builder-custom-theme builder-theme--theme-0 builder-section-padding-top-high builder-section-padding-bottom-high builder-layout-padding-med builder-font-normal   builder-valign-middle       \" style=''><div class=\"builder-layouts-container\"><div class=\"builder-layout builder-layout-two-column \"><div class=\"builder-container\">\n<div class=\"builder-table\">\n    \n<div class=\"builder-column builder-column-type--column \">\n    <div class=\"builder-column-body\">\n        <div class=\"builder-content\">\n            \n<div         class=\" builder-component builder-component-image builder-component-index-1   builder-mobile-animation builder-component-image-size-normal  align-\">\n            <div class=\"image-container builder-lazy-img\" style=\"background-image:url(https:\/\/www.nlyte.com\/fr\/web\/wp-content\/uploads\/2020\/03\/products_french-100x100.png);width: 520px;\" data-srcs=\"{&quot;full&quot;:{&quot;src&quot;:&quot;https:\\\/\\\/www.nlyte.com\\\/fr\\\/web\\\/wp-content\\\/uploads\\\/2020\\\/03\\\/products_french.png&quot;,&quot;width&quot;:&quot;-1&quot;},&quot;medium&quot;:{&quot;src&quot;:&quot;https:\\\/\\\/www.nlyte.com\\\/fr\\\/web\\\/wp-content\\\/uploads\\\/2020\\\/03\\\/products_french-300x300.png&quot;,&quot;width&quot;:300},&quot;large&quot;:{&quot;src&quot;:&quot;https:\\\/\\\/www.nlyte.com\\\/fr\\\/web\\\/wp-content\\\/uploads\\\/2020\\\/03\\\/products_french-1024x1024.png&quot;,&quot;width&quot;:1024},&quot;pb-medium&quot;:{&quot;src&quot;:&quot;https:\\\/\\\/www.nlyte.com\\\/fr\\\/web\\\/wp-content\\\/uploads\\\/2020\\\/03\\\/products_french-550x550.png&quot;,&quot;width&quot;:550}}\">\n            <div class=\"image-subcontainer \" style=\"max-height: inherit;\" >\n                <img  alt='Products French' src='https:\/\/www.nlyte.com\/fr\/web\/wp-content\/uploads\/2020\/03\/products_french-100x100.png' width='1800' height='1800' \/>            <\/div>\n        <\/div>\n    <\/div>\n        <\/div>\n    <\/div>\n<\/div>    \n<div class=\"builder-column builder-column-type--column \">\n    <div class=\"builder-column-body\">\n        <div class=\"builder-content\">\n            \n\n\n<div class=\"builder-component builder-component-wysiwyg builder-component-index-1   builder-mobile-animation\" style=\"padding: 0% 0%;background-color: ;\">\n    <p>Les produits Nlyte aident les entreprises \u00e0 se transformer num\u00e9riquement de mani\u00e8re plus efficace et rapide en automatisant la gestion de l\u2019infrastructure de leur charge de travail. Nlyte est n\u00e9e du datacenter et fournit aux services informatiques, aux installations, aux groupes d\u2019affaires et aux clients des capacit\u00e9s de surveillance, d\u2019analyse et de gestion allant du datacenter aux infrastructures de colocation, de p\u00e9riph\u00e9rie et d\u2019IdO.<\/p>\n<\/div>\n        <\/div>\n    <\/div>\n<\/div><\/div><\/div><\/div><\/div><\/section><section id=\"\" class=\"builder-section builder-section-type--section builder-custom-theme builder-theme--theme-0 builder-section-padding-top-high builder-section-padding-bottom-huge builder-layout-padding-none builder-font-normal   builder-valign-top       \" style='background-color: #f3f3f3;'><div class=\"builder-layouts-container\"><div class=\"builder-layout builder-layout-one-column \"><div class=\"builder-container\">\n<div class=\"builder-table\">\n    \n<div class=\"builder-column builder-column-type--column \">\n    <div class=\"builder-column-body\">\n        <div class=\"builder-content\">\n            \n<div  class=\"builder-component builder-component-title builder-component-index-1   builder-mobile-animation\">\n    <div class=\"builder-column-header\" style=\"text-align: center;\">\n        <h2 class=\"builder-title\">\n        Nlyte Produits    <\/h2>\n    <\/div>\n<\/div>\n        <\/div>\n    <\/div>\n<\/div><\/div>\n\n<\/div><\/div><div class=\"builder-layout builder-layout-spacer \"><div class=\"builder-container\"><div style=\"padding: 2% 0 0 0;\"><\/div><\/div><\/div><div class=\"builder-layout builder-layout-tile-cards \"><div class=\"builder-container\">    <div class=\"builder-layout-tile-cards__row\">\n                                <div class=\"tile-card tile-card__center\">\n                <div class=\"tile-card__wrap tile-card__wrap--normal builder-theme-override builder-theme--theme-0\"\n                     style=\" \">\n                                        <div class=\"tile-card__tile\">\n\n                                                    <div class=\"tile-card__top \">\n                                                                                                            <div class=\"tile-card__img\">\n                                            <img decoding=\"async\" class=\"\"\n                                                 src=\"https:\/\/www.nlyte.com\/fr\/web\/wp-content\/uploads\/2019\/08\/SubIcon_AssetOptimizer@2x.png\" alt=\"Icon\">\n                                        <\/div>\n                                    \n\n                                                                            <div class=\"tile-card__title tile-card__title--no\">\n                                            <h3>Nlyte Asset Optimizer (NAO)<\/h3>\n                                        <\/div>\n                                                                                                <\/div>\n                        \n\n                        <div class=\"tile-card__bottom\">\n                                                            <div class=\"tile-card__content\">\n                                    <p><strong>(charge de travail \/ calcul des actifs \/ ressources)<\/strong><\/p>\n<p>Planification<\/p>\n<p>Automatisation du flux de travail<\/p>\n<p>Centre de communication<\/p>\n                                <\/div>\n                                                                                        <div class=\"tile-card__link tile-card__link--no\">\n                                    <a href=\"https:\/\/www.nlyte.com\/fr\/produits\/optimiseur-dactifs\/\" target=\"_self\">\n                                        Apprendre encore plus                                        <i class=\"fas fa-long-arrow-alt-right\"><\/i>\n                                    <\/a>\n                                <\/div>\n                                                    <\/div>\n                    <\/div>\n                <\/div>\n            <\/div>\n                                <div class=\"tile-card tile-card__center\">\n                <div class=\"tile-card__wrap tile-card__wrap--normal builder-theme-override builder-theme--theme-0\"\n                     style=\" \">\n                                        <div class=\"tile-card__tile\">\n\n                                                    <div class=\"tile-card__top \">\n                                                                                                            <div class=\"tile-card__img\">\n                                            <img decoding=\"async\" class=\"\"\n                                                 src=\"https:\/\/www.nlyte.com\/fr\/web\/wp-content\/uploads\/2019\/08\/SubIcon_EnergyOptimizer@2x.png\" alt=\"Icon\">\n                                        <\/div>\n                                    \n\n                                                                            <div class=\"tile-card__title tile-card__title--no\">\n                                            <h3>Nlyte Energy Optimizer (NEO)<\/h3>\n                                        <\/div>\n                                                                                                <\/div>\n                        \n\n                        <div class=\"tile-card__bottom\">\n                                                            <div class=\"tile-card__content\">\n                                    <p><strong>(m\u00e9canique \/alimentation \/ refroidissement)<\/strong><\/p>\n<p>Efficacit\u00e9 \u00e9nerg\u00e9tique<\/p>\n<p>Optimisation des ressources<\/p>\n<p>Att\u00e9nuation des risques<\/p>\n                                <\/div>\n                                                                                        <div class=\"tile-card__link tile-card__link--no\">\n                                    <a href=\"https:\/\/www.nlyte.com\/fr\/produits\/optimiseur-denergie\/\" target=\"_self\">\n                                         Apprendre encore plus                                        <i class=\"fas fa-long-arrow-alt-right\"><\/i>\n                                    <\/a>\n                                <\/div>\n                                                    <\/div>\n                    <\/div>\n                <\/div>\n            <\/div>\n            <\/div>\n<\/div><\/div><div class=\"builder-layout builder-layout-spacer \"><div class=\"builder-container\"><div style=\"padding: .5% 0 0 0;\"><\/div><\/div><\/div><div class=\"builder-layout builder-layout-tile-cards \"><div class=\"builder-container\">    <div class=\"builder-layout-tile-cards__row\">\n                                <div class=\"tile-card tile-card__center\">\n                <div class=\"tile-card__wrap tile-card__wrap--normal builder-theme-override builder-theme--theme-0\"\n                     style=\" \">\n                                        <div class=\"tile-card__tile\">\n\n                                                    <div class=\"tile-card__top \">\n                                                                                                            <div class=\"tile-card__img\">\n                                            <img decoding=\"async\" class=\"\"\n                                                 src=\"https:\/\/www.nlyte.com\/fr\/web\/wp-content\/uploads\/2019\/08\/SubIcon_SysUtilizMonitor@2x.png\" alt=\"Icon\">\n                                        <\/div>\n                                    \n\n                                                                            <div class=\"tile-card__title tile-card__title--no\">\n                                            <h3>Nlyte System Utilization Monitor (NSUM)<\/h3>\n                                        <\/div>\n                                                                                                <\/div>\n                        \n\n                        <div class=\"tile-card__bottom\">\n                                                            <div class=\"tile-card__content\">\n                                    <p><strong>(calcul de la charge de travail)<\/strong><\/p>\n<p>Efficacit\u00e9<\/p>\n<p>Performance<\/p>\n<p>Utilisation<\/p>\n                                <\/div>\n                                                                                        <div class=\"tile-card__link tile-card__link--no\">\n                                    <a href=\"https:\/\/www.nlyte.com\/fr\/produits\/dispositif-de-surveillance-du-systeme\/\" target=\"_self\">\n                                        Apprendre encore plus                                        <i class=\"fas fa-long-arrow-alt-right\"><\/i>\n                                    <\/a>\n                                <\/div>\n                                                    <\/div>\n                    <\/div>\n                <\/div>\n            <\/div>\n                                <div class=\"tile-card tile-card__center\">\n                <div class=\"tile-card__wrap tile-card__wrap--normal builder-theme-override builder-theme--theme-0\"\n                     style=\" \">\n                                        <div class=\"tile-card__tile\">\n\n                                                    <div class=\"tile-card__top \">\n                                                                                                            <div class=\"tile-card__img\">\n                                            <img decoding=\"async\" class=\"\"\n                                                 src=\"https:\/\/www.nlyte.com\/fr\/web\/wp-content\/uploads\/2019\/08\/SubIcon_AssetExplorer@2x.png\" alt=\"Icon\">\n                                        <\/div>\n                                    \n\n                                                                            <div class=\"tile-card__title tile-card__title--no\">\n                                            <h3>Nlyte Machine Learning<\/h3>\n                                        <\/div>\n                                                                                                <\/div>\n                        \n\n                        <div class=\"tile-card__bottom\">\n                                                            <div class=\"tile-card__content\">\n                                    <p><strong>(ecosyst\u00e8me)<\/strong><\/p>\n<p>Optimisation des performances<\/p>\n<p>R\u00e9duction de la surcharge<\/p>\n<p>Pr\u00e9vention des risques<\/p>\n                                <\/div>\n                                                                                        <div class=\"tile-card__link tile-card__link--no\">\n                                    <a href=\"https:\/\/www.nlyte.com\/fr\/produits\/machine-learning\/\" target=\"_self\">\n                                        Apprendre encore plus                                        <i class=\"fas fa-long-arrow-alt-right\"><\/i>\n                                    <\/a>\n                                <\/div>\n                                                    <\/div>\n                    <\/div>\n                <\/div>\n            <\/div>\n            <\/div>\n<\/div><\/div><\/div><\/section><\/div><\/div>","protected":false},"excerpt":{"rendered":"<p>Nlyte Produits G\u00e9rez l\u2019environnement dynamique des personnes, de l\u2019\u00e9nergie, des r\u00e9seaux, des actifs, des politiques, des changements et des caract\u00e9ristiques commerciales avec le Logiciel Nlyte. Les produits Nlyte aident les entreprises \u00e0 se transformer num\u00e9riquement&hellip;<\/p>\n","protected":false},"author":5,"featured_media":0,"parent":0,"menu_order":0,"comment_status":"closed","ping_status":"closed","template":"","meta":{"footnotes":""},"acf":[],"yoast_head":"<!-- This site is optimized with the Yoast SEO Premium plugin v21.7 (Yoast SEO v21.8) - https:\/\/yoast.com\/wordpress\/plugins\/seo\/ -->\n<title>Produits de gestion d&#039;infrastructure de centre de donn\u00e9es (DCIM) | Nlyte<\/title>\n<meta name=\"description\" content=\"D\u00e9couvrez les produits que Nlyte fournit aux organisations pour les aider \u00e0 se transformer num\u00e9riquement gr\u00e2ce \u00e0 l&#039;automatisation de la gestion de l&#039;infrastructure de leur centre de donn\u00e9es.\" \/>\n<meta name=\"robots\" content=\"index, follow, max-snippet:-1, max-image-preview:large, max-video-preview:-1\" \/>\n<link rel=\"canonical\" href=\"https:\/\/www.nlyte.com\/fr\/produits\/\" \/>\n<meta property=\"og:locale\" content=\"en_US\" \/>\n<meta property=\"og:type\" content=\"article\" \/>\n<meta property=\"og:title\" content=\"Produits\" \/>\n<meta property=\"og:description\" content=\"D\u00e9couvrez les produits que Nlyte fournit aux organisations pour les aider \u00e0 se transformer num\u00e9riquement gr\u00e2ce \u00e0 l&#039;automatisation de la gestion de l&#039;infrastructure de leur centre de donn\u00e9es.\" \/>\n<meta property=\"og:url\" content=\"https:\/\/www.nlyte.com\/fr\/produits\/\" \/>\n<meta property=\"og:site_name\" content=\"Nlyte\" \/>\n<meta property=\"article:modified_time\" content=\"2022-12-02T16:42:33+00:00\" \/>\n<meta property=\"og:image\" content=\"https:\/\/www.nlyte.com\/fr\/web\/wp-content\/uploads\/2019\/08\/iStock-1014150936-copy-100x52.jpg\" \/>\n<meta name=\"twitter:card\" content=\"summary_large_image\" \/>\n<meta name=\"twitter:label1\" content=\"Est. reading time\" \/>\n\t<meta name=\"twitter:data1\" content=\"3 minutes\" \/>\n<script type=\"application\/ld+json\" class=\"yoast-schema-graph\">{\"@context\":\"https:\/\/schema.org\",\"@graph\":[{\"@type\":\"WebPage\",\"@id\":\"https:\/\/www.nlyte.com\/fr\/produits\/\",\"url\":\"https:\/\/www.nlyte.com\/fr\/produits\/\",\"name\":\"Produits de gestion d'infrastructure de centre de donn\u00e9es (DCIM) | Nlyte\",\"isPartOf\":{\"@id\":\"https:\/\/www.nlyte.com\/fr\/#website\"},\"datePublished\":\"2019-08-15T20:20:16+00:00\",\"dateModified\":\"2022-12-02T16:42:33+00:00\",\"description\":\"D\u00e9couvrez les produits que Nlyte fournit aux organisations pour les aider \u00e0 se transformer num\u00e9riquement gr\u00e2ce \u00e0 l'automatisation de la gestion de l'infrastructure de leur centre de donn\u00e9es.\",\"breadcrumb\":{\"@id\":\"https:\/\/www.nlyte.com\/fr\/produits\/#breadcrumb\"},\"inLanguage\":\"en-US\",\"potentialAction\":[{\"@type\":\"ReadAction\",\"target\":[\"https:\/\/www.nlyte.com\/fr\/produits\/\"]}]},{\"@type\":\"BreadcrumbList\",\"@id\":\"https:\/\/www.nlyte.com\/fr\/produits\/#breadcrumb\",\"itemListElement\":[{\"@type\":\"ListItem\",\"position\":1,\"name\":\"Home\",\"item\":\"https:\/\/www.nlyte.com\/fr\/\"},{\"@type\":\"ListItem\",\"position\":2,\"name\":\"Produits\"}]},{\"@type\":\"WebSite\",\"@id\":\"https:\/\/www.nlyte.com\/fr\/#website\",\"url\":\"https:\/\/www.nlyte.com\/fr\/\",\"name\":\"Nlyte\",\"description\":\"Just another WordPress site\",\"publisher\":{\"@id\":\"https:\/\/www.nlyte.com\/fr\/#organization\"},\"potentialAction\":[{\"@type\":\"SearchAction\",\"target\":{\"@type\":\"EntryPoint\",\"urlTemplate\":\"https:\/\/www.nlyte.com\/fr\/?s={search_term_string}\"},\"query-input\":\"required name=search_term_string\"}],\"inLanguage\":\"en-US\"},{\"@type\":\"Organization\",\"@id\":\"https:\/\/www.nlyte.com\/fr\/#organization\",\"name\":\"Nlyte Software\",\"url\":\"https:\/\/www.nlyte.com\/fr\/\",\"logo\":{\"@type\":\"ImageObject\",\"inLanguage\":\"en-US\",\"@id\":\"https:\/\/www.nlyte.com\/fr\/#\/schema\/logo\/image\/\",\"url\":\"https:\/\/www.nlyte.com\/fr\/web\/wp-content\/uploads\/2019\/05\/Nlyte_favicon.png\",\"contentUrl\":\"https:\/\/www.nlyte.com\/fr\/web\/wp-content\/uploads\/2019\/05\/Nlyte_favicon.png\",\"width\":476,\"height\":475,\"caption\":\"Nlyte Software\"},\"image\":{\"@id\":\"https:\/\/www.nlyte.com\/fr\/#\/schema\/logo\/image\/\"}}]}<\/script>\n<!-- \/ Yoast SEO Premium plugin. -->","yoast_head_json":{"title":"Produits de gestion d'infrastructure de centre de donn\u00e9es (DCIM) | Nlyte","description":"D\u00e9couvrez les produits que Nlyte fournit aux organisations pour les aider \u00e0 se transformer num\u00e9riquement gr\u00e2ce \u00e0 l'automatisation de la gestion de l'infrastructure de leur centre de donn\u00e9es.","robots":{"index":"index","follow":"follow","max-snippet":"max-snippet:-1","max-image-preview":"max-image-preview:large","max-video-preview":"max-video-preview:-1"},"canonical":"https:\/\/www.nlyte.com\/fr\/produits\/","og_locale":"en_US","og_type":"article","og_title":"Produits","og_description":"D\u00e9couvrez les produits que Nlyte fournit aux organisations pour les aider \u00e0 se transformer num\u00e9riquement gr\u00e2ce \u00e0 l'automatisation de la gestion de l'infrastructure de leur centre de donn\u00e9es.","og_url":"https:\/\/www.nlyte.com\/fr\/produits\/","og_site_name":"Nlyte","article_modified_time":"2022-12-02T16:42:33+00:00","og_image":[{"url":"https:\/\/www.nlyte.com\/fr\/web\/wp-content\/uploads\/2019\/08\/iStock-1014150936-copy-100x52.jpg"}],"twitter_card":"summary_large_image","twitter_misc":{"Est. reading time":"3 minutes"},"schema":{"@context":"https:\/\/schema.org","@graph":[{"@type":"WebPage","@id":"https:\/\/www.nlyte.com\/fr\/produits\/","url":"https:\/\/www.nlyte.com\/fr\/produits\/","name":"Produits de gestion d'infrastructure de centre de donn\u00e9es (DCIM) | Nlyte","isPartOf":{"@id":"https:\/\/www.nlyte.com\/fr\/#website"},"datePublished":"2019-08-15T20:20:16+00:00","dateModified":"2022-12-02T16:42:33+00:00","description":"D\u00e9couvrez les produits que Nlyte fournit aux organisations pour les aider \u00e0 se transformer num\u00e9riquement gr\u00e2ce \u00e0 l'automatisation de la gestion de l'infrastructure de leur centre de donn\u00e9es.","breadcrumb":{"@id":"https:\/\/www.nlyte.com\/fr\/produits\/#breadcrumb"},"inLanguage":"en-US","potentialAction":[{"@type":"ReadAction","target":["https:\/\/www.nlyte.com\/fr\/produits\/"]}]},{"@type":"BreadcrumbList","@id":"https:\/\/www.nlyte.com\/fr\/produits\/#breadcrumb","itemListElement":[{"@type":"ListItem","position":1,"name":"Home","item":"https:\/\/www.nlyte.com\/fr\/"},{"@type":"ListItem","position":2,"name":"Produits"}]},{"@type":"WebSite","@id":"https:\/\/www.nlyte.com\/fr\/#website","url":"https:\/\/www.nlyte.com\/fr\/","name":"Nlyte","description":"Just another WordPress site","publisher":{"@id":"https:\/\/www.nlyte.com\/fr\/#organization"},"potentialAction":[{"@type":"SearchAction","target":{"@type":"EntryPoint","urlTemplate":"https:\/\/www.nlyte.com\/fr\/?s={search_term_string}"},"query-input":"required name=search_term_string"}],"inLanguage":"en-US"},{"@type":"Organization","@id":"https:\/\/www.nlyte.com\/fr\/#organization","name":"Nlyte Software","url":"https:\/\/www.nlyte.com\/fr\/","logo":{"@type":"ImageObject","inLanguage":"en-US","@id":"https:\/\/www.nlyte.com\/fr\/#\/schema\/logo\/image\/","url":"https:\/\/www.nlyte.com\/fr\/web\/wp-content\/uploads\/2019\/05\/Nlyte_favicon.png","contentUrl":"https:\/\/www.nlyte.com\/fr\/web\/wp-content\/uploads\/2019\/05\/Nlyte_favicon.png","width":476,"height":475,"caption":"Nlyte Software"},"image":{"@id":"https:\/\/www.nlyte.com\/fr\/#\/schema\/logo\/image\/"}}]}},"_links":{"self":[{"href":"https:\/\/www.nlyte.com\/fr\/wp-json\/wp\/v2\/pages\/9942"}],"collection":[{"href":"https:\/\/www.nlyte.com\/fr\/wp-json\/wp\/v2\/pages"}],"about":[{"href":"https:\/\/www.nlyte.com\/fr\/wp-json\/wp\/v2\/types\/page"}],"author":[{"embeddable":true,"href":"https:\/\/www.nlyte.com\/fr\/wp-json\/wp\/v2\/users\/5"}],"replies":[{"embeddable":true,"href":"https:\/\/www.nlyte.com\/fr\/wp-json\/wp\/v2\/comments?post=9942"}],"version-history":[{"count":39,"href":"https:\/\/www.nlyte.com\/fr\/wp-json\/wp\/v2\/pages\/9942\/revisions"}],"predecessor-version":[{"id":19521,"href":"https:\/\/www.nlyte.com\/fr\/wp-json\/wp\/v2\/pages\/9942\/revisions\/19521"}],"wp:attachment":[{"href":"https:\/\/www.nlyte.com\/fr\/wp-json\/wp\/v2\/media?parent=9942"}],"curies":[{"name":"wp","href":"https:\/\/api.w.org\/{rel}","templated":true}]}}